{"id":1585,"date":"2025-11-24T20:18:32","date_gmt":"2025-11-24T18:18:32","guid":{"rendered":"https:\/\/octacell.com\/for-designers-and-architects\/"},"modified":"2026-03-24T11:24:11","modified_gmt":"2026-03-24T09:24:11","slug":"suunnittelijoille-ja-arkkitehdeille","status":"publish","type":"page","link":"https:\/\/octacell.com\/fi\/suunnittelijoille-ja-arkkitehdeille\/","title":{"rendered":"Suunnittelijoille ja arkkitehdeille"},"content":{"rendered":"<div class=\"content-content\">\n    <div class=\"content-wrapper\">\n\n<h1 class=\"wp-block-heading has-large-font-size\">Suunnittele kest\u00e4vi\u00e4 ty\u00f6ymp\u00e4rist\u00f6j\u00e4<\/h1>\n\n\n\n<p class=\"has-large-font-size\">Octacellin skaalautuvat ja modulaariset ty\u00f6huoneet antavat tilasuunnittelulle joustoa \u2013 ilman pysyvi\u00e4 rakenteita tai kalliita remontteja. Sin\u00e4 suunnittelet tilan, me toimitamme ty\u00f6huoneet.<\/p>\n\n<\/div>\n<\/div>\n\n\n<div\n    class=\"image-text-container flex content-items content-items-padded row-default layout-default style-high\"\n>\n    <div class=\"flex-item six has-image\">\n        <div\n    class=\"media-container width-default\"\n>\n    <div\naria-label=\"\" class=\"image image-high\"\n>\n    <img decoding=\"async\"\n        src=\"https:\/\/octacell.com\/app\/uploads\/2026\/01\/080525_octacell_web-1-1024x683.jpg\"\n        srcset=\"https:\/\/octacell.com\/app\/uploads\/2026\/01\/080525_octacell_web-1-1024x683.jpg 1024w, https:\/\/octacell.com\/app\/uploads\/2026\/01\/080525_octacell_web-1-300x200.jpg 300w, https:\/\/octacell.com\/app\/uploads\/2026\/01\/080525_octacell_web-1-768x512.jpg 768w, https:\/\/octacell.com\/app\/uploads\/2026\/01\/080525_octacell_web-1-1536x1024.jpg 1536w, https:\/\/octacell.com\/app\/uploads\/2026\/01\/080525_octacell_web-1-2048x1365.jpg 2048w\"\n        sizes=\"(max-width: 1024px) 100vw, 1024px\"\n        alt=\"Kokous Octacell neuvottelutilassa\"\n                class=\"high\"\n    >\n<\/div>\n<\/div>\n    <\/div>\n    <div class=\"flex-item six has-content\">\n        <div class=\"has-content\">\n\n<h2 class=\"wp-block-heading\">Alan johtava \u00e4\u00e4nieristys ja tehokas ilmanvaihto<\/h2>\n\n\n\n<p>Kaikilla Octacellin ty\u00f6huoneilla on v\u00e4hint\u00e4\u00e4n A-tason \u00e4\u00e4nieristys. Monet ty\u00f6huoneemme ylitt\u00e4v\u00e4t jopa A+ -tason, mitattuna ISO 23351-1 -standardin mukaisesti. Voit siis sijoittaa ne mihin tahansa tilaan ja luottaa siihen, ett\u00e4 keskustelut pysyv\u00e4t huoneen sis\u00e4ll\u00e4.<\/p>\n\n\n\n<p>S\u00e4\u00e4dett\u00e4v\u00e4n ilmavirran ansiosta ilma pysyy raikkaana, vaikka ty\u00f6skentelisit tuntikausia. Ilmanvaihdon teho skaalautuu tilan koon mukaisesti ja ylt\u00e4\u00e4 jopa 30 l\/s k\u00e4ytt\u00e4j\u00e4\u00e4 kohti. Ilmanvaihto hy\u00f6dynt\u00e4\u00e4 ymp\u00e4r\u00f6iv\u00e4n tilan ilmaa, joten liit\u00e4nt\u00e4\u00e4 keskusilmanvaihtoon ei tarvita. Voimme my\u00f6s lis\u00e4t\u00e4 ty\u00f6huoneisiin s\u00e4hk\u00f6isen j\u00e4\u00e4hdytyksen \u2013 jopa j\u00e4lkik\u00e4teen.<\/p>\n\n<\/div>\n    <\/div>\n<\/div>\n\n\n<div\n    class=\"image-text-container flex content-items content-items-padded row-reverse layout-default style-high\"\n>\n    <div class=\"flex-item six has-image\">\n        <div\n    class=\"media-container width-default\"\n>\n    <div\naria-label=\"\" class=\"image image-high\"\n>\n    <img decoding=\"async\"\n        src=\"https:\/\/octacell.com\/app\/uploads\/2026\/01\/080525_octacell_print-82-683x1024.jpg\"\n        srcset=\"https:\/\/octacell.com\/app\/uploads\/2026\/01\/080525_octacell_print-82-683x1024.jpg 683w, https:\/\/octacell.com\/app\/uploads\/2026\/01\/080525_octacell_print-82-200x300.jpg 200w, https:\/\/octacell.com\/app\/uploads\/2026\/01\/080525_octacell_print-82-768x1152.jpg 768w, https:\/\/octacell.com\/app\/uploads\/2026\/01\/080525_octacell_print-82-1024x1536.jpg 1024w, https:\/\/octacell.com\/app\/uploads\/2026\/01\/080525_octacell_print-82-1365x2048.jpg 1365w, https:\/\/octacell.com\/app\/uploads\/2026\/01\/080525_octacell_print-82-scaled.jpg 1707w\"\n        sizes=\"(max-width: 683px) 100vw, 683px\"\n        alt=\"Materiaalimalleja ja suunnittelukuvia levitettyn\u00e4 p\u00f6yd\u00e4lle Octacell-ty\u00f6tilan sis\u00e4ll\u00e4.\"\n                class=\"high\"\n    >\n<\/div>\n<\/div>\n    <\/div>\n    <div class=\"flex-item six has-content\">\n        <div class=\"has-content\">\n\n<h2 class=\"wp-block-heading\">Skaalautuva, modulaarinen ja r\u00e4\u00e4t\u00e4l\u00f6it\u00e4v\u00e4<\/h2>\n\n\n\n<p>Ty\u00f6huoneemme on suunniteltu pitk\u00e4aikaiseen k\u00e4ytt\u00f6\u00f6n. Ty\u00f6huoneiden mitat ovat muokattavissa my\u00f6s asennuksen j\u00e4lkeen, mik\u00e4 helpottaa ty\u00f6ymp\u00e4rist\u00f6n joustavaa suunnittelua ja mukauttamista asiakkaiden muuttuviin tarpeisiin.<\/p>\n\n\n\n<p>Ty\u00f6huoneet perustuvat modulaariseen rakenteeseen. Voit sijoittaa ovet, sein\u00e4t ja ikkunat haluamallasi tavalla, jotta tila sijoittuu mahdollisimman saumattomasti ymp\u00e4rist\u00f6\u00f6ns\u00e4.<\/p>\n\n\n\n<p>Voit valita ulko- ja sis\u00e4pintojen v\u00e4rit ja materiaalit asiakkaasi br\u00e4ndiin sopiviksi. Tarjoamme my\u00f6s laajan valikoiman huonekaluja. Lis\u00e4ksi toteutamme yksil\u00f6llisi\u00e4 ratkaisuja toiveidesi mukaan.<\/p>\n\n<\/div>\n    <\/div>\n<\/div>\n\n\n<div\n    class=\"image-text-container flex content-items content-items-padded row-default layout-default style-high\"\n>\n    <div class=\"flex-item six has-image\">\n        <div\n    class=\"media-container width-default\"\n>\n    <div\naria-label=\"\" class=\"image image-high\"\n>\n    <img decoding=\"async\"\n        src=\"https:\/\/octacell.com\/app\/uploads\/2026\/01\/JTP56268-HDR-1024x683.jpg\"\n        srcset=\"https:\/\/octacell.com\/app\/uploads\/2026\/01\/JTP56268-HDR-1024x683.jpg 1024w, https:\/\/octacell.com\/app\/uploads\/2026\/01\/JTP56268-HDR-300x200.jpg 300w, https:\/\/octacell.com\/app\/uploads\/2026\/01\/JTP56268-HDR-768x512.jpg 768w, https:\/\/octacell.com\/app\/uploads\/2026\/01\/JTP56268-HDR-1536x1024.jpg 1536w, https:\/\/octacell.com\/app\/uploads\/2026\/01\/JTP56268-HDR-2048x1366.jpg 2048w\"\n        sizes=\"(max-width: 1024px) 100vw, 1024px\"\n        alt=\"Valkoinen Octacell 2X1 -ty\u00f6tila avotoimistossa.\"\n                class=\"high\"\n    >\n<\/div>\n<\/div>\n    <\/div>\n    <div class=\"flex-item six has-content\">\n        <div class=\"has-content\">\n\n<h2 class=\"wp-block-heading\">Hy\u00f6dynn\u00e4 pohjaratkaisu parhaalla mahdollisella tavalla<\/h2>\n\n\n\n<p>Kun suunnittelet tilan skaalautuvilla ty\u00f6huoneillamme, v\u00e4lt\u00e4t pysyviin rakenteisiin liittyv\u00e4t kustannus- ja aikapaineet.<\/p>\n\n\n\n<p>Voit rakentaa koko toimistotilan pohjaratkaisun skaalautuvilla ty\u00f6huoneilla, jotka mukautuvat asiakkaasi muuttuviin tarpeisiin.<\/p>\n\n<\/div>\n    <\/div>\n<\/div>\n\n\n<div class=\"content-content\">\n    <div class=\"content-wrapper\">\n\n<h3 class=\"wp-block-heading has-text-align-center has-white-10-background-color has-background has-medium-font-size\">Ty\u00f6huoneiden ominaisuudet<\/h3>\n\n\n\n<h5 class=\"wp-block-heading has-text-align-center has-white-10-background-color has-background has-small-font-size\">Ty\u00f6huoneemme sopeutuvat mihin tahansa ty\u00f6ymp\u00e4rist\u00f6\u00f6n tai k\u00e4ytt\u00f6tarkoitukseen. <\/h5>\n\n\n<div class=\"block-elements\">\n    <div\n        class=\"flex content-items content-items-padded-small layout-background elements-items\"\n    >\n            <div\n            class=\"flex-item four\"\n        >\n            <div\n                class=\"elements-item\"\n            >\n                                        <div class=\"has-image\">\n                    <div\naria-label=\"\" class=\"image\"\n>\n    <img decoding=\"async\"\n        src=\"https:\/\/octacell.com\/app\/uploads\/2026\/01\/be4b7a3cdb24fb00c461ee77d2395e153d6e241f-1152x1408-1.avif\"\n        srcset=\"\"\n        sizes=\"(max-width: 1152px) 100vw, 1152px\"\n        alt=\"Octacell-ty\u00f6tila, jossa on neuvottelup\u00f6yt\u00e4 ja tuoleja, ulkoa p\u00e4in kuvattuna.\"\n                class=\"\"\n    >\n<\/div>\n                <\/div>\n                            <div class=\"has-content\">\n                                    <h3 class=\"title-demi\">\n                        V\u00e4rit\n                    <\/h3>\n                                                    <p>\n                        R\u00e4\u00e4t\u00e4l\u00f6it\u00e4v\u00e4t pintamateriaalit ja 32 vaihtoehtoa sis\u00e4verhoilulle.\n                    <\/p>\n                                                <\/div>\n            <\/div>\n        <\/div>\n            <div\n            class=\"flex-item four\"\n        >\n            <div\n                class=\"elements-item\"\n            >\n                                        <div class=\"has-image\">\n                    <div\naria-label=\"\" class=\"image\"\n>\n    <img decoding=\"async\"\n        src=\"https:\/\/octacell.com\/app\/uploads\/2026\/01\/48818a13af774e35a97abae329fe3d24766792da-1152x1408-1.avif\"\n        srcset=\"\"\n        sizes=\"(max-width: 1152px) 100vw, 1152px\"\n        alt=\"Octacell-ty\u00f6tilan sis\u00e4tila, jossa on ty\u00f6p\u00f6yt\u00e4, tuoli ja puupaneelisein\u00e4t.\"\n                class=\"\"\n    >\n<\/div>\n                <\/div>\n                            <div class=\"has-content\">\n                                    <h3 class=\"title-demi\">\n                        Sisustus\n                    <\/h3>\n                                                    <p>\n                        Laaja valikoima kalustevaihtoehtoja p\u00f6ydist\u00e4 videokokousj\u00e4rjestelmiin.\n                    <\/p>\n                                                <\/div>\n            <\/div>\n        <\/div>\n            <div\n            class=\"flex-item four\"\n        >\n            <div\n                class=\"elements-item\"\n            >\n                                        <div class=\"has-image\">\n                    <div\naria-label=\"\" class=\"image\"\n>\n    <img decoding=\"async\"\n        src=\"https:\/\/octacell.com\/app\/uploads\/2026\/01\/2d3b05f6b6780e1c6076e9ec5d044e1715c891fe-1152x1408-1.avif\"\n        srcset=\"\"\n        sizes=\"(max-width: 1152px) 100vw, 1152px\"\n        alt=\"L\u00e4hikuva Octacell-neuvottelutilasta.\"\n                class=\"\"\n    >\n<\/div>\n                <\/div>\n                            <div class=\"has-content\">\n                                    <h3 class=\"title-demi\">\n                        Lis\u00e4varusteet\n                    <\/h3>\n                                                    <p>\n                        Lis\u00e4\u00e4 s\u00e4hk\u00f6inen j\u00e4\u00e4hdytysj\u00e4rjestelm\u00e4, antibakteeriset pinnat, turvallisuusominaisuuksia tai muita lis\u00e4varusteita.\n                    <\/p>\n                                                <\/div>\n            <\/div>\n        <\/div>\n        <\/div>\n<\/div>\n\n\n<div \n    class=\"has-buttons wp-block-buttons has-text-align-center\"\n>\n    <div>\n        <a\n            href=\"https:\/\/octacell.com\/fi\/ominaisuudet\/\"\n            target=\"\"\n            class=\"btn btn-outline\"\n        >\n            Katso kaikki ominaisuudet\n                    <i class=\"lni lni-arrow-right\" aria-hidden=\"true\"><\/i>\n                <\/a>\n    <\/div>\n<\/div>\n\n<\/div>\n<\/div>\n\n\n<div class=\"content-content\">\n    <div class=\"content-wrapper\">\n\n<h2 class=\"wp-block-heading has-text-align-center has-light-color has-text-color has-link-color has-large-font-size wp-elements-9e5eb3ebcf9a6e1441eb914185866873\">Oletko valmis hankkimaan ty\u00f6huoneen?<\/h2>\n\n\n<div \n    class=\"has-buttons wp-block-buttons has-text-align-center\"\n>\n    <div>\n        <a\n            href=\"https:\/\/octacell.com\/fi\/konfiguraattori\/\"\n            target=\"\"\n            class=\"btn btn-outline-white\"\n        >\n            Suunnittele omasi\n                    <i class=\"lni lni-arrow-right\" aria-hidden=\"true\"><\/i>\n                <\/a>\n    <\/div>\n    <div>\n        <a\n            href=\"https:\/\/octacell.com\/fi\/tuotteet\/\"\n            target=\"\"\n            class=\"btn btn-outline-white\"\n        >\n            Katso tuotteemme\n                    <i class=\"lni lni-arrow-right\" aria-hidden=\"true\"><\/i>\n                <\/a>\n    <\/div>\n    <div>\n        <a\n            href=\"https:\/\/octacell.com\/fi\/ota-yhteytta\/\"\n            target=\"\"\n            class=\"btn btn-outline-white\"\n        >\n            Ota yhteytt\u00e4\n                    <i class=\"lni lni-arrow-right\" aria-hidden=\"true\"><\/i>\n                <\/a>\n    <\/div>\n<\/div>\n\n<\/div>\n<\/div>\n","protected":false},"excerpt":{"rendered":"","protected":false},"author":1,"featured_media":0,"parent":0,"menu_order":6,"comment_status":"closed","ping_status":"closed","template":"","meta":{"_acf_changed":false,"footnotes":""},"class_list":["post-1585","page","type-page","status-publish","hentry"],"acf":[],"yoast_head":"<!-- This site is optimized with the Yoast SEO plugin v27.5 - https:\/\/yoast.com\/product\/yoast-seo-wordpress\/ -->\n<title>Suunnittelijoille ja arkkitehdeille | Octacell<\/title>\n<meta name=\"description\" content=\"Octacell helpottaa ty\u00f6ymp\u00e4rist\u00f6jen suunnittelua. Skaalautuvat ja modulaariset ty\u00f6huoneet auttavat suunnittelijoita t\u00e4ytt\u00e4m\u00e4\u00e4n asiakkaiden tarpeet.\" \/>\n<meta name=\"robots\" content=\"index, follow, max-snippet:-1, max-image-preview:large, max-video-preview:-1\" \/>\n<link rel=\"canonical\" href=\"https:\/\/octacell.com\/fi\/suunnittelijoille-ja-arkkitehdeille\/\" \/>\n<meta property=\"og:locale\" content=\"fi_FI\" \/>\n<meta property=\"og:type\" content=\"article\" \/>\n<meta property=\"og:title\" content=\"Suunnittelijoille ja arkkitehdeille | Octacell\" \/>\n<meta property=\"og:description\" content=\"Octacell helpottaa ty\u00f6ymp\u00e4rist\u00f6jen suunnittelua. Skaalautuvat ja modulaariset ty\u00f6huoneet auttavat suunnittelijoita t\u00e4ytt\u00e4m\u00e4\u00e4n asiakkaiden tarpeet.\" \/>\n<meta property=\"og:url\" content=\"https:\/\/octacell.com\/fi\/suunnittelijoille-ja-arkkitehdeille\/\" \/>\n<meta property=\"og:site_name\" content=\"Octacell\" \/>\n<meta property=\"article:modified_time\" content=\"2026-03-24T09:24:11+00:00\" \/>\n<meta name=\"twitter:card\" content=\"summary_large_image\" \/>\n<meta name=\"twitter:label1\" content=\"Est. reading time\" \/>\n\t<meta name=\"twitter:data1\" content=\"2 minuuttia\" \/>\n<script type=\"application\/ld+json\" class=\"yoast-schema-graph\">{\"@context\":\"https:\\\/\\\/schema.org\",\"@graph\":[{\"@type\":\"WebPage\",\"@id\":\"https:\\\/\\\/octacell.com\\\/fi\\\/suunnittelijoille-ja-arkkitehdeille\\\/\",\"url\":\"https:\\\/\\\/octacell.com\\\/fi\\\/suunnittelijoille-ja-arkkitehdeille\\\/\",\"name\":\"Suunnittelijoille ja arkkitehdeille | Octacell\",\"isPartOf\":{\"@id\":\"https:\\\/\\\/octacellcom\\\/#website\"},\"datePublished\":\"2025-11-24T18:18:32+00:00\",\"dateModified\":\"2026-03-24T09:24:11+00:00\",\"description\":\"Octacell helpottaa ty\u00f6ymp\u00e4rist\u00f6jen suunnittelua. Skaalautuvat ja modulaariset ty\u00f6huoneet auttavat suunnittelijoita t\u00e4ytt\u00e4m\u00e4\u00e4n asiakkaiden tarpeet.\",\"breadcrumb\":{\"@id\":\"https:\\\/\\\/octacell.com\\\/fi\\\/suunnittelijoille-ja-arkkitehdeille\\\/#breadcrumb\"},\"inLanguage\":\"fi\",\"potentialAction\":[{\"@type\":\"ReadAction\",\"target\":[\"https:\\\/\\\/octacell.com\\\/fi\\\/suunnittelijoille-ja-arkkitehdeille\\\/\"]}]},{\"@type\":\"BreadcrumbList\",\"@id\":\"https:\\\/\\\/octacell.com\\\/fi\\\/suunnittelijoille-ja-arkkitehdeille\\\/#breadcrumb\",\"itemListElement\":[{\"@type\":\"ListItem\",\"position\":1,\"name\":\"Home\",\"item\":\"https:\\\/\\\/octacell.com\\\/fi\\\/\"},{\"@type\":\"ListItem\",\"position\":2,\"name\":\"Suunnittelijoille ja arkkitehdeille\"}]},{\"@type\":\"WebSite\",\"@id\":\"https:\\\/\\\/octacellcom\\\/#website\",\"url\":\"https:\\\/\\\/octacellcom\\\/\",\"name\":\"Octacell\",\"description\":\"Tarjoamme skaalautuvia ja \u00e4\u00e4nieristettyj\u00e4 ty\u00f6huoneita, puhelinkoppeja ja neuvottelutiloja moderneihin avotoimistoihin. Octacell-ratkaisuilla lis\u00e4\u00e4t ty\u00f6rauhaa.\",\"inLanguage\":\"fi\"}]}<\/script>\n<!-- \/ Yoast SEO plugin. -->","yoast_head_json":{"title":"Suunnittelijoille ja arkkitehdeille | Octacell","description":"Octacell helpottaa ty\u00f6ymp\u00e4rist\u00f6jen suunnittelua. Skaalautuvat ja modulaariset ty\u00f6huoneet auttavat suunnittelijoita t\u00e4ytt\u00e4m\u00e4\u00e4n asiakkaiden tarpeet.","robots":{"index":"index","follow":"follow","max-snippet":"max-snippet:-1","max-image-preview":"max-image-preview:large","max-video-preview":"max-video-preview:-1"},"canonical":"https:\/\/octacell.com\/fi\/suunnittelijoille-ja-arkkitehdeille\/","og_locale":"fi_FI","og_type":"article","og_title":"Suunnittelijoille ja arkkitehdeille | Octacell","og_description":"Octacell helpottaa ty\u00f6ymp\u00e4rist\u00f6jen suunnittelua. Skaalautuvat ja modulaariset ty\u00f6huoneet auttavat suunnittelijoita t\u00e4ytt\u00e4m\u00e4\u00e4n asiakkaiden tarpeet.","og_url":"https:\/\/octacell.com\/fi\/suunnittelijoille-ja-arkkitehdeille\/","og_site_name":"Octacell","article_modified_time":"2026-03-24T09:24:11+00:00","twitter_card":"summary_large_image","twitter_misc":{"Est. reading time":"2 minuuttia"},"schema":{"@context":"https:\/\/schema.org","@graph":[{"@type":"WebPage","@id":"https:\/\/octacell.com\/fi\/suunnittelijoille-ja-arkkitehdeille\/","url":"https:\/\/octacell.com\/fi\/suunnittelijoille-ja-arkkitehdeille\/","name":"Suunnittelijoille ja arkkitehdeille | Octacell","isPartOf":{"@id":"https:\/\/octacellcom\/#website"},"datePublished":"2025-11-24T18:18:32+00:00","dateModified":"2026-03-24T09:24:11+00:00","description":"Octacell helpottaa ty\u00f6ymp\u00e4rist\u00f6jen suunnittelua. Skaalautuvat ja modulaariset ty\u00f6huoneet auttavat suunnittelijoita t\u00e4ytt\u00e4m\u00e4\u00e4n asiakkaiden tarpeet.","breadcrumb":{"@id":"https:\/\/octacell.com\/fi\/suunnittelijoille-ja-arkkitehdeille\/#breadcrumb"},"inLanguage":"fi","potentialAction":[{"@type":"ReadAction","target":["https:\/\/octacell.com\/fi\/suunnittelijoille-ja-arkkitehdeille\/"]}]},{"@type":"BreadcrumbList","@id":"https:\/\/octacell.com\/fi\/suunnittelijoille-ja-arkkitehdeille\/#breadcrumb","itemListElement":[{"@type":"ListItem","position":1,"name":"Home","item":"https:\/\/octacell.com\/fi\/"},{"@type":"ListItem","position":2,"name":"Suunnittelijoille ja arkkitehdeille"}]},{"@type":"WebSite","@id":"https:\/\/octacellcom\/#website","url":"https:\/\/octacellcom\/","name":"Octacell","description":"Tarjoamme skaalautuvia ja \u00e4\u00e4nieristettyj\u00e4 ty\u00f6huoneita, puhelinkoppeja ja neuvottelutiloja moderneihin avotoimistoihin. Octacell-ratkaisuilla lis\u00e4\u00e4t ty\u00f6rauhaa.","inLanguage":"fi"}]}},"_links":{"self":[{"href":"https:\/\/octacell.com\/fi\/wp-json\/wp\/v2\/pages\/1585","targetHints":{"allow":["GET"]}}],"collection":[{"href":"https:\/\/octacell.com\/fi\/wp-json\/wp\/v2\/pages"}],"about":[{"href":"https:\/\/octacell.com\/fi\/wp-json\/wp\/v2\/types\/page"}],"author":[{"embeddable":true,"href":"https:\/\/octacell.com\/fi\/wp-json\/wp\/v2\/users\/1"}],"replies":[{"embeddable":true,"href":"https:\/\/octacell.com\/fi\/wp-json\/wp\/v2\/comments?post=1585"}],"version-history":[{"count":12,"href":"https:\/\/octacell.com\/fi\/wp-json\/wp\/v2\/pages\/1585\/revisions"}],"predecessor-version":[{"id":3838,"href":"https:\/\/octacell.com\/fi\/wp-json\/wp\/v2\/pages\/1585\/revisions\/3838"}],"wp:attachment":[{"href":"https:\/\/octacell.com\/fi\/wp-json\/wp\/v2\/media?parent=1585"}],"curies":[{"name":"wp","href":"https:\/\/api.w.org\/{rel}","templated":true}]}}