{"id":1601,"date":"2026-01-13T13:20:10","date_gmt":"2026-01-13T11:20:10","guid":{"rendered":"https:\/\/octacell.com\/kiinteistopaallikoille\/"},"modified":"2026-02-04T15:19:57","modified_gmt":"2026-02-04T13:19:57","slug":"kiinteistopaallikoille","status":"publish","type":"page","link":"https:\/\/octacell.com\/fi\/kiinteistopaallikoille\/","title":{"rendered":"Kiinteistop\u00e4\u00e4llik\u00f6ille"},"content":{"rendered":"<div class=\"content-content\">\n    <div class=\"content-wrapper\">\n\n<h1 class=\"wp-block-heading has-large-font-size\">Rakenna kest\u00e4vi\u00e4 ty\u00f6ymp\u00e4rist\u00f6j\u00e4<\/h1>\n\n\n\n<p class=\"has-large-font-size\">Autamme sinua tekem\u00e4\u00e4n kiinteist\u00f6ist\u00e4 houkuttelevia ja toiminnallisia. Skaalautuvien ja modulaaristen ty\u00f6huoneidemme avulla voit rakentaa vankkoja ja joustavasti muunneltavia toimistotiloja, jotka mukautuvat helposti vuokralaistesi muuttuviin tarpeisiin. <\/p>\n\n<\/div>\n<\/div>\n\n\n<div\n    class=\"image-text-container flex content-items content-items-padded row-default layout-default style-high\"\n>\n    <div class=\"flex-item six has-image\">\n        <div\n    class=\"media-container width-default\"\n>\n    <div\naria-label=\"\" class=\"image image-high\"\n>\n    <img decoding=\"async\"\n        src=\"https:\/\/octacell.com\/app\/uploads\/2026\/01\/208db5136a6ceea73e54fb961f895cae27ebb079-1536x1280-1.avif\"\n        srcset=\"\"\n        sizes=\"(max-width: 1200px) 100vw, 1200px\"\n        alt=\"Ihmisi\u00e4 istumassa Octacell-ty\u00f6tilan sis\u00e4ll\u00e4.&lt;br&gt;&lt;br&gt;\"\n                class=\"high\"\n    >\n<\/div>\n<\/div>\n    <\/div>\n    <div class=\"flex-item six has-content\">\n        <div class=\"has-content\">\n\n<h2 class=\"wp-block-heading\">Tarjoa \u00e4\u00e4nieristettyj\u00e4 ty\u00f6ymp\u00e4rist\u00f6j\u00e4<\/h2>\n\n\n\n<p>Kaikilla Octacell-ty\u00f6huoneilla on v\u00e4hint\u00e4\u00e4n A-tason \u00e4\u00e4nieristys. Monet ty\u00f6huoneemme ylitt\u00e4v\u00e4t jopa A+ -tason, mitattuna ISO 23351-1 -standardin mukaisesti. Alan johtava \u00e4\u00e4nieristystaso takaa sen, ett\u00e4 ty\u00f6huone on yksityinen ja rauhallinen, sijoititpa sen minne tahansa. <\/p>\n\n<\/div>\n    <\/div>\n<\/div>\n\n\n<div\n    class=\"image-text-container flex content-items content-items-padded row-reverse layout-default style-high\"\n>\n    <div class=\"flex-item six has-image\">\n        <div\n    class=\"media-container width-default\"\n>\n    <div\naria-label=\"\" class=\"image image-high\"\n>\n    <img decoding=\"async\"\n        src=\"https:\/\/octacell.com\/app\/uploads\/2026\/01\/6393d39d16ceca4c8f51b02a6478704e63974939-1536x1280-1.avif\"\n        srcset=\"\"\n        sizes=\"(max-width: 1200px) 100vw, 1200px\"\n        alt=\"Ihmisi\u00e4 pit\u00e4m\u00e4ss\u00e4 kokousta Octacell 5X4 -neuvottelutilassa.&lt;br&gt;\"\n                class=\"high\"\n    >\n<\/div>\n<\/div>\n    <\/div>\n    <div class=\"flex-item six has-content\">\n        <div class=\"has-content\">\n\n<h2 class=\"wp-block-heading\">Luo joustava ty\u00f6ymp\u00e4rist\u00f6 muutamassa viikossa<\/h2>\n\n\n\n<p>Octacellin ty\u00f6huoneiden vakiotoimitusaika on viisi viikkoa \u2013 tilauksesta k\u00e4ytt\u00f6\u00f6nottoon. Voit luoda ty\u00f6huoneen, jota voi loputtomasti muokata ja uudistaa vastaamaan vuokralaistesi muuttuvia tarpeita. <\/p>\n\n\n\n<p>Skaalautuvat ja modulaariset ty\u00f6huoneemme poistavat kalliiden ja kiinteiden rakenteiden tarpeen. Kun pohjaratkaisua voi aina uudelleenj\u00e4rjestell\u00e4, myyntisyklit lyhenev\u00e4t ja vuokralaiset pysyv\u00e4t tyytyv\u00e4isin\u00e4.<\/p>\n\n<\/div>\n    <\/div>\n<\/div>\n\n\n<div\n    class=\"image-text-container flex content-items content-items-padded row-default layout-default style-high\"\n>\n    <div class=\"flex-item six has-image\">\n        <div\n    class=\"media-container width-default\"\n>\n    <div\naria-label=\"\" class=\"image image-high\"\n>\n    <img decoding=\"async\"\n        src=\"https:\/\/octacell.com\/app\/uploads\/2026\/01\/080525_octacell_print-75-scaled-e1768397598464-1024x750.jpg\"\n        srcset=\"https:\/\/octacell.com\/app\/uploads\/2026\/01\/080525_octacell_print-75-scaled-e1768397598464-1024x750.jpg 1024w, https:\/\/octacell.com\/app\/uploads\/2026\/01\/080525_octacell_print-75-scaled-e1768397598464-300x220.jpg 300w, https:\/\/octacell.com\/app\/uploads\/2026\/01\/080525_octacell_print-75-scaled-e1768397598464-768x562.jpg 768w, https:\/\/octacell.com\/app\/uploads\/2026\/01\/080525_octacell_print-75-scaled-e1768397598464-1536x1125.jpg 1536w, https:\/\/octacell.com\/app\/uploads\/2026\/01\/080525_octacell_print-75-scaled-e1768397598464.jpg 1707w\"\n        sizes=\"(max-width: 1024px) 100vw, 1024px\"\n        alt=\"Pistorasia ja s\u00e4\u00e4din asennettuna puupaneelisein\u00e4\u00e4n Octacell-ty\u00f6tilan sis\u00e4ll\u00e4.&lt;br&gt;\"\n                class=\"high\"\n    >\n<\/div>\n<\/div>\n    <\/div>\n    <div class=\"flex-item six has-content\">\n        <div class=\"has-content\">\n\n<h2 class=\"wp-block-heading\">Skaalautuva, modulaarinen ja r\u00e4\u00e4t\u00e4l\u00f6it\u00e4v\u00e4<\/h2>\n\n\n\n<p>Skaalautuvat ty\u00f6huoneemme mahdollistavat mittojen muuttamisen my\u00f6s asennuksen j\u00e4lkeen, mik\u00e4 takaa pitk\u00e4aikaisen joustavuuden erilaisiin vuokraus- ja liiketoimintatarpeisiin. <\/p>\n\n\n\n<p>Modulaarinen suunnittelumme mahdollistaa ty\u00f6huoneiden seinien, ovien ja ikkunoiden uudelleenj\u00e4rjestelyn. N\u00e4in voit aina optimoida tilan tehokkaasti. Vastaa startupien, kasvuyritysten ja hybridity\u00f6t\u00e4 tekevien yritysten tarpeisiin ilman kalliita ja aikaa vievi\u00e4 remontteja \u2013 toimialasta riippumatta.  <\/p>\n\n\n\n<p>Valitse valikoimastamme ulko- ja sis\u00e4pinnat vuokralaistesi vaatimusten mukaisesti. L\u00f6yd\u00e4 kalusteet valikoimastamme tai r\u00e4\u00e4t\u00e4l\u00f6i ne tarpeisiisi sopivaksi. <\/p>\n\n<\/div>\n    <\/div>\n<\/div>\n\n\n<div class=\"content-content\">\n    <div class=\"content-wrapper\">\n\n<h3 class=\"wp-block-heading has-text-align-center has-white-10-background-color has-background has-medium-font-size\">Ty\u00f6huoneiden ominaisuudet<\/h3>\n\n\n\n<h5 class=\"wp-block-heading has-text-align-center has-white-10-background-color has-background has-small-font-size\">Ty\u00f6huoneemme sopeutuvat mihin tahansa ty\u00f6ymp\u00e4rist\u00f6\u00f6n tai k\u00e4ytt\u00f6tarkoitukseen.<\/h5>\n\n\n<div class=\"block-elements\">\n    <div\n        class=\"flex content-items content-items-padded-small layout-background elements-items\"\n    >\n            <div\n            class=\"flex-item four\"\n        >\n            <div\n                class=\"elements-item\"\n            >\n                                        <div class=\"has-image\">\n                    <div\naria-label=\"\" class=\"image\"\n>\n    <img decoding=\"async\"\n        src=\"https:\/\/octacell.com\/app\/uploads\/2026\/01\/be4b7a3cdb24fb00c461ee77d2395e153d6e241f-1152x1408-1.avif\"\n        srcset=\"\"\n        sizes=\"(max-width: 1152px) 100vw, 1152px\"\n        alt=\"Octacell-ty\u00f6tila, jossa on neuvottelup\u00f6yt\u00e4 ja tuoleja, ulkoa p\u00e4in kuvattuna.\"\n                class=\"\"\n    >\n<\/div>\n                <\/div>\n                            <div class=\"has-content\">\n                                    <h3 class=\"title-demi\">\n                        V\u00e4rit\n                    <\/h3>\n                                                    <p>\n                        R\u00e4\u00e4t\u00e4l\u00f6it\u00e4v\u00e4t pintamateriaalit ja 32 vaihtoehtoa sis\u00e4verhoilulle.\n                    <\/p>\n                                                <\/div>\n            <\/div>\n        <\/div>\n            <div\n            class=\"flex-item four\"\n        >\n            <div\n                class=\"elements-item\"\n            >\n                                        <div class=\"has-image\">\n                    <div\naria-label=\"\" class=\"image\"\n>\n    <img decoding=\"async\"\n        src=\"https:\/\/octacell.com\/app\/uploads\/2026\/01\/48818a13af774e35a97abae329fe3d24766792da-1152x1408-1.avif\"\n        srcset=\"\"\n        sizes=\"(max-width: 1152px) 100vw, 1152px\"\n        alt=\"Octacell-ty\u00f6tilan sis\u00e4tila, jossa on ty\u00f6p\u00f6yt\u00e4, tuoli ja puupaneelisein\u00e4t.\"\n                class=\"\"\n    >\n<\/div>\n                <\/div>\n                            <div class=\"has-content\">\n                                    <h3 class=\"title-demi\">\n                        Sisustus\n                    <\/h3>\n                                                    <p>\n                        Laaja valikoima kalustevaihtoehtoja p\u00f6ydist\u00e4 videokokousj\u00e4rjestelmiin.\n                    <\/p>\n                                                <\/div>\n            <\/div>\n        <\/div>\n            <div\n            class=\"flex-item four\"\n        >\n            <div\n                class=\"elements-item\"\n            >\n                                        <div class=\"has-image\">\n                    <div\naria-label=\"\" class=\"image\"\n>\n    <img decoding=\"async\"\n        src=\"https:\/\/octacell.com\/app\/uploads\/2026\/01\/2d3b05f6b6780e1c6076e9ec5d044e1715c891fe-1152x1408-1.avif\"\n        srcset=\"\"\n        sizes=\"(max-width: 1152px) 100vw, 1152px\"\n        alt=\"L\u00e4hikuva Octacell-neuvottelutilasta.\"\n                class=\"\"\n    >\n<\/div>\n                <\/div>\n                            <div class=\"has-content\">\n                                    <h3 class=\"title-demi\">\n                        Lis\u00e4varusteet\n                    <\/h3>\n                                                    <p>\n                        Lis\u00e4\u00e4 s\u00e4hk\u00f6inen j\u00e4\u00e4hdytysj\u00e4rjestelm\u00e4, antibakteeriset pinnat, turvallisuusominaisuuksia tai muita lis\u00e4varusteita.\n                    <\/p>\n                                                <\/div>\n            <\/div>\n        <\/div>\n        <\/div>\n<\/div>\n\n\n<div \n    class=\"has-buttons wp-block-buttons\"\n>\n    <div>\n        <a\n            href=\"https:\/\/octacell.com\/fi\/ominaisuudet\/\"\n            target=\"\"\n            class=\"btn btn-outline\"\n        >\n            Katso kaikki ominaisuudet\n                    <i class=\"lni lni-arrow-right\" aria-hidden=\"true\"><\/i>\n                <\/a>\n    <\/div>\n<\/div>\n\n<\/div>\n<\/div>\n\n\n<div class=\"content-content\">\n    <div class=\"content-wrapper\">\n\n<h2 class=\"wp-block-heading has-text-align-center has-light-color has-text-color has-link-color has-large-font-size wp-elements-9e5eb3ebcf9a6e1441eb914185866873\">Oletko valmis hankkimaan ty\u00f6huoneen?<\/h2>\n\n\n<div \n    class=\"has-buttons wp-block-buttons has-text-align-center\"\n>\n    <div>\n        <a\n            href=\"https:\/\/octacell.com\/fi\/konfiguraattori\/\"\n            target=\"\"\n            class=\"btn btn-outline-white\"\n        >\n            Suunnittele omasi\n                    <i class=\"lni lni-arrow-right\" aria-hidden=\"true\"><\/i>\n                <\/a>\n    <\/div>\n    <div>\n        <a\n            href=\"https:\/\/octacell.com\/fi\/tuotteet\/\"\n            target=\"\"\n            class=\"btn btn-outline-white\"\n        >\n            Katso tuotteemme\n                    <i class=\"lni lni-arrow-right\" aria-hidden=\"true\"><\/i>\n                <\/a>\n    <\/div>\n    <div>\n        <a\n            href=\"https:\/\/octacell.com\/fi\/ota-yhteytta\/\"\n            target=\"\"\n            class=\"btn btn-outline-white\"\n        >\n            Ota yhteytt\u00e4\n                    <i class=\"lni lni-arrow-right\" aria-hidden=\"true\"><\/i>\n                <\/a>\n    <\/div>\n<\/div>\n\n<\/div>\n<\/div>\n","protected":false},"excerpt":{"rendered":"","protected":false},"author":1,"featured_media":0,"parent":0,"menu_order":7,"comment_status":"closed","ping_status":"closed","template":"","meta":{"_acf_changed":false,"footnotes":""},"class_list":["post-1601","page","type-page","status-publish","hentry"],"acf":[],"yoast_head":"<!-- This site is optimized with the Yoast SEO plugin v27.5 - https:\/\/yoast.com\/product\/yoast-seo-wordpress\/ -->\n<title>Kiinteist\u00f6p\u00e4\u00e4llik\u00f6ille | Octacell<\/title>\n<meta name=\"description\" content=\"Octacell edist\u00e4\u00e4 kiinteist\u00f6jen houkuttelevuutta ja toiminnallisuutta. Skaalautuvat ja modulaariset ty\u00f6huoneet mahdollistavat joustavat toimistotilat.\" \/>\n<meta name=\"robots\" content=\"index, follow, max-snippet:-1, max-image-preview:large, max-video-preview:-1\" \/>\n<link rel=\"canonical\" href=\"https:\/\/octacell.com\/fi\/kiinteistopaallikoille\/\" \/>\n<meta property=\"og:locale\" content=\"fi_FI\" \/>\n<meta property=\"og:type\" content=\"article\" \/>\n<meta property=\"og:title\" content=\"Kiinteist\u00f6p\u00e4\u00e4llik\u00f6ille | Octacell\" \/>\n<meta property=\"og:description\" content=\"Octacell edist\u00e4\u00e4 kiinteist\u00f6jen houkuttelevuutta ja toiminnallisuutta. Skaalautuvat ja modulaariset ty\u00f6huoneet mahdollistavat joustavat toimistotilat.\" \/>\n<meta property=\"og:url\" content=\"https:\/\/octacell.com\/fi\/kiinteistopaallikoille\/\" \/>\n<meta property=\"og:site_name\" content=\"Octacell\" \/>\n<meta property=\"article:modified_time\" content=\"2026-02-04T13:19:57+00:00\" \/>\n<meta name=\"twitter:card\" content=\"summary_large_image\" \/>\n<meta name=\"twitter:label1\" content=\"Est. reading time\" \/>\n\t<meta name=\"twitter:data1\" content=\"2 minuuttia\" \/>\n<script type=\"application\/ld+json\" class=\"yoast-schema-graph\">{\"@context\":\"https:\\\/\\\/schema.org\",\"@graph\":[{\"@type\":\"WebPage\",\"@id\":\"https:\\\/\\\/octacell.com\\\/fi\\\/kiinteistopaallikoille\\\/\",\"url\":\"https:\\\/\\\/octacell.com\\\/fi\\\/kiinteistopaallikoille\\\/\",\"name\":\"Kiinteist\u00f6p\u00e4\u00e4llik\u00f6ille | Octacell\",\"isPartOf\":{\"@id\":\"https:\\\/\\\/octacellcom\\\/#website\"},\"datePublished\":\"2026-01-13T11:20:10+00:00\",\"dateModified\":\"2026-02-04T13:19:57+00:00\",\"description\":\"Octacell edist\u00e4\u00e4 kiinteist\u00f6jen houkuttelevuutta ja toiminnallisuutta. Skaalautuvat ja modulaariset ty\u00f6huoneet mahdollistavat joustavat toimistotilat.\",\"breadcrumb\":{\"@id\":\"https:\\\/\\\/octacell.com\\\/fi\\\/kiinteistopaallikoille\\\/#breadcrumb\"},\"inLanguage\":\"fi\",\"potentialAction\":[{\"@type\":\"ReadAction\",\"target\":[\"https:\\\/\\\/octacell.com\\\/fi\\\/kiinteistopaallikoille\\\/\"]}]},{\"@type\":\"BreadcrumbList\",\"@id\":\"https:\\\/\\\/octacell.com\\\/fi\\\/kiinteistopaallikoille\\\/#breadcrumb\",\"itemListElement\":[{\"@type\":\"ListItem\",\"position\":1,\"name\":\"Home\",\"item\":\"https:\\\/\\\/octacell.com\\\/fi\\\/\"},{\"@type\":\"ListItem\",\"position\":2,\"name\":\"Kiinteistop\u00e4\u00e4llik\u00f6ille\"}]},{\"@type\":\"WebSite\",\"@id\":\"https:\\\/\\\/octacellcom\\\/#website\",\"url\":\"https:\\\/\\\/octacellcom\\\/\",\"name\":\"Octacell\",\"description\":\"Tarjoamme skaalautuvia ja \u00e4\u00e4nieristettyj\u00e4 ty\u00f6huoneita, puhelinkoppeja ja neuvottelutiloja moderneihin avotoimistoihin. Octacell-ratkaisuilla lis\u00e4\u00e4t ty\u00f6rauhaa.\",\"inLanguage\":\"fi\"}]}<\/script>\n<!-- \/ Yoast SEO plugin. -->","yoast_head_json":{"title":"Kiinteist\u00f6p\u00e4\u00e4llik\u00f6ille | Octacell","description":"Octacell edist\u00e4\u00e4 kiinteist\u00f6jen houkuttelevuutta ja toiminnallisuutta. Skaalautuvat ja modulaariset ty\u00f6huoneet mahdollistavat joustavat toimistotilat.","robots":{"index":"index","follow":"follow","max-snippet":"max-snippet:-1","max-image-preview":"max-image-preview:large","max-video-preview":"max-video-preview:-1"},"canonical":"https:\/\/octacell.com\/fi\/kiinteistopaallikoille\/","og_locale":"fi_FI","og_type":"article","og_title":"Kiinteist\u00f6p\u00e4\u00e4llik\u00f6ille | Octacell","og_description":"Octacell edist\u00e4\u00e4 kiinteist\u00f6jen houkuttelevuutta ja toiminnallisuutta. Skaalautuvat ja modulaariset ty\u00f6huoneet mahdollistavat joustavat toimistotilat.","og_url":"https:\/\/octacell.com\/fi\/kiinteistopaallikoille\/","og_site_name":"Octacell","article_modified_time":"2026-02-04T13:19:57+00:00","twitter_card":"summary_large_image","twitter_misc":{"Est. reading time":"2 minuuttia"},"schema":{"@context":"https:\/\/schema.org","@graph":[{"@type":"WebPage","@id":"https:\/\/octacell.com\/fi\/kiinteistopaallikoille\/","url":"https:\/\/octacell.com\/fi\/kiinteistopaallikoille\/","name":"Kiinteist\u00f6p\u00e4\u00e4llik\u00f6ille | Octacell","isPartOf":{"@id":"https:\/\/octacellcom\/#website"},"datePublished":"2026-01-13T11:20:10+00:00","dateModified":"2026-02-04T13:19:57+00:00","description":"Octacell edist\u00e4\u00e4 kiinteist\u00f6jen houkuttelevuutta ja toiminnallisuutta. Skaalautuvat ja modulaariset ty\u00f6huoneet mahdollistavat joustavat toimistotilat.","breadcrumb":{"@id":"https:\/\/octacell.com\/fi\/kiinteistopaallikoille\/#breadcrumb"},"inLanguage":"fi","potentialAction":[{"@type":"ReadAction","target":["https:\/\/octacell.com\/fi\/kiinteistopaallikoille\/"]}]},{"@type":"BreadcrumbList","@id":"https:\/\/octacell.com\/fi\/kiinteistopaallikoille\/#breadcrumb","itemListElement":[{"@type":"ListItem","position":1,"name":"Home","item":"https:\/\/octacell.com\/fi\/"},{"@type":"ListItem","position":2,"name":"Kiinteistop\u00e4\u00e4llik\u00f6ille"}]},{"@type":"WebSite","@id":"https:\/\/octacellcom\/#website","url":"https:\/\/octacellcom\/","name":"Octacell","description":"Tarjoamme skaalautuvia ja \u00e4\u00e4nieristettyj\u00e4 ty\u00f6huoneita, puhelinkoppeja ja neuvottelutiloja moderneihin avotoimistoihin. Octacell-ratkaisuilla lis\u00e4\u00e4t ty\u00f6rauhaa.","inLanguage":"fi"}]}},"_links":{"self":[{"href":"https:\/\/octacell.com\/fi\/wp-json\/wp\/v2\/pages\/1601","targetHints":{"allow":["GET"]}}],"collection":[{"href":"https:\/\/octacell.com\/fi\/wp-json\/wp\/v2\/pages"}],"about":[{"href":"https:\/\/octacell.com\/fi\/wp-json\/wp\/v2\/types\/page"}],"author":[{"embeddable":true,"href":"https:\/\/octacell.com\/fi\/wp-json\/wp\/v2\/users\/1"}],"replies":[{"embeddable":true,"href":"https:\/\/octacell.com\/fi\/wp-json\/wp\/v2\/comments?post=1601"}],"version-history":[{"count":10,"href":"https:\/\/octacell.com\/fi\/wp-json\/wp\/v2\/pages\/1601\/revisions"}],"predecessor-version":[{"id":3423,"href":"https:\/\/octacell.com\/fi\/wp-json\/wp\/v2\/pages\/1601\/revisions\/3423"}],"wp:attachment":[{"href":"https:\/\/octacell.com\/fi\/wp-json\/wp\/v2\/media?parent=1601"}],"curies":[{"name":"wp","href":"https:\/\/api.w.org\/{rel}","templated":true}]}}