{"id":1613,"date":"2026-01-21T10:41:07","date_gmt":"2026-01-21T08:41:07","guid":{"rendered":"https:\/\/octacell.com\/ratkaisut-toimistopaallikoille\/"},"modified":"2026-02-04T15:19:36","modified_gmt":"2026-02-04T13:19:36","slug":"ratkaisut-toimistopaallikoille","status":"publish","type":"page","link":"https:\/\/octacell.com\/fi\/ratkaisut-toimistopaallikoille\/","title":{"rendered":"Ratkaisut toimistop\u00e4\u00e4llik\u00f6ille"},"content":{"rendered":"<div class=\"content-content\">\n    <div class=\"content-wrapper\">\n\n<h1 class=\"wp-block-heading has-large-font-size\">Rakenna kest\u00e4vi\u00e4 ty\u00f6ymp\u00e4rist\u00f6j\u00e4<\/h1>\n\n\n\n<p class=\"has-large-font-size\">Teemme toimivan ja houkuttelevan ty\u00f6ymp\u00e4rist\u00f6n luomisesta helppoa. Skaalautuvat ja modulaariset ty\u00f6huoneemme auttavat rakentamaan modernin ty\u00f6paikan, jota on vaivatonta p\u00e4ivitt\u00e4\u00e4 tarpeiden muuttuessa. Toteutamme p\u00e4ivitykset ilman lis\u00e4kustannuksia, joten sinun ei tarvitse huolehtia ylim\u00e4\u00e4r\u00e4isist\u00e4 kuluista.  <\/p>\n\n<\/div>\n<\/div>\n\n\n<div\n    class=\"image-text-container flex content-items content-items-padded row-default layout-default style-high\"\n>\n    <div class=\"flex-item six has-image\">\n        <div\n    class=\"media-container width-default\"\n>\n    <div\naria-label=\"\" class=\"image image-high\"\n>\n    <img decoding=\"async\"\n        src=\"https:\/\/octacell.com\/app\/uploads\/2026\/01\/f465839535fd1e6fe26a84364ffc6d60e89fd2c4-1536x1280-1.avif\"\n        srcset=\"\"\n        sizes=\"(max-width: 1200px) 100vw, 1200px\"\n        alt=\"Henkil\u00f6 ty\u00f6skentelem\u00e4ss\u00e4 Octacell-toimistotilan sis\u00e4ll\u00e4.\"\n                class=\"high\"\n    >\n<\/div>\n<\/div>\n    <\/div>\n    <div class=\"flex-item six has-content\">\n        <div class=\"has-content\">\n\n<h2 class=\"wp-block-heading\">\u00c4\u00e4nieristetyt ty\u00f6huoneet keskittymist\u00e4 vaativaan ty\u00f6skentelyyn<\/h2>\n\n\n\n<p>Luo \u00e4\u00e4nieristetyt ty\u00f6skentelyolosuhteet, jotka tarjoavat huomattavasti paremman yksityisyyden ja keskittymismahdollisuuden kuin kotona. Autamme sinua j\u00e4rjest\u00e4m\u00e4\u00e4n erilliset ty\u00f6huoneet videokokouksille, puhelinkeskusteluille ja suuremmille kokouksille, jotta kaikelle ty\u00f6lle l\u00f6ytyy aina sopiva tila. <\/p>\n\n\n\n<p>Kaikilla ty\u00f6huoneillamme on v\u00e4hint\u00e4\u00e4n A-tason \u00e4\u00e4nieristys. Monet ty\u00f6huoneemme ylitt\u00e4v\u00e4t jopa A+-tason, mitattuna ISO 23351-1 -standardin mukaisesti. Voimme sijoittaa ty\u00f6huoneet vapaasti mihin tahansa tilaan. <\/p>\n\n<\/div>\n    <\/div>\n<\/div>\n\n\n<div\n    class=\"image-text-container flex content-items content-items-padded row-reverse layout-default style-high\"\n>\n    <div class=\"flex-item six has-image\">\n        <div\n    class=\"media-container width-default\"\n>\n    <div\naria-label=\"\" class=\"image image-high\"\n>\n    <img decoding=\"async\"\n        src=\"https:\/\/octacell.com\/app\/uploads\/2026\/01\/c844680b4cb1ba76afd356c12a28cf90b11064ee-1698x1415-1.avif\"\n        srcset=\"\"\n        sizes=\"(max-width: 1200px) 100vw, 1200px\"\n        alt=\"Henkil\u00f6 k\u00e4velem\u00e4ss\u00e4 Octacell 2X1 -tilaan puhelua varten.\"\n                class=\"high\"\n    >\n<\/div>\n<\/div>\n    <\/div>\n    <div class=\"flex-item six has-content\">\n        <div class=\"has-content\">\n\n<h2 class=\"wp-block-heading\">Henkil\u00f6kohtaista palvelua ja nopea toimitus<\/h2>\n\n\n\n<p>Octacellin ty\u00f6huoneiden vakiotoimitusaika on viisi viikkoa \u2013 tilauksesta k\u00e4ytt\u00f6\u00f6nottoon. Ty\u00f6skentelemme tiiviisti kanssasi koko prosessin ajan m\u00e4\u00e4ritt\u00e4\u00e4ksemme, millaiset ty\u00f6tilat organisaatiosi tarvitsee. N\u00e4in saat t\u00e4sm\u00e4lleen haluamasi ratkaisut nopeasti. Ja kun uusia tarpeita ilmenee, riitt\u00e4\u00e4, ett\u00e4 otat meihin yhteytt\u00e4.   <\/p>\n\n<\/div>\n    <\/div>\n<\/div>\n\n\n<div\n    class=\"image-text-container flex content-items content-items-padded row-default layout-default style-high\"\n>\n    <div class=\"flex-item six has-image\">\n        <div\n    class=\"media-container width-default\"\n>\n    <div\naria-label=\"\" class=\"image image-high\"\n>\n    <img decoding=\"async\"\n        src=\"https:\/\/octacell.com\/app\/uploads\/2026\/01\/cde7483c9e079de6c588d24fffaf237bd97edf7a-1600x1333-1.avif\"\n        srcset=\"\"\n        sizes=\"(max-width: 1200px) 100vw, 1200px\"\n        alt=\"Henkil\u00f6 nostamassa tuolia Octacell-toimistotilan sis\u00e4ll\u00e4.\"\n                class=\"high\"\n    >\n<\/div>\n<\/div>\n    <\/div>\n    <div class=\"flex-item six has-content\">\n        <div class=\"has-content\">\n\n<h2 class=\"wp-block-heading\">Skaalautuva, modulaarinen ja siirrett\u00e4v\u00e4<\/h2>\n\n\n\n<p>Ty\u00f6tavat muuttuvat jatkuvasti, ja ty\u00f6huoneesi tulisi pysy\u00e4 kehityksess\u00e4 mukana. Skaalautuvat ty\u00f6huoneemme on suunniteltu mukautumaan organisaatiosi tarpeisiin, jopa asennuksen j\u00e4lkeen. Tarvitsetko isomman ty\u00f6huoneen? Tai ehk\u00e4 haluat jakaa ty\u00f6huoneesi kahdeksi erilliseksi huoneeksi? Sekin onnistuu.   <\/p>\n\n\n\n<p>Modulaarinen suunnittelu tekee ty\u00f6huoneidemme optimoinnista helppoa, tarvitsitpa ty\u00f6huonetta tiimity\u00f6skentelyyn tai keskittymist\u00e4 vaativaan ty\u00f6skentelyyn. Voit j\u00e4rjestell\u00e4 seini\u00e4, ovia ja ikkunoita vapaasti. Halusitpa avaran tilan tai yksityisen toimiston, voit muokata ty\u00f6huonetta ilman lis\u00e4kustannuksia.  <\/p>\n\n\n\n<p>Kun toimistosi muuttaa, Octacellin ty\u00f6huoneet tulevat luontevasti mukanasi. Me huolehdimme siirrosta, asennuksesta ja ty\u00f6huoneiden j\u00e4rjestelyist\u00e4 uuteen toimistotilaan. T\u00e4m\u00e4 tekee ty\u00f6huoneistamme hyv\u00e4n ja pitk\u00e4ik\u00e4isen sijoituksen.  <\/p>\n\n<\/div>\n    <\/div>\n<\/div>\n\n\n<div class=\"content-content\">\n    <div class=\"content-wrapper\">\n\n<h3 class=\"wp-block-heading has-text-align-center has-white-10-background-color has-background has-medium-font-size\">Ty\u00f6huoneiden ominaisuudet<\/h3>\n\n\n\n<h5 class=\"wp-block-heading has-text-align-center has-white-10-background-color has-background has-small-font-size\">Ty\u00f6huoneemme sopeutuvat mihin tahansa ty\u00f6ymp\u00e4rist\u00f6\u00f6n tai k\u00e4ytt\u00f6tarkoitukseen.<\/h5>\n\n\n<div class=\"block-elements\">\n    <div\n        class=\"flex content-items content-items-padded-small layout-background elements-items\"\n    >\n            <div\n            class=\"flex-item four\"\n        >\n            <div\n                class=\"elements-item\"\n            >\n                                        <div class=\"has-image\">\n                    <div\naria-label=\"\" class=\"image\"\n>\n    <img decoding=\"async\"\n        src=\"https:\/\/octacell.com\/app\/uploads\/2026\/01\/be4b7a3cdb24fb00c461ee77d2395e153d6e241f-1152x1408-1.avif\"\n        srcset=\"\"\n        sizes=\"(max-width: 1152px) 100vw, 1152px\"\n        alt=\"Octacell-ty\u00f6tila, jossa on neuvottelup\u00f6yt\u00e4 ja tuoleja, ulkoa p\u00e4in kuvattuna.\"\n                class=\"\"\n    >\n<\/div>\n                <\/div>\n                            <div class=\"has-content\">\n                                    <h3 class=\"title-demi\">\n                        V\u00e4rit\n                    <\/h3>\n                                                    <p>\n                        R\u00e4\u00e4t\u00e4l\u00f6it\u00e4v\u00e4t pintamateriaalit ja 32 vaihtoehtoa sis\u00e4verhoilulle.\n                    <\/p>\n                                                <\/div>\n            <\/div>\n        <\/div>\n            <div\n            class=\"flex-item four\"\n        >\n            <div\n                class=\"elements-item\"\n            >\n                                        <div class=\"has-image\">\n                    <div\naria-label=\"\" class=\"image\"\n>\n    <img decoding=\"async\"\n        src=\"https:\/\/octacell.com\/app\/uploads\/2026\/01\/48818a13af774e35a97abae329fe3d24766792da-1152x1408-1.avif\"\n        srcset=\"\"\n        sizes=\"(max-width: 1152px) 100vw, 1152px\"\n        alt=\"Octacell-ty\u00f6tilan sis\u00e4tila, jossa on ty\u00f6p\u00f6yt\u00e4, tuoli ja puupaneelisein\u00e4t.\"\n                class=\"\"\n    >\n<\/div>\n                <\/div>\n                            <div class=\"has-content\">\n                                    <h3 class=\"title-demi\">\n                        Sisustus\n                    <\/h3>\n                                                    <p>\n                        Laaja valikoima kalustevaihtoehtoja p\u00f6ydist\u00e4 videokokousj\u00e4rjestelmiin.\n                    <\/p>\n                                                <\/div>\n            <\/div>\n        <\/div>\n            <div\n            class=\"flex-item four\"\n        >\n            <div\n                class=\"elements-item\"\n            >\n                                        <div class=\"has-image\">\n                    <div\naria-label=\"\" class=\"image\"\n>\n    <img decoding=\"async\"\n        src=\"https:\/\/octacell.com\/app\/uploads\/2026\/01\/2d3b05f6b6780e1c6076e9ec5d044e1715c891fe-1152x1408-1.avif\"\n        srcset=\"\"\n        sizes=\"(max-width: 1152px) 100vw, 1152px\"\n        alt=\"L\u00e4hikuva Octacell-neuvottelutilasta.\"\n                class=\"\"\n    >\n<\/div>\n                <\/div>\n                            <div class=\"has-content\">\n                                    <h3 class=\"title-demi\">\n                        Lis\u00e4varusteet\n                    <\/h3>\n                                                    <p>\n                        Lis\u00e4\u00e4 s\u00e4hk\u00f6inen j\u00e4\u00e4hdytysj\u00e4rjestelm\u00e4, antibakteeriset pinnat, turvallisuusominaisuuksia tai muita lis\u00e4varusteita.\n                    <\/p>\n                                                <\/div>\n            <\/div>\n        <\/div>\n        <\/div>\n<\/div>\n\n\n<div \n    class=\"has-buttons wp-block-buttons\"\n>\n    <div>\n        <a\n            href=\"https:\/\/octacell.com\/fi\/ominaisuudet\/\"\n            target=\"\"\n            class=\"btn btn-outline\"\n        >\n            Katso kaikki ominaisuudet\n                    <i class=\"lni lni-arrow-right\" aria-hidden=\"true\"><\/i>\n                <\/a>\n    <\/div>\n<\/div>\n\n<\/div>\n<\/div>\n\n\n<div class=\"content-content\">\n    <div class=\"content-wrapper\">\n\n<h2 class=\"wp-block-heading has-text-align-center has-light-color has-text-color has-link-color has-large-font-size wp-elements-9e5eb3ebcf9a6e1441eb914185866873\">Oletko valmis hankkimaan ty\u00f6huoneen?<\/h2>\n\n\n<div \n    class=\"has-buttons wp-block-buttons has-text-align-center\"\n>\n    <div>\n        <a\n            href=\"https:\/\/octacell.com\/configurator\/\"\n            target=\"\"\n            class=\"btn btn-outline-white\"\n        >\n            Suunnittele omasi\n                    <i class=\"lni lni-arrow-right\" aria-hidden=\"true\"><\/i>\n                <\/a>\n    <\/div>\n    <div>\n        <a\n            href=\"https:\/\/octacell.com\/products\/\"\n            target=\"\"\n            class=\"btn btn-outline-white\"\n        >\n            Katso kaikki\n                    <i class=\"lni lni-arrow-right\" aria-hidden=\"true\"><\/i>\n                <\/a>\n    <\/div>\n    <div>\n        <a\n            href=\"https:\/\/octacell.com\/fi\/ota-yhteytta\/\"\n            target=\"\"\n            class=\"btn btn-outline-white\"\n        >\n            Ota yhteytt\u00e4\n                    <i class=\"lni lni-arrow-right\" aria-hidden=\"true\"><\/i>\n                <\/a>\n    <\/div>\n<\/div>\n\n<\/div>\n<\/div>\n","protected":false},"excerpt":{"rendered":"","protected":false},"author":3,"featured_media":0,"parent":0,"menu_order":7,"comment_status":"closed","ping_status":"closed","template":"","meta":{"_acf_changed":false,"footnotes":""},"class_list":["post-1613","page","type-page","status-publish","hentry"],"acf":[],"yoast_head":"<!-- This site is optimized with the Yoast SEO plugin v27.5 - https:\/\/yoast.com\/product\/yoast-seo-wordpress\/ -->\n<title>Toimistop\u00e4\u00e4llik\u00f6ille<\/title>\n<meta name=\"description\" content=\"Skaalautuvat ja modulaariset ty\u00f6huoneemme tarjoavat pitk\u00e4ik\u00e4isen ja aina k\u00e4ytt\u00e4jien tarpeisiin vastaavan ratkaisun ty\u00f6ymp\u00e4rist\u00f6lle.\" \/>\n<meta name=\"robots\" content=\"index, follow, max-snippet:-1, max-image-preview:large, max-video-preview:-1\" \/>\n<link rel=\"canonical\" href=\"https:\/\/octacell.com\/fi\/ratkaisut-toimistopaallikoille\/\" \/>\n<meta property=\"og:locale\" content=\"fi_FI\" \/>\n<meta property=\"og:type\" content=\"article\" \/>\n<meta property=\"og:title\" content=\"Toimistop\u00e4\u00e4llik\u00f6ille\" \/>\n<meta property=\"og:description\" content=\"Skaalautuvat ja modulaariset ty\u00f6huoneemme tarjoavat pitk\u00e4ik\u00e4isen ja aina k\u00e4ytt\u00e4jien tarpeisiin vastaavan ratkaisun ty\u00f6ymp\u00e4rist\u00f6lle.\" \/>\n<meta property=\"og:url\" content=\"https:\/\/octacell.com\/fi\/ratkaisut-toimistopaallikoille\/\" \/>\n<meta property=\"og:site_name\" content=\"Octacell\" \/>\n<meta property=\"article:modified_time\" content=\"2026-02-04T13:19:36+00:00\" \/>\n<meta name=\"twitter:card\" content=\"summary_large_image\" \/>\n<meta name=\"twitter:label1\" content=\"Est. reading time\" \/>\n\t<meta name=\"twitter:data1\" content=\"3 minuuttia\" \/>\n<script type=\"application\/ld+json\" class=\"yoast-schema-graph\">{\"@context\":\"https:\\\/\\\/schema.org\",\"@graph\":[{\"@type\":\"WebPage\",\"@id\":\"https:\\\/\\\/octacell.com\\\/fi\\\/ratkaisut-toimistopaallikoille\\\/\",\"url\":\"https:\\\/\\\/octacell.com\\\/fi\\\/ratkaisut-toimistopaallikoille\\\/\",\"name\":\"Toimistop\u00e4\u00e4llik\u00f6ille\",\"isPartOf\":{\"@id\":\"https:\\\/\\\/octacellcom\\\/#website\"},\"datePublished\":\"2026-01-21T08:41:07+00:00\",\"dateModified\":\"2026-02-04T13:19:36+00:00\",\"description\":\"Skaalautuvat ja modulaariset ty\u00f6huoneemme tarjoavat pitk\u00e4ik\u00e4isen ja aina k\u00e4ytt\u00e4jien tarpeisiin vastaavan ratkaisun ty\u00f6ymp\u00e4rist\u00f6lle.\",\"breadcrumb\":{\"@id\":\"https:\\\/\\\/octacell.com\\\/fi\\\/ratkaisut-toimistopaallikoille\\\/#breadcrumb\"},\"inLanguage\":\"fi\",\"potentialAction\":[{\"@type\":\"ReadAction\",\"target\":[\"https:\\\/\\\/octacell.com\\\/fi\\\/ratkaisut-toimistopaallikoille\\\/\"]}]},{\"@type\":\"BreadcrumbList\",\"@id\":\"https:\\\/\\\/octacell.com\\\/fi\\\/ratkaisut-toimistopaallikoille\\\/#breadcrumb\",\"itemListElement\":[{\"@type\":\"ListItem\",\"position\":1,\"name\":\"Home\",\"item\":\"https:\\\/\\\/octacell.com\\\/fi\\\/\"},{\"@type\":\"ListItem\",\"position\":2,\"name\":\"Ratkaisut toimistop\u00e4\u00e4llik\u00f6ille\"}]},{\"@type\":\"WebSite\",\"@id\":\"https:\\\/\\\/octacellcom\\\/#website\",\"url\":\"https:\\\/\\\/octacellcom\\\/\",\"name\":\"Octacell\",\"description\":\"Tarjoamme skaalautuvia ja \u00e4\u00e4nieristettyj\u00e4 ty\u00f6huoneita, puhelinkoppeja ja neuvottelutiloja moderneihin avotoimistoihin. Octacell-ratkaisuilla lis\u00e4\u00e4t ty\u00f6rauhaa.\",\"inLanguage\":\"fi\"}]}<\/script>\n<!-- \/ Yoast SEO plugin. -->","yoast_head_json":{"title":"Toimistop\u00e4\u00e4llik\u00f6ille","description":"Skaalautuvat ja modulaariset ty\u00f6huoneemme tarjoavat pitk\u00e4ik\u00e4isen ja aina k\u00e4ytt\u00e4jien tarpeisiin vastaavan ratkaisun ty\u00f6ymp\u00e4rist\u00f6lle.","robots":{"index":"index","follow":"follow","max-snippet":"max-snippet:-1","max-image-preview":"max-image-preview:large","max-video-preview":"max-video-preview:-1"},"canonical":"https:\/\/octacell.com\/fi\/ratkaisut-toimistopaallikoille\/","og_locale":"fi_FI","og_type":"article","og_title":"Toimistop\u00e4\u00e4llik\u00f6ille","og_description":"Skaalautuvat ja modulaariset ty\u00f6huoneemme tarjoavat pitk\u00e4ik\u00e4isen ja aina k\u00e4ytt\u00e4jien tarpeisiin vastaavan ratkaisun ty\u00f6ymp\u00e4rist\u00f6lle.","og_url":"https:\/\/octacell.com\/fi\/ratkaisut-toimistopaallikoille\/","og_site_name":"Octacell","article_modified_time":"2026-02-04T13:19:36+00:00","twitter_card":"summary_large_image","twitter_misc":{"Est. reading time":"3 minuuttia"},"schema":{"@context":"https:\/\/schema.org","@graph":[{"@type":"WebPage","@id":"https:\/\/octacell.com\/fi\/ratkaisut-toimistopaallikoille\/","url":"https:\/\/octacell.com\/fi\/ratkaisut-toimistopaallikoille\/","name":"Toimistop\u00e4\u00e4llik\u00f6ille","isPartOf":{"@id":"https:\/\/octacellcom\/#website"},"datePublished":"2026-01-21T08:41:07+00:00","dateModified":"2026-02-04T13:19:36+00:00","description":"Skaalautuvat ja modulaariset ty\u00f6huoneemme tarjoavat pitk\u00e4ik\u00e4isen ja aina k\u00e4ytt\u00e4jien tarpeisiin vastaavan ratkaisun ty\u00f6ymp\u00e4rist\u00f6lle.","breadcrumb":{"@id":"https:\/\/octacell.com\/fi\/ratkaisut-toimistopaallikoille\/#breadcrumb"},"inLanguage":"fi","potentialAction":[{"@type":"ReadAction","target":["https:\/\/octacell.com\/fi\/ratkaisut-toimistopaallikoille\/"]}]},{"@type":"BreadcrumbList","@id":"https:\/\/octacell.com\/fi\/ratkaisut-toimistopaallikoille\/#breadcrumb","itemListElement":[{"@type":"ListItem","position":1,"name":"Home","item":"https:\/\/octacell.com\/fi\/"},{"@type":"ListItem","position":2,"name":"Ratkaisut toimistop\u00e4\u00e4llik\u00f6ille"}]},{"@type":"WebSite","@id":"https:\/\/octacellcom\/#website","url":"https:\/\/octacellcom\/","name":"Octacell","description":"Tarjoamme skaalautuvia ja \u00e4\u00e4nieristettyj\u00e4 ty\u00f6huoneita, puhelinkoppeja ja neuvottelutiloja moderneihin avotoimistoihin. Octacell-ratkaisuilla lis\u00e4\u00e4t ty\u00f6rauhaa.","inLanguage":"fi"}]}},"_links":{"self":[{"href":"https:\/\/octacell.com\/fi\/wp-json\/wp\/v2\/pages\/1613","targetHints":{"allow":["GET"]}}],"collection":[{"href":"https:\/\/octacell.com\/fi\/wp-json\/wp\/v2\/pages"}],"about":[{"href":"https:\/\/octacell.com\/fi\/wp-json\/wp\/v2\/types\/page"}],"author":[{"embeddable":true,"href":"https:\/\/octacell.com\/fi\/wp-json\/wp\/v2\/users\/3"}],"replies":[{"embeddable":true,"href":"https:\/\/octacell.com\/fi\/wp-json\/wp\/v2\/comments?post=1613"}],"version-history":[{"count":3,"href":"https:\/\/octacell.com\/fi\/wp-json\/wp\/v2\/pages\/1613\/revisions"}],"predecessor-version":[{"id":3421,"href":"https:\/\/octacell.com\/fi\/wp-json\/wp\/v2\/pages\/1613\/revisions\/3421"}],"wp:attachment":[{"href":"https:\/\/octacell.com\/fi\/wp-json\/wp\/v2\/media?parent=1613"}],"curies":[{"name":"wp","href":"https:\/\/api.w.org\/{rel}","templated":true}]}}