{"id":178,"date":"2025-11-28T17:53:47","date_gmt":"2025-11-28T15:53:47","guid":{"rendered":"https:\/\/octacell.com\/referenssit\/"},"modified":"2026-02-03T15:27:59","modified_gmt":"2026-02-03T13:27:59","slug":"referenssit","status":"publish","type":"page","link":"https:\/\/octacell.com\/fi\/referenssit\/","title":{"rendered":"Referenssit"},"content":{"rendered":"<div class=\"content-content\">\n    <div class=\"content-wrapper\">\n\n<h1 class=\"wp-block-heading has-large-font-size\">Katso ty\u00f6huoneemme k\u00e4yt\u00f6ss\u00e4<\/h1>\n\n\n\n<p class=\"has-large-font-size\">Octacell-ty\u00f6tiloja k\u00e4ytet\u00e4\u00e4n erilaisissa ty\u00f6ymp\u00e4rist\u00f6iss\u00e4, joissa keskittynyt ty\u00f6, neuvottelut ja yksityisyys ovat osa arkea. Alta l\u00f6yd\u00e4t esimerkkej\u00e4 siit\u00e4, miten Octacell-ty\u00f6tilat on sovitettu osaksi toimistoja, tuotantoymp\u00e4rist\u00f6j\u00e4 ja asiakaspalvelutiloja.<\/p>\n\n<\/div>\n<\/div>\n\n\n<div class=\"block-references block-references-logos\">\n    <div class=\"flex logo-wall content-items content-items-padded-tiny\">\n            <div class=\"flex-item two\">\n            <a href=\"https:\/\/octacell.com\/fi\/referenssi\/metropolia-hymy-kyla\/\">\n                <div\naria-label=\"\" class=\"image image-logo image-grayscale\"\n>\n    <img decoding=\"async\"\n        src=\"https:\/\/octacell.com\/app\/uploads\/2026\/03\/metropolia-logo-hymykyla-2400x735.png\"\n        srcset=\"https:\/\/octacell.com\/app\/uploads\/2026\/03\/metropolia-logo-hymykyla-2400x735.png 2400w, https:\/\/octacell.com\/app\/uploads\/2026\/03\/metropolia-logo-hymykyla-1400x429.png 1400w, https:\/\/octacell.com\/app\/uploads\/2026\/03\/metropolia-logo-hymykyla-768x235.png 768w, https:\/\/octacell.com\/app\/uploads\/2026\/03\/metropolia-logo-hymykyla-1536x470.png 1536w, https:\/\/octacell.com\/app\/uploads\/2026\/03\/metropolia-logo-hymykyla-2048x627.png 2048w\"\n        sizes=\"(max-width: 2400px) 100vw, 2400px\"\n        alt=\"Metropolia logo\"\n                class=\"logo image-grayscale\"\n    >\n<\/div>\n            <\/a>\n        <\/div>\n            <div class=\"flex-item two\">\n            <a href=\"https:\/\/octacell.com\/fi\/referenssi\/visma\/\">\n                <div\naria-label=\"\" class=\"image image-logo image-grayscale\"\n>\n    <img decoding=\"async\"\n        src=\"https:\/\/octacell.com\/app\/uploads\/2026\/01\/89f4449a44cc474de69e5ed0070ece90d9903e9b-499x92-1.avif\"\n        srcset=\"\"\n        sizes=\"(max-width: 499px) 100vw, 499px\"\n        alt=\"Visma logo\"\n                class=\"logo image-grayscale\"\n    >\n<\/div>\n            <\/a>\n        <\/div>\n            <div class=\"flex-item two\">\n            <a href=\"https:\/\/octacell.com\/fi\/referenssi\/marimekko\/\">\n                <div\naria-label=\"\" class=\"image image-logo image-grayscale\"\n>\n    <img decoding=\"async\"\n        src=\"https:\/\/octacell.com\/app\/uploads\/2026\/01\/3011267b5121c1cf8e748ac14590f5c38591bfdc-507x60-1.avif\"\n        srcset=\"\"\n        sizes=\"(max-width: 507px) 100vw, 507px\"\n        alt=\"marimekko logo\"\n                class=\"logo image-grayscale\"\n    >\n<\/div>\n            <\/a>\n        <\/div>\n            <div class=\"flex-item two\">\n            <a href=\"https:\/\/octacell.com\/fi\/referenssi\/sponda\/\">\n                <div\naria-label=\"\" class=\"image image-logo image-grayscale\"\n>\n    <img decoding=\"async\"\n        src=\"https:\/\/octacell.com\/app\/uploads\/2026\/01\/sponda-logo.jpg\"\n        srcset=\"\"\n        sizes=\"(max-width: 320px) 100vw, 320px\"\n        alt=\"\"\n                class=\"logo image-grayscale\"\n    >\n<\/div>\n            <\/a>\n        <\/div>\n            <div class=\"flex-item two\">\n            <a href=\"https:\/\/octacell.com\/fi\/referenssi\/wolt\/\">\n                <div\naria-label=\"\" class=\"image image-logo image-grayscale\"\n>\n    <img decoding=\"async\"\n        src=\"https:\/\/octacell.com\/app\/uploads\/2026\/01\/c146c63a35a90ebede4ad9d83a211a0f1b63cefc-410x148-1.avif\"\n        srcset=\"\"\n        sizes=\"(max-width: 410px) 100vw, 410px\"\n        alt=\"Wolt logo\"\n                class=\"logo image-grayscale\"\n    >\n<\/div>\n            <\/a>\n        <\/div>\n            <div class=\"flex-item two\">\n            <a href=\"https:\/\/octacell.com\/fi\/referenssi\/raisio\/\">\n                <div\naria-label=\"\" class=\"image image-logo image-grayscale\"\n>\n    <img decoding=\"async\"\n        src=\"https:\/\/octacell.com\/app\/uploads\/2026\/01\/Raisio_municipality_logo.svg\"\n        srcset=\"\"\n        sizes=\"(max-width: 1px) 100vw, 1px\"\n        alt=\"Raisio logo\"\n                class=\"logo image-grayscale\"\n    >\n<\/div>\n            <\/a>\n        <\/div>\n            <div class=\"flex-item two\">\n            <a href=\"https:\/\/octacell.com\/fi\/referenssi\/fortum\/\">\n                <div\naria-label=\"\" class=\"image image-logo image-grayscale\"\n>\n    <img decoding=\"async\"\n        src=\"https:\/\/octacell.com\/app\/uploads\/2026\/01\/fortum-logo.png\"\n        srcset=\"\"\n        sizes=\"(max-width: 463px) 100vw, 463px\"\n        alt=\"\"\n                class=\"logo image-grayscale\"\n    >\n<\/div>\n            <\/a>\n        <\/div>\n            <div class=\"flex-item two\">\n            <a href=\"https:\/\/octacell.com\/fi\/referenssi\/halton\/\">\n                <div\naria-label=\"\" class=\"image image-logo image-grayscale\"\n>\n    <img decoding=\"async\"\n        src=\"https:\/\/octacell.com\/app\/uploads\/2026\/01\/halton-logo.png\"\n        srcset=\"\"\n        sizes=\"(max-width: 371px) 100vw, 371px\"\n        alt=\"\"\n                class=\"logo image-grayscale\"\n    >\n<\/div>\n            <\/a>\n        <\/div>\n            <div class=\"flex-item two\">\n            <a href=\"https:\/\/octacell.com\/fi\/referenssi\/skarta-energy\/\">\n                <div\naria-label=\"\" class=\"image image-logo image-grayscale\"\n>\n    <img decoding=\"async\"\n        src=\"https:\/\/octacell.com\/app\/uploads\/2025\/11\/skarta-logo.svg\"\n        srcset=\"\"\n        sizes=\"(max-width: 1px) 100vw, 1px\"\n        alt=\"\"\n                class=\"logo image-grayscale\"\n    >\n<\/div>\n            <\/a>\n        <\/div>\n            <div class=\"flex-item two\">\n            <a href=\"https:\/\/octacell.com\/fi\/referenssi\/vaisala\/\">\n                <div\naria-label=\"\" class=\"image image-logo image-grayscale\"\n>\n    <img decoding=\"async\"\n        src=\"https:\/\/octacell.com\/app\/uploads\/2025\/11\/9c7ecbe7316a2103831f9083bf928c901f7f47a3-506x136-1.avif\"\n        srcset=\"\"\n        sizes=\"(max-width: 506px) 100vw, 506px\"\n        alt=\"Vaisala logo\"\n                class=\"logo image-grayscale\"\n    >\n<\/div>\n            <\/a>\n        <\/div>\n        <\/div>\n<\/div>\n\n\n<div class=\"content-content\">\n    <div class=\"content-wrapper\">\n\n<h2 class=\"wp-block-heading\">Referenssit<\/h2>\n\n<\/div>\n<\/div>\n","protected":false},"excerpt":{"rendered":"","protected":false},"author":1,"featured_media":0,"parent":0,"menu_order":4,"comment_status":"closed","ping_status":"closed","template":"template-references.blade.php","meta":{"_acf_changed":false,"footnotes":""},"class_list":["post-178","page","type-page","status-publish","hentry"],"acf":[],"yoast_head":"<!-- This site is optimized with the Yoast SEO plugin v27.5 - https:\/\/yoast.com\/product\/yoast-seo-wordpress\/ -->\n<title>Asiakasreferenssimme | Octacell<\/title>\n<meta name=\"description\" content=\"Tutustu, miten Octacellin ty\u00f6huoneratkaisut sopivat toimistoihin, julkisiin palveluihin, asiakaspalveluun ja asiantuntijaty\u00f6h\u00f6n.\" \/>\n<meta name=\"robots\" content=\"index, follow, max-snippet:-1, max-image-preview:large, max-video-preview:-1\" \/>\n<link rel=\"canonical\" href=\"https:\/\/octacell.com\/fi\/referenssit\/\" \/>\n<meta property=\"og:locale\" content=\"fi_FI\" \/>\n<meta property=\"og:type\" content=\"article\" \/>\n<meta property=\"og:title\" content=\"Asiakasreferenssimme | Octacell\" \/>\n<meta property=\"og:description\" content=\"Tutustu, miten Octacellin ty\u00f6huoneratkaisut sopivat toimistoihin, julkisiin palveluihin, asiakaspalveluun ja asiantuntijaty\u00f6h\u00f6n.\" \/>\n<meta property=\"og:url\" content=\"https:\/\/octacell.com\/fi\/referenssit\/\" \/>\n<meta property=\"og:site_name\" content=\"Octacell\" \/>\n<meta property=\"article:modified_time\" content=\"2026-02-03T13:27:59+00:00\" \/>\n<meta name=\"twitter:card\" content=\"summary_large_image\" \/>\n<meta name=\"twitter:label1\" content=\"Est. reading time\" \/>\n\t<meta name=\"twitter:data1\" content=\"1 minuutti\" \/>\n<script type=\"application\/ld+json\" class=\"yoast-schema-graph\">{\"@context\":\"https:\\\/\\\/schema.org\",\"@graph\":[{\"@type\":\"WebPage\",\"@id\":\"https:\\\/\\\/octacell.com\\\/fi\\\/referenssit\\\/\",\"url\":\"https:\\\/\\\/octacell.com\\\/fi\\\/referenssit\\\/\",\"name\":\"Asiakasreferenssimme | Octacell\",\"isPartOf\":{\"@id\":\"https:\\\/\\\/octacellcom\\\/#website\"},\"datePublished\":\"2025-11-28T15:53:47+00:00\",\"dateModified\":\"2026-02-03T13:27:59+00:00\",\"description\":\"Tutustu, miten Octacellin ty\u00f6huoneratkaisut sopivat toimistoihin, julkisiin palveluihin, asiakaspalveluun ja asiantuntijaty\u00f6h\u00f6n.\",\"breadcrumb\":{\"@id\":\"https:\\\/\\\/octacell.com\\\/fi\\\/referenssit\\\/#breadcrumb\"},\"inLanguage\":\"fi\",\"potentialAction\":[{\"@type\":\"ReadAction\",\"target\":[\"https:\\\/\\\/octacell.com\\\/fi\\\/referenssit\\\/\"]}]},{\"@type\":\"BreadcrumbList\",\"@id\":\"https:\\\/\\\/octacell.com\\\/fi\\\/referenssit\\\/#breadcrumb\",\"itemListElement\":[{\"@type\":\"ListItem\",\"position\":1,\"name\":\"Home\",\"item\":\"https:\\\/\\\/octacell.com\\\/fi\\\/\"},{\"@type\":\"ListItem\",\"position\":2,\"name\":\"Referenssit\"}]},{\"@type\":\"WebSite\",\"@id\":\"https:\\\/\\\/octacellcom\\\/#website\",\"url\":\"https:\\\/\\\/octacellcom\\\/\",\"name\":\"Octacell\",\"description\":\"Tarjoamme skaalautuvia ja \u00e4\u00e4nieristettyj\u00e4 ty\u00f6huoneita, puhelinkoppeja ja neuvottelutiloja moderneihin avotoimistoihin. Octacell-ratkaisuilla lis\u00e4\u00e4t ty\u00f6rauhaa.\",\"inLanguage\":\"fi\"}]}<\/script>\n<!-- \/ Yoast SEO plugin. -->","yoast_head_json":{"title":"Asiakasreferenssimme | Octacell","description":"Tutustu, miten Octacellin ty\u00f6huoneratkaisut sopivat toimistoihin, julkisiin palveluihin, asiakaspalveluun ja asiantuntijaty\u00f6h\u00f6n.","robots":{"index":"index","follow":"follow","max-snippet":"max-snippet:-1","max-image-preview":"max-image-preview:large","max-video-preview":"max-video-preview:-1"},"canonical":"https:\/\/octacell.com\/fi\/referenssit\/","og_locale":"fi_FI","og_type":"article","og_title":"Asiakasreferenssimme | Octacell","og_description":"Tutustu, miten Octacellin ty\u00f6huoneratkaisut sopivat toimistoihin, julkisiin palveluihin, asiakaspalveluun ja asiantuntijaty\u00f6h\u00f6n.","og_url":"https:\/\/octacell.com\/fi\/referenssit\/","og_site_name":"Octacell","article_modified_time":"2026-02-03T13:27:59+00:00","twitter_card":"summary_large_image","twitter_misc":{"Est. reading time":"1 minuutti"},"schema":{"@context":"https:\/\/schema.org","@graph":[{"@type":"WebPage","@id":"https:\/\/octacell.com\/fi\/referenssit\/","url":"https:\/\/octacell.com\/fi\/referenssit\/","name":"Asiakasreferenssimme | Octacell","isPartOf":{"@id":"https:\/\/octacellcom\/#website"},"datePublished":"2025-11-28T15:53:47+00:00","dateModified":"2026-02-03T13:27:59+00:00","description":"Tutustu, miten Octacellin ty\u00f6huoneratkaisut sopivat toimistoihin, julkisiin palveluihin, asiakaspalveluun ja asiantuntijaty\u00f6h\u00f6n.","breadcrumb":{"@id":"https:\/\/octacell.com\/fi\/referenssit\/#breadcrumb"},"inLanguage":"fi","potentialAction":[{"@type":"ReadAction","target":["https:\/\/octacell.com\/fi\/referenssit\/"]}]},{"@type":"BreadcrumbList","@id":"https:\/\/octacell.com\/fi\/referenssit\/#breadcrumb","itemListElement":[{"@type":"ListItem","position":1,"name":"Home","item":"https:\/\/octacell.com\/fi\/"},{"@type":"ListItem","position":2,"name":"Referenssit"}]},{"@type":"WebSite","@id":"https:\/\/octacellcom\/#website","url":"https:\/\/octacellcom\/","name":"Octacell","description":"Tarjoamme skaalautuvia ja \u00e4\u00e4nieristettyj\u00e4 ty\u00f6huoneita, puhelinkoppeja ja neuvottelutiloja moderneihin avotoimistoihin. Octacell-ratkaisuilla lis\u00e4\u00e4t ty\u00f6rauhaa.","inLanguage":"fi"}]}},"_links":{"self":[{"href":"https:\/\/octacell.com\/fi\/wp-json\/wp\/v2\/pages\/178","targetHints":{"allow":["GET"]}}],"collection":[{"href":"https:\/\/octacell.com\/fi\/wp-json\/wp\/v2\/pages"}],"about":[{"href":"https:\/\/octacell.com\/fi\/wp-json\/wp\/v2\/types\/page"}],"author":[{"embeddable":true,"href":"https:\/\/octacell.com\/fi\/wp-json\/wp\/v2\/users\/1"}],"replies":[{"embeddable":true,"href":"https:\/\/octacell.com\/fi\/wp-json\/wp\/v2\/comments?post=178"}],"version-history":[{"count":4,"href":"https:\/\/octacell.com\/fi\/wp-json\/wp\/v2\/pages\/178\/revisions"}],"predecessor-version":[{"id":3976,"href":"https:\/\/octacell.com\/fi\/wp-json\/wp\/v2\/pages\/178\/revisions\/3976"}],"wp:attachment":[{"href":"https:\/\/octacell.com\/fi\/wp-json\/wp\/v2\/media?parent=178"}],"curies":[{"name":"wp","href":"https:\/\/api.w.org\/{rel}","templated":true}]}}