{"id":844,"date":"2026-01-25T20:31:34","date_gmt":"2026-01-25T18:31:34","guid":{"rendered":"https:\/\/octacell.com\/yritys\/"},"modified":"2026-03-16T13:32:26","modified_gmt":"2026-03-16T11:32:26","slug":"yritys","status":"publish","type":"page","link":"https:\/\/octacell.com\/fi\/yritys\/","title":{"rendered":"Yritys"},"content":{"rendered":"<div\n    class=\"media-container width-default\"\n>\n    <div\naria-label=\"\" class=\"image image-low image-polygons\"\n>\n    <video\n        loop\n        muted\n        autoplay\n        playsinline\n        alt=\"\"\n        >\n        <source src=\"https:\/\/octacell.com\/app\/uploads\/2026\/01\/60cbe30f28bb6072f68d3ed6a66e89f565bbd765.mp4\" type=\"video\/mp4\">\n    <\/video>\n            <div class=\"video-controls\">\n        <button data-video-control=\"pause\" aria-label=\"Pys\u00e4yt\u00e4 video\">\n            <i class=\"fa-solid fa-pause\"><\/i>\n        <\/button>\n        <button data-video-control=\"play\" aria-label=\"Toista video\">\n            <i class=\"fa-solid fa-play\"><\/i>\n        <\/button>\n    <\/div>\n<\/div>\n<\/div>\n\n\n<div class=\"content-content\">\n    <div class=\"content-wrapper\">\n\n<h1 class=\"wp-block-heading has-text-align-center\">Tee ty\u00f6paikasta tulevaisuudenkest\u00e4v\u00e4<\/h1>\n\n\n\n<p class=\"has-text-align-center\">Luomme skaalautuvia ty\u00f6huoneita, jotka mukautuvat modernin ty\u00f6ymp\u00e4rist\u00f6n tarpeisiin. Olipa kyse puhelinkopeista tai neuvotteluhuoneista, tuotteemme tarjoavat erinomaista \u00e4\u00e4nieristyst\u00e4, tehokasta ilmanvaihtoa ja joustavaa, modulaarista suunnittelua. Tuloksena on ty\u00f6huoneita, jotka kest\u00e4v\u00e4t aikaa ja tukevat tehokasta ty\u00f6skentely\u00e4, keskittymist\u00e4 sek\u00e4 hyvinvointia.<\/p>\n\n<\/div>\n<\/div>\n\n\n<div\n    class=\"image-text-container flex content-items content-items-padded row-default layout-default style-high\"\n>\n    <div class=\"flex-item six has-image\">\n        <div\n    class=\"media-container width-default\"\n>\n    <div\naria-label=\"\" class=\"image image-high\"\n>\n    <img decoding=\"async\"\n        src=\"https:\/\/octacell.com\/app\/uploads\/2026\/01\/c5a5444399f549b2adb119bac61ffda9ff4f776d-1907x1589-1.avif\"\n        srcset=\"\"\n        sizes=\"(max-width: 1907px) 100vw, 1907px\"\n        alt=\"People sitting inside Octacell 3X2 having a meeting\"\n                class=\"high\"\n    >\n<\/div>\n<\/div>\n    <\/div>\n    <div class=\"flex-item six has-content\">\n        <div class=\"has-content\">\n\n<h2 class=\"wp-block-heading\"><br>Ty\u00f6ymp\u00e4rist\u00f6n uudet tarpeet<\/h2>\n\n\n\n<p>Kiinte\u00e4t rakenteet eiv\u00e4t tue modernia toimistoarkkitehtuuria riitt\u00e4v\u00e4n hyvin. Ty\u00f6huoneemme vastaavat muuttuviin tarpeisiin ja tarjoavat samalla kest\u00e4v\u00e4n sek\u00e4 kustannustehokkaan ratkaisun.<\/p>\n\n<\/div>\n    <\/div>\n<\/div>\n\n\n<div\n    class=\"image-text-container flex content-items content-items-padded row-reverse layout-default style-high\"\n>\n    <div class=\"flex-item six has-image\">\n        <div\n    class=\"media-container width-default\"\n>\n    <div\naria-label=\"\" class=\"image image-high\"\n>\n    <img decoding=\"async\"\n        src=\"https:\/\/octacell.com\/app\/uploads\/2026\/01\/2d3b05f6b6780e1c6076e9ec5d044e1715c891fe-1152x1408-1.avif\"\n        srcset=\"\"\n        sizes=\"(max-width: 1152px) 100vw, 1152px\"\n        alt=\"L\u00e4hikuva Octacell-neuvottelutilasta.\"\n                class=\"high\"\n    >\n<\/div>\n<\/div>\n    <\/div>\n    <div class=\"flex-item six has-content\">\n        <div class=\"has-content\">\n\n<h2 class=\"wp-block-heading\">Pohjoismaalaista suunnittelua ja laatua<\/h2>\n\n\n\n<p>Suunnittelemme ja valmistamme kaikki tuotteemme Suomessa. K\u00e4yt\u00e4mme ainoastaan korkealaatuisia komponentteja ja materiaaleja, mik\u00e4 takaa ty\u00f6huoneillemme pitk\u00e4n k\u00e4ytt\u00f6i\u00e4n. Valmistamme tuotteet Pohjanmaalla, joka on tunnettu huonekaluteollisuudestaan.<\/p>\n\n<\/div>\n    <\/div>\n<\/div>\n\n\n<div\n    class=\"image-text-container flex content-items content-items-padded row-default layout-default style-high\"\n>\n    <div class=\"flex-item six has-image\">\n        <div\n    class=\"media-container width-default\"\n>\n    <div\naria-label=\"\" class=\"image image-high\"\n>\n    <img decoding=\"async\"\n        src=\"https:\/\/octacell.com\/app\/uploads\/2026\/01\/JTP56268-HDR-1024x683.jpg\"\n        srcset=\"https:\/\/octacell.com\/app\/uploads\/2026\/01\/JTP56268-HDR-1024x683.jpg 1024w, https:\/\/octacell.com\/app\/uploads\/2026\/01\/JTP56268-HDR-300x200.jpg 300w, https:\/\/octacell.com\/app\/uploads\/2026\/01\/JTP56268-HDR-768x512.jpg 768w, https:\/\/octacell.com\/app\/uploads\/2026\/01\/JTP56268-HDR-1536x1024.jpg 1536w, https:\/\/octacell.com\/app\/uploads\/2026\/01\/JTP56268-HDR-2048x1366.jpg 2048w\"\n        sizes=\"(max-width: 1024px) 100vw, 1024px\"\n        alt=\"Valkoinen Octacell 2X1 -ty\u00f6tila avotoimistossa.\"\n                class=\"high\"\n    >\n<\/div>\n<\/div>\n    <\/div>\n    <div class=\"flex-item six has-content\">\n        <div class=\"has-content\">\n\n<h2 class=\"wp-block-heading has-white-color has-text-color has-link-color wp-elements-a4874e6cf8925f7c2325c28975965d29\">Vastuullisuus<\/h2>\n\n\n\n<p class=\"has-white-color has-text-color has-link-color wp-elements-2c8089600a548ceb7415172c41474bb1\">Haluamme lopettaa kertak\u00e4ytt\u00f6huonekalujen kulttuurin. Valmistamme ty\u00f6huoneemme p\u00e4\u00e4osin puusta ja lasista. K\u00e4yt\u00e4mme ty\u00f6huoneiden \u00e4\u00e4nieristyksess\u00e4 kierr\u00e4tetyst\u00e4 muovivaahdosta tehty\u00e4 materiaalia.<\/p>\n\n<\/div>\n    <\/div>\n<\/div>\n\n\n<div\n    class=\"image-text-container flex content-items content-items-padded row-reverse layout-default style-high\"\n>\n    <div class=\"flex-item six has-image\">\n        <div\n    class=\"media-container width-default\"\n>\n    <div\naria-label=\"\" class=\"image image-high\"\n>\n    <img decoding=\"async\"\n        src=\"https:\/\/octacell.com\/app\/uploads\/2026\/01\/d0dfd791419e669a9de153b69498cab305c9337a-2082x1735-1.avif\"\n        srcset=\"\"\n        sizes=\"(max-width: 1920px) 100vw, 1920px\"\n        alt=\"Octacell 4X3 at the Halton office\"\n                class=\"high\"\n    >\n<\/div>\n<\/div>\n    <\/div>\n    <div class=\"flex-item six has-content\">\n        <div class=\"has-content\">\n\n<h2 class=\"wp-block-heading has-white-color has-text-color has-link-color wp-elements-63d56202aa5f027d2d78f88452156b12\">Kumppaneinamme toimivat<\/h2>\n\n\n\n<p class=\"has-white-color has-text-color has-link-color wp-elements-ebe40150d4d00617df435a4794a50287\">Octacellin kasvun mahdollistaa suomalainen sijoittaja ja partneri Halton Group.<br><\/p>\n\n\n<div \n    class=\"has-buttons wp-block-buttons\"\n>\n    <div>\n        <a\n            href=\"https:\/\/www.halton.com\/fi\/\"\n            target=\"_blank\"\n            class=\"btn btn-black\"\n        >\n            halton.fi\n                    <i class=\"lni lni-share-2\" aria-hidden=\"true\"><\/i>\n            <span class=\"sr-only\">\n                avautuu uuteen ikkunaan\n            <\/span>\n                <\/a>\n    <\/div>\n<\/div>\n\n<\/div>\n    <\/div>\n<\/div>\n\n\n<div\n    class=\"image-text-container flex content-items content-items-padded row-default layout-boxed style-high\"\n>\n    <div class=\"flex-item six has-image\">\n        <div\n    class=\"media-container width-default\"\n>\n    <div\naria-label=\"\" class=\"image image-high\"\n>\n    <img decoding=\"async\"\n        src=\"https:\/\/octacell.com\/app\/uploads\/2026\/01\/f8c43262124aa3c0ed9a562e751e0c4d25da872f-1200x1200-1.avif\"\n        srcset=\"\"\n        sizes=\"(max-width: 1080px) 100vw, 1080px\"\n        alt=\"Antti Sunqvist\"\n                class=\"high\"\n    >\n<\/div>\n<\/div>\n    <\/div>\n    <div class=\"flex-item six has-content\">\n        <div class=\"has-content\">\n\n<h2 class=\"wp-block-heading\">Octacellin tarina<\/h2>\n\n\n\n<p><strong>Octacell Oy:n perusti vuonna 2017 toimitusjohtajamme Antti Sundqvist. Antilla on vuosien kokemus ty\u00f6skentelyst\u00e4 rakennusinsin\u00f6\u00f6rin\u00e4 Suomen suurimmissa rakennusyhti\u00f6iss\u00e4.<\/strong><\/p>\n\n\n\n<p>&#8221;Projektini olivat aina valtavia kokonaisuuksia, joissa ty\u00f6skenteli suuri m\u00e4\u00e4r\u00e4 ihmisi\u00e4 ty\u00f6mailla. Liian usein kohtasimme haasteita laadun, aikataulujen ja budjettien kanssa. Erilaisten urakoitsijoiden, aliurakoitsijoiden, suunnittelijoiden ja konsulttien kanssa ty\u00f6skentely sai minut pohtimaan ratkaisua, joka voisi merkitt\u00e4v\u00e4sti sujuvoittaa rakentamista.<\/p>\n\n\n\n<p>Halusin luoda tuotteen ja palvelun, jonka avulla asiakas saa \u00e4\u00e4nieristetyn ty\u00f6huoneen, joka vastaa t\u00e4ysin h\u00e4nen tarpeitaan \u2013 silloinkin, kun vaatimukset ja tarpeet muuttuvat my\u00f6hemmin. Vuosien tuotekehitys on auttanut meit\u00e4 saavuttamaan t\u00e4m\u00e4n tavoitteen.&#8221;<\/p>\n\n<\/div>\n    <\/div>\n<\/div>\n\n\n<div class=\"content-content\">\n    <div class=\"content-wrapper\">\n\n<h2 class=\"wp-block-heading has-text-align-center has-light-color has-text-color has-link-color has-large-font-size wp-elements-677298331e9e0819c511289cf2accbbd\">Kysymyksi\u00e4 Octacellista tai avoimista ty\u00f6paikoista?<\/h2>\n\n\n<div \n    class=\"has-buttons wp-block-buttons has-text-align-center\"\n>\n    <div>\n        <a\n            href=\"https:\/\/octacell.com\/fi\/ota-yhteytta\/\"\n            target=\"\"\n            class=\"btn btn-outline-white\"\n        >\n            Ota yhteytt\u00e4\n                    <i class=\"lni lni-arrow-right\" aria-hidden=\"true\"><\/i>\n                <\/a>\n    <\/div>\n<\/div>\n\n<\/div>\n<\/div>\n","protected":false},"excerpt":{"rendered":"","protected":false},"author":3,"featured_media":0,"parent":0,"menu_order":0,"comment_status":"closed","ping_status":"closed","template":"","meta":{"_acf_changed":false,"footnotes":""},"class_list":["post-844","page","type-page","status-publish","hentry"],"acf":[],"yoast_head":"<!-- This site is optimized with the Yoast SEO plugin v27.5 - https:\/\/yoast.com\/product\/yoast-seo-wordpress\/ -->\n<title>Tutustu yritykseen | Octacell<\/title>\n<meta name=\"description\" content=\"Octacell luo skaalautuvimpia ty\u00f6huoneita, joista et ole viel\u00e4 kuullut. Lue miten ja miksi yritys sai alkunsa.\" \/>\n<meta name=\"robots\" content=\"index, follow, max-snippet:-1, max-image-preview:large, max-video-preview:-1\" \/>\n<link rel=\"canonical\" href=\"https:\/\/octacell.com\/fi\/yritys\/\" \/>\n<meta property=\"og:locale\" content=\"fi_FI\" \/>\n<meta property=\"og:type\" content=\"article\" \/>\n<meta property=\"og:title\" content=\"Tutustu yritykseen | Octacell\" \/>\n<meta property=\"og:description\" content=\"Octacell luo skaalautuvimpia ty\u00f6huoneita, joista et ole viel\u00e4 kuullut. Lue miten ja miksi yritys sai alkunsa.\" \/>\n<meta property=\"og:url\" content=\"https:\/\/octacell.com\/fi\/yritys\/\" \/>\n<meta property=\"og:site_name\" content=\"Octacell\" \/>\n<meta property=\"article:modified_time\" content=\"2026-03-16T11:32:26+00:00\" \/>\n<meta name=\"twitter:card\" content=\"summary_large_image\" \/>\n<meta name=\"twitter:label1\" content=\"Est. reading time\" \/>\n\t<meta name=\"twitter:data1\" content=\"2 minuuttia\" \/>\n<script type=\"application\/ld+json\" class=\"yoast-schema-graph\">{\"@context\":\"https:\\\/\\\/schema.org\",\"@graph\":[{\"@type\":\"WebPage\",\"@id\":\"https:\\\/\\\/octacell.com\\\/fi\\\/yritys\\\/\",\"url\":\"https:\\\/\\\/octacell.com\\\/fi\\\/yritys\\\/\",\"name\":\"Tutustu yritykseen | Octacell\",\"isPartOf\":{\"@id\":\"https:\\\/\\\/octacellcom\\\/#website\"},\"datePublished\":\"2026-01-25T18:31:34+00:00\",\"dateModified\":\"2026-03-16T11:32:26+00:00\",\"description\":\"Octacell luo skaalautuvimpia ty\u00f6huoneita, joista et ole viel\u00e4 kuullut. Lue miten ja miksi yritys sai alkunsa.\",\"breadcrumb\":{\"@id\":\"https:\\\/\\\/octacell.com\\\/fi\\\/yritys\\\/#breadcrumb\"},\"inLanguage\":\"fi\",\"potentialAction\":[{\"@type\":\"ReadAction\",\"target\":[\"https:\\\/\\\/octacell.com\\\/fi\\\/yritys\\\/\"]}]},{\"@type\":\"BreadcrumbList\",\"@id\":\"https:\\\/\\\/octacell.com\\\/fi\\\/yritys\\\/#breadcrumb\",\"itemListElement\":[{\"@type\":\"ListItem\",\"position\":1,\"name\":\"Home\",\"item\":\"https:\\\/\\\/octacell.com\\\/fi\\\/\"},{\"@type\":\"ListItem\",\"position\":2,\"name\":\"Yritys\"}]},{\"@type\":\"WebSite\",\"@id\":\"https:\\\/\\\/octacellcom\\\/#website\",\"url\":\"https:\\\/\\\/octacellcom\\\/\",\"name\":\"Octacell\",\"description\":\"Tarjoamme skaalautuvia ja \u00e4\u00e4nieristettyj\u00e4 ty\u00f6huoneita, puhelinkoppeja ja neuvottelutiloja moderneihin avotoimistoihin. Octacell-ratkaisuilla lis\u00e4\u00e4t ty\u00f6rauhaa.\",\"inLanguage\":\"fi\"}]}<\/script>\n<!-- \/ Yoast SEO plugin. -->","yoast_head_json":{"title":"Tutustu yritykseen | Octacell","description":"Octacell luo skaalautuvimpia ty\u00f6huoneita, joista et ole viel\u00e4 kuullut. Lue miten ja miksi yritys sai alkunsa.","robots":{"index":"index","follow":"follow","max-snippet":"max-snippet:-1","max-image-preview":"max-image-preview:large","max-video-preview":"max-video-preview:-1"},"canonical":"https:\/\/octacell.com\/fi\/yritys\/","og_locale":"fi_FI","og_type":"article","og_title":"Tutustu yritykseen | Octacell","og_description":"Octacell luo skaalautuvimpia ty\u00f6huoneita, joista et ole viel\u00e4 kuullut. Lue miten ja miksi yritys sai alkunsa.","og_url":"https:\/\/octacell.com\/fi\/yritys\/","og_site_name":"Octacell","article_modified_time":"2026-03-16T11:32:26+00:00","twitter_card":"summary_large_image","twitter_misc":{"Est. reading time":"2 minuuttia"},"schema":{"@context":"https:\/\/schema.org","@graph":[{"@type":"WebPage","@id":"https:\/\/octacell.com\/fi\/yritys\/","url":"https:\/\/octacell.com\/fi\/yritys\/","name":"Tutustu yritykseen | Octacell","isPartOf":{"@id":"https:\/\/octacellcom\/#website"},"datePublished":"2026-01-25T18:31:34+00:00","dateModified":"2026-03-16T11:32:26+00:00","description":"Octacell luo skaalautuvimpia ty\u00f6huoneita, joista et ole viel\u00e4 kuullut. Lue miten ja miksi yritys sai alkunsa.","breadcrumb":{"@id":"https:\/\/octacell.com\/fi\/yritys\/#breadcrumb"},"inLanguage":"fi","potentialAction":[{"@type":"ReadAction","target":["https:\/\/octacell.com\/fi\/yritys\/"]}]},{"@type":"BreadcrumbList","@id":"https:\/\/octacell.com\/fi\/yritys\/#breadcrumb","itemListElement":[{"@type":"ListItem","position":1,"name":"Home","item":"https:\/\/octacell.com\/fi\/"},{"@type":"ListItem","position":2,"name":"Yritys"}]},{"@type":"WebSite","@id":"https:\/\/octacellcom\/#website","url":"https:\/\/octacellcom\/","name":"Octacell","description":"Tarjoamme skaalautuvia ja \u00e4\u00e4nieristettyj\u00e4 ty\u00f6huoneita, puhelinkoppeja ja neuvottelutiloja moderneihin avotoimistoihin. Octacell-ratkaisuilla lis\u00e4\u00e4t ty\u00f6rauhaa.","inLanguage":"fi"}]}},"_links":{"self":[{"href":"https:\/\/octacell.com\/fi\/wp-json\/wp\/v2\/pages\/844","targetHints":{"allow":["GET"]}}],"collection":[{"href":"https:\/\/octacell.com\/fi\/wp-json\/wp\/v2\/pages"}],"about":[{"href":"https:\/\/octacell.com\/fi\/wp-json\/wp\/v2\/types\/page"}],"author":[{"embeddable":true,"href":"https:\/\/octacell.com\/fi\/wp-json\/wp\/v2\/users\/3"}],"replies":[{"embeddable":true,"href":"https:\/\/octacell.com\/fi\/wp-json\/wp\/v2\/comments?post=844"}],"version-history":[{"count":4,"href":"https:\/\/octacell.com\/fi\/wp-json\/wp\/v2\/pages\/844\/revisions"}],"predecessor-version":[{"id":3789,"href":"https:\/\/octacell.com\/fi\/wp-json\/wp\/v2\/pages\/844\/revisions\/3789"}],"wp:attachment":[{"href":"https:\/\/octacell.com\/fi\/wp-json\/wp\/v2\/media?parent=844"}],"curies":[{"name":"wp","href":"https:\/\/api.w.org\/{rel}","templated":true}]}}