{"id":879,"date":"2026-01-08T15:48:45","date_gmt":"2026-01-08T13:48:45","guid":{"rendered":"https:\/\/octacell.com\/tuotteet\/"},"modified":"2026-04-07T13:30:15","modified_gmt":"2026-04-07T10:30:15","slug":"tuotteet","status":"publish","type":"page","link":"https:\/\/octacell.com\/fi\/tuotteet\/","title":{"rendered":"Kaikki tuotteet"},"content":{"rendered":"<div\n    class=\"pod-selector-container flex content-items content-items-padded\"\n>\n    <div class=\"flex-item six has-image\">\n                <div\n    class=\"media-container width-default\"\n>\n    <div\naria-label=\"\" class=\"image image-high\"\n>\n    <img decoding=\"async\"\n        src=\"https:\/\/octacell.com\/app\/uploads\/2026\/04\/octacell_050925-web-096-2400x1600.jpg\"\n        srcset=\"https:\/\/octacell.com\/app\/uploads\/2026\/04\/octacell_050925-web-096-2400x1600.jpg 2400w, https:\/\/octacell.com\/app\/uploads\/2026\/04\/octacell_050925-web-096-1400x933.jpg 1400w, https:\/\/octacell.com\/app\/uploads\/2026\/04\/octacell_050925-web-096-768x512.jpg 768w, https:\/\/octacell.com\/app\/uploads\/2026\/04\/octacell_050925-web-096-1536x1024.jpg 1536w, https:\/\/octacell.com\/app\/uploads\/2026\/04\/octacell_050925-web-096-2048x1365.jpg 2048w\"\n        sizes=\"(max-width: 2400px) 100vw, 2400px\"\n        alt=\"\"\n                class=\"high\"\n    >\n<\/div>\n<\/div>\n    <\/div>\n    <div class=\"flex-item six has-content\" id=\"pod-selector\">\n        <form data-action=\"selector\" data-prevent-default=\"true\" class=\"pod-selector\" action=\"\">\n            <input type=\"hidden\" name=\"f\" value=\"0\">\n            <div class=\"pod-selector-progress\" id=\"pod-selector-progress\">\n    <div class=\"progress\">\n        <span style=\"width: 0%;\" id=\"progress-bar\"><\/span>\n    <\/div>\n<\/div>\n            <div id=\"pod-selector-form\">\n    <div class=\"has-content center\">\n    <h2 class=\"wp-block-heading\"><span data-teams=\"true\">L\u00f6yd\u00e4 tarpeitanne vastaava \u00e4\u00e4nieristetty Octacell-huone<\/span><\/h2>\n<p>Vastaa muutamaan kysymykseen, niin suosittelemme sinulle parhaan ratkaisun tarpeseesi.<\/p>\n\n<\/div>\n<input type=\"hidden\" name=\"step\" value=\"start\">\n    <div class=\"pod-selector-buttons center\">\n                <button type=\"button\" class=\"btn next\" name=\"next\" data-submit=\"1\">\n                    Aloita\n                    <i class=\"lni lni-arrow-right\" aria-hidden=\"true\"><\/i>\n        <\/button>\n    <\/div>\n<\/div>\n        <\/form>\n    <\/div>\n<\/div>\n","protected":false},"excerpt":{"rendered":"","protected":false},"author":1,"featured_media":0,"parent":0,"menu_order":0,"comment_status":"closed","ping_status":"closed","template":"template-products.blade.php","meta":{"_acf_changed":false,"footnotes":""},"class_list":["post-879","page","type-page","status-publish","hentry"],"acf":[],"yoast_head":"<!-- This site is optimized with the Yoast SEO plugin v27.5 - https:\/\/yoast.com\/product\/yoast-seo-wordpress\/ -->\n<title>\u00c4\u00e4nieristetyt ty\u00f6tilat, puhelinkopit ja neuvottelutilat | Octacell<\/title>\n<meta name=\"description\" content=\"Tutustu Octacellin \u00e4\u00e4nieristettyihin puhelinkoppeihin, neuvottelutiloihin, ty\u00f6huoneisiin ja turvatiloihin. Vertaa kokoja ja hintoja.\" \/>\n<meta name=\"robots\" content=\"index, follow, max-snippet:-1, max-image-preview:large, max-video-preview:-1\" \/>\n<link rel=\"canonical\" href=\"https:\/\/octacell.com\/fi\/tuotteet\/\" \/>\n<meta property=\"og:locale\" content=\"fi_FI\" \/>\n<meta property=\"og:type\" content=\"article\" \/>\n<meta property=\"og:title\" content=\"\u00c4\u00e4nieristetyt ty\u00f6tilat, puhelinkopit ja neuvottelutilat | Octacell\" \/>\n<meta property=\"og:description\" content=\"Tutustu Octacellin \u00e4\u00e4nieristettyihin puhelinkoppeihin, neuvottelutiloihin, ty\u00f6huoneisiin ja turvatiloihin. Vertaa kokoja ja hintoja.\" \/>\n<meta property=\"og:url\" content=\"https:\/\/octacell.com\/fi\/tuotteet\/\" \/>\n<meta property=\"og:site_name\" content=\"Octacell\" \/>\n<meta property=\"article:modified_time\" content=\"2026-04-07T10:30:15+00:00\" \/>\n<meta name=\"twitter:card\" content=\"summary_large_image\" \/>\n<meta name=\"twitter:label1\" content=\"Est. reading time\" \/>\n\t<meta name=\"twitter:data1\" content=\"1 minuutti\" \/>\n<script type=\"application\/ld+json\" class=\"yoast-schema-graph\">{\"@context\":\"https:\\\/\\\/schema.org\",\"@graph\":[{\"@type\":\"WebPage\",\"@id\":\"https:\\\/\\\/octacell.com\\\/fi\\\/tuotteet\\\/\",\"url\":\"https:\\\/\\\/octacell.com\\\/fi\\\/tuotteet\\\/\",\"name\":\"\u00c4\u00e4nieristetyt ty\u00f6tilat, puhelinkopit ja neuvottelutilat | Octacell\",\"isPartOf\":{\"@id\":\"https:\\\/\\\/octacellcom\\\/#website\"},\"datePublished\":\"2026-01-08T13:48:45+00:00\",\"dateModified\":\"2026-04-07T10:30:15+00:00\",\"description\":\"Tutustu Octacellin \u00e4\u00e4nieristettyihin puhelinkoppeihin, neuvottelutiloihin, ty\u00f6huoneisiin ja turvatiloihin. Vertaa kokoja ja hintoja.\",\"breadcrumb\":{\"@id\":\"https:\\\/\\\/octacell.com\\\/fi\\\/tuotteet\\\/#breadcrumb\"},\"inLanguage\":\"fi\",\"potentialAction\":[{\"@type\":\"ReadAction\",\"target\":[\"https:\\\/\\\/octacell.com\\\/fi\\\/tuotteet\\\/\"]}]},{\"@type\":\"BreadcrumbList\",\"@id\":\"https:\\\/\\\/octacell.com\\\/fi\\\/tuotteet\\\/#breadcrumb\",\"itemListElement\":[{\"@type\":\"ListItem\",\"position\":1,\"name\":\"Home\",\"item\":\"https:\\\/\\\/octacell.com\\\/fi\\\/\"},{\"@type\":\"ListItem\",\"position\":2,\"name\":\"Kaikki tuotteet\"}]},{\"@type\":\"WebSite\",\"@id\":\"https:\\\/\\\/octacellcom\\\/#website\",\"url\":\"https:\\\/\\\/octacellcom\\\/\",\"name\":\"Octacell\",\"description\":\"Tarjoamme skaalautuvia ja \u00e4\u00e4nieristettyj\u00e4 ty\u00f6huoneita, puhelinkoppeja ja neuvottelutiloja moderneihin avotoimistoihin. Octacell-ratkaisuilla lis\u00e4\u00e4t ty\u00f6rauhaa.\",\"inLanguage\":\"fi\"}]}<\/script>\n<!-- \/ Yoast SEO plugin. -->","yoast_head_json":{"title":"\u00c4\u00e4nieristetyt ty\u00f6tilat, puhelinkopit ja neuvottelutilat | Octacell","description":"Tutustu Octacellin \u00e4\u00e4nieristettyihin puhelinkoppeihin, neuvottelutiloihin, ty\u00f6huoneisiin ja turvatiloihin. Vertaa kokoja ja hintoja.","robots":{"index":"index","follow":"follow","max-snippet":"max-snippet:-1","max-image-preview":"max-image-preview:large","max-video-preview":"max-video-preview:-1"},"canonical":"https:\/\/octacell.com\/fi\/tuotteet\/","og_locale":"fi_FI","og_type":"article","og_title":"\u00c4\u00e4nieristetyt ty\u00f6tilat, puhelinkopit ja neuvottelutilat | Octacell","og_description":"Tutustu Octacellin \u00e4\u00e4nieristettyihin puhelinkoppeihin, neuvottelutiloihin, ty\u00f6huoneisiin ja turvatiloihin. Vertaa kokoja ja hintoja.","og_url":"https:\/\/octacell.com\/fi\/tuotteet\/","og_site_name":"Octacell","article_modified_time":"2026-04-07T10:30:15+00:00","twitter_card":"summary_large_image","twitter_misc":{"Est. reading time":"1 minuutti"},"schema":{"@context":"https:\/\/schema.org","@graph":[{"@type":"WebPage","@id":"https:\/\/octacell.com\/fi\/tuotteet\/","url":"https:\/\/octacell.com\/fi\/tuotteet\/","name":"\u00c4\u00e4nieristetyt ty\u00f6tilat, puhelinkopit ja neuvottelutilat | Octacell","isPartOf":{"@id":"https:\/\/octacellcom\/#website"},"datePublished":"2026-01-08T13:48:45+00:00","dateModified":"2026-04-07T10:30:15+00:00","description":"Tutustu Octacellin \u00e4\u00e4nieristettyihin puhelinkoppeihin, neuvottelutiloihin, ty\u00f6huoneisiin ja turvatiloihin. Vertaa kokoja ja hintoja.","breadcrumb":{"@id":"https:\/\/octacell.com\/fi\/tuotteet\/#breadcrumb"},"inLanguage":"fi","potentialAction":[{"@type":"ReadAction","target":["https:\/\/octacell.com\/fi\/tuotteet\/"]}]},{"@type":"BreadcrumbList","@id":"https:\/\/octacell.com\/fi\/tuotteet\/#breadcrumb","itemListElement":[{"@type":"ListItem","position":1,"name":"Home","item":"https:\/\/octacell.com\/fi\/"},{"@type":"ListItem","position":2,"name":"Kaikki tuotteet"}]},{"@type":"WebSite","@id":"https:\/\/octacellcom\/#website","url":"https:\/\/octacellcom\/","name":"Octacell","description":"Tarjoamme skaalautuvia ja \u00e4\u00e4nieristettyj\u00e4 ty\u00f6huoneita, puhelinkoppeja ja neuvottelutiloja moderneihin avotoimistoihin. Octacell-ratkaisuilla lis\u00e4\u00e4t ty\u00f6rauhaa.","inLanguage":"fi"}]}},"_links":{"self":[{"href":"https:\/\/octacell.com\/fi\/wp-json\/wp\/v2\/pages\/879","targetHints":{"allow":["GET"]}}],"collection":[{"href":"https:\/\/octacell.com\/fi\/wp-json\/wp\/v2\/pages"}],"about":[{"href":"https:\/\/octacell.com\/fi\/wp-json\/wp\/v2\/types\/page"}],"author":[{"embeddable":true,"href":"https:\/\/octacell.com\/fi\/wp-json\/wp\/v2\/users\/1"}],"replies":[{"embeddable":true,"href":"https:\/\/octacell.com\/fi\/wp-json\/wp\/v2\/comments?post=879"}],"version-history":[{"count":11,"href":"https:\/\/octacell.com\/fi\/wp-json\/wp\/v2\/pages\/879\/revisions"}],"predecessor-version":[{"id":3970,"href":"https:\/\/octacell.com\/fi\/wp-json\/wp\/v2\/pages\/879\/revisions\/3970"}],"wp:attachment":[{"href":"https:\/\/octacell.com\/fi\/wp-json\/wp\/v2\/media?parent=879"}],"curies":[{"name":"wp","href":"https:\/\/api.w.org\/{rel}","templated":true}]}}