{"id":902,"date":"2025-11-18T12:13:46","date_gmt":"2025-11-18T10:13:46","guid":{"rendered":"https:\/\/octacell.com\/tietosuojaseloste\/"},"modified":"2026-04-02T13:59:22","modified_gmt":"2026-04-02T10:59:22","slug":"tietosuojaseloste","status":"publish","type":"page","link":"https:\/\/octacell.com\/fi\/tietosuojaseloste\/","title":{"rendered":"Tietosuojaseloste"},"content":{"rendered":"<div class=\"content-content\">\n    <div class=\"content-wrapper\">\n\n<h1 class=\"wp-block-heading\">K\u00e4ytt\u00f6ehdot, yleiset toimitusehdot ja tietosuojaseloste<\/h1>\n\n\n\n<p><strong>Ehtojen soveltaminen<\/strong><\/p>\n\n\n\n<p>N\u00e4it\u00e4 ehtoja sovelletaan Octacell Oy:n (j\u00e4ljemp\u00e4n\u00e4 \u201dOctacell\u201d) t\u00e4m\u00e4n www-sivuston www.octacell.fi (\u201dSivusto\u201d) k\u00e4ytt\u00f6\u00f6n.<\/p>\n\n\n\n<p><strong>Ehtojen hyv\u00e4ksyminen<\/strong><\/p>\n\n\n\n<p>Sivuston k\u00e4ytt\u00e4j\u00e4 (\u201dAsiakas\u201d) hyv\u00e4ksyy n\u00e4m\u00e4 ehdot vieraillessaan Sivustolla. Asiakkaan on tutustuttava ehtoihin huolellisesti ennen Sivuston k\u00e4ytt\u00e4mist\u00e4.<\/p>\n\n\n\n<p><strong>Sivuston saatavuus<\/strong><\/p>\n\n\n\n<p>Asiakas vastaa siit\u00e4, ett\u00e4 asiakkaalla on k\u00e4yt\u00f6ss\u00e4\u00e4n toimiva yhteys Octacell -sivustoon. Octacell ei takaa eik\u00e4 vastaa siit\u00e4, ett\u00e4 Asiakkaan yhteys toimisi odotetulla tavalla tai ett\u00e4 sivusto olisi aina tai keskeytyksett\u00e4 saatavilla. Octacell ei takaa sit\u00e4, ett\u00e4 Sivustoa voidaan k\u00e4ytt\u00e4\u00e4 Asiakkaan laitteilla.<\/p>\n\n\n\n<p><strong>Immateriaalioikeudet<\/strong><\/p>\n\n\n\n<p>Sivuston materiaaliin liittyv\u00e4t tekij\u00e4noikeudet ja tavaramerkit kuuluvat Octacellille tai kolmannelle osapuolelle. Kaikki oikeudet Sivuston ja Sivustolla saatavilla olevaan materiaaliin liittyviin tekij\u00e4noikeuksiin ja tavaramerkkeihin on pid\u00e4tetty. Sivuston tai siell\u00e4 olevan aineiston muuttaminen, linkitt\u00e4minen, edelleen jakelu, tulostaminen, levitt\u00e4minen tai tallettaminen tietokantoihin muutoin kuin henkil\u00f6kohtaista ei-kaupallista k\u00e4ytt\u00f6\u00e4 varten tai muu vastaava tekij\u00e4noikeutta mahdollisesti loukkaava toimenpide ilman Octacellin ja kolmannen osapuolen etuk\u00e4teen antamaa kirjallista lupaa on kielletty ja voi johtaa rikos- ja\/tai vahingonkorvausoikeudellisiin seuraamuksiin.<\/p>\n\n\n\n<p>Kaikki Octacell tuotteet ovat immateriaalioikeuksiensa osalta suojattuja ja Octacellin yksinomaisessa omistuksessa. Kaikki edell\u00e4 mainittujen immateriaalioikeuksien luokkaukset ovat kiellettyj\u00e4 ja Octacell pid\u00e4tt\u00e4\u00e4 oikeuden vaatia kaikkia sille aiheutuneita vahinkoja korvattavaksi mahdollisista immateriaalioikeuksiensa loukkauksista.<\/p>\n\n\n\n<p><strong>Vastuunrajoitus<\/strong><\/p>\n\n\n\n<p>Octacell&nbsp;ei vastaa Sivustolla esitett\u00e4vien ja julkaistavien tietojen sis\u00e4ll\u00f6st\u00e4, esitettyjen tietojen paikkansapit\u00e4vyydest\u00e4 tai niiss\u00e4 mahdollisesti esiintyvist\u00e4 virheist\u00e4 tai viiv\u00e4styksist\u00e4. Octacell toimittaa tiedot Asiakkailleen sellaisena kuin ne on. Octacell&nbsp;ei vastaa kolmannen osapuolen tuottamasta tai julkaisemasta materiaalista, johon n\u00e4ilt\u00e4 www-sivuilta mahdollisesti on linkki.<\/p>\n\n\n\n<p>Sivusto ei muodosta sitovaa tarjousta mink\u00e4\u00e4n tuotteen tai palvelun osalta, vaan Sivusto ja sen&nbsp;materiaali on ainoastaan markkinointimateriaalia. Kaikki Octacellilt\u00e4 (tai sen j\u00e4lleenmyyjilt\u00e4) ostettaviin tuotteisiin tai palveluihin liittyv\u00e4t sitovat seikat (kuten tuotekuvaukset) ja ehdot sovitaan tyhjent\u00e4v\u00e4sti tilaajan ja toimittajan v\u00e4lill\u00e4. Kaikkia Octacellin tuotteita koskee alla olevat Octacell toimitusehdot.<\/p>\n\n\n\n<p><strong>Sovellettava laki<\/strong><\/p>\n\n\n\n<p>N\u00e4ihin ehtoihin sovelletaan Suomen lakia (lukuun ottamatta sen lainvalintaa koskevia s\u00e4\u00e4nt\u00f6j\u00e4).<\/p>\n\n\n\n<p>OCTACELL YLEISET TOIMITUSEHDOT<\/p>\n\n\n\n<p><em>Viimeisin muutos ja voimassa 15.12.2020-.<\/em><\/p>\n\n\n\n<p>N\u00e4m\u00e4 ehdot koskevat kaikkia Octacell -tuotteita ja niihin liittyvi\u00e4 palveluita sek\u00e4 Octacell-leasingi\u00e4. Ehdot ovat olennainen osa toimitus- ja leasingsopimusta. Jos asiakkaan kanssa on kirjallisesti sovittu toimitusehdot, jotka poikkeavat n\u00e4ist\u00e4 toimitusehdoista, sovelletaan asiakkaan ja Octacellin v\u00e4lisi\u00e4 kirjallisia ehtoja. Ep\u00e4selviss\u00e4 tilanteissa sovelletaan n\u00e4it\u00e4 yleisi\u00e4 Octacellin nettisivustolla julkisesti saatavilla olevia ehtoja.<\/p>\n\n\n\n<p><strong>Octacell -tuoteet<\/strong><\/p>\n\n\n\n<p>Octacell Oy:n (Octa) tavoitteena on toimittaa Asiakkaalle t\u00e4ll\u00e4 sopimuksella ensiluokkainen Octacell -tuote.<\/p>\n\n\n\n<p>Octacell -tuotteiden ja niihin kuuluvien varusteiden ominaisuudet on esitelty Asiakkaalle tarjouksessa ja\/tai Octacell:in virallisella sivustolla osoitteessa www.octacell.fi. Octacell -tuotteet valmistetaan tilausvahvistuksessa olevien tuotekuvauksien ja yksil\u00f6intien mukaisesti, tai ellei sellaisia ole, tilaushetken\/sopimuksen allekirjoitushetken mukaisten tuotekuvauksien mukaisesti. Octalla on oikeus tehd\u00e4 v\u00e4h\u00e4isi\u00e4 muutoksia tuoteominaisuuksiin tilauksen j\u00e4lkeen.<\/p>\n\n\n\n<p><strong>Takuu<\/strong><\/p>\n\n\n\n<p>Kaikissa Octacell -tuotteissa on 5 vuoden rajoitettu takuu asennushetkest\u00e4 lukien, kuitenkin valaistuksen, ilmanvaihdon osalta takuuaika on 2 vuotta. Takuu kattaa tuotteen rakenteelliset osat, mik\u00e4li tuotetta on k\u00e4ytetty t\u00e4m\u00e4n sopimuksen mukaisesti. Takuu ei kata mink\u00e4\u00e4n tuotteen ulkopuolisen seikan, tapahtuman tai tekij\u00e4n aiheuttamaa vahinkoa tuotteelle tai sen osalle. Normaali kuluminen ei kuulu takuun piiriin. Takuu kattaa vain sen asennuspaikan, johon Octa on tuotteen asentanut, ja mik\u00e4li Asiakas itse siirt\u00e4\u00e4 tai purkaa tuotteen, takuu p\u00e4\u00e4ttyy t\u00e4h\u00e4n hetkeen.<\/p>\n\n\n\n<p>Mik\u00e4li Asiakas havaitsee Octacell -tuotteessa virheen, tulee Asiakkaan ilmoittaa t\u00e4st\u00e4 Octalle viipym\u00e4tt\u00e4, mutta kuitenkin viimeist\u00e4\u00e4n 14 p\u00e4iv\u00e4n sis\u00e4ll\u00e4 virheen havaitsemisesta tai siit\u00e4, kun se olisi tullut havaita. Virhetilanteessa Octalla on ensisijaisesti oikeus korjata virhe kohtuullisessa ajassa Asiakkaan tiloissa aiheuttamatta kohtuutonta h\u00e4iri\u00f6t\u00e4. Octalla on my\u00f6s oikeus vaihtaa tuote toimittamalla Asiakkaalle vastaava virheet\u00f6n tuote.<\/p>\n\n\n\n<p><strong>Asennus<\/strong><\/p>\n\n\n\n<p>Octacell -tuotteet asennetaan ilman kiinnityst\u00e4 rakennuksen rakenteisiin, pois lukien s\u00e4hk\u00f6- ja dataliitynt\u00e4.<\/p>\n\n\n\n<p>Octacell -tuotteet toimitetaan Asiakkaalle sovittuna ajankohtana. Mik\u00e4li Octasta johtuvasta syyst\u00e4 asennus my\u00f6h\u00e4styy yli 10 arkip\u00e4iv\u00e4\u00e4, Octa korvaa Asiakkaalle ainoana korvauksena 1% my\u00f6h\u00e4styneen Octacell -tuotteen hinnasta jokaiselta alkavalta viikolta. Mik\u00e4li asennusta lyk\u00e4t\u00e4\u00e4n Asiakkaasta johtuvasta syyst\u00e4 tai Asiakkaan pyynn\u00f6st\u00e4 yli 10 vrk, Octalla on oikeus laskuttaa tuotteet kuitenkin Octan ilmoittaman ensimm\u00e4isen asennusmahdollisuuden mukaan.<\/p>\n\n\n\n<p>Asiakkaan tulee j\u00e4rjest\u00e4\u00e4 Octalle p\u00e4\u00e4sy Asiakkaan tiloihin sovittuna ajankohtana ja j\u00e4rjest\u00e4\u00e4 esim. ovien avaus. Asennettavaan tilaan tulee olla normaali tavarahissiyhteys (mitat v\u00e4hint\u00e4\u00e4n 2000 mm korkeus x 900 mm leveys x 1000 mm syv\u00e4ys) katutasosta, muutoin Octalla on oikeus laskuttaa lis\u00e4ksi kantoty\u00f6st\u00e4 k\u00e4ytetyn ajan mukaan 80e\/h\/hl\u00f6. Mik\u00e4li asennus siirtyy tai viiv\u00e4styy sovitusta Asiakkaasta johtuvista syist\u00e4, Octalla on oikeus laskuttaa viiv\u00e4stymisest\u00e4 aiheutuneet kustannukset.<\/p>\n\n\n\n<p>Asiakas on ennen t\u00e4m\u00e4n sopimuksen tekemist\u00e4 tutustunut tilatun Octacell -tuotteen tuotepiirustuksiin ja varmistanut, ett\u00e4 tuote mahtuu tilaan sek\u00e4 kulkureitti kadulta asennettavaan tilaan on riitt\u00e4v\u00e4 ja vapaa. Mahdolliset asennuksessa aiheutuneet vahingot Asiakkaan tilaan tai kiinteist\u00f6\u00f6n muutoin, tulee reklamoida Octalle 5 p\u00e4iv\u00e4n kuluessa asennuksesta. Octa korjaa asennuksen yhteydess\u00e4 mahdolliset aiheuttamansa vahingot kustannuksellaan ilman aiheetonta viiv\u00e4styst\u00e4.<\/p>\n\n\n\n<p>Asiakas osoittaa Octacell -tuotteelle 220V pistorasian (mallia \u201dsuko\u201d), johon Octacell -tuote voidaan liitt\u00e4\u00e4. Asiakas vastaa, ett\u00e4 Octacell -tuote voidaan kytke\u00e4 osoitettuun pistorasiaan soveltuvien s\u00e4\u00e4nn\u00f6sten ja kiinteist\u00f6n ohjeistuksen mukaisesti.<\/p>\n\n\n\n<p>Asiakas tekee tilan\/kiinteist\u00f6n omistajalle mahdolliset ilmoitukset (ja\/tai tarvittaessa hakee luvat) Octacell -tuotteen asentamisesta. Asiakas huolehtii my\u00f6s tiedottamisesta tilan\/kiinteist\u00f6n k\u00e4ytt\u00e4jille.<\/p>\n\n\n\n<p>Octa voi k\u00e4ytt\u00e4\u00e4 alihankkijoita asennuksen suorittamiseen. Octa vastaa alihankkijoidensa suorituksesta t\u00e4m\u00e4n sopimuksen mukaisesti.<\/p>\n\n\n\n<p><strong>K\u00e4ytt\u00f6<\/strong><\/p>\n\n\n\n<p>Asiakkaan tulee k\u00e4ytt\u00e4\u00e4 Octacell -tuotetta huolellisesti ja aina sen k\u00e4ytt\u00f6ohjeiden ja annettujen kirjallisten ohjeiden mukaisesti. Octacell -tuotteet on tarkoitettu k\u00e4ytett\u00e4v\u00e4ksi normaalissa toimistoty\u00f6ymp\u00e4rist\u00f6ss\u00e4.<\/p>\n\n\n\n<p>Octacell -tuotteita tai niiden osia ei saa purkaa tai muokata eik\u00e4 siirt\u00e4\u00e4. Mahdolliset muutosty\u00f6t tulee tilata Octalta.<\/p>\n\n\n\n<p>Octacell -tuotteet soveltuvat k\u00e4ytett\u00e4v\u00e4ksi ainoastaan kuivissa rakennusm\u00e4\u00e4r\u00e4ysten mukaisesti rakennetun rakennuksen sis\u00e4tiloissa, joiden l\u00e4mp\u00f6tilan vaihteluv\u00e4li on 5-40 Celsius-astetta ja suhteellinen ilmankosteus ei ylit\u00e4 87%:ia.<\/p>\n\n\n\n<p>Octacell -tuotteita ei saa k\u00e4ytt\u00e4\u00e4 sairaaloissa tai vastaavissa esimerkiksi puhdasty\u00f6tiloissa ilman Octan erillist\u00e4 lupaa ja soveltuvuusarviointia. Octacell -tuotteet eiv\u00e4t sovellu m\u00e4rk\u00e4tiloihin tai edes v\u00e4liaikaiseen ulkok\u00e4ytt\u00f6\u00f6n eik\u00e4 tuotteet sovellu k\u00e4ytett\u00e4v\u00e4ksi miss\u00e4\u00e4n liikkuvassa tilassa ja\/tai aluksessa (esim. laivat tai vastaavat). Tuotteen k\u00e4ytt\u00f6 on turvallisuussyist\u00e4 kielletty\u00e4 edell\u00e4 kuvatun k\u00e4ytt\u00f6tarkoituksen vastaisissa tiloissa.<\/p>\n\n\n\n<p><strong>Maksut<\/strong><\/p>\n\n\n\n<p>Octalla on oikeus myyd\u00e4 saatavansa Asiakkaalta kolmannelle. Saatavien mahdollisesta siirrosta ilmoitetaan Asiakkaalle.<\/p>\n\n\n\n<p>Kaikki sopimuksen hinnat ovat ilman arvonlis\u00e4veroa, kulloinkin voimassa oleva arvonlis\u00e4vero lis\u00e4t\u00e4\u00e4n kaikkiin hintoihin.<\/p>\n\n\n\n<p>Sopimuksen mukainen maksuehto on 14 p\u00e4iv\u00e4\u00e4 tuotteen asennuksesta, ellei muuta erikseen sovita. Viiv\u00e4styneelle suoritukselle on suoritettava korkolain mukaista viiv\u00e4styskorkoa. Perint\u00e4- ja maksumuistutuskulut lis\u00e4t\u00e4\u00e4n.<\/p>\n\n\n\n<p>Laskutus tapahtuu verkkolaskuna, ja jos t\u00e4m\u00e4 ei ole Asiakkaasta johtuvasta syyst\u00e4 mahdollista, muusta laskutuksesta laskutuslis\u00e4 15e\/lasku.<\/p>\n\n\n\n<p>Octalla on oikeus tehd\u00e4 toistuvaismaksuihin (esim. Octa Huolenpito -maksuihin) kerran vuodessa kohtuullinen vuosittainen korotus (korkeintaan 2% p.a.) vastaamaan yleisest\u00e4 hintatason kohoamista. Maksujen korotuksesta ilmoitetaan Asiakkaalle etuk\u00e4teen. T\u00e4m\u00e4 ei koske leasing-maksua.<\/p>\n\n\n\n<p>Suorakaupassa omistusoikeus Octacell -tuotteeseen siirtyy Asiakkaalle vasta, kun koko sopimuksen mukainen hinta maksettu. Leasing-sopimuksella omistusoikeus ei siirry Asiakkaalle. Mik\u00e4li koko sopimuksen mukaista maksua ei makseta yhdest\u00e4 maksumuistutuksesta huolimatta, on Octalla oikeus Asiakkaan kustannuksella poistaa Octacell -tuote tai -tuotteet Asiakkaan tiloista ja purkaa t\u00e4m\u00e4 sopimus.<\/p>\n\n\n\n<p><strong>Muut yleiset ehdot<\/strong><\/p>\n\n\n\n<p>Mik\u00e4li jompaakumpaa osapuolta kohtaa force majeure \u2013este (esim. lakko, h\u00e4iri\u00f6 yleisess\u00e4 kuljetus\/logistiikka-alassa), vapautuu kyseinen osapuoli suoritusvelvollisuudestaan niin kauan ja sen mittaiselta ajalta, kun kyseinen force majeure \u2013este on ollut olemassa.<\/p>\n\n\n\n<p>Octacell -tuoteet ovat suojattu mm. tuote-, patentti-, tavaramerkki- ja mallisuojauksella (tai niiden hakeminen on vireill\u00e4). Mitk\u00e4\u00e4n Octan tai sen tuotteiden (esim. Octacell) immateriaalioikeudet (k\u00e4sitt\u00e4en esim. tavaramerkki-, malli-, patentti-, tekij\u00e4noikeudet ja vastaavat) eiv\u00e4t siirry t\u00e4ll\u00e4 sopimuksella Asiakkaalle. Octa pid\u00e4tt\u00e4\u00e4 kaikki edell\u00e4 mainitut immateriaalioikeudet itsell\u00e4\u00e4n.<\/p>\n\n\n\n<p>Octa pid\u00e4tt\u00e4\u00e4 oikeudet v\u00e4h\u00e4isiin tuotemuutoksiin tilauksen ja toimituksen v\u00e4lill\u00e4. Toimituksen j\u00e4lkeen Octa voi p\u00e4ivitt\u00e4\u00e4 tulevaisuuden tuotteitaan haluamallaan tavalla eik\u00e4 Octa voi luvata, ett\u00e4 tulevaisuuden moduulit ovat t\u00e4ysin yhteensopivia nykyisten moduulien kanssa.<\/p>\n\n\n\n<p>Asiakas ei saa toimia Octacell -tuotteiden tai Octan palveluiden\/muiden tuotteiden j\u00e4lleenmyyj\u00e4n\u00e4 ja\/tai v\u00e4litt\u00e4\u00e4 Octacell -tuotteita j\u00e4lleenmyyj\u00e4lle ilman Octan kirjallista etuk\u00e4teist\u00e4 lupaa.<\/p>\n\n\n\n<p>Octa ei vastaa Asiakkaalle, sen henkil\u00f6kunnalle, vieraille tai kolmansille aiheutuneista mist\u00e4\u00e4n vahingoista, mik\u00e4li Octa-tuotetta on muokattu alkuper\u00e4isest\u00e4 tai sit\u00e4 ei ole k\u00e4ytetty t\u00e4m\u00e4n sopimuksen mukaisesti tai muutoin Octan kirjallisesti Asiakkaalle antamien ohjeiden mukaisesti tai Octacell -tuotetta on k\u00e4ytetty olosuhteissa, johon sit\u00e4 ei ole tarkoitettu.<\/p>\n\n\n\n<p>Octa ei vastaa Asiakkaalle mahdollisesti aiheutuvista v\u00e4lillisist\u00e4 vahingoista, ellei pakottavasta lains\u00e4\u00e4d\u00e4nn\u00f6st\u00e4 tai pakottavasta tuotesuojas\u00e4\u00e4ntelyst\u00e4 muuta johdu. Octan vastuu rajoittuu kaikissa tilanteissa t\u00e4m\u00e4n sopimuksen mukaiseen kokonaishintaan. Octacellill\u00e4 on oikeus k\u00e4ytt\u00e4\u00e4 mahdollisia vastuuvakuutuksiaan vahinkotapauksissa.<\/p>\n\n\n\n<p>Sopimukseen sovelletaan Suomen lakia ja sit\u00e4 voidaan muuttaa ainoastaan osapuolten kirjallisella sopimuksella. Mahdolliset erimielisyydet ratkaistaan Helsingin k\u00e4r\u00e4j\u00e4oikeudessa.<\/p>\n\n\n\n<p>ASIAKASREKISTERI- JA TIETOSUOJASELOSTE<\/p>\n\n\n\n<p>T\u00e4m\u00e4 on Octacell Oy:n asiakasrekisterin henkil\u00f6tietolain (10 ja 24 \u00a7) ja EU:n yleisen tietosuoja-asetuksen (GDPR) mukainen rekisteri- ja tietosuojaseloste.<\/p>\n\n\n\n<p>Laadittu 22.10.2020. Viimeisin muutos 22.10.2020.<\/p>\n\n\n\n<p><strong>1. Rekisterinpit\u00e4j\u00e4<\/strong><br>Octacell Oy, Huopalahdentie 24, 00350 Helsinki<br>p. 046 923 5424<\/p>\n\n\n\n<p><strong>2. Rekisterist\u00e4 vastaava yhteyshenkil\u00f6<\/strong><br>Antti Sundqvist, antti.sundqvist@octa.fi, 046 923 5424<\/p>\n\n\n\n<p><strong>3. Rekisterin nimi<\/strong><br>Octacell Oy:n asiakasrekisteri<\/p>\n\n\n\n<p><strong>4. Oikeusperuste ja henkil\u00f6tietojen k\u00e4sittelyn tarkoitus<\/strong><br>EU:n yleisen tietosuoja-asetuksen mukainen oikeusperuste henkil\u00f6tietojen k\u00e4sittelylle on rekisterinpit\u00e4j\u00e4n oikeutettu etu (asiakassuhde).<\/p>\n\n\n\n<p>Henkil\u00f6tietojen k\u00e4sittelyn tarkoitus on palvelun toimittaminen, asiakassuhteen yll\u00e4pito ja markkinointi.<\/p>\n\n\n\n<p>Tietoja ei k\u00e4ytet\u00e4 automatisoituun p\u00e4\u00e4t\u00f6ksentekoon tai profilointiin.<\/p>\n\n\n\n<p><strong>5. Rekisterin tietosis\u00e4lt\u00f6<\/strong><br>Rekisteriin tallennettavia tietoja ovat: henkil\u00f6n nimi, asema, yritys\/organisaatio, yhteystiedot (puhelinnumero, s\u00e4hk\u00f6postiosoite, osoite), www-sivustojen osoitteet, verkkoyhteyden IP-osoite, tunnukset\/profiilit sosiaalisen median palveluissa, tiedot tilatuista palveluista ja niiden muutoksista, laskutustiedot, muut asiakassuhteeseen ja tilattuihin palveluihin liittyv\u00e4t tiedot.<\/p>\n\n\n\n<p>Tietoja s\u00e4ilytet\u00e4\u00e4n niin kauan kuin asiakassuhde on voimassa. Tarpeettomat tiedot poistetaan 5 vuoden v\u00e4lein.<\/p>\n\n\n\n<p><strong>6. S\u00e4\u00e4nn\u00f6nmukaiset tietol\u00e4hteet<\/strong><br>Rekisteriin tallennettavat tiedot saadaan asiakkaalta mm. www-lomakkeilla l\u00e4hetetyist\u00e4 viesteist\u00e4, s\u00e4hk\u00f6postitse, puhelimitse, sosiaalisen median palvelujen kautta, sopimuksista, asiakastapaamisista ja muista tilanteista, joissa asiakas luovuttaa tietojaan.<\/p>\n\n\n\n<p><strong>7. Tietojen s\u00e4\u00e4nn\u00f6nmukaiset luovutukset ja tietojen siirto EU:n tai ETA:n ulkopuolelle<\/strong><br>Tietoja ei luovuteta s\u00e4\u00e4nn\u00f6nmukaisesti muille tahoille. Tietoja voidaan julkaista silt\u00e4 osin kuin niin on sovittu asiakkaan kanssa.<\/p>\n\n\n\n<p>Tietoja ei siirret\u00e4 Octacell Oy:n toimesta EU tai ETA-alueen ulkopuolelle.<\/p>\n\n\n\n<p><strong>8. Rekisterin suojauksen periaatteet<\/strong><br>Rekisterin k\u00e4sittelyss\u00e4 noudatetaan huolellisuutta ja tietoj\u00e4rjestelmien avulla k\u00e4sitelt\u00e4v\u00e4t tiedot suojataan asianmukaisesti. Kun rekisteritietoja s\u00e4ilytet\u00e4\u00e4n Internet-palvelimilla, niiden laitteiston fyysisest\u00e4 ja digitaalisesta tietoturvasta huolehditaan asiaankuuluvasti. Rekisterinpit\u00e4j\u00e4 huolehtii siit\u00e4, ett\u00e4 tallennettuja tietoja sek\u00e4 palvelimien k\u00e4ytt\u00f6oikeuksia ja muita henkil\u00f6tietojen turvallisuuden kannalta kriittisi\u00e4 tietoja k\u00e4sitell\u00e4\u00e4n luottamuksellisesti ja vain niiden ty\u00f6ntekij\u00f6iden toimesta, joiden ty\u00f6nkuvaan se kuuluu.<\/p>\n\n\n\n<p><strong>9. Tarkastusoikeus ja oikeus vaatia tiedon korjaamista<\/strong><br>Jokaisella rekisteriss\u00e4 olevalla henkil\u00f6ll\u00e4 on oikeus tarkistaa rekisteriin tallennetut tietonsa ja vaatia mahdollisen virheellisen tiedon korjaamista tai puutteellisen tiedon t\u00e4ydent\u00e4mist\u00e4. Mik\u00e4li henkil\u00f6 haluaa tarkistaa h\u00e4nest\u00e4 tallennetut tiedot tai vaatia niihin oikaisua, pyynt\u00f6 tulee l\u00e4hett\u00e4\u00e4 kirjallisesti rekisterinpit\u00e4j\u00e4lle. Rekisterinpit\u00e4j\u00e4 voi pyyt\u00e4\u00e4 tarvittaessa pyynn\u00f6n esitt\u00e4j\u00e4\u00e4 todistamaan henkil\u00f6llisyytens\u00e4. Rekisterinpit\u00e4j\u00e4 vastaa asiakkaalle EU:n tietosuoja-asetuksessa s\u00e4\u00e4detyss\u00e4 ajassa (p\u00e4\u00e4s\u00e4\u00e4nt\u00f6isesti kuukauden kuluessa).<\/p>\n\n\n\n<p><strong>10. Muut henkil\u00f6tietojen k\u00e4sittelyyn liittyv\u00e4t oikeudet<\/strong><br>Rekisteriss\u00e4 olevalla henkil\u00f6ll\u00e4 on oikeus pyyt\u00e4\u00e4 h\u00e4nt\u00e4 koskevien henkil\u00f6tietojen poistamiseen rekisterist\u00e4 (\u201doikeus tulla unohdetuksi\u201d). Niin ik\u00e4\u00e4n rekister\u00f6idyill\u00e4 on muut EU:n yleisen tietosuoja-asetuksen mukaiset oikeudet kuten henkil\u00f6tietojen k\u00e4sittelyn rajoittaminen tietyiss\u00e4 tilanteissa. Pyynn\u00f6t tulee l\u00e4hett\u00e4\u00e4 kirjallisesti rekisterinpit\u00e4j\u00e4lle. Rekisterinpit\u00e4j\u00e4 voi pyyt\u00e4\u00e4 tarvittaessa pyynn\u00f6n esitt\u00e4j\u00e4\u00e4 todistamaan henkil\u00f6llisyytens\u00e4. Rekisterinpit\u00e4j\u00e4 vastaa asiakkaalle EU:n tietosuoja-asetuksessa s\u00e4\u00e4detyss\u00e4 ajassa (p\u00e4\u00e4s\u00e4\u00e4nt\u00f6isesti kuukauden kuluessa).<\/p>\n\n<\/div>\n<\/div>\n","protected":false},"excerpt":{"rendered":"","protected":false},"author":1,"featured_media":0,"parent":0,"menu_order":10,"comment_status":"closed","ping_status":"open","template":"","meta":{"_acf_changed":false,"footnotes":""},"class_list":["post-902","page","type-page","status-publish","hentry"],"acf":[],"yoast_head":"<!-- This site is optimized with the Yoast SEO plugin v27.5 - https:\/\/yoast.com\/product\/yoast-seo-wordpress\/ -->\n<title>Tietosuojaseloste | Octacell<\/title>\n<meta name=\"description\" content=\"Octacellin k\u00e4ytt\u00f6ehdot ja tietosuojaseloste. Tietoa henkil\u00f6tietojen k\u00e4sittelyst\u00e4 ja asiakkaan oikeuksista.\" \/>\n<meta name=\"robots\" content=\"index, follow, max-snippet:-1, max-image-preview:large, max-video-preview:-1\" \/>\n<link rel=\"canonical\" href=\"https:\/\/octacell.com\/fi\/tietosuojaseloste\/\" \/>\n<meta property=\"og:locale\" content=\"fi_FI\" \/>\n<meta property=\"og:type\" content=\"article\" \/>\n<meta property=\"og:title\" content=\"Tietosuojaseloste | Octacell\" \/>\n<meta property=\"og:description\" content=\"Octacellin k\u00e4ytt\u00f6ehdot ja tietosuojaseloste. Tietoa henkil\u00f6tietojen k\u00e4sittelyst\u00e4 ja asiakkaan oikeuksista.\" \/>\n<meta property=\"og:url\" content=\"https:\/\/octacell.com\/fi\/tietosuojaseloste\/\" \/>\n<meta property=\"og:site_name\" content=\"Octacell\" \/>\n<meta property=\"article:modified_time\" content=\"2026-04-02T10:59:22+00:00\" \/>\n<meta name=\"twitter:card\" content=\"summary_large_image\" \/>\n<meta name=\"twitter:label1\" content=\"Est. reading time\" \/>\n\t<meta name=\"twitter:data1\" content=\"8 minuuttia\" \/>\n<script type=\"application\/ld+json\" class=\"yoast-schema-graph\">{\"@context\":\"https:\\\/\\\/schema.org\",\"@graph\":[{\"@type\":\"WebPage\",\"@id\":\"https:\\\/\\\/octacell.com\\\/fi\\\/tietosuojaseloste\\\/\",\"url\":\"https:\\\/\\\/octacell.com\\\/fi\\\/tietosuojaseloste\\\/\",\"name\":\"Tietosuojaseloste | Octacell\",\"isPartOf\":{\"@id\":\"https:\\\/\\\/octacellcom\\\/#website\"},\"datePublished\":\"2025-11-18T10:13:46+00:00\",\"dateModified\":\"2026-04-02T10:59:22+00:00\",\"description\":\"Octacellin k\u00e4ytt\u00f6ehdot ja tietosuojaseloste. Tietoa henkil\u00f6tietojen k\u00e4sittelyst\u00e4 ja asiakkaan oikeuksista.\",\"breadcrumb\":{\"@id\":\"https:\\\/\\\/octacell.com\\\/fi\\\/tietosuojaseloste\\\/#breadcrumb\"},\"inLanguage\":\"fi\",\"potentialAction\":[{\"@type\":\"ReadAction\",\"target\":[\"https:\\\/\\\/octacell.com\\\/fi\\\/tietosuojaseloste\\\/\"]}]},{\"@type\":\"BreadcrumbList\",\"@id\":\"https:\\\/\\\/octacell.com\\\/fi\\\/tietosuojaseloste\\\/#breadcrumb\",\"itemListElement\":[{\"@type\":\"ListItem\",\"position\":1,\"name\":\"Home\",\"item\":\"https:\\\/\\\/octacell.com\\\/fi\\\/\"},{\"@type\":\"ListItem\",\"position\":2,\"name\":\"Tietosuojaseloste\"}]},{\"@type\":\"WebSite\",\"@id\":\"https:\\\/\\\/octacellcom\\\/#website\",\"url\":\"https:\\\/\\\/octacellcom\\\/\",\"name\":\"Octacell\",\"description\":\"Tarjoamme skaalautuvia ja \u00e4\u00e4nieristettyj\u00e4 ty\u00f6huoneita, puhelinkoppeja ja neuvottelutiloja moderneihin avotoimistoihin. Octacell-ratkaisuilla lis\u00e4\u00e4t ty\u00f6rauhaa.\",\"inLanguage\":\"fi\"}]}<\/script>\n<!-- \/ Yoast SEO plugin. -->","yoast_head_json":{"title":"Tietosuojaseloste | Octacell","description":"Octacellin k\u00e4ytt\u00f6ehdot ja tietosuojaseloste. Tietoa henkil\u00f6tietojen k\u00e4sittelyst\u00e4 ja asiakkaan oikeuksista.","robots":{"index":"index","follow":"follow","max-snippet":"max-snippet:-1","max-image-preview":"max-image-preview:large","max-video-preview":"max-video-preview:-1"},"canonical":"https:\/\/octacell.com\/fi\/tietosuojaseloste\/","og_locale":"fi_FI","og_type":"article","og_title":"Tietosuojaseloste | Octacell","og_description":"Octacellin k\u00e4ytt\u00f6ehdot ja tietosuojaseloste. Tietoa henkil\u00f6tietojen k\u00e4sittelyst\u00e4 ja asiakkaan oikeuksista.","og_url":"https:\/\/octacell.com\/fi\/tietosuojaseloste\/","og_site_name":"Octacell","article_modified_time":"2026-04-02T10:59:22+00:00","twitter_card":"summary_large_image","twitter_misc":{"Est. reading time":"8 minuuttia"},"schema":{"@context":"https:\/\/schema.org","@graph":[{"@type":"WebPage","@id":"https:\/\/octacell.com\/fi\/tietosuojaseloste\/","url":"https:\/\/octacell.com\/fi\/tietosuojaseloste\/","name":"Tietosuojaseloste | Octacell","isPartOf":{"@id":"https:\/\/octacellcom\/#website"},"datePublished":"2025-11-18T10:13:46+00:00","dateModified":"2026-04-02T10:59:22+00:00","description":"Octacellin k\u00e4ytt\u00f6ehdot ja tietosuojaseloste. Tietoa henkil\u00f6tietojen k\u00e4sittelyst\u00e4 ja asiakkaan oikeuksista.","breadcrumb":{"@id":"https:\/\/octacell.com\/fi\/tietosuojaseloste\/#breadcrumb"},"inLanguage":"fi","potentialAction":[{"@type":"ReadAction","target":["https:\/\/octacell.com\/fi\/tietosuojaseloste\/"]}]},{"@type":"BreadcrumbList","@id":"https:\/\/octacell.com\/fi\/tietosuojaseloste\/#breadcrumb","itemListElement":[{"@type":"ListItem","position":1,"name":"Home","item":"https:\/\/octacell.com\/fi\/"},{"@type":"ListItem","position":2,"name":"Tietosuojaseloste"}]},{"@type":"WebSite","@id":"https:\/\/octacellcom\/#website","url":"https:\/\/octacellcom\/","name":"Octacell","description":"Tarjoamme skaalautuvia ja \u00e4\u00e4nieristettyj\u00e4 ty\u00f6huoneita, puhelinkoppeja ja neuvottelutiloja moderneihin avotoimistoihin. Octacell-ratkaisuilla lis\u00e4\u00e4t ty\u00f6rauhaa.","inLanguage":"fi"}]}},"_links":{"self":[{"href":"https:\/\/octacell.com\/fi\/wp-json\/wp\/v2\/pages\/902","targetHints":{"allow":["GET"]}}],"collection":[{"href":"https:\/\/octacell.com\/fi\/wp-json\/wp\/v2\/pages"}],"about":[{"href":"https:\/\/octacell.com\/fi\/wp-json\/wp\/v2\/types\/page"}],"author":[{"embeddable":true,"href":"https:\/\/octacell.com\/fi\/wp-json\/wp\/v2\/users\/1"}],"replies":[{"embeddable":true,"href":"https:\/\/octacell.com\/fi\/wp-json\/wp\/v2\/comments?post=902"}],"version-history":[{"count":7,"href":"https:\/\/octacell.com\/fi\/wp-json\/wp\/v2\/pages\/902\/revisions"}],"predecessor-version":[{"id":3958,"href":"https:\/\/octacell.com\/fi\/wp-json\/wp\/v2\/pages\/902\/revisions\/3958"}],"wp:attachment":[{"href":"https:\/\/octacell.com\/fi\/wp-json\/wp\/v2\/media?parent=902"}],"curies":[{"name":"wp","href":"https:\/\/api.w.org\/{rel}","templated":true}]}}