{"id":904,"date":"2025-12-12T18:07:00","date_gmt":"2025-12-12T16:07:00","guid":{"rendered":"https:\/\/octacell.com\/tarjouskori\/"},"modified":"2026-04-02T13:43:44","modified_gmt":"2026-04-02T10:43:44","slug":"tarjouskori","status":"publish","type":"page","link":"https:\/\/octacell.com\/fi\/tarjouskori\/","title":{"rendered":"Tarjouskori"},"content":{"rendered":"","protected":false},"excerpt":{"rendered":"","protected":false},"author":1,"featured_media":0,"parent":0,"menu_order":1,"comment_status":"closed","ping_status":"closed","template":"template-cart.blade.php","meta":{"_acf_changed":false,"footnotes":""},"class_list":["post-904","page","type-page","status-publish","hentry"],"acf":[],"yoast_head":"<!-- This site is optimized with the Yoast SEO plugin v27.5 - https:\/\/yoast.com\/product\/yoast-seo-wordpress\/ -->\n<title>Pyyd\u00e4 tarjous | Octacell<\/title>\n<meta name=\"description\" content=\"Katso valitsemasi tuotteet ja pyyd\u00e4 tarjous. Tarjouskorin l\u00e4hetys ei ole sitova ostos ja myyntitiimimme on sinuun viel\u00e4 erikseen yhteydess\u00e4.\" \/>\n<meta name=\"robots\" content=\"index, follow, max-snippet:-1, max-image-preview:large, max-video-preview:-1\" \/>\n<link rel=\"canonical\" href=\"https:\/\/octacell.com\/fi\/tarjouskori\/\" \/>\n<meta property=\"og:locale\" content=\"fi_FI\" \/>\n<meta property=\"og:type\" content=\"article\" \/>\n<meta property=\"og:title\" content=\"Pyyd\u00e4 tarjous | Octacell\" \/>\n<meta property=\"og:description\" content=\"Katso valitsemasi tuotteet ja pyyd\u00e4 tarjous. Tarjouskorin l\u00e4hetys ei ole sitova ostos ja myyntitiimimme on sinuun viel\u00e4 erikseen yhteydess\u00e4.\" \/>\n<meta property=\"og:url\" content=\"https:\/\/octacell.com\/fi\/tarjouskori\/\" \/>\n<meta property=\"og:site_name\" content=\"Octacell\" \/>\n<meta property=\"article:modified_time\" content=\"2026-04-02T10:43:44+00:00\" \/>\n<meta name=\"twitter:card\" content=\"summary_large_image\" \/>\n<script type=\"application\/ld+json\" class=\"yoast-schema-graph\">{\"@context\":\"https:\\\/\\\/schema.org\",\"@graph\":[{\"@type\":\"WebPage\",\"@id\":\"https:\\\/\\\/octacell.com\\\/fi\\\/tarjouskori\\\/\",\"url\":\"https:\\\/\\\/octacell.com\\\/fi\\\/tarjouskori\\\/\",\"name\":\"Pyyd\u00e4 tarjous | Octacell\",\"isPartOf\":{\"@id\":\"https:\\\/\\\/octacellcom\\\/#website\"},\"datePublished\":\"2025-12-12T16:07:00+00:00\",\"dateModified\":\"2026-04-02T10:43:44+00:00\",\"description\":\"Katso valitsemasi tuotteet ja pyyd\u00e4 tarjous. Tarjouskorin l\u00e4hetys ei ole sitova ostos ja myyntitiimimme on sinuun viel\u00e4 erikseen yhteydess\u00e4.\",\"breadcrumb\":{\"@id\":\"https:\\\/\\\/octacell.com\\\/fi\\\/tarjouskori\\\/#breadcrumb\"},\"inLanguage\":\"fi\",\"potentialAction\":[{\"@type\":\"ReadAction\",\"target\":[\"https:\\\/\\\/octacell.com\\\/fi\\\/tarjouskori\\\/\"]}]},{\"@type\":\"BreadcrumbList\",\"@id\":\"https:\\\/\\\/octacell.com\\\/fi\\\/tarjouskori\\\/#breadcrumb\",\"itemListElement\":[{\"@type\":\"ListItem\",\"position\":1,\"name\":\"Home\",\"item\":\"https:\\\/\\\/octacell.com\\\/fi\\\/\"},{\"@type\":\"ListItem\",\"position\":2,\"name\":\"Tarjouskori\"}]},{\"@type\":\"WebSite\",\"@id\":\"https:\\\/\\\/octacellcom\\\/#website\",\"url\":\"https:\\\/\\\/octacellcom\\\/\",\"name\":\"Octacell\",\"description\":\"Tarjoamme skaalautuvia ja \u00e4\u00e4nieristettyj\u00e4 ty\u00f6huoneita, puhelinkoppeja ja neuvottelutiloja moderneihin avotoimistoihin. Octacell-ratkaisuilla lis\u00e4\u00e4t ty\u00f6rauhaa.\",\"inLanguage\":\"fi\"}]}<\/script>\n<!-- \/ Yoast SEO plugin. -->","yoast_head_json":{"title":"Pyyd\u00e4 tarjous | Octacell","description":"Katso valitsemasi tuotteet ja pyyd\u00e4 tarjous. Tarjouskorin l\u00e4hetys ei ole sitova ostos ja myyntitiimimme on sinuun viel\u00e4 erikseen yhteydess\u00e4.","robots":{"index":"index","follow":"follow","max-snippet":"max-snippet:-1","max-image-preview":"max-image-preview:large","max-video-preview":"max-video-preview:-1"},"canonical":"https:\/\/octacell.com\/fi\/tarjouskori\/","og_locale":"fi_FI","og_type":"article","og_title":"Pyyd\u00e4 tarjous | Octacell","og_description":"Katso valitsemasi tuotteet ja pyyd\u00e4 tarjous. Tarjouskorin l\u00e4hetys ei ole sitova ostos ja myyntitiimimme on sinuun viel\u00e4 erikseen yhteydess\u00e4.","og_url":"https:\/\/octacell.com\/fi\/tarjouskori\/","og_site_name":"Octacell","article_modified_time":"2026-04-02T10:43:44+00:00","twitter_card":"summary_large_image","schema":{"@context":"https:\/\/schema.org","@graph":[{"@type":"WebPage","@id":"https:\/\/octacell.com\/fi\/tarjouskori\/","url":"https:\/\/octacell.com\/fi\/tarjouskori\/","name":"Pyyd\u00e4 tarjous | Octacell","isPartOf":{"@id":"https:\/\/octacellcom\/#website"},"datePublished":"2025-12-12T16:07:00+00:00","dateModified":"2026-04-02T10:43:44+00:00","description":"Katso valitsemasi tuotteet ja pyyd\u00e4 tarjous. Tarjouskorin l\u00e4hetys ei ole sitova ostos ja myyntitiimimme on sinuun viel\u00e4 erikseen yhteydess\u00e4.","breadcrumb":{"@id":"https:\/\/octacell.com\/fi\/tarjouskori\/#breadcrumb"},"inLanguage":"fi","potentialAction":[{"@type":"ReadAction","target":["https:\/\/octacell.com\/fi\/tarjouskori\/"]}]},{"@type":"BreadcrumbList","@id":"https:\/\/octacell.com\/fi\/tarjouskori\/#breadcrumb","itemListElement":[{"@type":"ListItem","position":1,"name":"Home","item":"https:\/\/octacell.com\/fi\/"},{"@type":"ListItem","position":2,"name":"Tarjouskori"}]},{"@type":"WebSite","@id":"https:\/\/octacellcom\/#website","url":"https:\/\/octacellcom\/","name":"Octacell","description":"Tarjoamme skaalautuvia ja \u00e4\u00e4nieristettyj\u00e4 ty\u00f6huoneita, puhelinkoppeja ja neuvottelutiloja moderneihin avotoimistoihin. Octacell-ratkaisuilla lis\u00e4\u00e4t ty\u00f6rauhaa.","inLanguage":"fi"}]}},"_links":{"self":[{"href":"https:\/\/octacell.com\/fi\/wp-json\/wp\/v2\/pages\/904","targetHints":{"allow":["GET"]}}],"collection":[{"href":"https:\/\/octacell.com\/fi\/wp-json\/wp\/v2\/pages"}],"about":[{"href":"https:\/\/octacell.com\/fi\/wp-json\/wp\/v2\/types\/page"}],"author":[{"embeddable":true,"href":"https:\/\/octacell.com\/fi\/wp-json\/wp\/v2\/users\/1"}],"replies":[{"embeddable":true,"href":"https:\/\/octacell.com\/fi\/wp-json\/wp\/v2\/comments?post=904"}],"version-history":[{"count":3,"href":"https:\/\/octacell.com\/fi\/wp-json\/wp\/v2\/pages\/904\/revisions"}],"predecessor-version":[{"id":3942,"href":"https:\/\/octacell.com\/fi\/wp-json\/wp\/v2\/pages\/904\/revisions\/3942"}],"wp:attachment":[{"href":"https:\/\/octacell.com\/fi\/wp-json\/wp\/v2\/media?parent=904"}],"curies":[{"name":"wp","href":"https:\/\/api.w.org\/{rel}","templated":true}]}}