{"id":906,"date":"2025-12-12T10:54:44","date_gmt":"2025-12-12T08:54:44","guid":{"rendered":"https:\/\/octacell.com\/konfiguraattori\/"},"modified":"2026-02-03T13:17:25","modified_gmt":"2026-02-03T11:17:25","slug":"konfiguraattori","status":"publish","type":"page","link":"https:\/\/octacell.com\/fi\/konfiguraattori\/","title":{"rendered":"Konfiguraattori"},"content":{"rendered":"","protected":false},"excerpt":{"rendered":"","protected":false},"author":1,"featured_media":0,"parent":0,"menu_order":2,"comment_status":"closed","ping_status":"closed","template":"template-configurator.blade.php","meta":{"_acf_changed":false,"footnotes":""},"class_list":["post-906","page","type-page","status-publish","hentry"],"acf":[],"yoast_head":"<!-- This site is optimized with the Yoast SEO plugin v27.4 - https:\/\/yoast.com\/product\/yoast-seo-wordpress\/ -->\n<title>Suunnittele \u00e4\u00e4nieristetty ty\u00f6huone | Octacell<\/title>\n<meta name=\"description\" content=\"Suunnittele modulaarinen ja \u00e4\u00e4nieristetty ty\u00f6huone toimistoon konfiguraattorilla. Valitse k\u00e4ytt\u00f6tarkoitus, koko, k\u00e4ytt\u00e4j\u00e4m\u00e4\u00e4r\u00e4 ja materiaalit.\" \/>\n<meta name=\"robots\" content=\"index, follow, max-snippet:-1, max-image-preview:large, max-video-preview:-1\" \/>\n<link rel=\"canonical\" href=\"https:\/\/octacell.com\/fi\/konfiguraattori\/\" \/>\n<meta property=\"og:locale\" content=\"fi_FI\" \/>\n<meta property=\"og:type\" content=\"article\" \/>\n<meta property=\"og:title\" content=\"Suunnittele \u00e4\u00e4nieristetty ty\u00f6huone | Octacell\" \/>\n<meta property=\"og:description\" content=\"Suunnittele modulaarinen ja \u00e4\u00e4nieristetty ty\u00f6huone toimistoon konfiguraattorilla. Valitse k\u00e4ytt\u00f6tarkoitus, koko, k\u00e4ytt\u00e4j\u00e4m\u00e4\u00e4r\u00e4 ja materiaalit.\" \/>\n<meta property=\"og:url\" content=\"https:\/\/octacell.com\/fi\/konfiguraattori\/\" \/>\n<meta property=\"og:site_name\" content=\"Octacell\" \/>\n<meta property=\"article:modified_time\" content=\"2026-02-03T11:17:25+00:00\" \/>\n<meta name=\"twitter:card\" content=\"summary_large_image\" \/>\n<script type=\"application\/ld+json\" class=\"yoast-schema-graph\">{\"@context\":\"https:\\\/\\\/schema.org\",\"@graph\":[{\"@type\":\"WebPage\",\"@id\":\"https:\\\/\\\/octacell.com\\\/fi\\\/konfiguraattori\\\/\",\"url\":\"https:\\\/\\\/octacell.com\\\/fi\\\/konfiguraattori\\\/\",\"name\":\"Suunnittele \u00e4\u00e4nieristetty ty\u00f6huone | Octacell\",\"isPartOf\":{\"@id\":\"https:\\\/\\\/octacellcom\\\/#website\"},\"datePublished\":\"2025-12-12T08:54:44+00:00\",\"dateModified\":\"2026-02-03T11:17:25+00:00\",\"description\":\"Suunnittele modulaarinen ja \u00e4\u00e4nieristetty ty\u00f6huone toimistoon konfiguraattorilla. Valitse k\u00e4ytt\u00f6tarkoitus, koko, k\u00e4ytt\u00e4j\u00e4m\u00e4\u00e4r\u00e4 ja materiaalit.\",\"breadcrumb\":{\"@id\":\"https:\\\/\\\/octacell.com\\\/fi\\\/konfiguraattori\\\/#breadcrumb\"},\"inLanguage\":\"fi\",\"potentialAction\":[{\"@type\":\"ReadAction\",\"target\":[\"https:\\\/\\\/octacell.com\\\/fi\\\/konfiguraattori\\\/\"]}]},{\"@type\":\"BreadcrumbList\",\"@id\":\"https:\\\/\\\/octacell.com\\\/fi\\\/konfiguraattori\\\/#breadcrumb\",\"itemListElement\":[{\"@type\":\"ListItem\",\"position\":1,\"name\":\"Home\",\"item\":\"https:\\\/\\\/octacell.com\\\/fi\\\/\"},{\"@type\":\"ListItem\",\"position\":2,\"name\":\"Konfiguraattori\"}]},{\"@type\":\"WebSite\",\"@id\":\"https:\\\/\\\/octacellcom\\\/#website\",\"url\":\"https:\\\/\\\/octacellcom\\\/\",\"name\":\"Octacell\",\"description\":\"Tarjoamme skaalautuvia ja \u00e4\u00e4nieristettyj\u00e4 ty\u00f6huoneita, puhelinkoppeja ja neuvottelutiloja moderneihin avotoimistoihin. Octacell-ratkaisuilla lis\u00e4\u00e4t ty\u00f6rauhaa.\",\"inLanguage\":\"fi\"}]}<\/script>\n<!-- \/ Yoast SEO plugin. -->","yoast_head_json":{"title":"Suunnittele \u00e4\u00e4nieristetty ty\u00f6huone | Octacell","description":"Suunnittele modulaarinen ja \u00e4\u00e4nieristetty ty\u00f6huone toimistoon konfiguraattorilla. Valitse k\u00e4ytt\u00f6tarkoitus, koko, k\u00e4ytt\u00e4j\u00e4m\u00e4\u00e4r\u00e4 ja materiaalit.","robots":{"index":"index","follow":"follow","max-snippet":"max-snippet:-1","max-image-preview":"max-image-preview:large","max-video-preview":"max-video-preview:-1"},"canonical":"https:\/\/octacell.com\/fi\/konfiguraattori\/","og_locale":"fi_FI","og_type":"article","og_title":"Suunnittele \u00e4\u00e4nieristetty ty\u00f6huone | Octacell","og_description":"Suunnittele modulaarinen ja \u00e4\u00e4nieristetty ty\u00f6huone toimistoon konfiguraattorilla. Valitse k\u00e4ytt\u00f6tarkoitus, koko, k\u00e4ytt\u00e4j\u00e4m\u00e4\u00e4r\u00e4 ja materiaalit.","og_url":"https:\/\/octacell.com\/fi\/konfiguraattori\/","og_site_name":"Octacell","article_modified_time":"2026-02-03T11:17:25+00:00","twitter_card":"summary_large_image","schema":{"@context":"https:\/\/schema.org","@graph":[{"@type":"WebPage","@id":"https:\/\/octacell.com\/fi\/konfiguraattori\/","url":"https:\/\/octacell.com\/fi\/konfiguraattori\/","name":"Suunnittele \u00e4\u00e4nieristetty ty\u00f6huone | Octacell","isPartOf":{"@id":"https:\/\/octacellcom\/#website"},"datePublished":"2025-12-12T08:54:44+00:00","dateModified":"2026-02-03T11:17:25+00:00","description":"Suunnittele modulaarinen ja \u00e4\u00e4nieristetty ty\u00f6huone toimistoon konfiguraattorilla. Valitse k\u00e4ytt\u00f6tarkoitus, koko, k\u00e4ytt\u00e4j\u00e4m\u00e4\u00e4r\u00e4 ja materiaalit.","breadcrumb":{"@id":"https:\/\/octacell.com\/fi\/konfiguraattori\/#breadcrumb"},"inLanguage":"fi","potentialAction":[{"@type":"ReadAction","target":["https:\/\/octacell.com\/fi\/konfiguraattori\/"]}]},{"@type":"BreadcrumbList","@id":"https:\/\/octacell.com\/fi\/konfiguraattori\/#breadcrumb","itemListElement":[{"@type":"ListItem","position":1,"name":"Home","item":"https:\/\/octacell.com\/fi\/"},{"@type":"ListItem","position":2,"name":"Konfiguraattori"}]},{"@type":"WebSite","@id":"https:\/\/octacellcom\/#website","url":"https:\/\/octacellcom\/","name":"Octacell","description":"Tarjoamme skaalautuvia ja \u00e4\u00e4nieristettyj\u00e4 ty\u00f6huoneita, puhelinkoppeja ja neuvottelutiloja moderneihin avotoimistoihin. Octacell-ratkaisuilla lis\u00e4\u00e4t ty\u00f6rauhaa.","inLanguage":"fi"}]}},"_links":{"self":[{"href":"https:\/\/octacell.com\/fi\/wp-json\/wp\/v2\/pages\/906","targetHints":{"allow":["GET"]}}],"collection":[{"href":"https:\/\/octacell.com\/fi\/wp-json\/wp\/v2\/pages"}],"about":[{"href":"https:\/\/octacell.com\/fi\/wp-json\/wp\/v2\/types\/page"}],"author":[{"embeddable":true,"href":"https:\/\/octacell.com\/fi\/wp-json\/wp\/v2\/users\/1"}],"replies":[{"embeddable":true,"href":"https:\/\/octacell.com\/fi\/wp-json\/wp\/v2\/comments?post=906"}],"version-history":[{"count":1,"href":"https:\/\/octacell.com\/fi\/wp-json\/wp\/v2\/pages\/906\/revisions"}],"predecessor-version":[{"id":3253,"href":"https:\/\/octacell.com\/fi\/wp-json\/wp\/v2\/pages\/906\/revisions\/3253"}],"wp:attachment":[{"href":"https:\/\/octacell.com\/fi\/wp-json\/wp\/v2\/media?parent=906"}],"curies":[{"name":"wp","href":"https:\/\/api.w.org\/{rel}","templated":true}]}}