{"id":184,"date":"2025-12-03T18:11:54","date_gmt":"2025-12-03T16:11:54","guid":{"rendered":"https:\/\/octacell.com\/?post_type=product&#038;p=184"},"modified":"2026-04-10T15:02:59","modified_gmt":"2026-04-10T12:02:59","slug":"3x1m","status":"publish","type":"product","link":"https:\/\/octacell.com\/fi\/product\/3x1m\/","title":{"rendered":"3X1M"},"featured_media":2768,"parent":0,"template":"","product_group":[30,17],"class_list":["post-184","product","type-product","status-publish","has-post-thumbnail","hentry","product_group-meeting-rooms-for-2","product_group-meeting-rooms","product_accessory-conference-chairs","product_accessory-data-port-rj45"],"acf":[],"yoast_head":"<!-- This site is optimized with the Yoast SEO plugin v27.4 - https:\/\/yoast.com\/product\/yoast-seo-wordpress\/ -->\n<title>3X1 Meeting pod for 2 people | Octacell<\/title>\n<meta name=\"description\" content=\"Discover a soundproof meeting pod for two people, ideal for confidential discussions and small meetings. Class A sound insulation and ventilation.\" \/>\n<meta name=\"robots\" content=\"index, follow, max-snippet:-1, max-image-preview:large, max-video-preview:-1\" \/>\n<link rel=\"canonical\" href=\"https:\/\/octacell.com\/fi\/product\/3x1m\/\" \/>\n<meta property=\"og:locale\" content=\"fi_FI\" \/>\n<meta property=\"og:type\" content=\"article\" \/>\n<meta property=\"og:title\" content=\"3X1 Meeting pod for 2 people | Octacell\" \/>\n<meta property=\"og:description\" content=\"Discover a soundproof meeting pod for two people, ideal for confidential discussions and small meetings. Class A sound insulation and ventilation.\" \/>\n<meta property=\"og:url\" content=\"https:\/\/octacell.com\/fi\/product\/3x1m\/\" \/>\n<meta property=\"og:site_name\" content=\"Octacell\" \/>\n<meta property=\"article:modified_time\" content=\"2026-04-10T12:02:59+00:00\" \/>\n<meta property=\"og:image\" content=\"https:\/\/octacell.com\/app\/uploads\/2025\/12\/3X1-Valkoinen_Musta.png\" \/>\n\t<meta property=\"og:image:width\" content=\"2000\" \/>\n\t<meta property=\"og:image:height\" content=\"2000\" \/>\n\t<meta property=\"og:image:type\" content=\"image\/png\" \/>\n<meta name=\"twitter:card\" content=\"summary_large_image\" \/>\n<meta name=\"twitter:label1\" content=\"Est. reading time\" \/>\n\t<meta name=\"twitter:data1\" content=\"5 minuuttia\" \/>\n<script type=\"application\/ld+json\" class=\"yoast-schema-graph\">{\"@context\":\"https:\\\/\\\/schema.org\",\"@graph\":[{\"@type\":\"WebPage\",\"@id\":\"https:\\\/\\\/octacell.com\\\/fi\\\/product\\\/3x1m\\\/\",\"url\":\"https:\\\/\\\/octacell.com\\\/fi\\\/product\\\/3x1m\\\/\",\"name\":\"3X1 Meeting pod for 2 people | Octacell\",\"isPartOf\":{\"@id\":\"https:\\\/\\\/octacellcom\\\/#website\"},\"primaryImageOfPage\":{\"@id\":\"https:\\\/\\\/octacell.com\\\/fi\\\/product\\\/3x1m\\\/#primaryimage\"},\"image\":{\"@id\":\"https:\\\/\\\/octacell.com\\\/fi\\\/product\\\/3x1m\\\/#primaryimage\"},\"thumbnailUrl\":\"https:\\\/\\\/octacell.com\\\/app\\\/uploads\\\/2025\\\/12\\\/3X1-Valkoinen_Musta.png\",\"datePublished\":\"2025-12-03T16:11:54+00:00\",\"dateModified\":\"2026-04-10T12:02:59+00:00\",\"description\":\"Discover a soundproof meeting pod for two people, ideal for confidential discussions and small meetings. Class A sound insulation and ventilation.\",\"breadcrumb\":{\"@id\":\"https:\\\/\\\/octacell.com\\\/fi\\\/product\\\/3x1m\\\/#breadcrumb\"},\"inLanguage\":\"fi\",\"potentialAction\":[{\"@type\":\"ReadAction\",\"target\":[\"https:\\\/\\\/octacell.com\\\/fi\\\/product\\\/3x1m\\\/\"]}]},{\"@type\":\"ImageObject\",\"inLanguage\":\"fi\",\"@id\":\"https:\\\/\\\/octacell.com\\\/fi\\\/product\\\/3x1m\\\/#primaryimage\",\"url\":\"https:\\\/\\\/octacell.com\\\/app\\\/uploads\\\/2025\\\/12\\\/3X1-Valkoinen_Musta.png\",\"contentUrl\":\"https:\\\/\\\/octacell.com\\\/app\\\/uploads\\\/2025\\\/12\\\/3X1-Valkoinen_Musta.png\",\"width\":2000,\"height\":2000},{\"@type\":\"BreadcrumbList\",\"@id\":\"https:\\\/\\\/octacell.com\\\/fi\\\/product\\\/3x1m\\\/#breadcrumb\",\"itemListElement\":[{\"@type\":\"ListItem\",\"position\":1,\"name\":\"Home\",\"item\":\"https:\\\/\\\/octacell.com\\\/fi\\\/\"},{\"@type\":\"ListItem\",\"position\":2,\"name\":\"3X1M\"}]},{\"@type\":\"WebSite\",\"@id\":\"https:\\\/\\\/octacellcom\\\/#website\",\"url\":\"https:\\\/\\\/octacellcom\\\/\",\"name\":\"Octacell\",\"description\":\"Tarjoamme skaalautuvia ja \u00e4\u00e4nieristettyj\u00e4 ty\u00f6huoneita, puhelinkoppeja ja neuvottelutiloja moderneihin avotoimistoihin. Octacell-ratkaisuilla lis\u00e4\u00e4t ty\u00f6rauhaa.\",\"inLanguage\":\"fi\"}]}<\/script>\n<!-- \/ Yoast SEO plugin. -->","yoast_head_json":{"title":"3X1 Meeting pod for 2 people | Octacell","description":"Discover a soundproof meeting pod for two people, ideal for confidential discussions and small meetings. Class A sound insulation and ventilation.","robots":{"index":"index","follow":"follow","max-snippet":"max-snippet:-1","max-image-preview":"max-image-preview:large","max-video-preview":"max-video-preview:-1"},"canonical":"https:\/\/octacell.com\/fi\/product\/3x1m\/","og_locale":"fi_FI","og_type":"article","og_title":"3X1 Meeting pod for 2 people | Octacell","og_description":"Discover a soundproof meeting pod for two people, ideal for confidential discussions and small meetings. Class A sound insulation and ventilation.","og_url":"https:\/\/octacell.com\/fi\/product\/3x1m\/","og_site_name":"Octacell","article_modified_time":"2026-04-10T12:02:59+00:00","og_image":[{"url":"https:\/\/octacell.com\/app\/uploads\/2025\/12\/3X1-Valkoinen_Musta.png","width":2000,"height":2000,"type":"image\/png"}],"twitter_card":"summary_large_image","twitter_misc":{"Est. reading time":"5 minuuttia"},"schema":{"@context":"https:\/\/schema.org","@graph":[{"@type":"WebPage","@id":"https:\/\/octacell.com\/fi\/product\/3x1m\/","url":"https:\/\/octacell.com\/fi\/product\/3x1m\/","name":"3X1 Meeting pod for 2 people | Octacell","isPartOf":{"@id":"https:\/\/octacellcom\/#website"},"primaryImageOfPage":{"@id":"https:\/\/octacell.com\/fi\/product\/3x1m\/#primaryimage"},"image":{"@id":"https:\/\/octacell.com\/fi\/product\/3x1m\/#primaryimage"},"thumbnailUrl":"https:\/\/octacell.com\/app\/uploads\/2025\/12\/3X1-Valkoinen_Musta.png","datePublished":"2025-12-03T16:11:54+00:00","dateModified":"2026-04-10T12:02:59+00:00","description":"Discover a soundproof meeting pod for two people, ideal for confidential discussions and small meetings. Class A sound insulation and ventilation.","breadcrumb":{"@id":"https:\/\/octacell.com\/fi\/product\/3x1m\/#breadcrumb"},"inLanguage":"fi","potentialAction":[{"@type":"ReadAction","target":["https:\/\/octacell.com\/fi\/product\/3x1m\/"]}]},{"@type":"ImageObject","inLanguage":"fi","@id":"https:\/\/octacell.com\/fi\/product\/3x1m\/#primaryimage","url":"https:\/\/octacell.com\/app\/uploads\/2025\/12\/3X1-Valkoinen_Musta.png","contentUrl":"https:\/\/octacell.com\/app\/uploads\/2025\/12\/3X1-Valkoinen_Musta.png","width":2000,"height":2000},{"@type":"BreadcrumbList","@id":"https:\/\/octacell.com\/fi\/product\/3x1m\/#breadcrumb","itemListElement":[{"@type":"ListItem","position":1,"name":"Home","item":"https:\/\/octacell.com\/fi\/"},{"@type":"ListItem","position":2,"name":"3X1M"}]},{"@type":"WebSite","@id":"https:\/\/octacellcom\/#website","url":"https:\/\/octacellcom\/","name":"Octacell","description":"Tarjoamme skaalautuvia ja \u00e4\u00e4nieristettyj\u00e4 ty\u00f6huoneita, puhelinkoppeja ja neuvottelutiloja moderneihin avotoimistoihin. Octacell-ratkaisuilla lis\u00e4\u00e4t ty\u00f6rauhaa.","inLanguage":"fi"}]}},"_links":{"self":[{"href":"https:\/\/octacell.com\/fi\/wp-json\/wp\/v2\/product\/184","targetHints":{"allow":["GET"]}}],"collection":[{"href":"https:\/\/octacell.com\/fi\/wp-json\/wp\/v2\/product"}],"about":[{"href":"https:\/\/octacell.com\/fi\/wp-json\/wp\/v2\/types\/product"}],"wp:featuredmedia":[{"embeddable":true,"href":"https:\/\/octacell.com\/fi\/wp-json\/wp\/v2\/media\/2768"}],"wp:attachment":[{"href":"https:\/\/octacell.com\/fi\/wp-json\/wp\/v2\/media?parent=184"}],"wp:term":[{"taxonomy":"product_group","embeddable":true,"href":"https:\/\/octacell.com\/fi\/wp-json\/wp\/v2\/product_group?post=184"}],"curies":[{"name":"wp","href":"https:\/\/api.w.org\/{rel}","templated":true}]}}