{"id":212,"date":"2025-12-18T17:17:43","date_gmt":"2025-12-18T15:17:43","guid":{"rendered":"https:\/\/octacell.com\/?post_type=product&#038;p=212"},"modified":"2026-04-10T15:02:30","modified_gmt":"2026-04-10T12:02:30","slug":"1x15","status":"publish","type":"product","link":"https:\/\/octacell.com\/fi\/product\/1x15\/","title":{"rendered":"1X1,5"},"featured_media":213,"parent":0,"template":"","product_group":[16],"class_list":["post-212","product","type-product","status-publish","has-post-thumbnail","hentry","product_group-phone-booths","product_accessory-office-chair","product_accessory-data-port-rj45","product_accessory-active-chair","product_accessory-face-lighting"],"acf":[],"yoast_head":"<!-- This site is optimized with the Yoast SEO plugin v27.4 - https:\/\/yoast.com\/product\/yoast-seo-wordpress\/ -->\n<title>1X1,5 Office Phone Booth | Octacell<\/title>\n<meta name=\"description\" content=\"Compact phone booth for one person. For private calls and video meetings. Class A sound insulation, ventilation, lighting and modular design.\" \/>\n<meta name=\"robots\" content=\"index, follow, max-snippet:-1, max-image-preview:large, max-video-preview:-1\" \/>\n<link rel=\"canonical\" href=\"https:\/\/octacell.com\/fi\/product\/1x15\/\" \/>\n<meta property=\"og:locale\" content=\"fi_FI\" \/>\n<meta property=\"og:type\" content=\"article\" \/>\n<meta property=\"og:title\" content=\"1X1,5 Office Phone Booth | Octacell\" \/>\n<meta property=\"og:description\" content=\"Compact phone booth for one person. For private calls and video meetings. Class A sound insulation, ventilation, lighting and modular design.\" \/>\n<meta property=\"og:url\" content=\"https:\/\/octacell.com\/fi\/product\/1x15\/\" \/>\n<meta property=\"og:site_name\" content=\"Octacell\" \/>\n<meta property=\"article:modified_time\" content=\"2026-04-10T12:02:30+00:00\" \/>\n<meta name=\"twitter:card\" content=\"summary_large_image\" \/>\n<meta name=\"twitter:label1\" content=\"Est. reading time\" \/>\n\t<meta name=\"twitter:data1\" content=\"5 minuuttia\" \/>\n<script type=\"application\/ld+json\" class=\"yoast-schema-graph\">{\"@context\":\"https:\\\/\\\/schema.org\",\"@graph\":[{\"@type\":\"WebPage\",\"@id\":\"https:\\\/\\\/octacell.com\\\/fi\\\/product\\\/1x15\\\/\",\"url\":\"https:\\\/\\\/octacell.com\\\/fi\\\/product\\\/1x15\\\/\",\"name\":\"1X1,5 Office Phone Booth | Octacell\",\"isPartOf\":{\"@id\":\"https:\\\/\\\/octacellcom\\\/#website\"},\"primaryImageOfPage\":{\"@id\":\"https:\\\/\\\/octacell.com\\\/fi\\\/product\\\/1x15\\\/#primaryimage\"},\"image\":{\"@id\":\"https:\\\/\\\/octacell.com\\\/fi\\\/product\\\/1x15\\\/#primaryimage\"},\"thumbnailUrl\":\"https:\\\/\\\/octacell.com\\\/app\\\/uploads\\\/2025\\\/12\\\/880dd49afd19101b6c343fface5ca6d3cb2dad38-2000x2000-1.avif\",\"datePublished\":\"2025-12-18T15:17:43+00:00\",\"dateModified\":\"2026-04-10T12:02:30+00:00\",\"description\":\"Compact phone booth for one person. For private calls and video meetings. Class A sound insulation, ventilation, lighting and modular design.\",\"breadcrumb\":{\"@id\":\"https:\\\/\\\/octacell.com\\\/fi\\\/product\\\/1x15\\\/#breadcrumb\"},\"inLanguage\":\"fi\",\"potentialAction\":[{\"@type\":\"ReadAction\",\"target\":[\"https:\\\/\\\/octacell.com\\\/fi\\\/product\\\/1x15\\\/\"]}]},{\"@type\":\"ImageObject\",\"inLanguage\":\"fi\",\"@id\":\"https:\\\/\\\/octacell.com\\\/fi\\\/product\\\/1x15\\\/#primaryimage\",\"url\":\"https:\\\/\\\/octacell.com\\\/app\\\/uploads\\\/2025\\\/12\\\/880dd49afd19101b6c343fface5ca6d3cb2dad38-2000x2000-1.avif\",\"contentUrl\":\"https:\\\/\\\/octacell.com\\\/app\\\/uploads\\\/2025\\\/12\\\/880dd49afd19101b6c343fface5ca6d3cb2dad38-2000x2000-1.avif\",\"width\":2000,\"height\":2000,\"caption\":\"Octacell 1x1,5 office phone booth\"},{\"@type\":\"BreadcrumbList\",\"@id\":\"https:\\\/\\\/octacell.com\\\/fi\\\/product\\\/1x15\\\/#breadcrumb\",\"itemListElement\":[{\"@type\":\"ListItem\",\"position\":1,\"name\":\"Home\",\"item\":\"https:\\\/\\\/octacell.com\\\/fi\\\/\"},{\"@type\":\"ListItem\",\"position\":2,\"name\":\"1X1,5\"}]},{\"@type\":\"WebSite\",\"@id\":\"https:\\\/\\\/octacellcom\\\/#website\",\"url\":\"https:\\\/\\\/octacellcom\\\/\",\"name\":\"Octacell\",\"description\":\"Tarjoamme skaalautuvia ja \u00e4\u00e4nieristettyj\u00e4 ty\u00f6huoneita, puhelinkoppeja ja neuvottelutiloja moderneihin avotoimistoihin. Octacell-ratkaisuilla lis\u00e4\u00e4t ty\u00f6rauhaa.\",\"inLanguage\":\"fi\"}]}<\/script>\n<!-- \/ Yoast SEO plugin. -->","yoast_head_json":{"title":"1X1,5 Office Phone Booth | Octacell","description":"Compact phone booth for one person. For private calls and video meetings. Class A sound insulation, ventilation, lighting and modular design.","robots":{"index":"index","follow":"follow","max-snippet":"max-snippet:-1","max-image-preview":"max-image-preview:large","max-video-preview":"max-video-preview:-1"},"canonical":"https:\/\/octacell.com\/fi\/product\/1x15\/","og_locale":"fi_FI","og_type":"article","og_title":"1X1,5 Office Phone Booth | Octacell","og_description":"Compact phone booth for one person. For private calls and video meetings. Class A sound insulation, ventilation, lighting and modular design.","og_url":"https:\/\/octacell.com\/fi\/product\/1x15\/","og_site_name":"Octacell","article_modified_time":"2026-04-10T12:02:30+00:00","twitter_card":"summary_large_image","twitter_misc":{"Est. reading time":"5 minuuttia"},"schema":{"@context":"https:\/\/schema.org","@graph":[{"@type":"WebPage","@id":"https:\/\/octacell.com\/fi\/product\/1x15\/","url":"https:\/\/octacell.com\/fi\/product\/1x15\/","name":"1X1,5 Office Phone Booth | Octacell","isPartOf":{"@id":"https:\/\/octacellcom\/#website"},"primaryImageOfPage":{"@id":"https:\/\/octacell.com\/fi\/product\/1x15\/#primaryimage"},"image":{"@id":"https:\/\/octacell.com\/fi\/product\/1x15\/#primaryimage"},"thumbnailUrl":"https:\/\/octacell.com\/app\/uploads\/2025\/12\/880dd49afd19101b6c343fface5ca6d3cb2dad38-2000x2000-1.avif","datePublished":"2025-12-18T15:17:43+00:00","dateModified":"2026-04-10T12:02:30+00:00","description":"Compact phone booth for one person. For private calls and video meetings. Class A sound insulation, ventilation, lighting and modular design.","breadcrumb":{"@id":"https:\/\/octacell.com\/fi\/product\/1x15\/#breadcrumb"},"inLanguage":"fi","potentialAction":[{"@type":"ReadAction","target":["https:\/\/octacell.com\/fi\/product\/1x15\/"]}]},{"@type":"ImageObject","inLanguage":"fi","@id":"https:\/\/octacell.com\/fi\/product\/1x15\/#primaryimage","url":"https:\/\/octacell.com\/app\/uploads\/2025\/12\/880dd49afd19101b6c343fface5ca6d3cb2dad38-2000x2000-1.avif","contentUrl":"https:\/\/octacell.com\/app\/uploads\/2025\/12\/880dd49afd19101b6c343fface5ca6d3cb2dad38-2000x2000-1.avif","width":2000,"height":2000,"caption":"Octacell 1x1,5 office phone booth"},{"@type":"BreadcrumbList","@id":"https:\/\/octacell.com\/fi\/product\/1x15\/#breadcrumb","itemListElement":[{"@type":"ListItem","position":1,"name":"Home","item":"https:\/\/octacell.com\/fi\/"},{"@type":"ListItem","position":2,"name":"1X1,5"}]},{"@type":"WebSite","@id":"https:\/\/octacellcom\/#website","url":"https:\/\/octacellcom\/","name":"Octacell","description":"Tarjoamme skaalautuvia ja \u00e4\u00e4nieristettyj\u00e4 ty\u00f6huoneita, puhelinkoppeja ja neuvottelutiloja moderneihin avotoimistoihin. Octacell-ratkaisuilla lis\u00e4\u00e4t ty\u00f6rauhaa.","inLanguage":"fi"}]}},"_links":{"self":[{"href":"https:\/\/octacell.com\/fi\/wp-json\/wp\/v2\/product\/212","targetHints":{"allow":["GET"]}}],"collection":[{"href":"https:\/\/octacell.com\/fi\/wp-json\/wp\/v2\/product"}],"about":[{"href":"https:\/\/octacell.com\/fi\/wp-json\/wp\/v2\/types\/product"}],"wp:featuredmedia":[{"embeddable":true,"href":"https:\/\/octacell.com\/fi\/wp-json\/wp\/v2\/media\/213"}],"wp:attachment":[{"href":"https:\/\/octacell.com\/fi\/wp-json\/wp\/v2\/media?parent=212"}],"wp:term":[{"taxonomy":"product_group","embeddable":true,"href":"https:\/\/octacell.com\/fi\/wp-json\/wp\/v2\/product_group?post=212"}],"curies":[{"name":"wp","href":"https:\/\/api.w.org\/{rel}","templated":true}]}}