{"id":675,"date":"2026-01-23T12:50:48","date_gmt":"2026-01-23T10:50:48","guid":{"rendered":"https:\/\/octacell.com\/?post_type=product&#038;p=675"},"modified":"2026-02-11T14:58:29","modified_gmt":"2026-02-11T12:58:29","slug":"3x2s","status":"publish","type":"product","link":"https:\/\/octacell.com\/fi\/product\/3x2s\/","title":{"rendered":"3X2S"},"featured_media":1958,"parent":0,"template":"","product_group":[20],"class_list":["post-675","product","type-product","status-publish","has-post-thumbnail","hentry","product_group-secure-rooms","product_accessory-access-control-door","product_accessory-data-port-rj45","product_accessory-conference-furniture","product_accessory-conference-furniture-2-chairs","product_accessory-workstation-for-one-person"],"acf":[],"yoast_head":"<!-- This site is optimized with the Yoast SEO plugin v27.4 - https:\/\/yoast.com\/product\/yoast-seo-wordpress\/ -->\n<title>3X2 Secure Room for Confidential Information | Octacell<\/title>\n<meta name=\"description\" content=\"Discover Octacell\u2019s secure room for confidential information, designed for high-security environments with KATAKRI compliance, access control and Class A sound insulation.\" \/>\n<meta name=\"robots\" content=\"index, follow, max-snippet:-1, max-image-preview:large, max-video-preview:-1\" \/>\n<link rel=\"canonical\" href=\"https:\/\/octacell.com\/fi\/product\/3x2s\/\" \/>\n<meta property=\"og:locale\" content=\"fi_FI\" \/>\n<meta property=\"og:type\" content=\"article\" \/>\n<meta property=\"og:title\" content=\"3X2 Secure Room for Confidential Information | Octacell\" \/>\n<meta property=\"og:description\" content=\"Discover Octacell\u2019s secure room for confidential information, designed for high-security environments with KATAKRI compliance, access control and Class A sound insulation.\" \/>\n<meta property=\"og:url\" content=\"https:\/\/octacell.com\/fi\/product\/3x2s\/\" \/>\n<meta property=\"og:site_name\" content=\"Octacell\" \/>\n<meta property=\"article:modified_time\" content=\"2026-02-11T12:58:29+00:00\" \/>\n<meta property=\"og:image\" content=\"https:\/\/octacell.com\/app\/uploads\/2026\/01\/3x2-Valkoinen_Musta_Turvatila.png\" \/>\n\t<meta property=\"og:image:width\" content=\"2000\" \/>\n\t<meta property=\"og:image:height\" content=\"2000\" \/>\n\t<meta property=\"og:image:type\" content=\"image\/png\" \/>\n<meta name=\"twitter:card\" content=\"summary_large_image\" \/>\n<meta name=\"twitter:label1\" content=\"Est. reading time\" \/>\n\t<meta name=\"twitter:data1\" content=\"5 minuuttia\" \/>\n<script type=\"application\/ld+json\" class=\"yoast-schema-graph\">{\"@context\":\"https:\\\/\\\/schema.org\",\"@graph\":[{\"@type\":\"WebPage\",\"@id\":\"https:\\\/\\\/octacell.com\\\/fi\\\/product\\\/3x2s\\\/\",\"url\":\"https:\\\/\\\/octacell.com\\\/fi\\\/product\\\/3x2s\\\/\",\"name\":\"3X2 Secure Room for Confidential Information | Octacell\",\"isPartOf\":{\"@id\":\"https:\\\/\\\/octacellcom\\\/#website\"},\"primaryImageOfPage\":{\"@id\":\"https:\\\/\\\/octacell.com\\\/fi\\\/product\\\/3x2s\\\/#primaryimage\"},\"image\":{\"@id\":\"https:\\\/\\\/octacell.com\\\/fi\\\/product\\\/3x2s\\\/#primaryimage\"},\"thumbnailUrl\":\"https:\\\/\\\/octacell.com\\\/app\\\/uploads\\\/2026\\\/01\\\/3x2-Valkoinen_Musta_Turvatila.png\",\"datePublished\":\"2026-01-23T10:50:48+00:00\",\"dateModified\":\"2026-02-11T12:58:29+00:00\",\"description\":\"Discover Octacell\u2019s secure room for confidential information, designed for high-security environments with KATAKRI compliance, access control and Class A sound insulation.\",\"breadcrumb\":{\"@id\":\"https:\\\/\\\/octacell.com\\\/fi\\\/product\\\/3x2s\\\/#breadcrumb\"},\"inLanguage\":\"fi\",\"potentialAction\":[{\"@type\":\"ReadAction\",\"target\":[\"https:\\\/\\\/octacell.com\\\/fi\\\/product\\\/3x2s\\\/\"]}]},{\"@type\":\"ImageObject\",\"inLanguage\":\"fi\",\"@id\":\"https:\\\/\\\/octacell.com\\\/fi\\\/product\\\/3x2s\\\/#primaryimage\",\"url\":\"https:\\\/\\\/octacell.com\\\/app\\\/uploads\\\/2026\\\/01\\\/3x2-Valkoinen_Musta_Turvatila.png\",\"contentUrl\":\"https:\\\/\\\/octacell.com\\\/app\\\/uploads\\\/2026\\\/01\\\/3x2-Valkoinen_Musta_Turvatila.png\",\"width\":2000,\"height\":2000},{\"@type\":\"BreadcrumbList\",\"@id\":\"https:\\\/\\\/octacell.com\\\/fi\\\/product\\\/3x2s\\\/#breadcrumb\",\"itemListElement\":[{\"@type\":\"ListItem\",\"position\":1,\"name\":\"Home\",\"item\":\"https:\\\/\\\/octacell.com\\\/fi\\\/\"},{\"@type\":\"ListItem\",\"position\":2,\"name\":\"3X2S\"}]},{\"@type\":\"WebSite\",\"@id\":\"https:\\\/\\\/octacellcom\\\/#website\",\"url\":\"https:\\\/\\\/octacellcom\\\/\",\"name\":\"Octacell\",\"description\":\"Tarjoamme skaalautuvia ja \u00e4\u00e4nieristettyj\u00e4 ty\u00f6huoneita, puhelinkoppeja ja neuvottelutiloja moderneihin avotoimistoihin. Octacell-ratkaisuilla lis\u00e4\u00e4t ty\u00f6rauhaa.\",\"inLanguage\":\"fi\"}]}<\/script>\n<!-- \/ Yoast SEO plugin. -->","yoast_head_json":{"title":"3X2 Secure Room for Confidential Information | Octacell","description":"Discover Octacell\u2019s secure room for confidential information, designed for high-security environments with KATAKRI compliance, access control and Class A sound insulation.","robots":{"index":"index","follow":"follow","max-snippet":"max-snippet:-1","max-image-preview":"max-image-preview:large","max-video-preview":"max-video-preview:-1"},"canonical":"https:\/\/octacell.com\/fi\/product\/3x2s\/","og_locale":"fi_FI","og_type":"article","og_title":"3X2 Secure Room for Confidential Information | Octacell","og_description":"Discover Octacell\u2019s secure room for confidential information, designed for high-security environments with KATAKRI compliance, access control and Class A sound insulation.","og_url":"https:\/\/octacell.com\/fi\/product\/3x2s\/","og_site_name":"Octacell","article_modified_time":"2026-02-11T12:58:29+00:00","og_image":[{"url":"https:\/\/octacell.com\/app\/uploads\/2026\/01\/3x2-Valkoinen_Musta_Turvatila.png","width":2000,"height":2000,"type":"image\/png"}],"twitter_card":"summary_large_image","twitter_misc":{"Est. reading time":"5 minuuttia"},"schema":{"@context":"https:\/\/schema.org","@graph":[{"@type":"WebPage","@id":"https:\/\/octacell.com\/fi\/product\/3x2s\/","url":"https:\/\/octacell.com\/fi\/product\/3x2s\/","name":"3X2 Secure Room for Confidential Information | Octacell","isPartOf":{"@id":"https:\/\/octacellcom\/#website"},"primaryImageOfPage":{"@id":"https:\/\/octacell.com\/fi\/product\/3x2s\/#primaryimage"},"image":{"@id":"https:\/\/octacell.com\/fi\/product\/3x2s\/#primaryimage"},"thumbnailUrl":"https:\/\/octacell.com\/app\/uploads\/2026\/01\/3x2-Valkoinen_Musta_Turvatila.png","datePublished":"2026-01-23T10:50:48+00:00","dateModified":"2026-02-11T12:58:29+00:00","description":"Discover Octacell\u2019s secure room for confidential information, designed for high-security environments with KATAKRI compliance, access control and Class A sound insulation.","breadcrumb":{"@id":"https:\/\/octacell.com\/fi\/product\/3x2s\/#breadcrumb"},"inLanguage":"fi","potentialAction":[{"@type":"ReadAction","target":["https:\/\/octacell.com\/fi\/product\/3x2s\/"]}]},{"@type":"ImageObject","inLanguage":"fi","@id":"https:\/\/octacell.com\/fi\/product\/3x2s\/#primaryimage","url":"https:\/\/octacell.com\/app\/uploads\/2026\/01\/3x2-Valkoinen_Musta_Turvatila.png","contentUrl":"https:\/\/octacell.com\/app\/uploads\/2026\/01\/3x2-Valkoinen_Musta_Turvatila.png","width":2000,"height":2000},{"@type":"BreadcrumbList","@id":"https:\/\/octacell.com\/fi\/product\/3x2s\/#breadcrumb","itemListElement":[{"@type":"ListItem","position":1,"name":"Home","item":"https:\/\/octacell.com\/fi\/"},{"@type":"ListItem","position":2,"name":"3X2S"}]},{"@type":"WebSite","@id":"https:\/\/octacellcom\/#website","url":"https:\/\/octacellcom\/","name":"Octacell","description":"Tarjoamme skaalautuvia ja \u00e4\u00e4nieristettyj\u00e4 ty\u00f6huoneita, puhelinkoppeja ja neuvottelutiloja moderneihin avotoimistoihin. Octacell-ratkaisuilla lis\u00e4\u00e4t ty\u00f6rauhaa.","inLanguage":"fi"}]}},"_links":{"self":[{"href":"https:\/\/octacell.com\/fi\/wp-json\/wp\/v2\/product\/675","targetHints":{"allow":["GET"]}}],"collection":[{"href":"https:\/\/octacell.com\/fi\/wp-json\/wp\/v2\/product"}],"about":[{"href":"https:\/\/octacell.com\/fi\/wp-json\/wp\/v2\/types\/product"}],"wp:featuredmedia":[{"embeddable":true,"href":"https:\/\/octacell.com\/fi\/wp-json\/wp\/v2\/media\/1958"}],"wp:attachment":[{"href":"https:\/\/octacell.com\/fi\/wp-json\/wp\/v2\/media?parent=675"}],"wp:term":[{"taxonomy":"product_group","embeddable":true,"href":"https:\/\/octacell.com\/fi\/wp-json\/wp\/v2\/product_group?post=675"}],"curies":[{"name":"wp","href":"https:\/\/api.w.org\/{rel}","templated":true}]}}