{"id":681,"date":"2026-01-23T12:53:48","date_gmt":"2026-01-23T10:53:48","guid":{"rendered":"https:\/\/octacell.com\/?post_type=product&#038;p=681"},"modified":"2026-02-09T10:23:19","modified_gmt":"2026-02-09T08:23:19","slug":"4x2c","status":"publish","type":"product","link":"https:\/\/octacell.com\/fi\/product\/4x2c\/","title":{"rendered":"4X2C"},"featured_media":1997,"parent":0,"template":"","product_group":[19],"class_list":["post-681","product","type-product","status-publish","has-post-thumbnail","hentry","product_group-customer-service-rooms","product_accessory-data-port-rj45","product_accessory-customer-service-furniture-3-person"],"acf":[],"yoast_head":"<!-- This site is optimized with the Yoast SEO plugin v27.4 - https:\/\/yoast.com\/product\/yoast-seo-wordpress\/ -->\n<title>4X2 Customer Service Room | Octacell<\/title>\n<meta name=\"description\" content=\"Octacell soundproof customer service rooms provide privacy, including Class A insulation and separate entrances. Ideal for secure meetings.\" \/>\n<meta name=\"robots\" content=\"index, follow, max-snippet:-1, max-image-preview:large, max-video-preview:-1\" \/>\n<link rel=\"canonical\" href=\"https:\/\/octacell.com\/fi\/product\/4x2c\/\" \/>\n<meta property=\"og:locale\" content=\"fi_FI\" \/>\n<meta property=\"og:type\" content=\"article\" \/>\n<meta property=\"og:title\" content=\"4X2 Customer Service Room | Octacell\" \/>\n<meta property=\"og:description\" content=\"Octacell soundproof customer service rooms provide privacy, including Class A insulation and separate entrances. Ideal for secure meetings.\" \/>\n<meta property=\"og:url\" content=\"https:\/\/octacell.com\/fi\/product\/4x2c\/\" \/>\n<meta property=\"og:site_name\" content=\"Octacell\" \/>\n<meta property=\"article:modified_time\" content=\"2026-02-09T08:23:19+00:00\" \/>\n<meta property=\"og:image\" content=\"https:\/\/octacellcom.c8.louhos.io\/app\/uploads\/2026\/01\/4x2-asiakaspalvelu-Valkoinen.png\" \/>\n\t<meta property=\"og:image:width\" content=\"2000\" \/>\n\t<meta property=\"og:image:height\" content=\"2000\" \/>\n\t<meta property=\"og:image:type\" content=\"image\/png\" \/>\n<meta name=\"twitter:card\" content=\"summary_large_image\" \/>\n<meta name=\"twitter:label1\" content=\"Est. reading time\" \/>\n\t<meta name=\"twitter:data1\" content=\"6 minuuttia\" \/>\n<script type=\"application\/ld+json\" class=\"yoast-schema-graph\">{\"@context\":\"https:\\\/\\\/schema.org\",\"@graph\":[{\"@type\":\"WebPage\",\"@id\":\"https:\\\/\\\/octacell.com\\\/fi\\\/product\\\/4x2c\\\/\",\"url\":\"https:\\\/\\\/octacell.com\\\/fi\\\/product\\\/4x2c\\\/\",\"name\":\"4X2 Customer Service Room | Octacell\",\"isPartOf\":{\"@id\":\"https:\\\/\\\/octacellcom\\\/#website\"},\"primaryImageOfPage\":{\"@id\":\"https:\\\/\\\/octacell.com\\\/fi\\\/product\\\/4x2c\\\/#primaryimage\"},\"image\":{\"@id\":\"https:\\\/\\\/octacell.com\\\/fi\\\/product\\\/4x2c\\\/#primaryimage\"},\"thumbnailUrl\":\"https:\\\/\\\/octacell.com\\\/app\\\/uploads\\\/2026\\\/01\\\/4x2-asiakaspalvelu-Valkoinen.png\",\"datePublished\":\"2026-01-23T10:53:48+00:00\",\"dateModified\":\"2026-02-09T08:23:19+00:00\",\"description\":\"Octacell soundproof customer service rooms provide privacy, including Class A insulation and separate entrances. Ideal for secure meetings.\",\"breadcrumb\":{\"@id\":\"https:\\\/\\\/octacell.com\\\/fi\\\/product\\\/4x2c\\\/#breadcrumb\"},\"inLanguage\":\"fi\",\"potentialAction\":[{\"@type\":\"ReadAction\",\"target\":[\"https:\\\/\\\/octacell.com\\\/fi\\\/product\\\/4x2c\\\/\"]}]},{\"@type\":\"ImageObject\",\"inLanguage\":\"fi\",\"@id\":\"https:\\\/\\\/octacell.com\\\/fi\\\/product\\\/4x2c\\\/#primaryimage\",\"url\":\"https:\\\/\\\/octacell.com\\\/app\\\/uploads\\\/2026\\\/01\\\/4x2-asiakaspalvelu-Valkoinen.png\",\"contentUrl\":\"https:\\\/\\\/octacell.com\\\/app\\\/uploads\\\/2026\\\/01\\\/4x2-asiakaspalvelu-Valkoinen.png\",\"width\":2000,\"height\":2000},{\"@type\":\"BreadcrumbList\",\"@id\":\"https:\\\/\\\/octacell.com\\\/fi\\\/product\\\/4x2c\\\/#breadcrumb\",\"itemListElement\":[{\"@type\":\"ListItem\",\"position\":1,\"name\":\"Home\",\"item\":\"https:\\\/\\\/octacell.com\\\/fi\\\/\"},{\"@type\":\"ListItem\",\"position\":2,\"name\":\"4X2C\"}]},{\"@type\":\"WebSite\",\"@id\":\"https:\\\/\\\/octacellcom\\\/#website\",\"url\":\"https:\\\/\\\/octacellcom\\\/\",\"name\":\"Octacell\",\"description\":\"Tarjoamme skaalautuvia ja \u00e4\u00e4nieristettyj\u00e4 ty\u00f6huoneita, puhelinkoppeja ja neuvottelutiloja moderneihin avotoimistoihin. Octacell-ratkaisuilla lis\u00e4\u00e4t ty\u00f6rauhaa.\",\"inLanguage\":\"fi\"}]}<\/script>\n<!-- \/ Yoast SEO plugin. -->","yoast_head_json":{"title":"4X2 Customer Service Room | Octacell","description":"Octacell soundproof customer service rooms provide privacy, including Class A insulation and separate entrances. Ideal for secure meetings.","robots":{"index":"index","follow":"follow","max-snippet":"max-snippet:-1","max-image-preview":"max-image-preview:large","max-video-preview":"max-video-preview:-1"},"canonical":"https:\/\/octacell.com\/fi\/product\/4x2c\/","og_locale":"fi_FI","og_type":"article","og_title":"4X2 Customer Service Room | Octacell","og_description":"Octacell soundproof customer service rooms provide privacy, including Class A insulation and separate entrances. Ideal for secure meetings.","og_url":"https:\/\/octacell.com\/fi\/product\/4x2c\/","og_site_name":"Octacell","article_modified_time":"2026-02-09T08:23:19+00:00","og_image":[{"width":2000,"height":2000,"url":"https:\/\/octacellcom.c8.louhos.io\/app\/uploads\/2026\/01\/4x2-asiakaspalvelu-Valkoinen.png","type":"image\/png"}],"twitter_card":"summary_large_image","twitter_misc":{"Est. reading time":"6 minuuttia"},"schema":{"@context":"https:\/\/schema.org","@graph":[{"@type":"WebPage","@id":"https:\/\/octacell.com\/fi\/product\/4x2c\/","url":"https:\/\/octacell.com\/fi\/product\/4x2c\/","name":"4X2 Customer Service Room | Octacell","isPartOf":{"@id":"https:\/\/octacellcom\/#website"},"primaryImageOfPage":{"@id":"https:\/\/octacell.com\/fi\/product\/4x2c\/#primaryimage"},"image":{"@id":"https:\/\/octacell.com\/fi\/product\/4x2c\/#primaryimage"},"thumbnailUrl":"https:\/\/octacell.com\/app\/uploads\/2026\/01\/4x2-asiakaspalvelu-Valkoinen.png","datePublished":"2026-01-23T10:53:48+00:00","dateModified":"2026-02-09T08:23:19+00:00","description":"Octacell soundproof customer service rooms provide privacy, including Class A insulation and separate entrances. Ideal for secure meetings.","breadcrumb":{"@id":"https:\/\/octacell.com\/fi\/product\/4x2c\/#breadcrumb"},"inLanguage":"fi","potentialAction":[{"@type":"ReadAction","target":["https:\/\/octacell.com\/fi\/product\/4x2c\/"]}]},{"@type":"ImageObject","inLanguage":"fi","@id":"https:\/\/octacell.com\/fi\/product\/4x2c\/#primaryimage","url":"https:\/\/octacell.com\/app\/uploads\/2026\/01\/4x2-asiakaspalvelu-Valkoinen.png","contentUrl":"https:\/\/octacell.com\/app\/uploads\/2026\/01\/4x2-asiakaspalvelu-Valkoinen.png","width":2000,"height":2000},{"@type":"BreadcrumbList","@id":"https:\/\/octacell.com\/fi\/product\/4x2c\/#breadcrumb","itemListElement":[{"@type":"ListItem","position":1,"name":"Home","item":"https:\/\/octacell.com\/fi\/"},{"@type":"ListItem","position":2,"name":"4X2C"}]},{"@type":"WebSite","@id":"https:\/\/octacellcom\/#website","url":"https:\/\/octacellcom\/","name":"Octacell","description":"Tarjoamme skaalautuvia ja \u00e4\u00e4nieristettyj\u00e4 ty\u00f6huoneita, puhelinkoppeja ja neuvottelutiloja moderneihin avotoimistoihin. Octacell-ratkaisuilla lis\u00e4\u00e4t ty\u00f6rauhaa.","inLanguage":"fi"}]}},"_links":{"self":[{"href":"https:\/\/octacell.com\/fi\/wp-json\/wp\/v2\/product\/681","targetHints":{"allow":["GET"]}}],"collection":[{"href":"https:\/\/octacell.com\/fi\/wp-json\/wp\/v2\/product"}],"about":[{"href":"https:\/\/octacell.com\/fi\/wp-json\/wp\/v2\/types\/product"}],"wp:featuredmedia":[{"embeddable":true,"href":"https:\/\/octacell.com\/fi\/wp-json\/wp\/v2\/media\/1997"}],"wp:attachment":[{"href":"https:\/\/octacell.com\/fi\/wp-json\/wp\/v2\/media?parent=681"}],"wp:term":[{"taxonomy":"product_group","embeddable":true,"href":"https:\/\/octacell.com\/fi\/wp-json\/wp\/v2\/product_group?post=681"}],"curies":[{"name":"wp","href":"https:\/\/api.w.org\/{rel}","templated":true}]}}