{"id":687,"date":"2026-01-23T12:59:03","date_gmt":"2026-01-23T10:59:03","guid":{"rendered":"https:\/\/octacell.com\/?post_type=product&#038;p=687"},"modified":"2026-04-07T13:21:04","modified_gmt":"2026-04-07T10:21:04","slug":"2x2f","status":"publish","type":"product","link":"https:\/\/octacell.com\/fi\/product\/2x2f\/","title":{"rendered":"2X2F"},"featured_media":2339,"parent":0,"template":"","product_group":[68,18],"class_list":["post-687","product","type-product","status-publish","has-post-thumbnail","hentry","product_group-workroom-for-one","product_group-workrooms","product_accessory-face-lighting","product_accessory-data-port-rj45","product_accessory-workstation-for-one-person"],"acf":[],"yoast_head":"<!-- This site is optimized with the Yoast SEO plugin v27.4 - https:\/\/yoast.com\/product\/yoast-seo-wordpress\/ -->\n<title>2X2 Workroom | Octacell<\/title>\n<meta name=\"description\" content=\"Discover Octacell\u2019s soundproof workroom for one person, designed for focused work, calls and video meetings with a height-adjustable desk and Class A insulation.\" \/>\n<meta name=\"robots\" content=\"index, follow, max-snippet:-1, max-image-preview:large, max-video-preview:-1\" \/>\n<link rel=\"canonical\" href=\"https:\/\/octacell.com\/fi\/product\/2x2f\/\" \/>\n<meta property=\"og:locale\" content=\"fi_FI\" \/>\n<meta property=\"og:type\" content=\"article\" \/>\n<meta property=\"og:title\" content=\"2X2 Workroom | Octacell\" \/>\n<meta property=\"og:description\" content=\"Discover Octacell\u2019s soundproof workroom for one person, designed for focused work, calls and video meetings with a height-adjustable desk and Class A insulation.\" \/>\n<meta property=\"og:url\" content=\"https:\/\/octacell.com\/fi\/product\/2x2f\/\" \/>\n<meta property=\"og:site_name\" content=\"Octacell\" \/>\n<meta property=\"article:modified_time\" content=\"2026-04-07T10:21:04+00:00\" \/>\n<meta property=\"og:image\" content=\"https:\/\/octacell.com\/app\/uploads\/2026\/01\/2x2-Tyotila-Valkoinen_Musta.png\" \/>\n\t<meta property=\"og:image:width\" content=\"2000\" \/>\n\t<meta property=\"og:image:height\" content=\"2000\" \/>\n\t<meta property=\"og:image:type\" content=\"image\/png\" \/>\n<meta name=\"twitter:card\" content=\"summary_large_image\" \/>\n<meta name=\"twitter:label1\" content=\"Est. reading time\" \/>\n\t<meta name=\"twitter:data1\" content=\"6 minuuttia\" \/>\n<script type=\"application\/ld+json\" class=\"yoast-schema-graph\">{\"@context\":\"https:\\\/\\\/schema.org\",\"@graph\":[{\"@type\":\"WebPage\",\"@id\":\"https:\\\/\\\/octacell.com\\\/fi\\\/product\\\/2x2f\\\/\",\"url\":\"https:\\\/\\\/octacell.com\\\/fi\\\/product\\\/2x2f\\\/\",\"name\":\"2X2 Workroom | Octacell\",\"isPartOf\":{\"@id\":\"https:\\\/\\\/octacellcom\\\/#website\"},\"primaryImageOfPage\":{\"@id\":\"https:\\\/\\\/octacell.com\\\/fi\\\/product\\\/2x2f\\\/#primaryimage\"},\"image\":{\"@id\":\"https:\\\/\\\/octacell.com\\\/fi\\\/product\\\/2x2f\\\/#primaryimage\"},\"thumbnailUrl\":\"https:\\\/\\\/octacell.com\\\/app\\\/uploads\\\/2026\\\/01\\\/2x2-Tyotila-Valkoinen_Musta.png\",\"datePublished\":\"2026-01-23T10:59:03+00:00\",\"dateModified\":\"2026-04-07T10:21:04+00:00\",\"description\":\"Discover Octacell\u2019s soundproof workroom for one person, designed for focused work, calls and video meetings with a height-adjustable desk and Class A insulation.\",\"breadcrumb\":{\"@id\":\"https:\\\/\\\/octacell.com\\\/fi\\\/product\\\/2x2f\\\/#breadcrumb\"},\"inLanguage\":\"fi\",\"potentialAction\":[{\"@type\":\"ReadAction\",\"target\":[\"https:\\\/\\\/octacell.com\\\/fi\\\/product\\\/2x2f\\\/\"]}]},{\"@type\":\"ImageObject\",\"inLanguage\":\"fi\",\"@id\":\"https:\\\/\\\/octacell.com\\\/fi\\\/product\\\/2x2f\\\/#primaryimage\",\"url\":\"https:\\\/\\\/octacell.com\\\/app\\\/uploads\\\/2026\\\/01\\\/2x2-Tyotila-Valkoinen_Musta.png\",\"contentUrl\":\"https:\\\/\\\/octacell.com\\\/app\\\/uploads\\\/2026\\\/01\\\/2x2-Tyotila-Valkoinen_Musta.png\",\"width\":2000,\"height\":2000},{\"@type\":\"BreadcrumbList\",\"@id\":\"https:\\\/\\\/octacell.com\\\/fi\\\/product\\\/2x2f\\\/#breadcrumb\",\"itemListElement\":[{\"@type\":\"ListItem\",\"position\":1,\"name\":\"Home\",\"item\":\"https:\\\/\\\/octacell.com\\\/fi\\\/\"},{\"@type\":\"ListItem\",\"position\":2,\"name\":\"2X2F\"}]},{\"@type\":\"WebSite\",\"@id\":\"https:\\\/\\\/octacellcom\\\/#website\",\"url\":\"https:\\\/\\\/octacellcom\\\/\",\"name\":\"Octacell\",\"description\":\"Tarjoamme skaalautuvia ja \u00e4\u00e4nieristettyj\u00e4 ty\u00f6huoneita, puhelinkoppeja ja neuvottelutiloja moderneihin avotoimistoihin. Octacell-ratkaisuilla lis\u00e4\u00e4t ty\u00f6rauhaa.\",\"inLanguage\":\"fi\"}]}<\/script>\n<!-- \/ Yoast SEO plugin. -->","yoast_head_json":{"title":"2X2 Workroom | Octacell","description":"Discover Octacell\u2019s soundproof workroom for one person, designed for focused work, calls and video meetings with a height-adjustable desk and Class A insulation.","robots":{"index":"index","follow":"follow","max-snippet":"max-snippet:-1","max-image-preview":"max-image-preview:large","max-video-preview":"max-video-preview:-1"},"canonical":"https:\/\/octacell.com\/fi\/product\/2x2f\/","og_locale":"fi_FI","og_type":"article","og_title":"2X2 Workroom | Octacell","og_description":"Discover Octacell\u2019s soundproof workroom for one person, designed for focused work, calls and video meetings with a height-adjustable desk and Class A insulation.","og_url":"https:\/\/octacell.com\/fi\/product\/2x2f\/","og_site_name":"Octacell","article_modified_time":"2026-04-07T10:21:04+00:00","og_image":[{"url":"https:\/\/octacell.com\/app\/uploads\/2026\/01\/2x2-Tyotila-Valkoinen_Musta.png","width":2000,"height":2000,"type":"image\/png"}],"twitter_card":"summary_large_image","twitter_misc":{"Est. reading time":"6 minuuttia"},"schema":{"@context":"https:\/\/schema.org","@graph":[{"@type":"WebPage","@id":"https:\/\/octacell.com\/fi\/product\/2x2f\/","url":"https:\/\/octacell.com\/fi\/product\/2x2f\/","name":"2X2 Workroom | Octacell","isPartOf":{"@id":"https:\/\/octacellcom\/#website"},"primaryImageOfPage":{"@id":"https:\/\/octacell.com\/fi\/product\/2x2f\/#primaryimage"},"image":{"@id":"https:\/\/octacell.com\/fi\/product\/2x2f\/#primaryimage"},"thumbnailUrl":"https:\/\/octacell.com\/app\/uploads\/2026\/01\/2x2-Tyotila-Valkoinen_Musta.png","datePublished":"2026-01-23T10:59:03+00:00","dateModified":"2026-04-07T10:21:04+00:00","description":"Discover Octacell\u2019s soundproof workroom for one person, designed for focused work, calls and video meetings with a height-adjustable desk and Class A insulation.","breadcrumb":{"@id":"https:\/\/octacell.com\/fi\/product\/2x2f\/#breadcrumb"},"inLanguage":"fi","potentialAction":[{"@type":"ReadAction","target":["https:\/\/octacell.com\/fi\/product\/2x2f\/"]}]},{"@type":"ImageObject","inLanguage":"fi","@id":"https:\/\/octacell.com\/fi\/product\/2x2f\/#primaryimage","url":"https:\/\/octacell.com\/app\/uploads\/2026\/01\/2x2-Tyotila-Valkoinen_Musta.png","contentUrl":"https:\/\/octacell.com\/app\/uploads\/2026\/01\/2x2-Tyotila-Valkoinen_Musta.png","width":2000,"height":2000},{"@type":"BreadcrumbList","@id":"https:\/\/octacell.com\/fi\/product\/2x2f\/#breadcrumb","itemListElement":[{"@type":"ListItem","position":1,"name":"Home","item":"https:\/\/octacell.com\/fi\/"},{"@type":"ListItem","position":2,"name":"2X2F"}]},{"@type":"WebSite","@id":"https:\/\/octacellcom\/#website","url":"https:\/\/octacellcom\/","name":"Octacell","description":"Tarjoamme skaalautuvia ja \u00e4\u00e4nieristettyj\u00e4 ty\u00f6huoneita, puhelinkoppeja ja neuvottelutiloja moderneihin avotoimistoihin. Octacell-ratkaisuilla lis\u00e4\u00e4t ty\u00f6rauhaa.","inLanguage":"fi"}]}},"_links":{"self":[{"href":"https:\/\/octacell.com\/fi\/wp-json\/wp\/v2\/product\/687","targetHints":{"allow":["GET"]}}],"collection":[{"href":"https:\/\/octacell.com\/fi\/wp-json\/wp\/v2\/product"}],"about":[{"href":"https:\/\/octacell.com\/fi\/wp-json\/wp\/v2\/types\/product"}],"wp:featuredmedia":[{"embeddable":true,"href":"https:\/\/octacell.com\/fi\/wp-json\/wp\/v2\/media\/2339"}],"wp:attachment":[{"href":"https:\/\/octacell.com\/fi\/wp-json\/wp\/v2\/media?parent=687"}],"wp:term":[{"taxonomy":"product_group","embeddable":true,"href":"https:\/\/octacell.com\/fi\/wp-json\/wp\/v2\/product_group?post=687"}],"curies":[{"name":"wp","href":"https:\/\/api.w.org\/{rel}","templated":true}]}}