{"id":1442,"date":"2026-01-08T15:48:45","date_gmt":"2026-01-08T13:48:45","guid":{"rendered":"https:\/\/octacell.com\/products\/"},"modified":"2026-02-03T15:39:42","modified_gmt":"2026-02-03T13:39:42","slug":"alla-produkter","status":"publish","type":"page","link":"https:\/\/octacell.com\/sv\/alla-produkter\/","title":{"rendered":"Alla produkter"},"content":{"rendered":"","protected":false},"excerpt":{"rendered":"","protected":false},"author":1,"featured_media":0,"parent":0,"menu_order":0,"comment_status":"closed","ping_status":"closed","template":"template-products.blade.php","meta":{"_acf_changed":false,"footnotes":""},"class_list":["post-1442","page","type-page","status-publish","hentry"],"acf":[],"yoast_head":"<!-- This site is optimized with the Yoast SEO plugin v27.5 - https:\/\/yoast.com\/product\/yoast-seo-wordpress\/ -->\n<title>Ljudisolerade arbetsrum, telefonb\u00e5s och m\u00f6tesrum<\/title>\n<meta name=\"description\" content=\"Uppt\u00e4ck Octacells sortiment av ljudisolerade telefonb\u00e5s, m\u00f6tesrum, arbetsrum och s\u00e4kerhetsrum. J\u00e4mf\u00f6r storlekar och priser.\" \/>\n<meta name=\"robots\" content=\"index, follow, max-snippet:-1, max-image-preview:large, max-video-preview:-1\" \/>\n<link rel=\"canonical\" href=\"https:\/\/octacell.com\/sv\/alla-produkter\/\" \/>\n<meta property=\"og:locale\" content=\"sv_SE\" \/>\n<meta property=\"og:type\" content=\"article\" \/>\n<meta property=\"og:title\" content=\"Ljudisolerade arbetsrum, telefonb\u00e5s och m\u00f6tesrum\" \/>\n<meta property=\"og:description\" content=\"Uppt\u00e4ck Octacells sortiment av ljudisolerade telefonb\u00e5s, m\u00f6tesrum, arbetsrum och s\u00e4kerhetsrum. J\u00e4mf\u00f6r storlekar och priser.\" \/>\n<meta property=\"og:url\" content=\"https:\/\/octacell.com\/sv\/alla-produkter\/\" \/>\n<meta property=\"og:site_name\" content=\"Octacell\" \/>\n<meta property=\"article:modified_time\" content=\"2026-02-03T13:39:42+00:00\" \/>\n<meta name=\"twitter:card\" content=\"summary_large_image\" \/>\n<meta name=\"twitter:label1\" content=\"Est. reading time\" \/>\n\t<meta name=\"twitter:data1\" content=\"1 minute\" \/>\n<script type=\"application\/ld+json\" class=\"yoast-schema-graph\">{\"@context\":\"https:\\\/\\\/schema.org\",\"@graph\":[{\"@type\":\"WebPage\",\"@id\":\"https:\\\/\\\/octacell.com\\\/sv\\\/alla-produkter\\\/\",\"url\":\"https:\\\/\\\/octacell.com\\\/sv\\\/alla-produkter\\\/\",\"name\":\"Ljudisolerade arbetsrum, telefonb\u00e5s och m\u00f6tesrum\",\"isPartOf\":{\"@id\":\"https:\\\/\\\/octacellcom\\\/#website\"},\"datePublished\":\"2026-01-08T13:48:45+00:00\",\"dateModified\":\"2026-02-03T13:39:42+00:00\",\"description\":\"Uppt\u00e4ck Octacells sortiment av ljudisolerade telefonb\u00e5s, m\u00f6tesrum, arbetsrum och s\u00e4kerhetsrum. J\u00e4mf\u00f6r storlekar och priser.\",\"breadcrumb\":{\"@id\":\"https:\\\/\\\/octacell.com\\\/sv\\\/alla-produkter\\\/#breadcrumb\"},\"inLanguage\":\"sv-SE\",\"potentialAction\":[{\"@type\":\"ReadAction\",\"target\":[\"https:\\\/\\\/octacell.com\\\/sv\\\/alla-produkter\\\/\"]}]},{\"@type\":\"BreadcrumbList\",\"@id\":\"https:\\\/\\\/octacell.com\\\/sv\\\/alla-produkter\\\/#breadcrumb\",\"itemListElement\":[{\"@type\":\"ListItem\",\"position\":1,\"name\":\"Home\",\"item\":\"https:\\\/\\\/octacell.com\\\/sv\\\/\"},{\"@type\":\"ListItem\",\"position\":2,\"name\":\"Alla produkter\"}]},{\"@type\":\"WebSite\",\"@id\":\"https:\\\/\\\/octacellcom\\\/#website\",\"url\":\"https:\\\/\\\/octacellcom\\\/\",\"name\":\"Octacell\",\"description\":\"Vi erbjuder modul\u00e4ra och ljudisolerade kontorsrum, telefonb\u00e5s och m\u00f6tesrum f\u00f6r moderna \u00f6ppna kontorslandskap. Octacells l\u00f6sningar \u00f6kar arbetsro.\",\"inLanguage\":\"sv-SE\"}]}<\/script>\n<!-- \/ Yoast SEO plugin. -->","yoast_head_json":{"title":"Ljudisolerade arbetsrum, telefonb\u00e5s och m\u00f6tesrum","description":"Uppt\u00e4ck Octacells sortiment av ljudisolerade telefonb\u00e5s, m\u00f6tesrum, arbetsrum och s\u00e4kerhetsrum. J\u00e4mf\u00f6r storlekar och priser.","robots":{"index":"index","follow":"follow","max-snippet":"max-snippet:-1","max-image-preview":"max-image-preview:large","max-video-preview":"max-video-preview:-1"},"canonical":"https:\/\/octacell.com\/sv\/alla-produkter\/","og_locale":"sv_SE","og_type":"article","og_title":"Ljudisolerade arbetsrum, telefonb\u00e5s och m\u00f6tesrum","og_description":"Uppt\u00e4ck Octacells sortiment av ljudisolerade telefonb\u00e5s, m\u00f6tesrum, arbetsrum och s\u00e4kerhetsrum. J\u00e4mf\u00f6r storlekar och priser.","og_url":"https:\/\/octacell.com\/sv\/alla-produkter\/","og_site_name":"Octacell","article_modified_time":"2026-02-03T13:39:42+00:00","twitter_card":"summary_large_image","twitter_misc":{"Est. reading time":"1 minute"},"schema":{"@context":"https:\/\/schema.org","@graph":[{"@type":"WebPage","@id":"https:\/\/octacell.com\/sv\/alla-produkter\/","url":"https:\/\/octacell.com\/sv\/alla-produkter\/","name":"Ljudisolerade arbetsrum, telefonb\u00e5s och m\u00f6tesrum","isPartOf":{"@id":"https:\/\/octacellcom\/#website"},"datePublished":"2026-01-08T13:48:45+00:00","dateModified":"2026-02-03T13:39:42+00:00","description":"Uppt\u00e4ck Octacells sortiment av ljudisolerade telefonb\u00e5s, m\u00f6tesrum, arbetsrum och s\u00e4kerhetsrum. J\u00e4mf\u00f6r storlekar och priser.","breadcrumb":{"@id":"https:\/\/octacell.com\/sv\/alla-produkter\/#breadcrumb"},"inLanguage":"sv-SE","potentialAction":[{"@type":"ReadAction","target":["https:\/\/octacell.com\/sv\/alla-produkter\/"]}]},{"@type":"BreadcrumbList","@id":"https:\/\/octacell.com\/sv\/alla-produkter\/#breadcrumb","itemListElement":[{"@type":"ListItem","position":1,"name":"Home","item":"https:\/\/octacell.com\/sv\/"},{"@type":"ListItem","position":2,"name":"Alla produkter"}]},{"@type":"WebSite","@id":"https:\/\/octacellcom\/#website","url":"https:\/\/octacellcom\/","name":"Octacell","description":"Vi erbjuder modul\u00e4ra och ljudisolerade kontorsrum, telefonb\u00e5s och m\u00f6tesrum f\u00f6r moderna \u00f6ppna kontorslandskap. Octacells l\u00f6sningar \u00f6kar arbetsro.","inLanguage":"sv-SE"}]}},"_links":{"self":[{"href":"https:\/\/octacell.com\/sv\/wp-json\/wp\/v2\/pages\/1442","targetHints":{"allow":["GET"]}}],"collection":[{"href":"https:\/\/octacell.com\/sv\/wp-json\/wp\/v2\/pages"}],"about":[{"href":"https:\/\/octacell.com\/sv\/wp-json\/wp\/v2\/types\/page"}],"author":[{"embeddable":true,"href":"https:\/\/octacell.com\/sv\/wp-json\/wp\/v2\/users\/1"}],"replies":[{"embeddable":true,"href":"https:\/\/octacell.com\/sv\/wp-json\/wp\/v2\/comments?post=1442"}],"version-history":[{"count":7,"href":"https:\/\/octacell.com\/sv\/wp-json\/wp\/v2\/pages\/1442\/revisions"}],"predecessor-version":[{"id":3321,"href":"https:\/\/octacell.com\/sv\/wp-json\/wp\/v2\/pages\/1442\/revisions\/3321"}],"wp:attachment":[{"href":"https:\/\/octacell.com\/sv\/wp-json\/wp\/v2\/media?parent=1442"}],"curies":[{"name":"wp","href":"https:\/\/api.w.org\/{rel}","templated":true}]}}