{"id":1592,"date":"2025-11-24T20:18:32","date_gmt":"2025-11-24T18:18:32","guid":{"rendered":"https:\/\/octacell.com\/for-designers-och-arkitekter\/"},"modified":"2026-03-09T12:57:58","modified_gmt":"2026-03-09T10:57:58","slug":"designers-och-arkitekter","status":"publish","type":"page","link":"https:\/\/octacell.com\/sv\/designers-och-arkitekter\/","title":{"rendered":"F\u00f6r designers och arkitekter"},"content":{"rendered":"<div class=\"content-content\">\n    <div class=\"content-wrapper\">\n\n<h1 class=\"wp-block-heading has-large-font-size\">Designa arbetsmilj\u00f6er som h\u00e5ller \u00f6ver tid<\/h1>\n\n\n\n<p class=\"has-large-font-size\">Vi g\u00f6r det enkelt f\u00f6r dig att skapa l\u00e5ngsiktiga arbetsmilj\u00f6er. V\u00e5ra skalbara och modul\u00e4ra arbetsrum ger o\u00e4ndliga m\u00f6jligheter att m\u00f6ta varje organisations behov. Du designar arbetsplatsen \u2013 vi levererar arbetsrummen. <\/p>\n\n<\/div>\n<\/div>\n\n\n<div\n    class=\"image-text-container flex content-items content-items-padded row-default layout-default style-high\"\n>\n    <div class=\"flex-item six has-image\">\n        <div\n    class=\"media-container width-default\"\n>\n    <div\naria-label=\"\" class=\"image image-high\"\n>\n    <img decoding=\"async\"\n        src=\"https:\/\/octacell.com\/app\/uploads\/2026\/01\/080525_octacell_web-1-1024x683.jpg\"\n        srcset=\"https:\/\/octacell.com\/app\/uploads\/2026\/01\/080525_octacell_web-1-1024x683.jpg 1024w, https:\/\/octacell.com\/app\/uploads\/2026\/01\/080525_octacell_web-1-300x200.jpg 300w, https:\/\/octacell.com\/app\/uploads\/2026\/01\/080525_octacell_web-1-768x512.jpg 768w, https:\/\/octacell.com\/app\/uploads\/2026\/01\/080525_octacell_web-1-1536x1024.jpg 1536w, https:\/\/octacell.com\/app\/uploads\/2026\/01\/080525_octacell_web-1-2048x1365.jpg 2048w\"\n        sizes=\"(max-width: 1024px) 100vw, 1024px\"\n        alt=\"M\u00e4nniskor som har ett m\u00f6te inuti ett Octacell-m\u00f6tesrum med tr\u00e4paneler.\"\n                class=\"high\"\n    >\n<\/div>\n<\/div>\n    <\/div>\n    <div class=\"flex-item six has-content\">\n        <div class=\"has-content\">\n\n<h2 class=\"wp-block-heading\">Branschledande ljudisolering och kraftfull ventilation<\/h2>\n\n\n\n<p>Alla Octacells arbetsrum har minst ljudklass A och m\u00e5nga n\u00e5r h\u00f6gre \u00e4n A+ enligt ISO 23351-1. Det g\u00f6r att du kan placera dem var som helst i lokalen du designar \u2013 utan att kompromissa med kundens behov av integritet och avskildhet. <\/p>\n\n\n\n<p>V\u00e5ra arbetsrum har upp till 30 l\/s ventilationskapacitet per anv\u00e4ndare och anv\u00e4nder luft fr\u00e5n omgivningen. Det inneb\u00e4r att du slipper koppla dem till centralventilation. Eldriven kylning kan l\u00e4ggas till, \u00e4ven i efterhand, genom att byta takkassett.  <\/p>\n\n<\/div>\n    <\/div>\n<\/div>\n\n\n<div\n    class=\"image-text-container flex content-items content-items-padded row-reverse layout-default style-high\"\n>\n    <div class=\"flex-item six has-image\">\n        <div\n    class=\"media-container width-default\"\n>\n    <div\naria-label=\"\" class=\"image image-high\"\n>\n    <img decoding=\"async\"\n        src=\"https:\/\/octacell.com\/app\/uploads\/2026\/01\/080525_octacell_print-82-683x1024.jpg\"\n        srcset=\"https:\/\/octacell.com\/app\/uploads\/2026\/01\/080525_octacell_print-82-683x1024.jpg 683w, https:\/\/octacell.com\/app\/uploads\/2026\/01\/080525_octacell_print-82-200x300.jpg 200w, https:\/\/octacell.com\/app\/uploads\/2026\/01\/080525_octacell_print-82-768x1152.jpg 768w, https:\/\/octacell.com\/app\/uploads\/2026\/01\/080525_octacell_print-82-1024x1536.jpg 1024w, https:\/\/octacell.com\/app\/uploads\/2026\/01\/080525_octacell_print-82-1365x2048.jpg 1365w, https:\/\/octacell.com\/app\/uploads\/2026\/01\/080525_octacell_print-82-scaled.jpg 1707w\"\n        sizes=\"(max-width: 683px) 100vw, 683px\"\n        alt=\"Materialprover och designbilder utlagda p\u00e5 ett bord inuti ett Octacell-arbetsrum.\"\n                class=\"high\"\n    >\n<\/div>\n<\/div>\n    <\/div>\n    <div class=\"flex-item six has-content\">\n        <div class=\"has-content\">\n\n<h2 class=\"wp-block-heading\">Skalbara, modul\u00e4ra och anpassningsbara<\/h2>\n\n\n\n<p>Octacells arbetsrum \u00e4r byggda f\u00f6r att h\u00e5lla l\u00e4nge och du kan \u00e4ndra m\u00e5tten \u00e4ven efter installation. Det g\u00f6r att det \u00e4r m\u00f6jligt att designa planl\u00f6sningar och arbetsmilj\u00f6er som f\u00f6r\u00e4ndras med din kunds behov.  <\/p>\n\n\n\n<p>Rummen har en modul\u00e4r design d\u00e4r d\u00f6rrar, v\u00e4ggar och f\u00f6nster kan placeras som du vill, s\u00e5 att ytan nyttjas maximalt. <\/p>\n\n\n\n<p>Du kan v\u00e4lja f\u00e4rger och material p\u00e5 in- och utsidan f\u00f6r att matcha kundens varum\u00e4rke. Vi erbjuder ett brett sortiment av m\u00f6bler och kan \u00e4ven f\u00f6rverkliga speciall\u00f6sningar om du har egna id\u00e9er.<\/p>\n\n<\/div>\n    <\/div>\n<\/div>\n\n\n<div\n    class=\"image-text-container flex content-items content-items-padded row-default layout-default style-high\"\n>\n    <div class=\"flex-item six has-image\">\n        <div\n    class=\"media-container width-default\"\n>\n    <div\naria-label=\"\" class=\"image image-high\"\n>\n    <img decoding=\"async\"\n        src=\"https:\/\/octacell.com\/app\/uploads\/2026\/01\/JTP56268-HDR-1024x683.jpg\"\n        srcset=\"https:\/\/octacell.com\/app\/uploads\/2026\/01\/JTP56268-HDR-1024x683.jpg 1024w, https:\/\/octacell.com\/app\/uploads\/2026\/01\/JTP56268-HDR-300x200.jpg 300w, https:\/\/octacell.com\/app\/uploads\/2026\/01\/JTP56268-HDR-768x512.jpg 768w, https:\/\/octacell.com\/app\/uploads\/2026\/01\/JTP56268-HDR-1536x1024.jpg 1536w, https:\/\/octacell.com\/app\/uploads\/2026\/01\/JTP56268-HDR-2048x1366.jpg 2048w\"\n        sizes=\"(max-width: 1024px) 100vw, 1024px\"\n        alt=\"Vitt Octacell-arbetsrum i ett \u00f6ppet kontorslandskap.\"\n                class=\"high\"\n    >\n<\/div>\n<\/div>\n    <\/div>\n    <div class=\"flex-item six has-content\">\n        <div class=\"has-content\">\n\n<h2 class=\"wp-block-heading\">Utnyttja planl\u00f6sningen maximalt<\/h2>\n\n\n\n<p>N\u00e4r du designar med v\u00e5ra skalbara arbetsrum slipper du ta h\u00e4nsyn till de begr\u00e4nsningar i budget och tid som permanent byggnation inneb\u00e4r.<\/p>\n\n\n\n<p>Du kan designa hela planl\u00f6sningen med skalbara arbetsrum och skapa en kontorsyta som utvecklas med din kunds behov. <\/p>\n\n<\/div>\n    <\/div>\n<\/div>\n\n\n<div class=\"content-content\">\n    <div class=\"content-wrapper\">\n\n<h3 class=\"wp-block-heading has-text-align-center has-white-10-background-color has-background has-medium-font-size\">Arbetsrummens egenskaper<\/h3>\n\n\n\n<h5 class=\"wp-block-heading has-text-align-center has-white-10-background-color has-background has-small-font-size\">V\u00e5ra arbetsrum anpassar sig till alla arbetsmilj\u00f6er och anv\u00e4ndningsomr\u00e5den.<\/h5>\n\n\n<div class=\"block-elements\">\n    <div\n        class=\"flex content-items content-items-padded-small layout-background elements-items\"\n    >\n            <div\n            class=\"flex-item four\"\n        >\n            <div\n                class=\"elements-item\"\n            >\n                                        <div class=\"has-image\">\n                    <div\naria-label=\"\" class=\"image\"\n>\n    <img decoding=\"async\"\n        src=\"https:\/\/octacell.com\/app\/uploads\/2026\/01\/be4b7a3cdb24fb00c461ee77d2395e153d6e241f-1152x1408-1.avif\"\n        srcset=\"\"\n        sizes=\"(max-width: 1152px) 100vw, 1152px\"\n        alt=\"Octacell-arbetsrum med m\u00f6tesbord och stolar, sett utifr\u00e5n.\"\n                class=\"\"\n    >\n<\/div>\n                <\/div>\n                            <div class=\"has-content\">\n                                    <h3 class=\"title-demi\">\n                        F\u00e4rger\n                    <\/h3>\n                                                    <p>\n                        Anpassningsbara ytor och 32 alternativ f\u00f6r inv\u00e4ndig kl\u00e4dsel.\n                    <\/p>\n                                                <\/div>\n            <\/div>\n        <\/div>\n            <div\n            class=\"flex-item four\"\n        >\n            <div\n                class=\"elements-item\"\n            >\n                                        <div class=\"has-image\">\n                    <div\naria-label=\"\" class=\"image\"\n>\n    <img decoding=\"async\"\n        src=\"https:\/\/octacell.com\/app\/uploads\/2026\/01\/48818a13af774e35a97abae329fe3d24766792da-1152x1408-1.avif\"\n        srcset=\"\"\n        sizes=\"(max-width: 1152px) 100vw, 1152px\"\n        alt=\"Interi\u00f6r av ett Octacell-arbetsrum med skrivbord, stol och tr\u00e4paneler p\u00e5 v\u00e4ggarna.\"\n                class=\"\"\n    >\n<\/div>\n                <\/div>\n                            <div class=\"has-content\">\n                                    <h3 class=\"title-demi\">\n                        Inredning\n                    <\/h3>\n                                                    <p>\n                        Stort urval av m\u00f6bler &#8211; fr\u00e5n bord till videokonferenssystem.\n                    <\/p>\n                                                <\/div>\n            <\/div>\n        <\/div>\n            <div\n            class=\"flex-item four\"\n        >\n            <div\n                class=\"elements-item\"\n            >\n                                        <div class=\"has-image\">\n                    <div\naria-label=\"\" class=\"image\"\n>\n    <img decoding=\"async\"\n        src=\"https:\/\/octacell.com\/app\/uploads\/2026\/01\/2d3b05f6b6780e1c6076e9ec5d044e1715c891fe-1152x1408-1.avif\"\n        srcset=\"\"\n        sizes=\"(max-width: 1152px) 100vw, 1152px\"\n        alt=\"N\u00e4rbild av ett Octacell-m\u00f6tesrum.\"\n                class=\"\"\n    >\n<\/div>\n                <\/div>\n                            <div class=\"has-content\">\n                                    <h3 class=\"title-demi\">\n                        Tillval\n                    <\/h3>\n                                                    <p>\n                        L\u00e4gg till eldriven kylning, antibakteriella ytor, s\u00e4kerhet eller andra extrafunktioner.\n                    <\/p>\n                                                <\/div>\n            <\/div>\n        <\/div>\n        <\/div>\n<\/div>\n\n\n<div \n    class=\"has-buttons wp-block-buttons has-text-align-center\"\n>\n    <div>\n        <a\n            href=\"https:\/\/octacell.com\/sv\/funktioner\/\"\n            target=\"\"\n            class=\"btn btn-outline\"\n        >\n            Se alla funktioner\n                    <i class=\"lni lni-arrow-right\" aria-hidden=\"true\"><\/i>\n                <\/a>\n    <\/div>\n<\/div>\n\n<\/div>\n<\/div>\n\n\n<div class=\"content-content\">\n    <div class=\"content-wrapper\">\n\n<h2 class=\"wp-block-heading has-text-align-center has-light-color has-text-color has-link-color has-large-font-size wp-elements-374fa551dae95992b37bf0e3ea703afe\">Hur vill du skapa ditt arbetsrum?<\/h2>\n\n\n<div \n    class=\"has-buttons wp-block-buttons has-text-align-center\"\n>\n    <div>\n        <a\n            href=\"https:\/\/octacell.com\/configurator\/\"\n            target=\"\"\n            class=\"btn btn-outline-white\"\n        >\n            Skapa ditt eget\n                    <i class=\"lni lni-arrow-right\" aria-hidden=\"true\"><\/i>\n                <\/a>\n    <\/div>\n    <div>\n        <a\n            href=\"https:\/\/octacell.com\/products\/\"\n            target=\"\"\n            class=\"btn btn-outline-white\"\n        >\n            Se alla\n                    <i class=\"lni lni-arrow-right\" aria-hidden=\"true\"><\/i>\n                <\/a>\n    <\/div>\n    <div>\n        <a\n            href=\"https:\/\/octacell.com\/contact-us\/\"\n            target=\"\"\n            class=\"btn btn-outline-white\"\n        >\n            Kontakta oss\n                    <i class=\"lni lni-arrow-right\" aria-hidden=\"true\"><\/i>\n                <\/a>\n    <\/div>\n<\/div>\n\n<\/div>\n<\/div>\n","protected":false},"excerpt":{"rendered":"","protected":false},"author":1,"featured_media":0,"parent":0,"menu_order":6,"comment_status":"closed","ping_status":"closed","template":"","meta":{"_acf_changed":false,"footnotes":""},"class_list":["post-1592","page","type-page","status-publish","hentry"],"acf":[],"yoast_head":"<!-- This site is optimized with the Yoast SEO plugin v27.5 - https:\/\/yoast.com\/product\/yoast-seo-wordpress\/ -->\n<title>F\u00f6r designers och arkitekter | Octacell<\/title>\n<meta name=\"description\" content=\"Octacell g\u00f6r det enkelt att designa l\u00e5ngsiktiga arbetsmilj\u00f6er. V\u00e5ra skalbara och modul\u00e4ra arbetsrum hj\u00e4lper dig att alltid m\u00f6ta kundens behov.\" \/>\n<meta name=\"robots\" content=\"index, follow, max-snippet:-1, max-image-preview:large, max-video-preview:-1\" \/>\n<link rel=\"canonical\" href=\"https:\/\/octacell.com\/sv\/designers-och-arkitekter\/\" \/>\n<meta property=\"og:locale\" content=\"sv_SE\" \/>\n<meta property=\"og:type\" content=\"article\" \/>\n<meta property=\"og:title\" content=\"F\u00f6r designers och arkitekter | Octacell\" \/>\n<meta property=\"og:description\" content=\"Octacell g\u00f6r det enkelt att designa l\u00e5ngsiktiga arbetsmilj\u00f6er. V\u00e5ra skalbara och modul\u00e4ra arbetsrum hj\u00e4lper dig att alltid m\u00f6ta kundens behov.\" \/>\n<meta property=\"og:url\" content=\"https:\/\/octacell.com\/sv\/designers-och-arkitekter\/\" \/>\n<meta property=\"og:site_name\" content=\"Octacell\" \/>\n<meta property=\"article:modified_time\" content=\"2026-03-09T10:57:58+00:00\" \/>\n<meta name=\"twitter:card\" content=\"summary_large_image\" \/>\n<meta name=\"twitter:label1\" content=\"Est. reading time\" \/>\n\t<meta name=\"twitter:data1\" content=\"2 minutes\" \/>\n<script type=\"application\/ld+json\" class=\"yoast-schema-graph\">{\"@context\":\"https:\\\/\\\/schema.org\",\"@graph\":[{\"@type\":\"WebPage\",\"@id\":\"https:\\\/\\\/octacell.com\\\/sv\\\/designers-och-arkitekter\\\/\",\"url\":\"https:\\\/\\\/octacell.com\\\/sv\\\/designers-och-arkitekter\\\/\",\"name\":\"F\u00f6r designers och arkitekter | Octacell\",\"isPartOf\":{\"@id\":\"https:\\\/\\\/octacellcom\\\/#website\"},\"datePublished\":\"2025-11-24T18:18:32+00:00\",\"dateModified\":\"2026-03-09T10:57:58+00:00\",\"description\":\"Octacell g\u00f6r det enkelt att designa l\u00e5ngsiktiga arbetsmilj\u00f6er. V\u00e5ra skalbara och modul\u00e4ra arbetsrum hj\u00e4lper dig att alltid m\u00f6ta kundens behov.\",\"breadcrumb\":{\"@id\":\"https:\\\/\\\/octacell.com\\\/sv\\\/designers-och-arkitekter\\\/#breadcrumb\"},\"inLanguage\":\"sv-SE\",\"potentialAction\":[{\"@type\":\"ReadAction\",\"target\":[\"https:\\\/\\\/octacell.com\\\/sv\\\/designers-och-arkitekter\\\/\"]}]},{\"@type\":\"BreadcrumbList\",\"@id\":\"https:\\\/\\\/octacell.com\\\/sv\\\/designers-och-arkitekter\\\/#breadcrumb\",\"itemListElement\":[{\"@type\":\"ListItem\",\"position\":1,\"name\":\"Home\",\"item\":\"https:\\\/\\\/octacell.com\\\/sv\\\/\"},{\"@type\":\"ListItem\",\"position\":2,\"name\":\"F\u00f6r designers och arkitekter\"}]},{\"@type\":\"WebSite\",\"@id\":\"https:\\\/\\\/octacellcom\\\/#website\",\"url\":\"https:\\\/\\\/octacellcom\\\/\",\"name\":\"Octacell\",\"description\":\"Vi erbjuder modul\u00e4ra och ljudisolerade kontorsrum, telefonb\u00e5s och m\u00f6tesrum f\u00f6r moderna \u00f6ppna kontorslandskap. Octacells l\u00f6sningar \u00f6kar arbetsro.\",\"inLanguage\":\"sv-SE\"}]}<\/script>\n<!-- \/ Yoast SEO plugin. -->","yoast_head_json":{"title":"F\u00f6r designers och arkitekter | Octacell","description":"Octacell g\u00f6r det enkelt att designa l\u00e5ngsiktiga arbetsmilj\u00f6er. V\u00e5ra skalbara och modul\u00e4ra arbetsrum hj\u00e4lper dig att alltid m\u00f6ta kundens behov.","robots":{"index":"index","follow":"follow","max-snippet":"max-snippet:-1","max-image-preview":"max-image-preview:large","max-video-preview":"max-video-preview:-1"},"canonical":"https:\/\/octacell.com\/sv\/designers-och-arkitekter\/","og_locale":"sv_SE","og_type":"article","og_title":"F\u00f6r designers och arkitekter | Octacell","og_description":"Octacell g\u00f6r det enkelt att designa l\u00e5ngsiktiga arbetsmilj\u00f6er. V\u00e5ra skalbara och modul\u00e4ra arbetsrum hj\u00e4lper dig att alltid m\u00f6ta kundens behov.","og_url":"https:\/\/octacell.com\/sv\/designers-och-arkitekter\/","og_site_name":"Octacell","article_modified_time":"2026-03-09T10:57:58+00:00","twitter_card":"summary_large_image","twitter_misc":{"Est. reading time":"2 minutes"},"schema":{"@context":"https:\/\/schema.org","@graph":[{"@type":"WebPage","@id":"https:\/\/octacell.com\/sv\/designers-och-arkitekter\/","url":"https:\/\/octacell.com\/sv\/designers-och-arkitekter\/","name":"F\u00f6r designers och arkitekter | Octacell","isPartOf":{"@id":"https:\/\/octacellcom\/#website"},"datePublished":"2025-11-24T18:18:32+00:00","dateModified":"2026-03-09T10:57:58+00:00","description":"Octacell g\u00f6r det enkelt att designa l\u00e5ngsiktiga arbetsmilj\u00f6er. V\u00e5ra skalbara och modul\u00e4ra arbetsrum hj\u00e4lper dig att alltid m\u00f6ta kundens behov.","breadcrumb":{"@id":"https:\/\/octacell.com\/sv\/designers-och-arkitekter\/#breadcrumb"},"inLanguage":"sv-SE","potentialAction":[{"@type":"ReadAction","target":["https:\/\/octacell.com\/sv\/designers-och-arkitekter\/"]}]},{"@type":"BreadcrumbList","@id":"https:\/\/octacell.com\/sv\/designers-och-arkitekter\/#breadcrumb","itemListElement":[{"@type":"ListItem","position":1,"name":"Home","item":"https:\/\/octacell.com\/sv\/"},{"@type":"ListItem","position":2,"name":"F\u00f6r designers och arkitekter"}]},{"@type":"WebSite","@id":"https:\/\/octacellcom\/#website","url":"https:\/\/octacellcom\/","name":"Octacell","description":"Vi erbjuder modul\u00e4ra och ljudisolerade kontorsrum, telefonb\u00e5s och m\u00f6tesrum f\u00f6r moderna \u00f6ppna kontorslandskap. Octacells l\u00f6sningar \u00f6kar arbetsro.","inLanguage":"sv-SE"}]}},"_links":{"self":[{"href":"https:\/\/octacell.com\/sv\/wp-json\/wp\/v2\/pages\/1592","targetHints":{"allow":["GET"]}}],"collection":[{"href":"https:\/\/octacell.com\/sv\/wp-json\/wp\/v2\/pages"}],"about":[{"href":"https:\/\/octacell.com\/sv\/wp-json\/wp\/v2\/types\/page"}],"author":[{"embeddable":true,"href":"https:\/\/octacell.com\/sv\/wp-json\/wp\/v2\/users\/1"}],"replies":[{"embeddable":true,"href":"https:\/\/octacell.com\/sv\/wp-json\/wp\/v2\/comments?post=1592"}],"version-history":[{"count":7,"href":"https:\/\/octacell.com\/sv\/wp-json\/wp\/v2\/pages\/1592\/revisions"}],"predecessor-version":[{"id":3701,"href":"https:\/\/octacell.com\/sv\/wp-json\/wp\/v2\/pages\/1592\/revisions\/3701"}],"wp:attachment":[{"href":"https:\/\/octacell.com\/sv\/wp-json\/wp\/v2\/media?parent=1592"}],"curies":[{"name":"wp","href":"https:\/\/api.w.org\/{rel}","templated":true}]}}