{"id":1605,"date":"2026-01-13T13:20:10","date_gmt":"2026-01-13T11:20:10","guid":{"rendered":"https:\/\/octacell.com\/for-fastighetsutvecklare\/"},"modified":"2026-03-09T12:57:23","modified_gmt":"2026-03-09T10:57:23","slug":"for-fastighetsutvecklare","status":"publish","type":"page","link":"https:\/\/octacell.com\/sv\/for-fastighetsutvecklare\/","title":{"rendered":"F\u00f6r fastighetsutvecklare"},"content":{"rendered":"<div class=\"content-content\">\n    <div class=\"content-wrapper\">\n\n<h1 class=\"wp-block-heading has-large-font-size\">Bygg arbetsmilj\u00f6er som h\u00e5ller \u00f6ver tid<\/h1>\n\n\n\n<p class=\"has-large-font-size\">Vi hj\u00e4lper dig att g\u00f6ra fastigheter b\u00e5de attraktiva och funktionella. Med v\u00e5ra skalbara och modul\u00e4ra arbetsrum kan du bygga robusta kontorsytor som \u00e4r enkla att anpassa n\u00e4r hyresg\u00e4sternas behov f\u00f6r\u00e4ndras. <\/p>\n\n<\/div>\n<\/div>\n\n\n<div\n    class=\"image-text-container flex content-items content-items-padded row-default layout-default style-high\"\n>\n    <div class=\"flex-item six has-image\">\n        <div\n    class=\"media-container width-default\"\n>\n    <div\naria-label=\"\" class=\"image image-high\"\n>\n    <img decoding=\"async\"\n        src=\"https:\/\/octacell.com\/app\/uploads\/2026\/01\/208db5136a6ceea73e54fb961f895cae27ebb079-1536x1280-1.avif\"\n        srcset=\"\"\n        sizes=\"(max-width: 1200px) 100vw, 1200px\"\n        alt=\"M\u00e4nniskor som sitter inuti ett Octacell-arbetsrum.\"\n                class=\"high\"\n    >\n<\/div>\n<\/div>\n    <\/div>\n    <div class=\"flex-item six has-content\">\n        <div class=\"has-content\">\n\n<h2 class=\"wp-block-heading\">Skapa ljudisolerade arbetsmilj\u00f6er<\/h2>\n\n\n\n<p>Alla Octacells arbetsrum har minst ljudklass A \u2013 och m\u00e5nga n\u00e5r h\u00f6gre \u00e4n A+ enligt ISO 23351-1. De h\u00f6r till toppskiktet p\u00e5 marknaden n\u00e4r det kommer till ljudisolering, vilket inneb\u00e4r att du kan placera dem var som helst i fastigheten och \u00e4nd\u00e5 erbjuda lugna och avskilda arbetsrum. <\/p>\n\n<\/div>\n    <\/div>\n<\/div>\n\n\n<div\n    class=\"image-text-container flex content-items content-items-padded row-reverse layout-default style-high\"\n>\n    <div class=\"flex-item six has-image\">\n        <div\n    class=\"media-container width-default\"\n>\n    <div\naria-label=\"\" class=\"image image-high\"\n>\n    <img decoding=\"async\"\n        src=\"https:\/\/octacell.com\/app\/uploads\/2026\/01\/6393d39d16ceca4c8f51b02a6478704e63974939-1536x1280-1.avif\"\n        srcset=\"\"\n        sizes=\"(max-width: 1200px) 100vw, 1200px\"\n        alt=\"M\u00e4nniskor som har ett m\u00f6te inuti ett Octacell 5X4-m\u00f6tesrum.\"\n                class=\"high\"\n    >\n<\/div>\n<\/div>\n    <\/div>\n    <div class=\"flex-item six has-content\">\n        <div class=\"has-content\">\n\n<h2 class=\"wp-block-heading\">Skapa en flexibel milj\u00f6 p\u00e5 n\u00e5gra f\u00e5 veckor<\/h2>\n\n\n\n<p>Standardtiden f\u00f6r leverans av Octacells arbetsrum \u00e4r fem veckor \u2013 fr\u00e5n best\u00e4llning till f\u00e4rdig montering. Du kan skapa en arbetsmilj\u00f6 som du kan m\u00f6blera om och g\u00f6ra om i o\u00e4ndlighet f\u00f6r att matcha din hyresg\u00e4sts behov \u2013 \u00e4ven om behoven f\u00f6r\u00e4ndras l\u00e4ngs v\u00e4gen. <\/p>\n\n\n\n<p>V\u00e5ra skalbara och modul\u00e4ra arbetsrum ers\u00e4tter dyra och permanenta byggl\u00f6sningar. Du kan alltid justera planl\u00f6sningen, och f\u00e5r snabbare s\u00e4ljcykler och n\u00f6jdare hyresg\u00e4ster.<\/p>\n\n<\/div>\n    <\/div>\n<\/div>\n\n\n<div\n    class=\"image-text-container flex content-items content-items-padded row-default layout-default style-high\"\n>\n    <div class=\"flex-item six has-image\">\n        <div\n    class=\"media-container width-default\"\n>\n    <div\naria-label=\"\" class=\"image image-high\"\n>\n    <img decoding=\"async\"\n        src=\"https:\/\/octacell.com\/app\/uploads\/2026\/01\/080525_octacell_print-75-scaled-e1768397598464-1024x750.jpg\"\n        srcset=\"https:\/\/octacell.com\/app\/uploads\/2026\/01\/080525_octacell_print-75-scaled-e1768397598464-1024x750.jpg 1024w, https:\/\/octacell.com\/app\/uploads\/2026\/01\/080525_octacell_print-75-scaled-e1768397598464-300x220.jpg 300w, https:\/\/octacell.com\/app\/uploads\/2026\/01\/080525_octacell_print-75-scaled-e1768397598464-768x562.jpg 768w, https:\/\/octacell.com\/app\/uploads\/2026\/01\/080525_octacell_print-75-scaled-e1768397598464-1536x1125.jpg 1536w, https:\/\/octacell.com\/app\/uploads\/2026\/01\/080525_octacell_print-75-scaled-e1768397598464.jpg 1707w\"\n        sizes=\"(max-width: 1024px) 100vw, 1024px\"\n        alt=\"Eluttag och kontrollreglage monterade p\u00e5 en tr\u00e4v\u00e4gg inuti ett Octacell-arbetsrum.\"\n                class=\"high\"\n    >\n<\/div>\n<\/div>\n    <\/div>\n    <div class=\"flex-item six has-content\">\n        <div class=\"has-content\">\n\n<h2 class=\"wp-block-heading\">Skalbara, modul\u00e4ra och anpassningsbara<\/h2>\n\n\n\n<p>Arbetsrummen \u00e4r byggda f\u00f6r att kunna skala. Du kan allts\u00e5 justera m\u00e5tten \u00e4ven l\u00e5ngt efter montering. Det s\u00e4kerst\u00e4ller l\u00e5ngsiktig flexibilitet n\u00e4r hyresg\u00e4ster byts ut och aff\u00e4rsbehov f\u00f6r\u00e4ndras. <\/p>\n\n\n\n<p>I och med att v\u00e4ggar, d\u00f6rrar och f\u00f6nster \u00e4r modul\u00e4ra kan de flyttas och m\u00f6bleras om vid behov. Det g\u00f6r att du alltid kan optimera kontorsytan s\u00e5 effektivt som m\u00f6jligt. Tillgodose behoven hos allt fr\u00e5n startups och scale-ups till stora bolag och branschoberoende hybrida team \u2013 utan kostsamma och tidskr\u00e4vande ombyggnationer.  <\/p>\n\n\n\n<p>Du kan v\u00e4lja mellan olika ytskikt, f\u00e4rger och m\u00f6bler fr\u00e5n v\u00e5r katalog \u2013 eller skapa n\u00e5got helt eget som matchar hyresg\u00e4stens behov och varum\u00e4rke. <\/p>\n\n<\/div>\n    <\/div>\n<\/div>\n\n\n<div class=\"content-content\">\n    <div class=\"content-wrapper\">\n\n<h3 class=\"wp-block-heading has-text-align-center has-white-10-background-color has-background has-medium-font-size\">Arbetsrummens egenskaper<\/h3>\n\n\n\n<h5 class=\"wp-block-heading has-text-align-center has-white-10-background-color has-background has-small-font-size\">V\u00e5ra arbetsrum anpassar sig till alla arbetsmilj\u00f6er och anv\u00e4ndningsomr\u00e5den.<\/h5>\n\n\n<div class=\"block-elements\">\n    <div\n        class=\"flex content-items content-items-padded-small layout-background elements-items\"\n    >\n            <div\n            class=\"flex-item four\"\n        >\n            <div\n                class=\"elements-item\"\n            >\n                                        <div class=\"has-image\">\n                    <div\naria-label=\"\" class=\"image\"\n>\n    <img decoding=\"async\"\n        src=\"https:\/\/octacell.com\/app\/uploads\/2026\/01\/be4b7a3cdb24fb00c461ee77d2395e153d6e241f-1152x1408-1.avif\"\n        srcset=\"\"\n        sizes=\"(max-width: 1152px) 100vw, 1152px\"\n        alt=\"Octacell-arbetsrum med m\u00f6tesbord och stolar, sett utifr\u00e5n.\"\n                class=\"\"\n    >\n<\/div>\n                <\/div>\n                            <div class=\"has-content\">\n                                    <h3 class=\"title-demi\">\n                        F\u00e4rger\n                    <\/h3>\n                                                    <p>\n                        Anpassningsbara ytor och 32 alternativ f\u00f6r inv\u00e4ndig kl\u00e4dsel.\n                    <\/p>\n                                                <\/div>\n            <\/div>\n        <\/div>\n            <div\n            class=\"flex-item four\"\n        >\n            <div\n                class=\"elements-item\"\n            >\n                                        <div class=\"has-image\">\n                    <div\naria-label=\"\" class=\"image\"\n>\n    <img decoding=\"async\"\n        src=\"https:\/\/octacell.com\/app\/uploads\/2026\/01\/48818a13af774e35a97abae329fe3d24766792da-1152x1408-1.avif\"\n        srcset=\"\"\n        sizes=\"(max-width: 1152px) 100vw, 1152px\"\n        alt=\"Interi\u00f6r av ett Octacell-arbetsrum med skrivbord, stol och tr\u00e4paneler p\u00e5 v\u00e4ggarna.\"\n                class=\"\"\n    >\n<\/div>\n                <\/div>\n                            <div class=\"has-content\">\n                                    <h3 class=\"title-demi\">\n                        Inredning\n                    <\/h3>\n                                                    <p>\n                        Stort urval av m\u00f6bler &#8211; fr\u00e5n bord till videokonferenssystem.\n                    <\/p>\n                                                <\/div>\n            <\/div>\n        <\/div>\n            <div\n            class=\"flex-item four\"\n        >\n            <div\n                class=\"elements-item\"\n            >\n                                        <div class=\"has-image\">\n                    <div\naria-label=\"\" class=\"image\"\n>\n    <img decoding=\"async\"\n        src=\"https:\/\/octacell.com\/app\/uploads\/2026\/01\/2d3b05f6b6780e1c6076e9ec5d044e1715c891fe-1152x1408-1.avif\"\n        srcset=\"\"\n        sizes=\"(max-width: 1152px) 100vw, 1152px\"\n        alt=\"N\u00e4rbild av ett Octacell-m\u00f6tesrum.\"\n                class=\"\"\n    >\n<\/div>\n                <\/div>\n                            <div class=\"has-content\">\n                                    <h3 class=\"title-demi\">\n                        Tillval\n                    <\/h3>\n                                                    <p>\n                        L\u00e4gg till eldriven kylning, antibakteriella ytor, s\u00e4kerhet eller andra extrafunktioner.\n                    <\/p>\n                                                <\/div>\n            <\/div>\n        <\/div>\n        <\/div>\n<\/div>\n\n\n<div \n    class=\"has-buttons wp-block-buttons has-text-align-center\"\n>\n    <div>\n        <a\n            href=\"https:\/\/octacell.com\/sv\/funktioner\/\"\n            target=\"\"\n            class=\"btn btn-outline\"\n        >\n            Se alla funktioner\n                    <i class=\"lni lni-arrow-right\" aria-hidden=\"true\"><\/i>\n                <\/a>\n    <\/div>\n<\/div>\n\n<\/div>\n<\/div>\n\n\n<div class=\"content-content\">\n    <div class=\"content-wrapper\">\n\n<h2 class=\"wp-block-heading has-text-align-center has-light-color has-text-color has-link-color has-large-font-size wp-elements-374fa551dae95992b37bf0e3ea703afe\">Hur vill du skapa ditt arbetsrum?<\/h2>\n\n\n<div \n    class=\"has-buttons wp-block-buttons has-text-align-center\"\n>\n    <div>\n        <a\n            href=\"https:\/\/octacell.com\/configurator\/\"\n            target=\"\"\n            class=\"btn btn-outline-white\"\n        >\n            Skapa ditt eget\n                    <i class=\"lni lni-arrow-right\" aria-hidden=\"true\"><\/i>\n                <\/a>\n    <\/div>\n    <div>\n        <a\n            href=\"https:\/\/octacell.com\/products\/\"\n            target=\"\"\n            class=\"btn btn-outline-white\"\n        >\n            Se alla\n                    <i class=\"lni lni-arrow-right\" aria-hidden=\"true\"><\/i>\n                <\/a>\n    <\/div>\n    <div>\n        <a\n            href=\"https:\/\/octacell.com\/contact-us\/\"\n            target=\"\"\n            class=\"btn btn-outline-white\"\n        >\n            Kontakta oss\n                    <i class=\"lni lni-arrow-right\" aria-hidden=\"true\"><\/i>\n                <\/a>\n    <\/div>\n<\/div>\n\n<\/div>\n<\/div>\n","protected":false},"excerpt":{"rendered":"","protected":false},"author":1,"featured_media":0,"parent":0,"menu_order":7,"comment_status":"closed","ping_status":"closed","template":"","meta":{"_acf_changed":false,"footnotes":""},"class_list":["post-1605","page","type-page","status-publish","hentry"],"acf":[],"yoast_head":"<!-- This site is optimized with the Yoast SEO plugin v27.5 - https:\/\/yoast.com\/product\/yoast-seo-wordpress\/ -->\n<title>F\u00f6r fastighetsutvecklare | Octacell<\/title>\n<meta name=\"description\" content=\"Octacell bidrar till att g\u00f6ra fastigheter mer attraktiva och funktionella. Arbetsrummen m\u00f6jligg\u00f6r att bygga robusta kontorsmilj\u00f6er.\" \/>\n<meta name=\"robots\" content=\"index, follow, max-snippet:-1, max-image-preview:large, max-video-preview:-1\" \/>\n<link rel=\"canonical\" href=\"https:\/\/octacell.com\/sv\/for-fastighetsutvecklare\/\" \/>\n<meta property=\"og:locale\" content=\"sv_SE\" \/>\n<meta property=\"og:type\" content=\"article\" \/>\n<meta property=\"og:title\" content=\"F\u00f6r fastighetsutvecklare | Octacell\" \/>\n<meta property=\"og:description\" content=\"Octacell bidrar till att g\u00f6ra fastigheter mer attraktiva och funktionella. Arbetsrummen m\u00f6jligg\u00f6r att bygga robusta kontorsmilj\u00f6er.\" \/>\n<meta property=\"og:url\" content=\"https:\/\/octacell.com\/sv\/for-fastighetsutvecklare\/\" \/>\n<meta property=\"og:site_name\" content=\"Octacell\" \/>\n<meta property=\"article:modified_time\" content=\"2026-03-09T10:57:23+00:00\" \/>\n<meta name=\"twitter:card\" content=\"summary_large_image\" \/>\n<meta name=\"twitter:label1\" content=\"Est. reading time\" \/>\n\t<meta name=\"twitter:data1\" content=\"2 minutes\" \/>\n<script type=\"application\/ld+json\" class=\"yoast-schema-graph\">{\"@context\":\"https:\\\/\\\/schema.org\",\"@graph\":[{\"@type\":\"WebPage\",\"@id\":\"https:\\\/\\\/octacell.com\\\/sv\\\/for-fastighetsutvecklare\\\/\",\"url\":\"https:\\\/\\\/octacell.com\\\/sv\\\/for-fastighetsutvecklare\\\/\",\"name\":\"F\u00f6r fastighetsutvecklare | Octacell\",\"isPartOf\":{\"@id\":\"https:\\\/\\\/octacellcom\\\/#website\"},\"datePublished\":\"2026-01-13T11:20:10+00:00\",\"dateModified\":\"2026-03-09T10:57:23+00:00\",\"description\":\"Octacell bidrar till att g\u00f6ra fastigheter mer attraktiva och funktionella. Arbetsrummen m\u00f6jligg\u00f6r att bygga robusta kontorsmilj\u00f6er.\",\"breadcrumb\":{\"@id\":\"https:\\\/\\\/octacell.com\\\/sv\\\/for-fastighetsutvecklare\\\/#breadcrumb\"},\"inLanguage\":\"sv-SE\",\"potentialAction\":[{\"@type\":\"ReadAction\",\"target\":[\"https:\\\/\\\/octacell.com\\\/sv\\\/for-fastighetsutvecklare\\\/\"]}]},{\"@type\":\"BreadcrumbList\",\"@id\":\"https:\\\/\\\/octacell.com\\\/sv\\\/for-fastighetsutvecklare\\\/#breadcrumb\",\"itemListElement\":[{\"@type\":\"ListItem\",\"position\":1,\"name\":\"Home\",\"item\":\"https:\\\/\\\/octacell.com\\\/sv\\\/\"},{\"@type\":\"ListItem\",\"position\":2,\"name\":\"F\u00f6r fastighetsutvecklare\"}]},{\"@type\":\"WebSite\",\"@id\":\"https:\\\/\\\/octacellcom\\\/#website\",\"url\":\"https:\\\/\\\/octacellcom\\\/\",\"name\":\"Octacell\",\"description\":\"Vi erbjuder modul\u00e4ra och ljudisolerade kontorsrum, telefonb\u00e5s och m\u00f6tesrum f\u00f6r moderna \u00f6ppna kontorslandskap. Octacells l\u00f6sningar \u00f6kar arbetsro.\",\"inLanguage\":\"sv-SE\"}]}<\/script>\n<!-- \/ Yoast SEO plugin. -->","yoast_head_json":{"title":"F\u00f6r fastighetsutvecklare | Octacell","description":"Octacell bidrar till att g\u00f6ra fastigheter mer attraktiva och funktionella. Arbetsrummen m\u00f6jligg\u00f6r att bygga robusta kontorsmilj\u00f6er.","robots":{"index":"index","follow":"follow","max-snippet":"max-snippet:-1","max-image-preview":"max-image-preview:large","max-video-preview":"max-video-preview:-1"},"canonical":"https:\/\/octacell.com\/sv\/for-fastighetsutvecklare\/","og_locale":"sv_SE","og_type":"article","og_title":"F\u00f6r fastighetsutvecklare | Octacell","og_description":"Octacell bidrar till att g\u00f6ra fastigheter mer attraktiva och funktionella. Arbetsrummen m\u00f6jligg\u00f6r att bygga robusta kontorsmilj\u00f6er.","og_url":"https:\/\/octacell.com\/sv\/for-fastighetsutvecklare\/","og_site_name":"Octacell","article_modified_time":"2026-03-09T10:57:23+00:00","twitter_card":"summary_large_image","twitter_misc":{"Est. reading time":"2 minutes"},"schema":{"@context":"https:\/\/schema.org","@graph":[{"@type":"WebPage","@id":"https:\/\/octacell.com\/sv\/for-fastighetsutvecklare\/","url":"https:\/\/octacell.com\/sv\/for-fastighetsutvecklare\/","name":"F\u00f6r fastighetsutvecklare | Octacell","isPartOf":{"@id":"https:\/\/octacellcom\/#website"},"datePublished":"2026-01-13T11:20:10+00:00","dateModified":"2026-03-09T10:57:23+00:00","description":"Octacell bidrar till att g\u00f6ra fastigheter mer attraktiva och funktionella. Arbetsrummen m\u00f6jligg\u00f6r att bygga robusta kontorsmilj\u00f6er.","breadcrumb":{"@id":"https:\/\/octacell.com\/sv\/for-fastighetsutvecklare\/#breadcrumb"},"inLanguage":"sv-SE","potentialAction":[{"@type":"ReadAction","target":["https:\/\/octacell.com\/sv\/for-fastighetsutvecklare\/"]}]},{"@type":"BreadcrumbList","@id":"https:\/\/octacell.com\/sv\/for-fastighetsutvecklare\/#breadcrumb","itemListElement":[{"@type":"ListItem","position":1,"name":"Home","item":"https:\/\/octacell.com\/sv\/"},{"@type":"ListItem","position":2,"name":"F\u00f6r fastighetsutvecklare"}]},{"@type":"WebSite","@id":"https:\/\/octacellcom\/#website","url":"https:\/\/octacellcom\/","name":"Octacell","description":"Vi erbjuder modul\u00e4ra och ljudisolerade kontorsrum, telefonb\u00e5s och m\u00f6tesrum f\u00f6r moderna \u00f6ppna kontorslandskap. Octacells l\u00f6sningar \u00f6kar arbetsro.","inLanguage":"sv-SE"}]}},"_links":{"self":[{"href":"https:\/\/octacell.com\/sv\/wp-json\/wp\/v2\/pages\/1605","targetHints":{"allow":["GET"]}}],"collection":[{"href":"https:\/\/octacell.com\/sv\/wp-json\/wp\/v2\/pages"}],"about":[{"href":"https:\/\/octacell.com\/sv\/wp-json\/wp\/v2\/types\/page"}],"author":[{"embeddable":true,"href":"https:\/\/octacell.com\/sv\/wp-json\/wp\/v2\/users\/1"}],"replies":[{"embeddable":true,"href":"https:\/\/octacell.com\/sv\/wp-json\/wp\/v2\/comments?post=1605"}],"version-history":[{"count":7,"href":"https:\/\/octacell.com\/sv\/wp-json\/wp\/v2\/pages\/1605\/revisions"}],"predecessor-version":[{"id":3699,"href":"https:\/\/octacell.com\/sv\/wp-json\/wp\/v2\/pages\/1605\/revisions\/3699"}],"wp:attachment":[{"href":"https:\/\/octacell.com\/sv\/wp-json\/wp\/v2\/media?parent=1605"}],"curies":[{"name":"wp","href":"https:\/\/api.w.org\/{rel}","templated":true}]}}