{"id":1636,"date":"2026-01-21T10:41:07","date_gmt":"2026-01-21T08:41:07","guid":{"rendered":"https:\/\/octacell.com\/kontorsansvariga\/"},"modified":"2026-03-09T12:57:54","modified_gmt":"2026-03-09T10:57:54","slug":"kontorsansvariga","status":"publish","type":"page","link":"https:\/\/octacell.com\/sv\/kontorsansvariga\/","title":{"rendered":"F\u00f6r kontorsansvariga"},"content":{"rendered":"<div class=\"content-content\">\n    <div class=\"content-wrapper\">\n\n<h1 class=\"wp-block-heading has-large-font-size\">Skapa arbetsmilj\u00f6er som h\u00e5ller \u00f6ver tid<\/h1>\n\n\n\n<p class=\"has-large-font-size\">Vi g\u00f6r det enkelt f\u00f6r dig att skapa en funktionell och attraktiv arbetsplats. V\u00e5ra skalbara och modul\u00e4ra arbetsrum skapar en modern arbetsmilj\u00f6 som \u00e4r enkel att uppdatera n\u00e4r behoven f\u00f6r\u00e4ndras. Dessutom tar vi hand om att g\u00f6ra f\u00f6r\u00e4ndringarna \u00e5t dig \u2013 utan extra kostnad.  <\/p>\n\n<\/div>\n<\/div>\n\n\n<div\n    class=\"image-text-container flex content-items content-items-padded row-default layout-default style-high\"\n>\n    <div class=\"flex-item six has-image\">\n        <div\n    class=\"media-container width-default\"\n>\n    <div\naria-label=\"\" class=\"image image-high\"\n>\n    <img decoding=\"async\"\n        src=\"https:\/\/octacell.com\/app\/uploads\/2026\/01\/f465839535fd1e6fe26a84364ffc6d60e89fd2c4-1536x1280-1.avif\"\n        srcset=\"\"\n        sizes=\"(max-width: 1200px) 100vw, 1200px\"\n        alt=\"En person som arbetar inuti en Octacell-arbetsrum\"\n                class=\"high\"\n    >\n<\/div>\n<\/div>\n    <\/div>\n    <div class=\"flex-item six has-content\">\n        <div class=\"has-content\">\n\n<h2 class=\"wp-block-heading\">Ljudisolerade arbetsrum f\u00f6r fokus<\/h2>\n\n\n\n<p>Skapa ljudisolerade arbetsmilj\u00f6er med b\u00e4ttre fokus och avskildhet \u00e4n hemma. Vi hj\u00e4lper dig att s\u00e4tta upp arbetsrum f\u00f6r video- och telefonsamtal, st\u00f6rre m\u00f6ten och individuellt fokus \u2013 s\u00e5 att det alltid finns r\u00e4tt rum f\u00f6r r\u00e4tt jobb. <\/p>\n\n\n\n<p>Alla v\u00e5ra arbetsrum har minst ljudklass A, och m\u00e5nga n\u00e5r h\u00f6gre \u00e4n A+ enligt ISO 23351-1. De kan placeras var som helst i lokalen. <\/p>\n\n<\/div>\n    <\/div>\n<\/div>\n\n\n<div\n    class=\"image-text-container flex content-items content-items-padded row-reverse layout-default style-high\"\n>\n    <div class=\"flex-item six has-image\">\n        <div\n    class=\"media-container width-default\"\n>\n    <div\naria-label=\"\" class=\"image image-high\"\n>\n    <img decoding=\"async\"\n        src=\"https:\/\/octacell.com\/app\/uploads\/2026\/01\/c844680b4cb1ba76afd356c12a28cf90b11064ee-1698x1415-1.avif\"\n        srcset=\"\"\n        sizes=\"(max-width: 1200px) 100vw, 1200px\"\n        alt=\"En person som g\u00e5r in i en Octacell 2X1 f\u00f6r ett telefonsamtal.\"\n                class=\"high\"\n    >\n<\/div>\n<\/div>\n    <\/div>\n    <div class=\"flex-item six has-content\">\n        <div class=\"has-content\">\n\n<h2 class=\"wp-block-heading\">Personlig service och snabb leverans<\/h2>\n\n\n\n<p>Octacells arbetsrum levereras p\u00e5 fem veckor \u2013 fr\u00e5n best\u00e4llning till f\u00e4rdig installation. Vi jobbar n\u00e4ra dig f\u00f6r att definiera vilka typer av arbetsrum ni beh\u00f6ver. Resultatet blir att du f\u00e5r exakt det du s\u00f6ker snabbt. Och n\u00e4r nya behov dyker upp? D\u00e5 ringer du oss.   <\/p>\n\n<\/div>\n    <\/div>\n<\/div>\n\n\n<div\n    class=\"image-text-container flex content-items content-items-padded row-default layout-default style-high\"\n>\n    <div class=\"flex-item six has-image\">\n        <div\n    class=\"media-container width-default\"\n>\n    <div\naria-label=\"\" class=\"image image-high\"\n>\n    <img decoding=\"async\"\n        src=\"https:\/\/octacell.com\/app\/uploads\/2026\/01\/cde7483c9e079de6c588d24fffaf237bd97edf7a-1600x1333-1.avif\"\n        srcset=\"\"\n        sizes=\"(max-width: 1200px) 100vw, 1200px\"\n        alt=\"En person som lyfter en stol inuti en Octacell-arbetsrum\"\n                class=\"high\"\n    >\n<\/div>\n<\/div>\n    <\/div>\n    <div class=\"flex-item six has-content\">\n        <div class=\"has-content\">\n\n<h2 class=\"wp-block-heading\">Skalbara, modul\u00e4ra och flyttbara<\/h2>\n\n\n\n<p>Arbetsprocesser f\u00f6r\u00e4ndras st\u00e4ndigt \u2013 och arbetsrummen ska h\u00e4nga med. V\u00e5ra skalbara l\u00f6sningar \u00e4r designade f\u00f6r att anpassas efter din organisations behov, \u00e4ven l\u00e5ngt efter montering.\u2028Beh\u00f6ver du g\u00f6ra rummet st\u00f6rre? Inga problem. Vill du dela det i tv\u00e5 samtalsrum? Det \u00e4r redan klart.   <\/p>\n\n\n\n<p>Den modul\u00e4ra designen g\u00f6r det enkelt att optimera varje rum f\u00f6r fokus eller samarbete. Flytta v\u00e4ggar, d\u00f6rrar och f\u00f6nster precis som du vill. \u00d6ppen planl\u00f6sning eller privat kontor \u2013 vi anpassar designen utan extra kostnad.  <\/p>\n\n\n\n<p>N\u00e4r ni byter kontor f\u00f6ljer rummen med. Vi sk\u00f6ter flytt, montering och m\u00f6blerar arbetsrummen p\u00e5 det nya kontoret \u00e5t dig. Det g\u00f6r att v\u00e5ra arbetsrum \u00e4r en vettig och l\u00e5ngsiktig investering.  <\/p>\n\n<\/div>\n    <\/div>\n<\/div>\n\n\n<div class=\"content-content\">\n    <div class=\"content-wrapper\">\n\n<h3 class=\"wp-block-heading has-text-align-center has-white-10-background-color has-background has-medium-font-size\">Arbetsrummens egenskaper<\/h3>\n\n\n\n<h5 class=\"wp-block-heading has-text-align-center has-white-10-background-color has-background has-small-font-size\">V\u00e5ra arbetsrum anpassar sig till alla arbetsmilj\u00f6er och anv\u00e4ndningsomr\u00e5den.<\/h5>\n\n\n<div class=\"block-elements\">\n    <div\n        class=\"flex content-items content-items-padded-small layout-background elements-items\"\n    >\n            <div\n            class=\"flex-item four\"\n        >\n            <div\n                class=\"elements-item\"\n            >\n                                        <div class=\"has-image\">\n                    <div\naria-label=\"\" class=\"image\"\n>\n    <img decoding=\"async\"\n        src=\"https:\/\/octacell.com\/app\/uploads\/2026\/01\/be4b7a3cdb24fb00c461ee77d2395e153d6e241f-1152x1408-1.avif\"\n        srcset=\"\"\n        sizes=\"(max-width: 1152px) 100vw, 1152px\"\n        alt=\"Octacell-arbetsrum med m\u00f6tesbord och stolar, sett utifr\u00e5n.\"\n                class=\"\"\n    >\n<\/div>\n                <\/div>\n                            <div class=\"has-content\">\n                                    <h3 class=\"title-demi\">\n                        F\u00e4rger\n                    <\/h3>\n                                                    <p>\n                        Anpassningsbara ytor och 32 alternativ f\u00f6r inv\u00e4ndig kl\u00e4dsel.\n                    <\/p>\n                                                <\/div>\n            <\/div>\n        <\/div>\n            <div\n            class=\"flex-item four\"\n        >\n            <div\n                class=\"elements-item\"\n            >\n                                        <div class=\"has-image\">\n                    <div\naria-label=\"\" class=\"image\"\n>\n    <img decoding=\"async\"\n        src=\"https:\/\/octacell.com\/app\/uploads\/2026\/01\/48818a13af774e35a97abae329fe3d24766792da-1152x1408-1.avif\"\n        srcset=\"\"\n        sizes=\"(max-width: 1152px) 100vw, 1152px\"\n        alt=\"Interi\u00f6r av ett Octacell-arbetsrum med skrivbord, stol och tr\u00e4paneler p\u00e5 v\u00e4ggarna.\"\n                class=\"\"\n    >\n<\/div>\n                <\/div>\n                            <div class=\"has-content\">\n                                    <h3 class=\"title-demi\">\n                        Inredning\n                    <\/h3>\n                                                    <p>\n                        Stort urval av m\u00f6bler &#8211; fr\u00e5n bord till videokonferenssystem.\n                    <\/p>\n                                                <\/div>\n            <\/div>\n        <\/div>\n            <div\n            class=\"flex-item four\"\n        >\n            <div\n                class=\"elements-item\"\n            >\n                                        <div class=\"has-image\">\n                    <div\naria-label=\"\" class=\"image\"\n>\n    <img decoding=\"async\"\n        src=\"https:\/\/octacell.com\/app\/uploads\/2026\/01\/2d3b05f6b6780e1c6076e9ec5d044e1715c891fe-1152x1408-1.avif\"\n        srcset=\"\"\n        sizes=\"(max-width: 1152px) 100vw, 1152px\"\n        alt=\"N\u00e4rbild av ett Octacell-m\u00f6tesrum.\"\n                class=\"\"\n    >\n<\/div>\n                <\/div>\n                            <div class=\"has-content\">\n                                    <h3 class=\"title-demi\">\n                        Tillval\n                    <\/h3>\n                                                    <p>\n                        L\u00e4gg till eldriven kylning, antibakteriella ytor, s\u00e4kerhet eller andra extrafunktioner.\n                    <\/p>\n                                                <\/div>\n            <\/div>\n        <\/div>\n        <\/div>\n<\/div>\n\n\n<div \n    class=\"has-buttons wp-block-buttons has-text-align-center\"\n>\n    <div>\n        <a\n            href=\"https:\/\/octacell.com\/sv\/funktioner\/\"\n            target=\"\"\n            class=\"btn btn-outline\"\n        >\n            Se alla funktioner\n                    <i class=\"lni lni-arrow-right\" aria-hidden=\"true\"><\/i>\n                <\/a>\n    <\/div>\n<\/div>\n\n<\/div>\n<\/div>\n\n\n<div class=\"content-content\">\n    <div class=\"content-wrapper\">\n\n<h2 class=\"wp-block-heading has-text-align-center has-light-color has-text-color has-link-color has-large-font-size wp-elements-374fa551dae95992b37bf0e3ea703afe\">Hur vill du skapa ditt arbetsrum?<\/h2>\n\n\n<div \n    class=\"has-buttons wp-block-buttons has-text-align-center\"\n>\n    <div>\n        <a\n            href=\"https:\/\/octacell.com\/configurator\/\"\n            target=\"\"\n            class=\"btn btn-outline-white\"\n        >\n            Skapa ditt eget\n                    <i class=\"lni lni-arrow-right\" aria-hidden=\"true\"><\/i>\n                <\/a>\n    <\/div>\n    <div>\n        <a\n            href=\"https:\/\/octacell.com\/products\/\"\n            target=\"\"\n            class=\"btn btn-outline-white\"\n        >\n            Se alla\n                    <i class=\"lni lni-arrow-right\" aria-hidden=\"true\"><\/i>\n                <\/a>\n    <\/div>\n    <div>\n        <a\n            href=\"https:\/\/octacell.com\/contact-us\/\"\n            target=\"\"\n            class=\"btn btn-outline-white\"\n        >\n            Kontakta oss\n                    <i class=\"lni lni-arrow-right\" aria-hidden=\"true\"><\/i>\n                <\/a>\n    <\/div>\n<\/div>\n\n<\/div>\n<\/div>\n","protected":false},"excerpt":{"rendered":"","protected":false},"author":3,"featured_media":0,"parent":0,"menu_order":7,"comment_status":"closed","ping_status":"closed","template":"","meta":{"_acf_changed":false,"footnotes":""},"class_list":["post-1636","page","type-page","status-publish","hentry"],"acf":[],"yoast_head":"<!-- This site is optimized with the Yoast SEO plugin v27.5 - https:\/\/yoast.com\/product\/yoast-seo-wordpress\/ -->\n<title>F\u00f6r kontorsansvariga<\/title>\n<meta name=\"description\" content=\"V\u00e5ra skalbara och modul\u00e4ra arbetsrum \u00e4r en l\u00e5ngsiktig l\u00f6sning f\u00f6r att skapa en arbetsmilj\u00f6 som alltid kan anpassas \u2013 utan extra investeringar.\" \/>\n<meta name=\"robots\" content=\"index, follow, max-snippet:-1, max-image-preview:large, max-video-preview:-1\" \/>\n<link rel=\"canonical\" href=\"https:\/\/octacell.com\/sv\/kontorsansvariga\/\" \/>\n<meta property=\"og:locale\" content=\"sv_SE\" \/>\n<meta property=\"og:type\" content=\"article\" \/>\n<meta property=\"og:title\" content=\"F\u00f6r kontorsansvariga\" \/>\n<meta property=\"og:description\" content=\"V\u00e5ra skalbara och modul\u00e4ra arbetsrum \u00e4r en l\u00e5ngsiktig l\u00f6sning f\u00f6r att skapa en arbetsmilj\u00f6 som alltid kan anpassas \u2013 utan extra investeringar.\" \/>\n<meta property=\"og:url\" content=\"https:\/\/octacell.com\/sv\/kontorsansvariga\/\" \/>\n<meta property=\"og:site_name\" content=\"Octacell\" \/>\n<meta property=\"article:modified_time\" content=\"2026-03-09T10:57:54+00:00\" \/>\n<meta name=\"twitter:card\" content=\"summary_large_image\" \/>\n<meta name=\"twitter:label1\" content=\"Est. reading time\" \/>\n\t<meta name=\"twitter:data1\" content=\"2 minutes\" \/>\n<script type=\"application\/ld+json\" class=\"yoast-schema-graph\">{\"@context\":\"https:\\\/\\\/schema.org\",\"@graph\":[{\"@type\":\"WebPage\",\"@id\":\"https:\\\/\\\/octacell.com\\\/sv\\\/kontorsansvariga\\\/\",\"url\":\"https:\\\/\\\/octacell.com\\\/sv\\\/kontorsansvariga\\\/\",\"name\":\"F\u00f6r kontorsansvariga\",\"isPartOf\":{\"@id\":\"https:\\\/\\\/octacellcom\\\/#website\"},\"datePublished\":\"2026-01-21T08:41:07+00:00\",\"dateModified\":\"2026-03-09T10:57:54+00:00\",\"description\":\"V\u00e5ra skalbara och modul\u00e4ra arbetsrum \u00e4r en l\u00e5ngsiktig l\u00f6sning f\u00f6r att skapa en arbetsmilj\u00f6 som alltid kan anpassas \u2013 utan extra investeringar.\",\"breadcrumb\":{\"@id\":\"https:\\\/\\\/octacell.com\\\/sv\\\/kontorsansvariga\\\/#breadcrumb\"},\"inLanguage\":\"sv-SE\",\"potentialAction\":[{\"@type\":\"ReadAction\",\"target\":[\"https:\\\/\\\/octacell.com\\\/sv\\\/kontorsansvariga\\\/\"]}]},{\"@type\":\"BreadcrumbList\",\"@id\":\"https:\\\/\\\/octacell.com\\\/sv\\\/kontorsansvariga\\\/#breadcrumb\",\"itemListElement\":[{\"@type\":\"ListItem\",\"position\":1,\"name\":\"Home\",\"item\":\"https:\\\/\\\/octacell.com\\\/sv\\\/\"},{\"@type\":\"ListItem\",\"position\":2,\"name\":\"F\u00f6r kontorsansvariga\"}]},{\"@type\":\"WebSite\",\"@id\":\"https:\\\/\\\/octacellcom\\\/#website\",\"url\":\"https:\\\/\\\/octacellcom\\\/\",\"name\":\"Octacell\",\"description\":\"Vi erbjuder modul\u00e4ra och ljudisolerade kontorsrum, telefonb\u00e5s och m\u00f6tesrum f\u00f6r moderna \u00f6ppna kontorslandskap. Octacells l\u00f6sningar \u00f6kar arbetsro.\",\"inLanguage\":\"sv-SE\"}]}<\/script>\n<!-- \/ Yoast SEO plugin. -->","yoast_head_json":{"title":"F\u00f6r kontorsansvariga","description":"V\u00e5ra skalbara och modul\u00e4ra arbetsrum \u00e4r en l\u00e5ngsiktig l\u00f6sning f\u00f6r att skapa en arbetsmilj\u00f6 som alltid kan anpassas \u2013 utan extra investeringar.","robots":{"index":"index","follow":"follow","max-snippet":"max-snippet:-1","max-image-preview":"max-image-preview:large","max-video-preview":"max-video-preview:-1"},"canonical":"https:\/\/octacell.com\/sv\/kontorsansvariga\/","og_locale":"sv_SE","og_type":"article","og_title":"F\u00f6r kontorsansvariga","og_description":"V\u00e5ra skalbara och modul\u00e4ra arbetsrum \u00e4r en l\u00e5ngsiktig l\u00f6sning f\u00f6r att skapa en arbetsmilj\u00f6 som alltid kan anpassas \u2013 utan extra investeringar.","og_url":"https:\/\/octacell.com\/sv\/kontorsansvariga\/","og_site_name":"Octacell","article_modified_time":"2026-03-09T10:57:54+00:00","twitter_card":"summary_large_image","twitter_misc":{"Est. reading time":"2 minutes"},"schema":{"@context":"https:\/\/schema.org","@graph":[{"@type":"WebPage","@id":"https:\/\/octacell.com\/sv\/kontorsansvariga\/","url":"https:\/\/octacell.com\/sv\/kontorsansvariga\/","name":"F\u00f6r kontorsansvariga","isPartOf":{"@id":"https:\/\/octacellcom\/#website"},"datePublished":"2026-01-21T08:41:07+00:00","dateModified":"2026-03-09T10:57:54+00:00","description":"V\u00e5ra skalbara och modul\u00e4ra arbetsrum \u00e4r en l\u00e5ngsiktig l\u00f6sning f\u00f6r att skapa en arbetsmilj\u00f6 som alltid kan anpassas \u2013 utan extra investeringar.","breadcrumb":{"@id":"https:\/\/octacell.com\/sv\/kontorsansvariga\/#breadcrumb"},"inLanguage":"sv-SE","potentialAction":[{"@type":"ReadAction","target":["https:\/\/octacell.com\/sv\/kontorsansvariga\/"]}]},{"@type":"BreadcrumbList","@id":"https:\/\/octacell.com\/sv\/kontorsansvariga\/#breadcrumb","itemListElement":[{"@type":"ListItem","position":1,"name":"Home","item":"https:\/\/octacell.com\/sv\/"},{"@type":"ListItem","position":2,"name":"F\u00f6r kontorsansvariga"}]},{"@type":"WebSite","@id":"https:\/\/octacellcom\/#website","url":"https:\/\/octacellcom\/","name":"Octacell","description":"Vi erbjuder modul\u00e4ra och ljudisolerade kontorsrum, telefonb\u00e5s och m\u00f6tesrum f\u00f6r moderna \u00f6ppna kontorslandskap. Octacells l\u00f6sningar \u00f6kar arbetsro.","inLanguage":"sv-SE"}]}},"_links":{"self":[{"href":"https:\/\/octacell.com\/sv\/wp-json\/wp\/v2\/pages\/1636","targetHints":{"allow":["GET"]}}],"collection":[{"href":"https:\/\/octacell.com\/sv\/wp-json\/wp\/v2\/pages"}],"about":[{"href":"https:\/\/octacell.com\/sv\/wp-json\/wp\/v2\/types\/page"}],"author":[{"embeddable":true,"href":"https:\/\/octacell.com\/sv\/wp-json\/wp\/v2\/users\/3"}],"replies":[{"embeddable":true,"href":"https:\/\/octacell.com\/sv\/wp-json\/wp\/v2\/comments?post=1636"}],"version-history":[{"count":7,"href":"https:\/\/octacell.com\/sv\/wp-json\/wp\/v2\/pages\/1636\/revisions"}],"predecessor-version":[{"id":3700,"href":"https:\/\/octacell.com\/sv\/wp-json\/wp\/v2\/pages\/1636\/revisions\/3700"}],"wp:attachment":[{"href":"https:\/\/octacell.com\/sv\/wp-json\/wp\/v2\/media?parent=1636"}],"curies":[{"name":"wp","href":"https:\/\/api.w.org\/{rel}","templated":true}]}}