{"id":834,"date":"2025-11-28T17:53:47","date_gmt":"2025-11-28T15:53:47","guid":{"rendered":"https:\/\/octacell.com\/referenser\/"},"modified":"2026-02-06T13:57:14","modified_gmt":"2026-02-06T11:57:14","slug":"referenser","status":"publish","type":"page","link":"https:\/\/octacell.com\/sv\/referenser\/","title":{"rendered":"Referenser"},"content":{"rendered":"<div class=\"content-content\">\n    <div class=\"content-wrapper\">\n\n<h2 class=\"wp-block-heading has-large-font-size\">Kolla in v\u00e5ra arbetsrum<\/h2>\n\n\n\n<p class=\"has-large-font-size\">Octacell arbetsrum anv\u00e4nds i olika typer av arbetsmilj\u00f6er d\u00e4r fokuserat arbete, m\u00f6ten och avskildhet \u00e4r en del av vardagen. Nedan finns exempel p\u00e5 hur Octacell arbetsrum har integrerats i kontor, produktionsmilj\u00f6er och kundtj\u00e4nstutrymmen.<\/p>\n\n<\/div>\n<\/div>\n\n\n<div class=\"block-references block-references-logos\">\n    <div class=\"flex logo-wall content-items content-items-padded-tiny\">\n            <div class=\"flex-item two\">\n            <a href=\"https:\/\/octacell.com\/sv\/referens\/metropolia-hymy-kyla\/\">\n                <div\naria-label=\"\" class=\"image image-logo image-grayscale\"\n>\n    <img decoding=\"async\"\n        src=\"https:\/\/octacell.com\/app\/uploads\/2026\/03\/metropolia-logo-hymykyla-2400x735.png\"\n        srcset=\"https:\/\/octacell.com\/app\/uploads\/2026\/03\/metropolia-logo-hymykyla-2400x735.png 2400w, https:\/\/octacell.com\/app\/uploads\/2026\/03\/metropolia-logo-hymykyla-1400x429.png 1400w, https:\/\/octacell.com\/app\/uploads\/2026\/03\/metropolia-logo-hymykyla-768x235.png 768w, https:\/\/octacell.com\/app\/uploads\/2026\/03\/metropolia-logo-hymykyla-1536x470.png 1536w, https:\/\/octacell.com\/app\/uploads\/2026\/03\/metropolia-logo-hymykyla-2048x627.png 2048w\"\n        sizes=\"(max-width: 2400px) 100vw, 2400px\"\n        alt=\"Metropolia logo\"\n                class=\"logo image-grayscale\"\n    >\n<\/div>\n            <\/a>\n        <\/div>\n            <div class=\"flex-item two\">\n            <a href=\"https:\/\/octacell.com\/sv\/referens\/visma\/\">\n                <div\naria-label=\"\" class=\"image image-logo image-grayscale\"\n>\n    <img decoding=\"async\"\n        src=\"https:\/\/octacell.com\/app\/uploads\/2026\/01\/89f4449a44cc474de69e5ed0070ece90d9903e9b-499x92-1.avif\"\n        srcset=\"\"\n        sizes=\"(max-width: 499px) 100vw, 499px\"\n        alt=\"Visma logo\"\n                class=\"logo image-grayscale\"\n    >\n<\/div>\n            <\/a>\n        <\/div>\n            <div class=\"flex-item two\">\n            <a href=\"https:\/\/octacell.com\/sv\/referens\/marimekko\/\">\n                <div\naria-label=\"\" class=\"image image-logo image-grayscale\"\n>\n    <img decoding=\"async\"\n        src=\"https:\/\/octacell.com\/app\/uploads\/2026\/01\/3011267b5121c1cf8e748ac14590f5c38591bfdc-507x60-1.avif\"\n        srcset=\"\"\n        sizes=\"(max-width: 507px) 100vw, 507px\"\n        alt=\"marimekko logo\"\n                class=\"logo image-grayscale\"\n    >\n<\/div>\n            <\/a>\n        <\/div>\n            <div class=\"flex-item two\">\n            <a href=\"https:\/\/octacell.com\/sv\/referens\/sponda\/\">\n                <div\naria-label=\"\" class=\"image image-logo image-grayscale\"\n>\n    <img decoding=\"async\"\n        src=\"https:\/\/octacell.com\/app\/uploads\/2026\/01\/sponda-logo.jpg\"\n        srcset=\"\"\n        sizes=\"(max-width: 320px) 100vw, 320px\"\n        alt=\"\"\n                class=\"logo image-grayscale\"\n    >\n<\/div>\n            <\/a>\n        <\/div>\n            <div class=\"flex-item two\">\n            <a href=\"https:\/\/octacell.com\/sv\/referens\/wolt\/\">\n                <div\naria-label=\"\" class=\"image image-logo image-grayscale\"\n>\n    <img decoding=\"async\"\n        src=\"https:\/\/octacell.com\/app\/uploads\/2026\/01\/c146c63a35a90ebede4ad9d83a211a0f1b63cefc-410x148-1.avif\"\n        srcset=\"\"\n        sizes=\"(max-width: 410px) 100vw, 410px\"\n        alt=\"Wolt logo\"\n                class=\"logo image-grayscale\"\n    >\n<\/div>\n            <\/a>\n        <\/div>\n            <div class=\"flex-item two\">\n            <a href=\"https:\/\/octacell.com\/sv\/referens\/raisio\/\">\n                <div\naria-label=\"\" class=\"image image-logo image-grayscale\"\n>\n    <img decoding=\"async\"\n        src=\"https:\/\/octacell.com\/app\/uploads\/2026\/01\/Raisio_municipality_logo.svg\"\n        srcset=\"\"\n        sizes=\"(max-width: 1px) 100vw, 1px\"\n        alt=\"Raisio logo\"\n                class=\"logo image-grayscale\"\n    >\n<\/div>\n            <\/a>\n        <\/div>\n            <div class=\"flex-item two\">\n            <a href=\"https:\/\/octacell.com\/sv\/referens\/fortum\/\">\n                <div\naria-label=\"\" class=\"image image-logo image-grayscale\"\n>\n    <img decoding=\"async\"\n        src=\"https:\/\/octacell.com\/app\/uploads\/2026\/01\/fortum-logo.png\"\n        srcset=\"\"\n        sizes=\"(max-width: 463px) 100vw, 463px\"\n        alt=\"\"\n                class=\"logo image-grayscale\"\n    >\n<\/div>\n            <\/a>\n        <\/div>\n            <div class=\"flex-item two\">\n            <a href=\"https:\/\/octacell.com\/sv\/referens\/halton\/\">\n                <div\naria-label=\"\" class=\"image image-logo image-grayscale\"\n>\n    <img decoding=\"async\"\n        src=\"https:\/\/octacell.com\/app\/uploads\/2026\/01\/halton-logo.png\"\n        srcset=\"\"\n        sizes=\"(max-width: 371px) 100vw, 371px\"\n        alt=\"\"\n                class=\"logo image-grayscale\"\n    >\n<\/div>\n            <\/a>\n        <\/div>\n            <div class=\"flex-item two\">\n            <a href=\"https:\/\/octacell.com\/sv\/referens\/skarta-energy\/\">\n                <div\naria-label=\"\" class=\"image image-logo image-grayscale\"\n>\n    <img decoding=\"async\"\n        src=\"https:\/\/octacell.com\/app\/uploads\/2025\/11\/skarta-logo.svg\"\n        srcset=\"\"\n        sizes=\"(max-width: 1px) 100vw, 1px\"\n        alt=\"\"\n                class=\"logo image-grayscale\"\n    >\n<\/div>\n            <\/a>\n        <\/div>\n            <div class=\"flex-item two\">\n            <a href=\"https:\/\/octacell.com\/sv\/referens\/vaisala\/\">\n                <div\naria-label=\"\" class=\"image image-logo image-grayscale\"\n>\n    <img decoding=\"async\"\n        src=\"https:\/\/octacell.com\/app\/uploads\/2025\/11\/9c7ecbe7316a2103831f9083bf928c901f7f47a3-506x136-1.avif\"\n        srcset=\"\"\n        sizes=\"(max-width: 506px) 100vw, 506px\"\n        alt=\"Vaisala logo\"\n                class=\"logo image-grayscale\"\n    >\n<\/div>\n            <\/a>\n        <\/div>\n        <\/div>\n<\/div>\n\n\n<div class=\"content-content\">\n    <div class=\"content-wrapper\">\n\n<h2 class=\"wp-block-heading\">Referenser<\/h2>\n\n<\/div>\n<\/div>\n","protected":false},"excerpt":{"rendered":"","protected":false},"author":1,"featured_media":0,"parent":0,"menu_order":4,"comment_status":"closed","ping_status":"closed","template":"template-references.blade.php","meta":{"_acf_changed":false,"footnotes":""},"class_list":["post-834","page","type-page","status-publish","hentry"],"acf":[],"yoast_head":"<!-- This site is optimized with the Yoast SEO plugin v27.4 - https:\/\/yoast.com\/product\/yoast-seo-wordpress\/ -->\n<title>V\u00e5ra referenser | Octacell<\/title>\n<meta name=\"description\" content=\"Se hur Octacells arbetsrumsl\u00f6sningar passar kontor, offentlig service, kundservice och expertarbete.\" \/>\n<meta name=\"robots\" content=\"index, follow, max-snippet:-1, max-image-preview:large, max-video-preview:-1\" \/>\n<link rel=\"canonical\" href=\"https:\/\/octacell.com\/sv\/referenser\/\" \/>\n<meta property=\"og:locale\" content=\"sv_SE\" \/>\n<meta property=\"og:type\" content=\"article\" \/>\n<meta property=\"og:title\" content=\"V\u00e5ra referenser | Octacell\" \/>\n<meta property=\"og:description\" content=\"Se hur Octacells arbetsrumsl\u00f6sningar passar kontor, offentlig service, kundservice och expertarbete.\" \/>\n<meta property=\"og:url\" content=\"https:\/\/octacell.com\/sv\/referenser\/\" \/>\n<meta property=\"og:site_name\" content=\"Octacell\" \/>\n<meta property=\"article:modified_time\" content=\"2026-02-06T11:57:14+00:00\" \/>\n<meta name=\"twitter:card\" content=\"summary_large_image\" \/>\n<meta name=\"twitter:label1\" content=\"Est. reading time\" \/>\n\t<meta name=\"twitter:data1\" content=\"1 minute\" \/>\n<script type=\"application\/ld+json\" class=\"yoast-schema-graph\">{\"@context\":\"https:\\\/\\\/schema.org\",\"@graph\":[{\"@type\":\"WebPage\",\"@id\":\"https:\\\/\\\/octacell.com\\\/sv\\\/referenser\\\/\",\"url\":\"https:\\\/\\\/octacell.com\\\/sv\\\/referenser\\\/\",\"name\":\"V\u00e5ra referenser | Octacell\",\"isPartOf\":{\"@id\":\"https:\\\/\\\/octacellcom\\\/#website\"},\"datePublished\":\"2025-11-28T15:53:47+00:00\",\"dateModified\":\"2026-02-06T11:57:14+00:00\",\"description\":\"Se hur Octacells arbetsrumsl\u00f6sningar passar kontor, offentlig service, kundservice och expertarbete.\",\"breadcrumb\":{\"@id\":\"https:\\\/\\\/octacell.com\\\/sv\\\/referenser\\\/#breadcrumb\"},\"inLanguage\":\"sv-SE\",\"potentialAction\":[{\"@type\":\"ReadAction\",\"target\":[\"https:\\\/\\\/octacell.com\\\/sv\\\/referenser\\\/\"]}]},{\"@type\":\"BreadcrumbList\",\"@id\":\"https:\\\/\\\/octacell.com\\\/sv\\\/referenser\\\/#breadcrumb\",\"itemListElement\":[{\"@type\":\"ListItem\",\"position\":1,\"name\":\"Home\",\"item\":\"https:\\\/\\\/octacell.com\\\/sv\\\/\"},{\"@type\":\"ListItem\",\"position\":2,\"name\":\"Referenser\"}]},{\"@type\":\"WebSite\",\"@id\":\"https:\\\/\\\/octacellcom\\\/#website\",\"url\":\"https:\\\/\\\/octacellcom\\\/\",\"name\":\"Octacell\",\"description\":\"Vi erbjuder modul\u00e4ra och ljudisolerade kontorsrum, telefonb\u00e5s och m\u00f6tesrum f\u00f6r moderna \u00f6ppna kontorslandskap. Octacells l\u00f6sningar \u00f6kar arbetsro.\",\"inLanguage\":\"sv-SE\"}]}<\/script>\n<!-- \/ Yoast SEO plugin. -->","yoast_head_json":{"title":"V\u00e5ra referenser | Octacell","description":"Se hur Octacells arbetsrumsl\u00f6sningar passar kontor, offentlig service, kundservice och expertarbete.","robots":{"index":"index","follow":"follow","max-snippet":"max-snippet:-1","max-image-preview":"max-image-preview:large","max-video-preview":"max-video-preview:-1"},"canonical":"https:\/\/octacell.com\/sv\/referenser\/","og_locale":"sv_SE","og_type":"article","og_title":"V\u00e5ra referenser | Octacell","og_description":"Se hur Octacells arbetsrumsl\u00f6sningar passar kontor, offentlig service, kundservice och expertarbete.","og_url":"https:\/\/octacell.com\/sv\/referenser\/","og_site_name":"Octacell","article_modified_time":"2026-02-06T11:57:14+00:00","twitter_card":"summary_large_image","twitter_misc":{"Est. reading time":"1 minute"},"schema":{"@context":"https:\/\/schema.org","@graph":[{"@type":"WebPage","@id":"https:\/\/octacell.com\/sv\/referenser\/","url":"https:\/\/octacell.com\/sv\/referenser\/","name":"V\u00e5ra referenser | Octacell","isPartOf":{"@id":"https:\/\/octacellcom\/#website"},"datePublished":"2025-11-28T15:53:47+00:00","dateModified":"2026-02-06T11:57:14+00:00","description":"Se hur Octacells arbetsrumsl\u00f6sningar passar kontor, offentlig service, kundservice och expertarbete.","breadcrumb":{"@id":"https:\/\/octacell.com\/sv\/referenser\/#breadcrumb"},"inLanguage":"sv-SE","potentialAction":[{"@type":"ReadAction","target":["https:\/\/octacell.com\/sv\/referenser\/"]}]},{"@type":"BreadcrumbList","@id":"https:\/\/octacell.com\/sv\/referenser\/#breadcrumb","itemListElement":[{"@type":"ListItem","position":1,"name":"Home","item":"https:\/\/octacell.com\/sv\/"},{"@type":"ListItem","position":2,"name":"Referenser"}]},{"@type":"WebSite","@id":"https:\/\/octacellcom\/#website","url":"https:\/\/octacellcom\/","name":"Octacell","description":"Vi erbjuder modul\u00e4ra och ljudisolerade kontorsrum, telefonb\u00e5s och m\u00f6tesrum f\u00f6r moderna \u00f6ppna kontorslandskap. Octacells l\u00f6sningar \u00f6kar arbetsro.","inLanguage":"sv-SE"}]}},"_links":{"self":[{"href":"https:\/\/octacell.com\/sv\/wp-json\/wp\/v2\/pages\/834","targetHints":{"allow":["GET"]}}],"collection":[{"href":"https:\/\/octacell.com\/sv\/wp-json\/wp\/v2\/pages"}],"about":[{"href":"https:\/\/octacell.com\/sv\/wp-json\/wp\/v2\/types\/page"}],"author":[{"embeddable":true,"href":"https:\/\/octacell.com\/sv\/wp-json\/wp\/v2\/users\/1"}],"replies":[{"embeddable":true,"href":"https:\/\/octacell.com\/sv\/wp-json\/wp\/v2\/comments?post=834"}],"version-history":[{"count":6,"href":"https:\/\/octacell.com\/sv\/wp-json\/wp\/v2\/pages\/834\/revisions"}],"predecessor-version":[{"id":3462,"href":"https:\/\/octacell.com\/sv\/wp-json\/wp\/v2\/pages\/834\/revisions\/3462"}],"wp:attachment":[{"href":"https:\/\/octacell.com\/sv\/wp-json\/wp\/v2\/media?parent=834"}],"curies":[{"name":"wp","href":"https:\/\/api.w.org\/{rel}","templated":true}]}}