{"id":849,"date":"2026-01-25T20:31:34","date_gmt":"2026-01-25T18:31:34","guid":{"rendered":"https:\/\/octacell.com\/company\/"},"modified":"2026-03-16T13:33:10","modified_gmt":"2026-03-16T11:33:10","slug":"foretaget","status":"publish","type":"page","link":"https:\/\/octacell.com\/sv\/foretaget\/","title":{"rendered":"F\u00f6retaget"},"content":{"rendered":"<div\n    class=\"media-container width-default\"\n>\n    <div\naria-label=\"\" class=\"image image-low image-polygons\"\n>\n    <video\n        loop\n        muted\n        autoplay\n        playsinline\n        alt=\"\"\n        >\n        <source src=\"https:\/\/octacell.com\/app\/uploads\/2026\/01\/60cbe30f28bb6072f68d3ed6a66e89f565bbd765.mp4\" type=\"video\/mp4\">\n    <\/video>\n            <div class=\"video-controls\">\n        <button data-video-control=\"pause\" aria-label=\"Pys\u00e4yt\u00e4 video\">\n            <i class=\"fa-solid fa-pause\"><\/i>\n        <\/button>\n        <button data-video-control=\"play\" aria-label=\"Toista video\">\n            <i class=\"fa-solid fa-play\"><\/i>\n        <\/button>\n    <\/div>\n<\/div>\n<\/div>\n\n\n<div class=\"content-content\">\n    <div class=\"content-wrapper\">\n\n<h1 class=\"wp-block-heading has-text-align-center has-large-font-size\">Framtidss\u00e4kra arbetsplatsen<\/h1>\n\n\n\n<p class=\"has-text-align-center\">Vi skapar skalbara arbetsrum som alltid anpassar sig efter den moderna arbetsplatsen.\u2028Fr\u00e5n telefonb\u00e5s till m\u00f6tesrum \u2013 v\u00e5ra produkter har branschledande ljudisolering, s\u00f6ml\u00f6s ventilation och en modul\u00e4r design. S\u00e5 hj\u00e4lper vi f\u00f6retag att skapa arbetsmilj\u00f6er f\u00f6r produktivitet, avskildhet och arbetsro.<\/p>\n\n<\/div>\n<\/div>\n\n\n<div\n    class=\"image-text-container flex content-items content-items-padded row-default layout-default style-high\"\n>\n    <div class=\"flex-item six has-image\">\n        <div\n    class=\"media-container width-default\"\n>\n    <div\naria-label=\"\" class=\"image image-high\"\n>\n    <img decoding=\"async\"\n        src=\"https:\/\/octacell.com\/app\/uploads\/2026\/01\/c5a5444399f549b2adb119bac61ffda9ff4f776d-1907x1589-1.avif\"\n        srcset=\"\"\n        sizes=\"(max-width: 1907px) 100vw, 1907px\"\n        alt=\"People sitting inside Octacell 3X2 having a meeting\"\n                class=\"high\"\n    >\n<\/div>\n<\/div>\n    <\/div>\n    <div class=\"flex-item six has-content\">\n        <div class=\"has-content\">\n\n<h2 class=\"wp-block-heading\">Nya krav p\u00e5 arbetsplatsen<\/h2>\n\n\n\n<p>Fast byggnation h\u00e4nger inte alltid med n\u00e4r arbetslivet f\u00f6r\u00e4ndras. V\u00e5ra arbetsrum \u00e4r byggda f\u00f6r att enkelt kunna anpassas, vilket ger l\u00e5ng livsl\u00e4ngd och l\u00e4gre kostnader.<\/p>\n\n<\/div>\n    <\/div>\n<\/div>\n\n\n<div\n    class=\"image-text-container flex content-items content-items-padded row-reverse layout-default style-high\"\n>\n    <div class=\"flex-item six has-image\">\n        <div\n    class=\"media-container width-default\"\n>\n    <div\naria-label=\"\" class=\"image image-high\"\n>\n    <img decoding=\"async\"\n        src=\"https:\/\/octacell.com\/app\/uploads\/2026\/01\/2d3b05f6b6780e1c6076e9ec5d044e1715c891fe-1152x1408-1.avif\"\n        srcset=\"\"\n        sizes=\"(max-width: 1152px) 100vw, 1152px\"\n        alt=\"N\u00e4rbild av ett Octacell-m\u00f6tesrum.\"\n                class=\"high\"\n    >\n<\/div>\n<\/div>\n    <\/div>\n    <div class=\"flex-item six has-content\">\n        <div class=\"has-content\">\n\n<h2 class=\"wp-block-heading\">Nordisk design och kvalitet<\/h2>\n\n\n\n<p>Alla Octacells produkter \u00e4r designade och tillverkade i Finland med noga utvalda komponenter och material. Det \u00e4r s\u00e5 vi s\u00e4kerst\u00e4ller att v\u00e5ra arbetsrum har en riktigt l\u00e5ng livsl\u00e4ngd.<\/p>\n\n<\/div>\n    <\/div>\n<\/div>\n\n\n<div\n    class=\"image-text-container flex content-items content-items-padded row-default layout-default style-high\"\n>\n    <div class=\"flex-item six has-image\">\n        <div\n    class=\"media-container width-default\"\n>\n    <div\naria-label=\"\" class=\"image image-high\"\n>\n    <img decoding=\"async\"\n        src=\"https:\/\/octacell.com\/app\/uploads\/2026\/01\/JTP56268-HDR-1024x683.jpg\"\n        srcset=\"https:\/\/octacell.com\/app\/uploads\/2026\/01\/JTP56268-HDR-1024x683.jpg 1024w, https:\/\/octacell.com\/app\/uploads\/2026\/01\/JTP56268-HDR-300x200.jpg 300w, https:\/\/octacell.com\/app\/uploads\/2026\/01\/JTP56268-HDR-768x512.jpg 768w, https:\/\/octacell.com\/app\/uploads\/2026\/01\/JTP56268-HDR-1536x1024.jpg 1536w, https:\/\/octacell.com\/app\/uploads\/2026\/01\/JTP56268-HDR-2048x1366.jpg 2048w\"\n        sizes=\"(max-width: 1024px) 100vw, 1024px\"\n        alt=\"Vitt Octacell-arbetsrum i ett \u00f6ppet kontorslandskap.\"\n                class=\"high\"\n    >\n<\/div>\n<\/div>\n    <\/div>\n    <div class=\"flex-item six has-content\">\n        <div class=\"has-content\">\n\n<h2 class=\"wp-block-heading has-white-color has-text-color has-link-color wp-elements-3496fd0a781d661cd2285601a0aa175e\">H\u00e5llbarhet i fokus<\/h2>\n\n\n\n<p class=\"has-white-color has-text-color has-link-color wp-elements-6ca92b6e8f6abec94c35e4fe9e21c1ef\">Vi vill s\u00e4tta stopp f\u00f6r slit-och-sl\u00e4ng-kulturen. V\u00e5ra arbetsrum byggs fr\u00e4mst av tr\u00e4 och glas, och ljudisoleringen \u00e4r tillverkad av \u00e5tervunnen plastskum.<\/p>\n\n<\/div>\n    <\/div>\n<\/div>\n\n\n<div\n    class=\"image-text-container flex content-items content-items-padded row-reverse layout-default style-high\"\n>\n    <div class=\"flex-item six has-image\">\n        <div\n    class=\"media-container width-default\"\n>\n    <div\naria-label=\"\" class=\"image image-high\"\n>\n    <img decoding=\"async\"\n        src=\"https:\/\/octacell.com\/app\/uploads\/2026\/01\/d0dfd791419e669a9de153b69498cab305c9337a-2082x1735-1.avif\"\n        srcset=\"\"\n        sizes=\"(max-width: 1920px) 100vw, 1920px\"\n        alt=\"Octacell 4X3 at the Halton office\"\n                class=\"high\"\n    >\n<\/div>\n<\/div>\n    <\/div>\n    <div class=\"flex-item six has-content\">\n        <div class=\"has-content\">\n\n<h2 class=\"wp-block-heading has-white-color has-text-color has-link-color wp-elements-6980cc24601e7fdfb451e5fc3866c950\">Med st\u00f6d fr\u00e5n starka partners<\/h2>\n\n\n\n<p class=\"has-white-color has-text-color has-link-color wp-elements-cc804f68729e13913cff66ae334914ad\">V\u00e5r tillv\u00e4xt m\u00f6jligg\u00f6rs av v\u00e5r investerare och partner \u2013 finska Halton Group.<br><\/p>\n\n\n<div \n    class=\"has-buttons wp-block-buttons\"\n>\n    <div>\n        <a\n            href=\"https:\/\/www.halton.com\/se\/\"\n            target=\"_blank\"\n            class=\"btn btn-black\"\n        >\n            halton.se\n                    <i class=\"lni lni-share-2\" aria-hidden=\"true\"><\/i>\n            <span class=\"sr-only\">\n                \u00f6ppnas i ett nytt f\u00f6nster\n            <\/span>\n                <\/a>\n    <\/div>\n<\/div>\n\n<\/div>\n    <\/div>\n<\/div>\n\n\n<div\n    class=\"image-text-container flex content-items content-items-padded row-default layout-boxed style-high\"\n>\n    <div class=\"flex-item six has-image\">\n        <div\n    class=\"media-container width-default\"\n>\n    <div\naria-label=\"\" class=\"image image-high\"\n>\n    <img decoding=\"async\"\n        src=\"https:\/\/octacell.com\/app\/uploads\/2026\/01\/f8c43262124aa3c0ed9a562e751e0c4d25da872f-1200x1200-1.avif\"\n        srcset=\"\"\n        sizes=\"(max-width: 1080px) 100vw, 1080px\"\n        alt=\"Antti Sunqvist\"\n                class=\"high\"\n    >\n<\/div>\n<\/div>\n    <\/div>\n    <div class=\"flex-item six has-content\">\n        <div class=\"has-content\">\n\n<h2 class=\"wp-block-heading\">Historien bakom Octacell<\/h2>\n\n\n\n<p><strong>Octacell Ab grundades 2017 av v\u00e5r vd Antti Sundqvist. Antti har l\u00e5ng erfarenhet som byggnadsingenj\u00f6r p\u00e5 n\u00e5gra av Finlands st\u00f6rsta byggf\u00f6retag.<\/strong><\/p>\n\n\n\n<p>\u201dI mina projekt var det alltid m\u00e4ngder av folk p\u00e5 byggarbetsplatserna, och vi hade ofta problem med kvalitet, schemal\u00e4ggning och budget.\u2028Att hantera m\u00e5nga olika entrepren\u00f6rer, underleverant\u00f6rer, designers och konsulter gjorde att jag b\u00f6rjade fundera p\u00e5 hur man kunde f\u00f6renkla byggandet ordentligt.<\/p>\n\n\n\n<p>Jag ville skapa en produkt och en tj\u00e4nst som g\u00f6r att kunden f\u00e5r ljudt\u00e4ta arbetsrum som passar deras behov exakt \u2013 \u00e4ven n\u00e4r behoven och kraven f\u00f6r\u00e4ndras. Och efter \u00e5r av produktutveckling har vi lyckats med just det.\u201d<\/p>\n\n<\/div>\n    <\/div>\n<\/div>\n\n\n<div class=\"content-content\">\n    <div class=\"content-wrapper\">\n\n<h2 class=\"wp-block-heading has-text-align-center has-light-color has-text-color has-link-color has-large-font-size wp-elements-286e51c618ee22c3d42ddd52bc5f81b8\">Har du fr\u00e5gor om Octacell eller v\u00e5ra lediga tj\u00e4nster?<\/h2>\n\n\n<div \n    class=\"has-buttons wp-block-buttons has-text-align-center\"\n>\n    <div>\n        <a\n            href=\"https:\/\/octacell.com\/sv\/kontakta-oss\/\"\n            target=\"\"\n            class=\"btn btn-outline-white\"\n        >\n            Skicka ett meddelande\n                    <i class=\"lni lni-arrow-right\" aria-hidden=\"true\"><\/i>\n                <\/a>\n    <\/div>\n<\/div>\n\n<\/div>\n<\/div>\n","protected":false},"excerpt":{"rendered":"","protected":false},"author":3,"featured_media":0,"parent":0,"menu_order":0,"comment_status":"closed","ping_status":"closed","template":"","meta":{"_acf_changed":false,"footnotes":""},"class_list":["post-849","page","type-page","status-publish","hentry"],"acf":[],"yoast_head":"<!-- This site is optimized with the Yoast SEO plugin v27.5 - https:\/\/yoast.com\/product\/yoast-seo-wordpress\/ -->\n<title>Om Octacell | Skalbara ljudisolerade arbetsrum<\/title>\n<meta name=\"description\" content=\"Octacell skapar ljudisolerade arbetsrum som du kan skala upp och ner. L\u00e4s om hur och varf\u00f6r vi startade.\" \/>\n<meta name=\"robots\" content=\"index, follow, max-snippet:-1, max-image-preview:large, max-video-preview:-1\" \/>\n<link rel=\"canonical\" href=\"https:\/\/octacell.com\/sv\/foretaget\/\" \/>\n<meta property=\"og:locale\" content=\"sv_SE\" \/>\n<meta property=\"og:type\" content=\"article\" \/>\n<meta property=\"og:title\" content=\"Om Octacell | Skalbara ljudisolerade arbetsrum\" \/>\n<meta property=\"og:description\" content=\"Octacell skapar ljudisolerade arbetsrum som du kan skala upp och ner. L\u00e4s om hur och varf\u00f6r vi startade.\" \/>\n<meta property=\"og:url\" content=\"https:\/\/octacell.com\/sv\/foretaget\/\" \/>\n<meta property=\"og:site_name\" content=\"Octacell\" \/>\n<meta property=\"article:modified_time\" content=\"2026-03-16T11:33:10+00:00\" \/>\n<meta name=\"twitter:card\" content=\"summary_large_image\" \/>\n<meta name=\"twitter:label1\" content=\"Est. reading time\" \/>\n\t<meta name=\"twitter:data1\" content=\"2 minutes\" \/>\n<script type=\"application\/ld+json\" class=\"yoast-schema-graph\">{\"@context\":\"https:\\\/\\\/schema.org\",\"@graph\":[{\"@type\":\"WebPage\",\"@id\":\"https:\\\/\\\/octacell.com\\\/sv\\\/foretaget\\\/\",\"url\":\"https:\\\/\\\/octacell.com\\\/sv\\\/foretaget\\\/\",\"name\":\"Om Octacell | Skalbara ljudisolerade arbetsrum\",\"isPartOf\":{\"@id\":\"https:\\\/\\\/octacellcom\\\/#website\"},\"datePublished\":\"2026-01-25T18:31:34+00:00\",\"dateModified\":\"2026-03-16T11:33:10+00:00\",\"description\":\"Octacell skapar ljudisolerade arbetsrum som du kan skala upp och ner. L\u00e4s om hur och varf\u00f6r vi startade.\",\"breadcrumb\":{\"@id\":\"https:\\\/\\\/octacell.com\\\/sv\\\/foretaget\\\/#breadcrumb\"},\"inLanguage\":\"sv-SE\",\"potentialAction\":[{\"@type\":\"ReadAction\",\"target\":[\"https:\\\/\\\/octacell.com\\\/sv\\\/foretaget\\\/\"]}]},{\"@type\":\"BreadcrumbList\",\"@id\":\"https:\\\/\\\/octacell.com\\\/sv\\\/foretaget\\\/#breadcrumb\",\"itemListElement\":[{\"@type\":\"ListItem\",\"position\":1,\"name\":\"Home\",\"item\":\"https:\\\/\\\/octacell.com\\\/sv\\\/\"},{\"@type\":\"ListItem\",\"position\":2,\"name\":\"F\u00f6retaget\"}]},{\"@type\":\"WebSite\",\"@id\":\"https:\\\/\\\/octacellcom\\\/#website\",\"url\":\"https:\\\/\\\/octacellcom\\\/\",\"name\":\"Octacell\",\"description\":\"Vi erbjuder modul\u00e4ra och ljudisolerade kontorsrum, telefonb\u00e5s och m\u00f6tesrum f\u00f6r moderna \u00f6ppna kontorslandskap. Octacells l\u00f6sningar \u00f6kar arbetsro.\",\"inLanguage\":\"sv-SE\"}]}<\/script>\n<!-- \/ Yoast SEO plugin. -->","yoast_head_json":{"title":"Om Octacell | Skalbara ljudisolerade arbetsrum","description":"Octacell skapar ljudisolerade arbetsrum som du kan skala upp och ner. L\u00e4s om hur och varf\u00f6r vi startade.","robots":{"index":"index","follow":"follow","max-snippet":"max-snippet:-1","max-image-preview":"max-image-preview:large","max-video-preview":"max-video-preview:-1"},"canonical":"https:\/\/octacell.com\/sv\/foretaget\/","og_locale":"sv_SE","og_type":"article","og_title":"Om Octacell | Skalbara ljudisolerade arbetsrum","og_description":"Octacell skapar ljudisolerade arbetsrum som du kan skala upp och ner. L\u00e4s om hur och varf\u00f6r vi startade.","og_url":"https:\/\/octacell.com\/sv\/foretaget\/","og_site_name":"Octacell","article_modified_time":"2026-03-16T11:33:10+00:00","twitter_card":"summary_large_image","twitter_misc":{"Est. reading time":"2 minutes"},"schema":{"@context":"https:\/\/schema.org","@graph":[{"@type":"WebPage","@id":"https:\/\/octacell.com\/sv\/foretaget\/","url":"https:\/\/octacell.com\/sv\/foretaget\/","name":"Om Octacell | Skalbara ljudisolerade arbetsrum","isPartOf":{"@id":"https:\/\/octacellcom\/#website"},"datePublished":"2026-01-25T18:31:34+00:00","dateModified":"2026-03-16T11:33:10+00:00","description":"Octacell skapar ljudisolerade arbetsrum som du kan skala upp och ner. L\u00e4s om hur och varf\u00f6r vi startade.","breadcrumb":{"@id":"https:\/\/octacell.com\/sv\/foretaget\/#breadcrumb"},"inLanguage":"sv-SE","potentialAction":[{"@type":"ReadAction","target":["https:\/\/octacell.com\/sv\/foretaget\/"]}]},{"@type":"BreadcrumbList","@id":"https:\/\/octacell.com\/sv\/foretaget\/#breadcrumb","itemListElement":[{"@type":"ListItem","position":1,"name":"Home","item":"https:\/\/octacell.com\/sv\/"},{"@type":"ListItem","position":2,"name":"F\u00f6retaget"}]},{"@type":"WebSite","@id":"https:\/\/octacellcom\/#website","url":"https:\/\/octacellcom\/","name":"Octacell","description":"Vi erbjuder modul\u00e4ra och ljudisolerade kontorsrum, telefonb\u00e5s och m\u00f6tesrum f\u00f6r moderna \u00f6ppna kontorslandskap. Octacells l\u00f6sningar \u00f6kar arbetsro.","inLanguage":"sv-SE"}]}},"_links":{"self":[{"href":"https:\/\/octacell.com\/sv\/wp-json\/wp\/v2\/pages\/849","targetHints":{"allow":["GET"]}}],"collection":[{"href":"https:\/\/octacell.com\/sv\/wp-json\/wp\/v2\/pages"}],"about":[{"href":"https:\/\/octacell.com\/sv\/wp-json\/wp\/v2\/types\/page"}],"author":[{"embeddable":true,"href":"https:\/\/octacell.com\/sv\/wp-json\/wp\/v2\/users\/3"}],"replies":[{"embeddable":true,"href":"https:\/\/octacell.com\/sv\/wp-json\/wp\/v2\/comments?post=849"}],"version-history":[{"count":5,"href":"https:\/\/octacell.com\/sv\/wp-json\/wp\/v2\/pages\/849\/revisions"}],"predecessor-version":[{"id":3790,"href":"https:\/\/octacell.com\/sv\/wp-json\/wp\/v2\/pages\/849\/revisions\/3790"}],"wp:attachment":[{"href":"https:\/\/octacell.com\/sv\/wp-json\/wp\/v2\/media?parent=849"}],"curies":[{"name":"wp","href":"https:\/\/api.w.org\/{rel}","templated":true}]}}