{"id":903,"date":"2025-11-18T12:13:46","date_gmt":"2025-11-18T10:13:46","guid":{"rendered":"https:\/\/octacell.com\/sekretesspolicy\/"},"modified":"2026-04-02T13:59:52","modified_gmt":"2026-04-02T10:59:52","slug":"dataskyddsbeskrivning","status":"publish","type":"page","link":"https:\/\/octacell.com\/sv\/dataskyddsbeskrivning\/","title":{"rendered":"Sekretesspolicy"},"content":{"rendered":"<div class=\"content-content\">\n    <div class=\"content-wrapper\">\n\n<h1 class=\"wp-block-heading\">Anv\u00e4ndningsvillkor, leveransvillkor och integritetspolicy<\/h1>\n\n\n\n<p><strong>Till\u00e4mpning<\/strong><\/p>\n\n\n\n<p>Dessa villkor till\u00e4mpas p\u00e5 anv\u00e4ndningen av Octacell Oy:s (senare \u201dOctacell\u201d) webbplats www.octacell.fi (\u201dWebbplats\u201d).<\/p>\n\n\n\n<p><strong>Godk\u00e4nnande av villkoren<\/strong><\/p>\n\n\n\n<p>Webbplatsens anv\u00e4ndare (\u201dKund\u201d) godk\u00e4nner dessa villkor n\u00e4r han eller hon bes\u00f6ker Webbplatsen. Kunden ska l\u00e4sa igenom villkoren noggrant innan han eller hon anv\u00e4nder Webbplatsen.<\/p>\n\n\n\n<p><strong>Webbplatsens tillg\u00e4nglighet<\/strong><\/p>\n\n\n\n<p>Kunden ansvarar f\u00f6r att han eller hon har en fungerande anslutning till Octacell-webbplatsen. Octacell garanterar eller ansvarar inte f\u00f6r att Kundens anslutning fungerar som f\u00f6rv\u00e4ntat eller att webbplatsen alltid eller utan avbrott ska vara tillg\u00e4nglig. Octacell garanterar inte att Webbplatsen kan anv\u00e4ndas p\u00e5 Kundens enhet.<\/p>\n\n\n\n<p><strong>Immateriella r\u00e4ttigheter<\/strong><\/p>\n\n\n\n<p>Upphovsr\u00e4ttigheter och varum\u00e4rken i koppling till Webbplatsens material tillh\u00f6r Octacell eller en tredje part. Alla r\u00e4ttigheter till upphovsr\u00e4ttigheter och varum\u00e4rken i koppling till Webbplatsens och p\u00e5 Webbplatsen tillg\u00e4ngligt material \u00e4r f\u00f6rbeh\u00e5llna. \u00c4ndring, l\u00e4nkning, vidaredistribution, utskrift, spridning eller lagring i databaser f\u00f6r annan \u00e4n personlig icke-kommersiell anv\u00e4ndning av Webbplatsens eller p\u00e5 den tillg\u00e4ngligt material eller annan motsvarande \u00e5tg\u00e4rd som eventuellt strider mot upphovsr\u00e4tten utan Octacells och en tredje parts p\u00e5 f\u00f6rhand givna skriftliga till\u00e5telse \u00e4r f\u00f6rbjuden och kan leda till straff- och\/eller skadest\u00e5ndsr\u00e4ttsliga p\u00e5f\u00f6ljder.<\/p>\n\n\n\n<p><strong>Ansvarsbegr\u00e4nsning<\/strong><\/p>\n\n\n\n<p>Octacell ansvarar inte f\u00f6r inneh\u00e5llet i uppgifter som presenteras och publiceras p\u00e5 Webbplatsen, de presenterade uppgifternas riktighet eller eventuella fel eller f\u00f6rdr\u00f6jningar. Octacell f\u00f6rmedlar uppgifterna s\u00e5som de \u00e4r till sina Kunder. Octacell ansvarar inte f\u00f6r material som producerats eller publicerats av en tredje part och som det eventuellt finns en l\u00e4nk till fr\u00e5n denna Webbplats.<\/p>\n\n\n\n<p><strong>Till\u00e4mplig lag<\/strong><\/p>\n\n\n\n<p>P\u00e5 dessa villkor till\u00e4mpas Finlands lag (bortsett fr\u00e5n dess regler om lagkonflikter).<\/p>\n\n\n\n<p><strong>OCTACELL ALLM\u00c4NNA LEVERANSVILLKOR<\/strong><\/p>\n\n\n\n<p>Senast \u00e4ndrade och i kraft 15.12.2020\u2013.<\/p>\n\n\n\n<p>Dessa villkor g\u00e4ller alla Octacell-produkter och d\u00e4rtill h\u00f6rande tj\u00e4nster samt Octacell-leasing. Villkoren \u00e4r en v\u00e4sentlig del av leverans- och leasingavtalet. Om man tillsammans med kunden kommit \u00f6verens om skriftliga leveransvillkor, som avviker fr\u00e5n dessa leveransvillkor, till\u00e4mpas de skriftliga villkoren mellan kunden och Octacell. I oklara situationer till\u00e4mpas dessa p\u00e5 Octacells webbplats offentligt tillg\u00e4ngliga allm\u00e4nna villkor.<\/p>\n\n\n\n<p><strong>Octacell-produkter<\/strong><\/p>\n\n\n\n<p>Octacell Ab:s m\u00e5l \u00e4r att med detta avtal leverera en f\u00f6rstklassig Octacell-produkt till Kunden.<br><br>Octacell-produkternas och den tillh\u00f6rande utrustningens egenskaper har presenterats f\u00f6r Kunden i offerten och\/eller p\u00e5 Octacells officiella webbplats p\u00e5 adressen www.octacell.fi. Octacell-produkterna framst\u00e4lls i enlighet med produktbeskrivningarna och specifikationerna i orderbekr\u00e4ftelsen, eller om s\u00e5dana inte finns, i enlighet med produktbeskrivningarna n\u00e4r best\u00e4llningen s\u00e4tts in\/avtalet undertecknas. Octa har r\u00e4tt att g\u00f6ra sm\u00e5 \u00e4ndringar i produktegenskaperna efter best\u00e4llningen.<\/p>\n\n\n\n<p><strong>Garanti<\/strong><\/p>\n\n\n\n<p>Alla Octacell-produkter har 5 \u00e5rs begr\u00e4nsad garanti fr\u00e5n och med installationen, garantin f\u00f6r belysningen och ventilationen \u00e4r emellertid 2 \u00e5r. Garantin t\u00e4cker produktens strukturella delar, ifall produkten har anv\u00e4nts i enlighet med detta avtal. Garantin t\u00e4cker inte en av en yttre faktor, h\u00e4ndelse eller person orsakad skada p\u00e5 produkten eller dess del. Normalt slitage omfattas inte av garantin. Garantin t\u00e4cker endast den monteringsplats, d\u00e4r Octa har monterat produkten, och om Kunden sj\u00e4lv flyttar eller monterar ner produkten, upph\u00f6r garantin i denna stund.<br><br>Ifall Kunden observerar ett fel i Octacell-produkten, ska Kunden omedelbart meddela Octa om detta, men emellertid senast inom 14 dagar fr\u00e5n att felet observerats eller fr\u00e5n att det borde ha observerats. Vid feltillst\u00e5nd har Octa i fr\u00e4msta hand r\u00e4tt att korrigera felet i rimligt tid i Kundens lokaler utan att orsaka orimlig st\u00f6rning. Octa har ocks\u00e5 r\u00e4tt att byta ut produkten genom att leverera en motsvarande felfri produkt till Kunden.<\/p>\n\n\n\n<p><strong>Montering<\/strong><\/p>\n\n\n\n<p>Octacell-produkterna monteras utan att de f\u00e4sts vid byggnadens strukturer, bortsett fr\u00e5n el- och dataanslutning.<br><br>Octacell-produkterna levereras till Kunden p\u00e5 avtalad tidpunkt. Ifall monteringen f\u00f6rsenas \u00f6ver 10 vardagar av en anledning som \u00e4r h\u00e4nf\u00f6rlig till Octacell, ers\u00e4tter Octa Kunden som enda ers\u00e4ttning 1 % av priset f\u00f6r den f\u00f6rsenade Octacell-produkten f\u00f6r varje p\u00e5b\u00f6rjad vecka. Ifall monteringen senarel\u00e4ggs av en anledning som \u00e4r h\u00e4nf\u00f6rlig till Kunden eller p\u00e5 Kundens beg\u00e4ran \u00f6ver 10 dygn, har Octa r\u00e4tt att emellertid fakturera produkterna i enlighet med den f\u00f6rsta monteringsm\u00f6jligheten som Octa meddelat.<br><br>Kunden ska ordna tilltr\u00e4de f\u00f6r Octa till Kundens lokaler p\u00e5 den \u00f6verenskomna tidpunkten och ordna t.ex. med d\u00f6rr\u00f6ppning. Lokalen d\u00e4r monteringen \u00e4ger rum ska ha en normal varuhissanslutning (m\u00e5tt minst 2 000 mm h\u00f6jd x 900 mm bredd x 1 000 mm djup) fr\u00e5n gatuniv\u00e5n, annars har Octa r\u00e4tt att d\u00e4rtill fakturera f\u00f6r den tid som anv\u00e4nts till b\u00e4rarbetet 80 e\/h\/pers. Ifall monteringen senarel\u00e4ggs eller f\u00f6rdr\u00f6js fr\u00e5n det avtalade av en anledning som \u00e4r h\u00e4nf\u00f6rlig till Kunden, har Octa r\u00e4tt att fakturera f\u00f6r kostnaderna som orsakats av f\u00f6rdr\u00f6jningen.<br><br>Innan detta avtal ing\u00e5tts har Kunden gjort sig bekant med den best\u00e4llda Octacell-produktens produktritningar och f\u00f6rs\u00e4krat att produkten f\u00e5r plats i lokalen samt att rutten fr\u00e5n gatan till lokalen \u00e4r tillr\u00e4cklig och fri. Eventuella skador p\u00e5 Kundens lokaler eller fastigheten i \u00f6vrigt som orsakats vid monteringen, ska reklameras till Octa inom 5 dagar efter monteringen. Octa ers\u00e4tter eventuella skador som orsakats i samband med monteringen utan osaklig f\u00f6rdr\u00f6jning.<br><br>Kunden anvisar ett v\u00e4gguttag (jordat) p\u00e5 220 V f\u00f6r Octacell-produkten som Octacell-produkten kan anslutas till. Kunden ansvarar f\u00f6r att Octacell-produkten kan anslutas till det anvisade v\u00e4gguttaget i enlighet med till\u00e4mpliga best\u00e4mmelser och fastighetens anvisningar.<br><br>Kunden g\u00f6r eventuella anm\u00e4lningar till lokalens\/fastighetens \u00e4gare (och\/eller ans\u00f6ker vid behov om tillst\u00e5nd) om monteringen av Octacell-produkten. Kunden ansvarar \u00e4ven f\u00f6r att informera lokalens\/fastighetens anv\u00e4ndare.<br><br>Octa kan anv\u00e4nda underleverant\u00f6rer f\u00f6r monteringen. Octa ansvarar f\u00f6r sina underleverant\u00f6rers prestation i enlighet med detta avtal.<\/p>\n\n\n\n<p><strong>Anv\u00e4ndning<\/strong><\/p>\n\n\n\n<p>Kunden ska anv\u00e4nda Octacell-produkten med omsorg och alltid i enlighet med dess bruksanvisningar och angivna skriftliga instruktioner. Octacell-produkterna \u00e4r avsedda att anv\u00e4ndas i normal kontorsmilj\u00f6.<br><br>Octacell-produkter eller deras delar f\u00e5r inte monteras ner eller modifieras eller flyttas. Eventuella \u00e4ndringsarbeten ska best\u00e4llas av Octacell.<br><br>Octacell-produkterna \u00e4r anpassade f\u00f6r anv\u00e4ndning enbart i enligt byggnadsreglerna byggda torra inomhusmilj\u00f6er, vars temperaturskillnad \u00e4r 5\u201340 \u00b0C och den relativa luftfuktigheten inte \u00f6verstiger 87 %.<br><br>Octacell-produkter f\u00e5r inte anv\u00e4ndas i sjukhus eller motsvarande till exempel rena arbetsplatser utan separat tillst\u00e5nd och l\u00e4mplighetsbed\u00f6mning av Octa. Octacell-produkterna \u00e4r inte l\u00e4mpade f\u00f6r v\u00e5trum eller ens tillf\u00e4llig utomhusanv\u00e4ndning eller anv\u00e4ndning i r\u00f6rliga utrymmen och\/eller p\u00e5 farkoster (t.ex. fartyg eller motsvarande). Av s\u00e4kerhetssk\u00e4l \u00e4r anv\u00e4ndning av produkten f\u00f6rbjuden i lokaler som strider mot det tidigare beskrivna anv\u00e4ndnings\u00e4ndam\u00e5let.<\/p>\n\n\n\n<p><strong>Avgifter<\/strong><\/p>\n\n\n\n<p>Octa har r\u00e4tt att s\u00e4lja sina fordringar p\u00e5 Kunden till en tredje part. Kunden meddelas om fordringarnas eventuella \u00f6verf\u00f6ring.<br><br>Alla priser i avtalet \u00e4r utan merv\u00e4rdesskatt, g\u00e4llande merv\u00e4rdesskatt tillkommer i alla priser.<br><br>Avtalsenligt betalningsvillkor \u00e4r 14 dagar efter att produkten monterats, om inte annat avtalas separat. P\u00e5 f\u00f6rdr\u00f6jda betalningar till\u00e4mpas dr\u00f6jsm\u00e5lsr\u00e4nta i enlighet med r\u00e4ntelagen. Inkasserings- och betalningsp\u00e5minnelsekostnader tillkommer.<br><br>Faktureringen sker som n\u00e4tfaktura, och om detta inte \u00e4r m\u00f6jligt av en anledning som \u00e4r h\u00e4nf\u00f6rlig till Kunden, debiteras faktureringstill\u00e4gg 15 e\/faktura f\u00f6r \u00f6vrig fakturering.<br><br>Octa har r\u00e4tt att en g\u00e5ng per \u00e5r l\u00e4gga till en rimlig \u00e5rlig r\u00e4nta (h\u00f6gst 2 % \u00e5rlig avkastning) p\u00e5 periodiska utbetalningar (t.ex. Octa Huolenpito-betalningar) f\u00f6r att motsvara den allm\u00e4nna h\u00f6jda prisniv\u00e5n. Kunden meddelas om avgiftsh\u00f6jningar p\u00e5 f\u00f6rhand. Detta g\u00e4ller inte leasing-avgifter.<br><br>Vid direkthandel \u00f6verg\u00e5r \u00e4gander\u00e4tten till Octacell-produkten till Kunden f\u00f6rst n\u00e4r hela priset i enlighet med avtalet har betalats. Med leasing-avtal \u00f6verf\u00f6rs \u00e4gander\u00e4tten inte till Kunden. Ifall hela beloppet som \u00f6verenskommits i avtalet inte betalas trots en betalningsp\u00e5minnelse, har Octacell r\u00e4tt att p\u00e5 Kundens bekostnad avl\u00e4gsna Octacell-produkten eller -produkterna fr\u00e5n Kundens lokaler och upph\u00e4va detta avtal.<\/p>\n\n\n\n<p><strong>\u00d6vriga allm\u00e4nna villkor<\/strong><\/p>\n\n\n\n<p>Ifall endera parten uts\u00e4tts f\u00f6r ett force majeure-hinder (t.ex. strejk, st\u00f6rning i den allm\u00e4nna transport\/logistikbranschen), frias denna part fr\u00e5n sin prestationsskyldighet s\u00e5 l\u00e4nge och f\u00f6r den period, som det ifr\u00e5gavarande force majeure-hindret best\u00e5r.<br><br>Octacell-produkterna \u00e4r skyddade av bl.a. produktskydd, produktpatent, varum\u00e4rkesskydd och modellskydd (eller ans\u00f6kan p\u00e5g\u00e5r). Inga av Octas eller dess produkters (t.ex. Octacell) immateriella r\u00e4ttigheter (inklusive t.ex. varum\u00e4rkes-, modell-, patent-, upphovsr\u00e4ttigheter och motsvarande) \u00f6verf\u00f6rs till Kunden med detta avtal. Octa f\u00f6rbeh\u00e5ller alla tidigare n\u00e4mnda immateriella r\u00e4ttigheter.<br><br>Octa f\u00f6rbeh\u00e5ller r\u00e4tten till sm\u00e5 produkt\u00e4ndringar mellan best\u00e4llningen och leveransen. Efter leveransen kan Octa uppdatera sina framtida produkter som man vill, och Octa kan inte lova att framtida moduler \u00e4r helt f\u00f6renliga med nuvarande moduler.<br><br>Kunden f\u00e5r inte \u00e5ters\u00e4lja Octacell-produkter eller Octas tj\u00e4nster\/andras produkter och\/eller f\u00f6rmedla Octacell-produkter till en \u00e5terf\u00f6rs\u00e4ljare utan att p\u00e5 f\u00f6rhand ha f\u00e5tt skriftlig till\u00e5telse av Octa.<br><br>Octa ansvarar inte f\u00f6r en skada som orsakats Kunden, dess personal, bes\u00f6kare eller tredje parter, ifall den ursprungliga Octa-produkten har modifierats eller den inte har anv\u00e4nts i enlighet med detta avtal eller i \u00f6vrigt i enlighet med skriftliga anvisningar som Octa har get till Kunden eller Octacell-produkten har anv\u00e4nts i omst\u00e4ndigheter, som den inte \u00e4r avsedd f\u00f6r.<br><br>Octa ansvarar inte f\u00f6r eventuella indirekta skador som orsakas Kunden, om inte annat f\u00f6reskrivs i tvingande lagstiftning eller tvingande produktskyddsreglering. Octas ansvar begr\u00e4nsas i alla situationer till det totala belopp som \u00f6verensst\u00e4mmer med detta avtal. Octacell har r\u00e4tt att anv\u00e4nda sina eventuella ansvarsf\u00f6rs\u00e4kringar i fall av skador.<br><br>P\u00e5 avtalet till\u00e4mpas Finlands lag och det kan \u00e4ndras endast med ett skriftligt avtal mellan parterna. Eventuella meningsskiljaktigheter l\u00f6ses i Helsingfors tingsr\u00e4tt.<\/p>\n\n\n\n<p><strong>KUNDREGISTER- OCH DATASKYDDSBESKRIVNING<\/strong><\/p>\n\n\n\n<p>Detta \u00e4r Octacell Oy:s kundregisters register- och dataskyddsbeskrivning i enlighet med personuppgiftslagen (10 \u00a7 och 24 \u00a7) och EU:s allm\u00e4nna dataskyddsf\u00f6rordning (GDPR).<br><br>Utarbetad 22.10.2020. Senast \u00e4ndrad 22.10.2020.<\/p>\n\n\n\n<p><strong>1.<\/strong> <strong>Personuppgiftsansvarig<\/strong><\/p>\n\n\n\n<p>Octacell Oy, Huopalahdentie 24, 00350 Helsinki, Finland<br>tfn 046 923 5424<br><br><strong>2. Kontaktperson som ansvarar f\u00f6r registret<\/strong><\/p>\n\n\n\n<p>Antti Sundqvist, antti.sundqvist@octa.fi, 046 923 5424<br><br><strong>3. Registrets namn<\/strong><\/p>\n\n\n\n<p>Octacell Oy:s kundregister<br><br><strong>4. R\u00e4ttsgrund och syfte med behandling av personuppgifter<\/strong><\/p>\n\n\n\n<p>EU:s allm\u00e4nna dataskyddsf\u00f6rordnings r\u00e4ttsgrund f\u00f6r behandlingen av personuppgifter \u00e4r den personuppgiftsansvariges ber\u00e4ttigade intresse (klientrelationen).<br><br>Syftet med behandlingen av personuppgifter \u00e4r tillhandah\u00e5llande av tj\u00e4nster, uppr\u00e4tth\u00e5llande av klientrelation och marknadsf\u00f6ring.<br><br>Uppgifterna anv\u00e4nds inte f\u00f6r automatiserat beslutsfattande eller profilering.<\/p>\n\n\n\n<p><strong>5. Registrets informationsinneh\u00e5ll<\/strong><\/p>\n\n\n\n<p>Uppgifter som lagras i registret \u00e4r: personens namn, st\u00e4llning, f\u00f6retag\/organisation, kontaktuppgifter (telefonnummer, e-postadress, adress), webbplatsens adress, n\u00e4tf\u00f6rbindelsens IP-adress, anv\u00e4ndarnamn\/profiler p\u00e5 sociala medier, uppgifter om best\u00e4llda tj\u00e4nster och \u00e4ndringar i dem, faktureringsuppgifter, \u00f6vriga uppgifter kring klientrelationen och best\u00e4llda tj\u00e4nster.<br><br>Uppgifterna lagras s\u00e5 l\u00e4nge klientrelationen \u00e4r i kraft. On\u00f6diga uppgifter raderas med 5 \u00e5rs mellanrum.<\/p>\n\n\n\n<p><strong>6. Lagenliga informationsk\u00e4llor<\/strong><\/p>\n\n\n\n<p>Uppgifter som lagras i registret f\u00e5s fr\u00e5n kunden bl.a. via webblanketter, per e-post, per telefon, fr\u00e5n sociala medier, avtal, kundm\u00f6ten och \u00f6vriga situationer, d\u00e4r kunden \u00f6verl\u00e5ter sina uppgifter.<\/p>\n\n\n\n<p><strong>7. Uppgifternas lagenliga \u00f6verl\u00e5telse och uppgifternas \u00f6verf\u00f6ring utanf\u00f6r EU eller EES<\/strong><\/p>\n\n\n\n<p>Uppgifter \u00f6verl\u00e5ts enligt lagen inte till andra akt\u00f6rer. Uppgifter kan publiceras i den utstr\u00e4ckning som man kommit \u00f6verens om med kunden.<br><br>Uppgifterna \u00f6verf\u00f6rs inte p\u00e5 Octacell Oy:s initiativ utanf\u00f6r EU eller EES-omr\u00e5det.<\/p>\n\n\n\n<p><strong>8. Principer f\u00f6r registerskydd<\/strong><\/p>\n\n\n\n<p>Noggrannhet iakttas vid behandlingen av registret och uppgifter som behandlas med hj\u00e4lp av datasystem skyddas p\u00e5 ett l\u00e4mpligt s\u00e4tt. N\u00e4r registeruppgifter lagras p\u00e5 internetservrar ser man till utrustningens fysiska och digitala dataskydd. Den personuppgiftsansvariga ser till att lagrade uppgifter samt servrarnas anv\u00e4ndningsr\u00e4ttigheter och \u00f6vriga kritiska uppgifter med tanke p\u00e5 personuppgifternas s\u00e4kerhet behandlas konfidentiellt och endast av de arbetstagare, vars arbetsbeskrivning f\u00f6ruts\u00e4tter det.<\/p>\n\n\n\n<p><strong>9. R\u00e4tt till insyn och r\u00e4tt att kr\u00e4va korrigering av uppgifter<\/strong><br>Varje registrerad person har r\u00e4tt att granska sina uppgifter som lagrats i registret och kr\u00e4va korrigering av eventuella felaktiga uppgifter eller komplettering av bristf\u00e4lliga uppgifter. Ifall en person vill kontrollera vilka uppgifter som lagrats om honom eller henne eller kr\u00e4va \u00e4ndring i dem, ska beg\u00e4ran skickas skriftligen till den personuppgiftsansvariga. Den personuppgiftsansvariga kan vid behov be att den som g\u00f6r beg\u00e4ran ska styrka sin identitet. Den personuppgiftsansvariga svarar kunden inom den tid som fastst\u00e4lls i EU:s dataskyddsf\u00f6rordning (i regel inom en m\u00e5nad).<\/p>\n\n\n\n<p><strong>10. \u00d6vriga r\u00e4ttigheter kring behandlingen av personuppgifter<\/strong><\/p>\n\n\n\n<p>Den registrerade har r\u00e4tt att beg\u00e4ra att hans eller hennes personuppgifter raderas fr\u00e5n registret (\u201dr\u00e4tten att bli bortgl\u00f6md\u201d). Likas\u00e5 har den registrerade \u00f6vriga r\u00e4ttigheter i enlighet med EU:s allm\u00e4nna dataskyddsf\u00f6rordning s\u00e5som begr\u00e4nsning av behandlingen av personuppgifter i vissa situationer. Beg\u00e4ran ska skickas skriftligen till den personuppgiftsansvarige. Den personuppgiftsansvariga kan vid behov be att den som g\u00f6r beg\u00e4ran ska styrka sin identitet. Den personuppgiftsansvariga svarar kunden inom den tid som fastst\u00e4lls i EU:s dataskyddsf\u00f6rordning (i regel inom en m\u00e5nad).<\/p>\n\n<\/div>\n<\/div>\n","protected":false},"excerpt":{"rendered":"","protected":false},"author":1,"featured_media":0,"parent":0,"menu_order":10,"comment_status":"closed","ping_status":"open","template":"","meta":{"_acf_changed":false,"footnotes":""},"class_list":["post-903","page","type-page","status-publish","hentry"],"acf":[],"yoast_head":"<!-- This site is optimized with the Yoast SEO plugin v27.5 - https:\/\/yoast.com\/product\/yoast-seo-wordpress\/ -->\n<title>Sekretesspolicy | Octacell<\/title>\n<meta name=\"description\" content=\"Octacells anv\u00e4ndningsvillkor och dataskyddspolicy. Information om personuppgiftshantering och kundens r\u00e4ttigheter.\" \/>\n<meta name=\"robots\" content=\"index, follow, max-snippet:-1, max-image-preview:large, max-video-preview:-1\" \/>\n<link rel=\"canonical\" href=\"https:\/\/octacell.com\/sv\/dataskyddsbeskrivning\/\" \/>\n<meta property=\"og:locale\" content=\"sv_SE\" \/>\n<meta property=\"og:type\" content=\"article\" \/>\n<meta property=\"og:title\" content=\"Sekretesspolicy | Octacell\" \/>\n<meta property=\"og:description\" content=\"Octacells anv\u00e4ndningsvillkor och dataskyddspolicy. Information om personuppgiftshantering och kundens r\u00e4ttigheter.\" \/>\n<meta property=\"og:url\" content=\"https:\/\/octacell.com\/sv\/dataskyddsbeskrivning\/\" \/>\n<meta property=\"og:site_name\" content=\"Octacell\" \/>\n<meta property=\"article:modified_time\" content=\"2026-04-02T10:59:52+00:00\" \/>\n<meta name=\"twitter:card\" content=\"summary_large_image\" \/>\n<meta name=\"twitter:label1\" content=\"Est. reading time\" \/>\n\t<meta name=\"twitter:data1\" content=\"9 minutes\" \/>\n<script type=\"application\/ld+json\" class=\"yoast-schema-graph\">{\"@context\":\"https:\\\/\\\/schema.org\",\"@graph\":[{\"@type\":\"WebPage\",\"@id\":\"https:\\\/\\\/octacell.com\\\/sv\\\/dataskyddsbeskrivning\\\/\",\"url\":\"https:\\\/\\\/octacell.com\\\/sv\\\/dataskyddsbeskrivning\\\/\",\"name\":\"Sekretesspolicy | Octacell\",\"isPartOf\":{\"@id\":\"https:\\\/\\\/octacellcom\\\/#website\"},\"datePublished\":\"2025-11-18T10:13:46+00:00\",\"dateModified\":\"2026-04-02T10:59:52+00:00\",\"description\":\"Octacells anv\u00e4ndningsvillkor och dataskyddspolicy. Information om personuppgiftshantering och kundens r\u00e4ttigheter.\",\"breadcrumb\":{\"@id\":\"https:\\\/\\\/octacell.com\\\/sv\\\/dataskyddsbeskrivning\\\/#breadcrumb\"},\"inLanguage\":\"sv-SE\",\"potentialAction\":[{\"@type\":\"ReadAction\",\"target\":[\"https:\\\/\\\/octacell.com\\\/sv\\\/dataskyddsbeskrivning\\\/\"]}]},{\"@type\":\"BreadcrumbList\",\"@id\":\"https:\\\/\\\/octacell.com\\\/sv\\\/dataskyddsbeskrivning\\\/#breadcrumb\",\"itemListElement\":[{\"@type\":\"ListItem\",\"position\":1,\"name\":\"Home\",\"item\":\"https:\\\/\\\/octacell.com\\\/sv\\\/\"},{\"@type\":\"ListItem\",\"position\":2,\"name\":\"Sekretesspolicy\"}]},{\"@type\":\"WebSite\",\"@id\":\"https:\\\/\\\/octacellcom\\\/#website\",\"url\":\"https:\\\/\\\/octacellcom\\\/\",\"name\":\"Octacell\",\"description\":\"Vi erbjuder modul\u00e4ra och ljudisolerade kontorsrum, telefonb\u00e5s och m\u00f6tesrum f\u00f6r moderna \u00f6ppna kontorslandskap. Octacells l\u00f6sningar \u00f6kar arbetsro.\",\"inLanguage\":\"sv-SE\"}]}<\/script>\n<!-- \/ Yoast SEO plugin. -->","yoast_head_json":{"title":"Sekretesspolicy | Octacell","description":"Octacells anv\u00e4ndningsvillkor och dataskyddspolicy. Information om personuppgiftshantering och kundens r\u00e4ttigheter.","robots":{"index":"index","follow":"follow","max-snippet":"max-snippet:-1","max-image-preview":"max-image-preview:large","max-video-preview":"max-video-preview:-1"},"canonical":"https:\/\/octacell.com\/sv\/dataskyddsbeskrivning\/","og_locale":"sv_SE","og_type":"article","og_title":"Sekretesspolicy | Octacell","og_description":"Octacells anv\u00e4ndningsvillkor och dataskyddspolicy. Information om personuppgiftshantering och kundens r\u00e4ttigheter.","og_url":"https:\/\/octacell.com\/sv\/dataskyddsbeskrivning\/","og_site_name":"Octacell","article_modified_time":"2026-04-02T10:59:52+00:00","twitter_card":"summary_large_image","twitter_misc":{"Est. reading time":"9 minutes"},"schema":{"@context":"https:\/\/schema.org","@graph":[{"@type":"WebPage","@id":"https:\/\/octacell.com\/sv\/dataskyddsbeskrivning\/","url":"https:\/\/octacell.com\/sv\/dataskyddsbeskrivning\/","name":"Sekretesspolicy | Octacell","isPartOf":{"@id":"https:\/\/octacellcom\/#website"},"datePublished":"2025-11-18T10:13:46+00:00","dateModified":"2026-04-02T10:59:52+00:00","description":"Octacells anv\u00e4ndningsvillkor och dataskyddspolicy. Information om personuppgiftshantering och kundens r\u00e4ttigheter.","breadcrumb":{"@id":"https:\/\/octacell.com\/sv\/dataskyddsbeskrivning\/#breadcrumb"},"inLanguage":"sv-SE","potentialAction":[{"@type":"ReadAction","target":["https:\/\/octacell.com\/sv\/dataskyddsbeskrivning\/"]}]},{"@type":"BreadcrumbList","@id":"https:\/\/octacell.com\/sv\/dataskyddsbeskrivning\/#breadcrumb","itemListElement":[{"@type":"ListItem","position":1,"name":"Home","item":"https:\/\/octacell.com\/sv\/"},{"@type":"ListItem","position":2,"name":"Sekretesspolicy"}]},{"@type":"WebSite","@id":"https:\/\/octacellcom\/#website","url":"https:\/\/octacellcom\/","name":"Octacell","description":"Vi erbjuder modul\u00e4ra och ljudisolerade kontorsrum, telefonb\u00e5s och m\u00f6tesrum f\u00f6r moderna \u00f6ppna kontorslandskap. Octacells l\u00f6sningar \u00f6kar arbetsro.","inLanguage":"sv-SE"}]}},"_links":{"self":[{"href":"https:\/\/octacell.com\/sv\/wp-json\/wp\/v2\/pages\/903","targetHints":{"allow":["GET"]}}],"collection":[{"href":"https:\/\/octacell.com\/sv\/wp-json\/wp\/v2\/pages"}],"about":[{"href":"https:\/\/octacell.com\/sv\/wp-json\/wp\/v2\/types\/page"}],"author":[{"embeddable":true,"href":"https:\/\/octacell.com\/sv\/wp-json\/wp\/v2\/users\/1"}],"replies":[{"embeddable":true,"href":"https:\/\/octacell.com\/sv\/wp-json\/wp\/v2\/comments?post=903"}],"version-history":[{"count":4,"href":"https:\/\/octacell.com\/sv\/wp-json\/wp\/v2\/pages\/903\/revisions"}],"predecessor-version":[{"id":3959,"href":"https:\/\/octacell.com\/sv\/wp-json\/wp\/v2\/pages\/903\/revisions\/3959"}],"wp:attachment":[{"href":"https:\/\/octacell.com\/sv\/wp-json\/wp\/v2\/media?parent=903"}],"curies":[{"name":"wp","href":"https:\/\/api.w.org\/{rel}","templated":true}]}}