{"id":905,"date":"2025-12-12T18:07:00","date_gmt":"2025-12-12T16:07:00","guid":{"rendered":"https:\/\/octacell.com\/cart\/"},"modified":"2026-02-03T14:55:26","modified_gmt":"2026-02-03T12:55:26","slug":"cart","status":"publish","type":"page","link":"https:\/\/octacell.com\/sv\/cart\/","title":{"rendered":"Cart"},"content":{"rendered":"","protected":false},"excerpt":{"rendered":"","protected":false},"author":1,"featured_media":0,"parent":0,"menu_order":1,"comment_status":"closed","ping_status":"closed","template":"template-cart.blade.php","meta":{"_acf_changed":false,"footnotes":""},"class_list":["post-905","page","type-page","status-publish","hentry"],"acf":[],"yoast_head":"<!-- This site is optimized with the Yoast SEO plugin v27.5 - https:\/\/yoast.com\/product\/yoast-seo-wordpress\/ -->\n<title>Beg\u00e4r en offert | Octacell<\/title>\n<meta name=\"description\" content=\"Review selected products and request a quote from our sales team. Discuss configuration and pricing. No direct purchase required.\" \/>\n<meta name=\"robots\" content=\"index, follow, max-snippet:-1, max-image-preview:large, max-video-preview:-1\" \/>\n<link rel=\"canonical\" href=\"https:\/\/octacell.com\/sv\/cart\/\" \/>\n<meta property=\"og:locale\" content=\"sv_SE\" \/>\n<meta property=\"og:type\" content=\"article\" \/>\n<meta property=\"og:title\" content=\"Beg\u00e4r en offert | Octacell\" \/>\n<meta property=\"og:description\" content=\"Review selected products and request a quote from our sales team. Discuss configuration and pricing. No direct purchase required.\" \/>\n<meta property=\"og:url\" content=\"https:\/\/octacell.com\/sv\/cart\/\" \/>\n<meta property=\"og:site_name\" content=\"Octacell\" \/>\n<meta property=\"article:modified_time\" content=\"2026-02-03T12:55:26+00:00\" \/>\n<meta name=\"twitter:card\" content=\"summary_large_image\" \/>\n<script type=\"application\/ld+json\" class=\"yoast-schema-graph\">{\"@context\":\"https:\\\/\\\/schema.org\",\"@graph\":[{\"@type\":\"WebPage\",\"@id\":\"https:\\\/\\\/octacell.com\\\/sv\\\/cart\\\/\",\"url\":\"https:\\\/\\\/octacell.com\\\/sv\\\/cart\\\/\",\"name\":\"Beg\u00e4r en offert | Octacell\",\"isPartOf\":{\"@id\":\"https:\\\/\\\/octacellcom\\\/#website\"},\"datePublished\":\"2025-12-12T16:07:00+00:00\",\"dateModified\":\"2026-02-03T12:55:26+00:00\",\"description\":\"Review selected products and request a quote from our sales team. Discuss configuration and pricing. No direct purchase required.\",\"breadcrumb\":{\"@id\":\"https:\\\/\\\/octacell.com\\\/sv\\\/cart\\\/#breadcrumb\"},\"inLanguage\":\"sv-SE\",\"potentialAction\":[{\"@type\":\"ReadAction\",\"target\":[\"https:\\\/\\\/octacell.com\\\/sv\\\/cart\\\/\"]}]},{\"@type\":\"BreadcrumbList\",\"@id\":\"https:\\\/\\\/octacell.com\\\/sv\\\/cart\\\/#breadcrumb\",\"itemListElement\":[{\"@type\":\"ListItem\",\"position\":1,\"name\":\"Home\",\"item\":\"https:\\\/\\\/octacell.com\\\/sv\\\/\"},{\"@type\":\"ListItem\",\"position\":2,\"name\":\"Cart\"}]},{\"@type\":\"WebSite\",\"@id\":\"https:\\\/\\\/octacellcom\\\/#website\",\"url\":\"https:\\\/\\\/octacellcom\\\/\",\"name\":\"Octacell\",\"description\":\"Vi erbjuder modul\u00e4ra och ljudisolerade kontorsrum, telefonb\u00e5s och m\u00f6tesrum f\u00f6r moderna \u00f6ppna kontorslandskap. Octacells l\u00f6sningar \u00f6kar arbetsro.\",\"inLanguage\":\"sv-SE\"}]}<\/script>\n<!-- \/ Yoast SEO plugin. -->","yoast_head_json":{"title":"Beg\u00e4r en offert | Octacell","description":"Review selected products and request a quote from our sales team. Discuss configuration and pricing. No direct purchase required.","robots":{"index":"index","follow":"follow","max-snippet":"max-snippet:-1","max-image-preview":"max-image-preview:large","max-video-preview":"max-video-preview:-1"},"canonical":"https:\/\/octacell.com\/sv\/cart\/","og_locale":"sv_SE","og_type":"article","og_title":"Beg\u00e4r en offert | Octacell","og_description":"Review selected products and request a quote from our sales team. Discuss configuration and pricing. No direct purchase required.","og_url":"https:\/\/octacell.com\/sv\/cart\/","og_site_name":"Octacell","article_modified_time":"2026-02-03T12:55:26+00:00","twitter_card":"summary_large_image","schema":{"@context":"https:\/\/schema.org","@graph":[{"@type":"WebPage","@id":"https:\/\/octacell.com\/sv\/cart\/","url":"https:\/\/octacell.com\/sv\/cart\/","name":"Beg\u00e4r en offert | Octacell","isPartOf":{"@id":"https:\/\/octacellcom\/#website"},"datePublished":"2025-12-12T16:07:00+00:00","dateModified":"2026-02-03T12:55:26+00:00","description":"Review selected products and request a quote from our sales team. Discuss configuration and pricing. No direct purchase required.","breadcrumb":{"@id":"https:\/\/octacell.com\/sv\/cart\/#breadcrumb"},"inLanguage":"sv-SE","potentialAction":[{"@type":"ReadAction","target":["https:\/\/octacell.com\/sv\/cart\/"]}]},{"@type":"BreadcrumbList","@id":"https:\/\/octacell.com\/sv\/cart\/#breadcrumb","itemListElement":[{"@type":"ListItem","position":1,"name":"Home","item":"https:\/\/octacell.com\/sv\/"},{"@type":"ListItem","position":2,"name":"Cart"}]},{"@type":"WebSite","@id":"https:\/\/octacellcom\/#website","url":"https:\/\/octacellcom\/","name":"Octacell","description":"Vi erbjuder modul\u00e4ra och ljudisolerade kontorsrum, telefonb\u00e5s och m\u00f6tesrum f\u00f6r moderna \u00f6ppna kontorslandskap. Octacells l\u00f6sningar \u00f6kar arbetsro.","inLanguage":"sv-SE"}]}},"_links":{"self":[{"href":"https:\/\/octacell.com\/sv\/wp-json\/wp\/v2\/pages\/905","targetHints":{"allow":["GET"]}}],"collection":[{"href":"https:\/\/octacell.com\/sv\/wp-json\/wp\/v2\/pages"}],"about":[{"href":"https:\/\/octacell.com\/sv\/wp-json\/wp\/v2\/types\/page"}],"author":[{"embeddable":true,"href":"https:\/\/octacell.com\/sv\/wp-json\/wp\/v2\/users\/1"}],"replies":[{"embeddable":true,"href":"https:\/\/octacell.com\/sv\/wp-json\/wp\/v2\/comments?post=905"}],"version-history":[{"count":1,"href":"https:\/\/octacell.com\/sv\/wp-json\/wp\/v2\/pages\/905\/revisions"}],"predecessor-version":[{"id":3298,"href":"https:\/\/octacell.com\/sv\/wp-json\/wp\/v2\/pages\/905\/revisions\/3298"}],"wp:attachment":[{"href":"https:\/\/octacell.com\/sv\/wp-json\/wp\/v2\/media?parent=905"}],"curies":[{"name":"wp","href":"https:\/\/api.w.org\/{rel}","templated":true}]}}