{"id":907,"date":"2025-12-12T10:54:44","date_gmt":"2025-12-12T08:54:44","guid":{"rendered":"https:\/\/octacell.com\/konfigurator\/"},"modified":"2026-02-03T13:17:50","modified_gmt":"2026-02-03T11:17:50","slug":"konfigurator","status":"publish","type":"page","link":"https:\/\/octacell.com\/sv\/konfigurator\/","title":{"rendered":"Konfigurator"},"content":{"rendered":"","protected":false},"excerpt":{"rendered":"","protected":false},"author":1,"featured_media":0,"parent":0,"menu_order":2,"comment_status":"closed","ping_status":"closed","template":"template-configurator.blade.php","meta":{"_acf_changed":false,"footnotes":""},"class_list":["post-907","page","type-page","status-publish","hentry"],"acf":[],"yoast_head":"<!-- This site is optimized with the Yoast SEO plugin v27.4 - https:\/\/yoast.com\/product\/yoast-seo-wordpress\/ -->\n<title>Konfigurera ljudisolerade arbetsrum | Octacell<\/title>\n<meta name=\"description\" content=\"Designa modul\u00e4ra, ljudisolerade Octacell-arbetsrum. V\u00e4lj anv\u00e4ndningsomr\u00e5de, storlek, antal anv\u00e4ndare och material efter behov.\" \/>\n<meta name=\"robots\" content=\"index, follow, max-snippet:-1, max-image-preview:large, max-video-preview:-1\" \/>\n<link rel=\"canonical\" href=\"https:\/\/octacell.com\/sv\/konfigurator\/\" \/>\n<meta property=\"og:locale\" content=\"sv_SE\" \/>\n<meta property=\"og:type\" content=\"article\" \/>\n<meta property=\"og:title\" content=\"Konfigurera ljudisolerade arbetsrum | Octacell\" \/>\n<meta property=\"og:description\" content=\"Designa modul\u00e4ra, ljudisolerade Octacell-arbetsrum. V\u00e4lj anv\u00e4ndningsomr\u00e5de, storlek, antal anv\u00e4ndare och material efter behov.\" \/>\n<meta property=\"og:url\" content=\"https:\/\/octacell.com\/sv\/konfigurator\/\" \/>\n<meta property=\"og:site_name\" content=\"Octacell\" \/>\n<meta property=\"article:modified_time\" content=\"2026-02-03T11:17:50+00:00\" \/>\n<meta name=\"twitter:card\" content=\"summary_large_image\" \/>\n<script type=\"application\/ld+json\" class=\"yoast-schema-graph\">{\"@context\":\"https:\\\/\\\/schema.org\",\"@graph\":[{\"@type\":\"WebPage\",\"@id\":\"https:\\\/\\\/octacell.com\\\/sv\\\/konfigurator\\\/\",\"url\":\"https:\\\/\\\/octacell.com\\\/sv\\\/konfigurator\\\/\",\"name\":\"Konfigurera ljudisolerade arbetsrum | Octacell\",\"isPartOf\":{\"@id\":\"https:\\\/\\\/octacellcom\\\/#website\"},\"datePublished\":\"2025-12-12T08:54:44+00:00\",\"dateModified\":\"2026-02-03T11:17:50+00:00\",\"description\":\"Designa modul\u00e4ra, ljudisolerade Octacell-arbetsrum. V\u00e4lj anv\u00e4ndningsomr\u00e5de, storlek, antal anv\u00e4ndare och material efter behov.\",\"breadcrumb\":{\"@id\":\"https:\\\/\\\/octacell.com\\\/sv\\\/konfigurator\\\/#breadcrumb\"},\"inLanguage\":\"sv-SE\",\"potentialAction\":[{\"@type\":\"ReadAction\",\"target\":[\"https:\\\/\\\/octacell.com\\\/sv\\\/konfigurator\\\/\"]}]},{\"@type\":\"BreadcrumbList\",\"@id\":\"https:\\\/\\\/octacell.com\\\/sv\\\/konfigurator\\\/#breadcrumb\",\"itemListElement\":[{\"@type\":\"ListItem\",\"position\":1,\"name\":\"Home\",\"item\":\"https:\\\/\\\/octacell.com\\\/sv\\\/\"},{\"@type\":\"ListItem\",\"position\":2,\"name\":\"Konfigurator\"}]},{\"@type\":\"WebSite\",\"@id\":\"https:\\\/\\\/octacellcom\\\/#website\",\"url\":\"https:\\\/\\\/octacellcom\\\/\",\"name\":\"Octacell\",\"description\":\"Vi erbjuder modul\u00e4ra och ljudisolerade kontorsrum, telefonb\u00e5s och m\u00f6tesrum f\u00f6r moderna \u00f6ppna kontorslandskap. Octacells l\u00f6sningar \u00f6kar arbetsro.\",\"inLanguage\":\"sv-SE\"}]}<\/script>\n<!-- \/ Yoast SEO plugin. -->","yoast_head_json":{"title":"Konfigurera ljudisolerade arbetsrum | Octacell","description":"Designa modul\u00e4ra, ljudisolerade Octacell-arbetsrum. V\u00e4lj anv\u00e4ndningsomr\u00e5de, storlek, antal anv\u00e4ndare och material efter behov.","robots":{"index":"index","follow":"follow","max-snippet":"max-snippet:-1","max-image-preview":"max-image-preview:large","max-video-preview":"max-video-preview:-1"},"canonical":"https:\/\/octacell.com\/sv\/konfigurator\/","og_locale":"sv_SE","og_type":"article","og_title":"Konfigurera ljudisolerade arbetsrum | Octacell","og_description":"Designa modul\u00e4ra, ljudisolerade Octacell-arbetsrum. V\u00e4lj anv\u00e4ndningsomr\u00e5de, storlek, antal anv\u00e4ndare och material efter behov.","og_url":"https:\/\/octacell.com\/sv\/konfigurator\/","og_site_name":"Octacell","article_modified_time":"2026-02-03T11:17:50+00:00","twitter_card":"summary_large_image","schema":{"@context":"https:\/\/schema.org","@graph":[{"@type":"WebPage","@id":"https:\/\/octacell.com\/sv\/konfigurator\/","url":"https:\/\/octacell.com\/sv\/konfigurator\/","name":"Konfigurera ljudisolerade arbetsrum | Octacell","isPartOf":{"@id":"https:\/\/octacellcom\/#website"},"datePublished":"2025-12-12T08:54:44+00:00","dateModified":"2026-02-03T11:17:50+00:00","description":"Designa modul\u00e4ra, ljudisolerade Octacell-arbetsrum. V\u00e4lj anv\u00e4ndningsomr\u00e5de, storlek, antal anv\u00e4ndare och material efter behov.","breadcrumb":{"@id":"https:\/\/octacell.com\/sv\/konfigurator\/#breadcrumb"},"inLanguage":"sv-SE","potentialAction":[{"@type":"ReadAction","target":["https:\/\/octacell.com\/sv\/konfigurator\/"]}]},{"@type":"BreadcrumbList","@id":"https:\/\/octacell.com\/sv\/konfigurator\/#breadcrumb","itemListElement":[{"@type":"ListItem","position":1,"name":"Home","item":"https:\/\/octacell.com\/sv\/"},{"@type":"ListItem","position":2,"name":"Konfigurator"}]},{"@type":"WebSite","@id":"https:\/\/octacellcom\/#website","url":"https:\/\/octacellcom\/","name":"Octacell","description":"Vi erbjuder modul\u00e4ra och ljudisolerade kontorsrum, telefonb\u00e5s och m\u00f6tesrum f\u00f6r moderna \u00f6ppna kontorslandskap. Octacells l\u00f6sningar \u00f6kar arbetsro.","inLanguage":"sv-SE"}]}},"_links":{"self":[{"href":"https:\/\/octacell.com\/sv\/wp-json\/wp\/v2\/pages\/907","targetHints":{"allow":["GET"]}}],"collection":[{"href":"https:\/\/octacell.com\/sv\/wp-json\/wp\/v2\/pages"}],"about":[{"href":"https:\/\/octacell.com\/sv\/wp-json\/wp\/v2\/types\/page"}],"author":[{"embeddable":true,"href":"https:\/\/octacell.com\/sv\/wp-json\/wp\/v2\/users\/1"}],"replies":[{"embeddable":true,"href":"https:\/\/octacell.com\/sv\/wp-json\/wp\/v2\/comments?post=907"}],"version-history":[{"count":1,"href":"https:\/\/octacell.com\/sv\/wp-json\/wp\/v2\/pages\/907\/revisions"}],"predecessor-version":[{"id":908,"href":"https:\/\/octacell.com\/sv\/wp-json\/wp\/v2\/pages\/907\/revisions\/908"}],"wp:attachment":[{"href":"https:\/\/octacell.com\/sv\/wp-json\/wp\/v2\/media?parent=907"}],"curies":[{"name":"wp","href":"https:\/\/api.w.org\/{rel}","templated":true}]}}