{"id":689,"date":"2026-01-23T12:59:46","date_gmt":"2026-01-23T10:59:46","guid":{"rendered":"https:\/\/octacell.com\/?post_type=product&#038;p=689"},"modified":"2026-02-09T09:58:02","modified_gmt":"2026-02-09T07:58:02","slug":"25x25f","status":"publish","type":"product","link":"https:\/\/octacell.com\/sv\/product\/25x25f\/","title":{"rendered":"2,5X2,5F"},"featured_media":2291,"parent":0,"template":"","product_group":[18],"class_list":["post-689","product","type-product","status-publish","has-post-thumbnail","hentry","product_group-workrooms","product_accessory-workstation-for-one-person","product_accessory-face-lighting","product_accessory-data-port-rj45"],"acf":[],"yoast_head":"<!-- This site is optimized with the Yoast SEO plugin v27.4 - https:\/\/yoast.com\/product\/yoast-seo-wordpress\/ -->\n<title>2,5X2,5 Workroom | Octacell<\/title>\n<meta name=\"description\" content=\"Discover Octacell\u2019s soundproof workroom for one person, designed for focused work, calls and video meetings with a height-adjustable desk and Class A insulation.\" \/>\n<meta name=\"robots\" content=\"index, follow, max-snippet:-1, max-image-preview:large, max-video-preview:-1\" \/>\n<link rel=\"canonical\" href=\"https:\/\/octacell.com\/sv\/product\/25x25f\/\" \/>\n<meta property=\"og:locale\" content=\"sv_SE\" \/>\n<meta property=\"og:type\" content=\"article\" \/>\n<meta property=\"og:title\" content=\"2,5X2,5 Workroom | Octacell\" \/>\n<meta property=\"og:description\" content=\"Discover Octacell\u2019s soundproof workroom for one person, designed for focused work, calls and video meetings with a height-adjustable desk and Class A insulation.\" \/>\n<meta property=\"og:url\" content=\"https:\/\/octacell.com\/sv\/product\/25x25f\/\" \/>\n<meta property=\"og:site_name\" content=\"Octacell\" \/>\n<meta property=\"article:modified_time\" content=\"2026-02-09T07:58:02+00:00\" \/>\n<meta property=\"og:image\" content=\"https:\/\/octacellcom.c8.louhos.io\/app\/uploads\/2026\/01\/25x25-Tyo-Valkoinen_Musta.png\" \/>\n\t<meta property=\"og:image:width\" content=\"2000\" \/>\n\t<meta property=\"og:image:height\" content=\"2000\" \/>\n\t<meta property=\"og:image:type\" content=\"image\/png\" \/>\n<meta name=\"twitter:card\" content=\"summary_large_image\" \/>\n<meta name=\"twitter:label1\" content=\"Est. reading time\" \/>\n\t<meta name=\"twitter:data1\" content=\"6 minutes\" \/>\n<script type=\"application\/ld+json\" class=\"yoast-schema-graph\">{\"@context\":\"https:\\\/\\\/schema.org\",\"@graph\":[{\"@type\":\"WebPage\",\"@id\":\"https:\\\/\\\/octacell.com\\\/sv\\\/product\\\/25x25f\\\/\",\"url\":\"https:\\\/\\\/octacell.com\\\/sv\\\/product\\\/25x25f\\\/\",\"name\":\"2,5X2,5 Workroom | Octacell\",\"isPartOf\":{\"@id\":\"https:\\\/\\\/octacellcom\\\/#website\"},\"primaryImageOfPage\":{\"@id\":\"https:\\\/\\\/octacell.com\\\/sv\\\/product\\\/25x25f\\\/#primaryimage\"},\"image\":{\"@id\":\"https:\\\/\\\/octacell.com\\\/sv\\\/product\\\/25x25f\\\/#primaryimage\"},\"thumbnailUrl\":\"https:\\\/\\\/octacell.com\\\/app\\\/uploads\\\/2026\\\/01\\\/25x25-Tyo-Valkoinen_Musta.png\",\"datePublished\":\"2026-01-23T10:59:46+00:00\",\"dateModified\":\"2026-02-09T07:58:02+00:00\",\"description\":\"Discover Octacell\u2019s soundproof workroom for one person, designed for focused work, calls and video meetings with a height-adjustable desk and Class A insulation.\",\"breadcrumb\":{\"@id\":\"https:\\\/\\\/octacell.com\\\/sv\\\/product\\\/25x25f\\\/#breadcrumb\"},\"inLanguage\":\"sv-SE\",\"potentialAction\":[{\"@type\":\"ReadAction\",\"target\":[\"https:\\\/\\\/octacell.com\\\/sv\\\/product\\\/25x25f\\\/\"]}]},{\"@type\":\"ImageObject\",\"inLanguage\":\"sv-SE\",\"@id\":\"https:\\\/\\\/octacell.com\\\/sv\\\/product\\\/25x25f\\\/#primaryimage\",\"url\":\"https:\\\/\\\/octacell.com\\\/app\\\/uploads\\\/2026\\\/01\\\/25x25-Tyo-Valkoinen_Musta.png\",\"contentUrl\":\"https:\\\/\\\/octacell.com\\\/app\\\/uploads\\\/2026\\\/01\\\/25x25-Tyo-Valkoinen_Musta.png\",\"width\":2000,\"height\":2000},{\"@type\":\"BreadcrumbList\",\"@id\":\"https:\\\/\\\/octacell.com\\\/sv\\\/product\\\/25x25f\\\/#breadcrumb\",\"itemListElement\":[{\"@type\":\"ListItem\",\"position\":1,\"name\":\"Home\",\"item\":\"https:\\\/\\\/octacell.com\\\/sv\\\/\"},{\"@type\":\"ListItem\",\"position\":2,\"name\":\"2,5X2,5F\"}]},{\"@type\":\"WebSite\",\"@id\":\"https:\\\/\\\/octacellcom\\\/#website\",\"url\":\"https:\\\/\\\/octacellcom\\\/\",\"name\":\"Octacell\",\"description\":\"Vi erbjuder modul\u00e4ra och ljudisolerade kontorsrum, telefonb\u00e5s och m\u00f6tesrum f\u00f6r moderna \u00f6ppna kontorslandskap. Octacells l\u00f6sningar \u00f6kar arbetsro.\",\"inLanguage\":\"sv-SE\"}]}<\/script>\n<!-- \/ Yoast SEO plugin. -->","yoast_head_json":{"title":"2,5X2,5 Workroom | Octacell","description":"Discover Octacell\u2019s soundproof workroom for one person, designed for focused work, calls and video meetings with a height-adjustable desk and Class A insulation.","robots":{"index":"index","follow":"follow","max-snippet":"max-snippet:-1","max-image-preview":"max-image-preview:large","max-video-preview":"max-video-preview:-1"},"canonical":"https:\/\/octacell.com\/sv\/product\/25x25f\/","og_locale":"sv_SE","og_type":"article","og_title":"2,5X2,5 Workroom | Octacell","og_description":"Discover Octacell\u2019s soundproof workroom for one person, designed for focused work, calls and video meetings with a height-adjustable desk and Class A insulation.","og_url":"https:\/\/octacell.com\/sv\/product\/25x25f\/","og_site_name":"Octacell","article_modified_time":"2026-02-09T07:58:02+00:00","og_image":[{"url":"https:\/\/octacellcom.c8.louhos.io\/app\/uploads\/2026\/01\/25x25-Tyo-Valkoinen_Musta.png","width":2000,"height":2000,"type":"image\/png"}],"twitter_card":"summary_large_image","twitter_misc":{"Est. reading time":"6 minutes"},"schema":{"@context":"https:\/\/schema.org","@graph":[{"@type":"WebPage","@id":"https:\/\/octacell.com\/sv\/product\/25x25f\/","url":"https:\/\/octacell.com\/sv\/product\/25x25f\/","name":"2,5X2,5 Workroom | Octacell","isPartOf":{"@id":"https:\/\/octacellcom\/#website"},"primaryImageOfPage":{"@id":"https:\/\/octacell.com\/sv\/product\/25x25f\/#primaryimage"},"image":{"@id":"https:\/\/octacell.com\/sv\/product\/25x25f\/#primaryimage"},"thumbnailUrl":"https:\/\/octacell.com\/app\/uploads\/2026\/01\/25x25-Tyo-Valkoinen_Musta.png","datePublished":"2026-01-23T10:59:46+00:00","dateModified":"2026-02-09T07:58:02+00:00","description":"Discover Octacell\u2019s soundproof workroom for one person, designed for focused work, calls and video meetings with a height-adjustable desk and Class A insulation.","breadcrumb":{"@id":"https:\/\/octacell.com\/sv\/product\/25x25f\/#breadcrumb"},"inLanguage":"sv-SE","potentialAction":[{"@type":"ReadAction","target":["https:\/\/octacell.com\/sv\/product\/25x25f\/"]}]},{"@type":"ImageObject","inLanguage":"sv-SE","@id":"https:\/\/octacell.com\/sv\/product\/25x25f\/#primaryimage","url":"https:\/\/octacell.com\/app\/uploads\/2026\/01\/25x25-Tyo-Valkoinen_Musta.png","contentUrl":"https:\/\/octacell.com\/app\/uploads\/2026\/01\/25x25-Tyo-Valkoinen_Musta.png","width":2000,"height":2000},{"@type":"BreadcrumbList","@id":"https:\/\/octacell.com\/sv\/product\/25x25f\/#breadcrumb","itemListElement":[{"@type":"ListItem","position":1,"name":"Home","item":"https:\/\/octacell.com\/sv\/"},{"@type":"ListItem","position":2,"name":"2,5X2,5F"}]},{"@type":"WebSite","@id":"https:\/\/octacellcom\/#website","url":"https:\/\/octacellcom\/","name":"Octacell","description":"Vi erbjuder modul\u00e4ra och ljudisolerade kontorsrum, telefonb\u00e5s och m\u00f6tesrum f\u00f6r moderna \u00f6ppna kontorslandskap. Octacells l\u00f6sningar \u00f6kar arbetsro.","inLanguage":"sv-SE"}]}},"_links":{"self":[{"href":"https:\/\/octacell.com\/sv\/wp-json\/wp\/v2\/product\/689","targetHints":{"allow":["GET"]}}],"collection":[{"href":"https:\/\/octacell.com\/sv\/wp-json\/wp\/v2\/product"}],"about":[{"href":"https:\/\/octacell.com\/sv\/wp-json\/wp\/v2\/types\/product"}],"wp:featuredmedia":[{"embeddable":true,"href":"https:\/\/octacell.com\/sv\/wp-json\/wp\/v2\/media\/2291"}],"wp:attachment":[{"href":"https:\/\/octacell.com\/sv\/wp-json\/wp\/v2\/media?parent=689"}],"wp:term":[{"taxonomy":"product_group","embeddable":true,"href":"https:\/\/octacell.com\/sv\/wp-json\/wp\/v2\/product_group?post=689"}],"curies":[{"name":"wp","href":"https:\/\/api.w.org\/{rel}","templated":true}]}}