{"id":717,"date":"2026-01-23T14:01:24","date_gmt":"2026-01-23T12:01:24","guid":{"rendered":"https:\/\/octacell.com\/?post_type=product&#038;p=717"},"modified":"2026-04-10T15:05:09","modified_gmt":"2026-04-10T12:05:09","slug":"5x35m","status":"publish","type":"product","link":"https:\/\/octacell.com\/sv\/product\/5x35m\/","title":{"rendered":"5X3,5M"},"featured_media":2423,"parent":0,"template":"","product_group":[17,47],"class_list":["post-717","product","type-product","status-publish","has-post-thumbnail","hentry","product_group-meeting-rooms","product_group-meeting-rooms-for-6-8"],"acf":[],"yoast_head":"<!-- This site is optimized with the Yoast SEO plugin v27.4 - https:\/\/yoast.com\/product\/yoast-seo-wordpress\/ -->\n<title>5X3,5 Meeting Pod for 6-8 People | Octacell<\/title>\n<meta name=\"description\" content=\"Discover Octacell\u2019s soundproof meeting pod for 6-8 people, designed for team and client meetings with Class A sound insulation, ventilation and lighting.\" \/>\n<meta name=\"robots\" content=\"index, follow, max-snippet:-1, max-image-preview:large, max-video-preview:-1\" \/>\n<link rel=\"canonical\" href=\"https:\/\/octacell.com\/sv\/product\/5x35m\/\" \/>\n<meta property=\"og:locale\" content=\"sv_SE\" \/>\n<meta property=\"og:type\" content=\"article\" \/>\n<meta property=\"og:title\" content=\"5X3,5 Meeting Pod for 6-8 People | Octacell\" \/>\n<meta property=\"og:description\" content=\"Discover Octacell\u2019s soundproof meeting pod for 6-8 people, designed for team and client meetings with Class A sound insulation, ventilation and lighting.\" \/>\n<meta property=\"og:url\" content=\"https:\/\/octacell.com\/sv\/product\/5x35m\/\" \/>\n<meta property=\"og:site_name\" content=\"Octacell\" \/>\n<meta property=\"article:modified_time\" content=\"2026-04-10T12:05:09+00:00\" \/>\n<meta property=\"og:image\" content=\"https:\/\/octacell.com\/app\/uploads\/2026\/01\/5x35-Valkoinen_Musta.png\" \/>\n\t<meta property=\"og:image:width\" content=\"2000\" \/>\n\t<meta property=\"og:image:height\" content=\"2000\" \/>\n\t<meta property=\"og:image:type\" content=\"image\/png\" \/>\n<meta name=\"twitter:card\" content=\"summary_large_image\" \/>\n<meta name=\"twitter:label1\" content=\"Est. reading time\" \/>\n\t<meta name=\"twitter:data1\" content=\"5 minutes\" \/>\n<script type=\"application\/ld+json\" class=\"yoast-schema-graph\">{\"@context\":\"https:\\\/\\\/schema.org\",\"@graph\":[{\"@type\":\"WebPage\",\"@id\":\"https:\\\/\\\/octacell.com\\\/sv\\\/product\\\/5x35m\\\/\",\"url\":\"https:\\\/\\\/octacell.com\\\/sv\\\/product\\\/5x35m\\\/\",\"name\":\"5X3,5 Meeting Pod for 6-8 People | Octacell\",\"isPartOf\":{\"@id\":\"https:\\\/\\\/octacellcom\\\/#website\"},\"primaryImageOfPage\":{\"@id\":\"https:\\\/\\\/octacell.com\\\/sv\\\/product\\\/5x35m\\\/#primaryimage\"},\"image\":{\"@id\":\"https:\\\/\\\/octacell.com\\\/sv\\\/product\\\/5x35m\\\/#primaryimage\"},\"thumbnailUrl\":\"https:\\\/\\\/octacell.com\\\/app\\\/uploads\\\/2026\\\/01\\\/5x35-Valkoinen_Musta.png\",\"datePublished\":\"2026-01-23T12:01:24+00:00\",\"dateModified\":\"2026-04-10T12:05:09+00:00\",\"description\":\"Discover Octacell\u2019s soundproof meeting pod for 6-8 people, designed for team and client meetings with Class A sound insulation, ventilation and lighting.\",\"breadcrumb\":{\"@id\":\"https:\\\/\\\/octacell.com\\\/sv\\\/product\\\/5x35m\\\/#breadcrumb\"},\"inLanguage\":\"sv-SE\",\"potentialAction\":[{\"@type\":\"ReadAction\",\"target\":[\"https:\\\/\\\/octacell.com\\\/sv\\\/product\\\/5x35m\\\/\"]}]},{\"@type\":\"ImageObject\",\"inLanguage\":\"sv-SE\",\"@id\":\"https:\\\/\\\/octacell.com\\\/sv\\\/product\\\/5x35m\\\/#primaryimage\",\"url\":\"https:\\\/\\\/octacell.com\\\/app\\\/uploads\\\/2026\\\/01\\\/5x35-Valkoinen_Musta.png\",\"contentUrl\":\"https:\\\/\\\/octacell.com\\\/app\\\/uploads\\\/2026\\\/01\\\/5x35-Valkoinen_Musta.png\",\"width\":2000,\"height\":2000},{\"@type\":\"BreadcrumbList\",\"@id\":\"https:\\\/\\\/octacell.com\\\/sv\\\/product\\\/5x35m\\\/#breadcrumb\",\"itemListElement\":[{\"@type\":\"ListItem\",\"position\":1,\"name\":\"Home\",\"item\":\"https:\\\/\\\/octacell.com\\\/sv\\\/\"},{\"@type\":\"ListItem\",\"position\":2,\"name\":\"5X3,5M\"}]},{\"@type\":\"WebSite\",\"@id\":\"https:\\\/\\\/octacellcom\\\/#website\",\"url\":\"https:\\\/\\\/octacellcom\\\/\",\"name\":\"Octacell\",\"description\":\"Vi erbjuder modul\u00e4ra och ljudisolerade kontorsrum, telefonb\u00e5s och m\u00f6tesrum f\u00f6r moderna \u00f6ppna kontorslandskap. Octacells l\u00f6sningar \u00f6kar arbetsro.\",\"inLanguage\":\"sv-SE\"}]}<\/script>\n<!-- \/ Yoast SEO plugin. -->","yoast_head_json":{"title":"5X3,5 Meeting Pod for 6-8 People | Octacell","description":"Discover Octacell\u2019s soundproof meeting pod for 6-8 people, designed for team and client meetings with Class A sound insulation, ventilation and lighting.","robots":{"index":"index","follow":"follow","max-snippet":"max-snippet:-1","max-image-preview":"max-image-preview:large","max-video-preview":"max-video-preview:-1"},"canonical":"https:\/\/octacell.com\/sv\/product\/5x35m\/","og_locale":"sv_SE","og_type":"article","og_title":"5X3,5 Meeting Pod for 6-8 People | Octacell","og_description":"Discover Octacell\u2019s soundproof meeting pod for 6-8 people, designed for team and client meetings with Class A sound insulation, ventilation and lighting.","og_url":"https:\/\/octacell.com\/sv\/product\/5x35m\/","og_site_name":"Octacell","article_modified_time":"2026-04-10T12:05:09+00:00","og_image":[{"url":"https:\/\/octacell.com\/app\/uploads\/2026\/01\/5x35-Valkoinen_Musta.png","width":2000,"height":2000,"type":"image\/png"}],"twitter_card":"summary_large_image","twitter_misc":{"Est. reading time":"5 minutes"},"schema":{"@context":"https:\/\/schema.org","@graph":[{"@type":"WebPage","@id":"https:\/\/octacell.com\/sv\/product\/5x35m\/","url":"https:\/\/octacell.com\/sv\/product\/5x35m\/","name":"5X3,5 Meeting Pod for 6-8 People | Octacell","isPartOf":{"@id":"https:\/\/octacellcom\/#website"},"primaryImageOfPage":{"@id":"https:\/\/octacell.com\/sv\/product\/5x35m\/#primaryimage"},"image":{"@id":"https:\/\/octacell.com\/sv\/product\/5x35m\/#primaryimage"},"thumbnailUrl":"https:\/\/octacell.com\/app\/uploads\/2026\/01\/5x35-Valkoinen_Musta.png","datePublished":"2026-01-23T12:01:24+00:00","dateModified":"2026-04-10T12:05:09+00:00","description":"Discover Octacell\u2019s soundproof meeting pod for 6-8 people, designed for team and client meetings with Class A sound insulation, ventilation and lighting.","breadcrumb":{"@id":"https:\/\/octacell.com\/sv\/product\/5x35m\/#breadcrumb"},"inLanguage":"sv-SE","potentialAction":[{"@type":"ReadAction","target":["https:\/\/octacell.com\/sv\/product\/5x35m\/"]}]},{"@type":"ImageObject","inLanguage":"sv-SE","@id":"https:\/\/octacell.com\/sv\/product\/5x35m\/#primaryimage","url":"https:\/\/octacell.com\/app\/uploads\/2026\/01\/5x35-Valkoinen_Musta.png","contentUrl":"https:\/\/octacell.com\/app\/uploads\/2026\/01\/5x35-Valkoinen_Musta.png","width":2000,"height":2000},{"@type":"BreadcrumbList","@id":"https:\/\/octacell.com\/sv\/product\/5x35m\/#breadcrumb","itemListElement":[{"@type":"ListItem","position":1,"name":"Home","item":"https:\/\/octacell.com\/sv\/"},{"@type":"ListItem","position":2,"name":"5X3,5M"}]},{"@type":"WebSite","@id":"https:\/\/octacellcom\/#website","url":"https:\/\/octacellcom\/","name":"Octacell","description":"Vi erbjuder modul\u00e4ra och ljudisolerade kontorsrum, telefonb\u00e5s och m\u00f6tesrum f\u00f6r moderna \u00f6ppna kontorslandskap. Octacells l\u00f6sningar \u00f6kar arbetsro.","inLanguage":"sv-SE"}]}},"_links":{"self":[{"href":"https:\/\/octacell.com\/sv\/wp-json\/wp\/v2\/product\/717","targetHints":{"allow":["GET"]}}],"collection":[{"href":"https:\/\/octacell.com\/sv\/wp-json\/wp\/v2\/product"}],"about":[{"href":"https:\/\/octacell.com\/sv\/wp-json\/wp\/v2\/types\/product"}],"wp:featuredmedia":[{"embeddable":true,"href":"https:\/\/octacell.com\/sv\/wp-json\/wp\/v2\/media\/2423"}],"wp:attachment":[{"href":"https:\/\/octacell.com\/sv\/wp-json\/wp\/v2\/media?parent=717"}],"wp:term":[{"taxonomy":"product_group","embeddable":true,"href":"https:\/\/octacell.com\/sv\/wp-json\/wp\/v2\/product_group?post=717"}],"curies":[{"name":"wp","href":"https:\/\/api.w.org\/{rel}","templated":true}]}}